{"id":465,"date":"2021-08-20T15:23:37","date_gmt":"2021-08-20T15:23:37","guid":{"rendered":"https:\/\/madtoursandevents.com\/?page_id=465"},"modified":"2026-04-08T04:30:14","modified_gmt":"2026-04-08T04:30:14","slug":"our-philosophy","status":"publish","type":"page","link":"https:\/\/madtoursandevents.com\/it\/our-philosophy\/","title":{"rendered":"La nostra filosofia"},"content":{"rendered":"<div class=\"wpb-content-wrapper\"><div data-vc-full-width=\"true\" data-vc-full-width-temp=\"true\" data-vc-full-width-init=\"false\" data-vc-stretch-content=\"true\" class=\"vc_row wpb_row vc_row-fluid slider-rev mtt-title-img-row vc_row-no-padding\"><div class=\"mtt-title-img-col wpb_column vc_column_container vc_col-sm-12\"><div class=\"vc_column-inner\"><div class=\"wpb_wrapper\">\n\t<div  class=\"wpb_single_image wpb_content_element vc_align_left wpb_content_element  mtt-title-img\">\n\t\t\n\t\t<figure class=\"wpb_wrapper vc_figure\">\n\t\t\t<div class=\"vc_single_image-wrapper   vc_box_border_grey\"><img loading=\"lazy\" decoding=\"async\" width=\"1400\" height=\"450\" src=\"https:\/\/madtoursandevents.com\/wp-content\/uploads\/2021\/10\/our_philosophy_inner_img2.jpg\" class=\"vc_single_image-img attachment-full\" alt=\"A screen with some icon in blue color\" title=\"our_philosophy_inner_img2\" srcset=\"https:\/\/madtoursandevents.com\/wp-content\/uploads\/2021\/10\/our_philosophy_inner_img2.jpg 1400w, https:\/\/madtoursandevents.com\/wp-content\/uploads\/2021\/10\/our_philosophy_inner_img2-600x193.jpg 600w, https:\/\/madtoursandevents.com\/wp-content\/uploads\/2021\/10\/our_philosophy_inner_img2-300x96.jpg 300w, https:\/\/madtoursandevents.com\/wp-content\/uploads\/2021\/10\/our_philosophy_inner_img2-1024x329.jpg 1024w, https:\/\/madtoursandevents.com\/wp-content\/uploads\/2021\/10\/our_philosophy_inner_img2-768x247.jpg 768w, https:\/\/madtoursandevents.com\/wp-content\/uploads\/2021\/10\/our_philosophy_inner_img2-18x6.jpg 18w\" sizes=\"auto, (max-width: 1400px) 100vw, 1400px\" \/><\/div>\n\t\t<\/figure>\n\t<\/div>\n<\/div><\/div><\/div><\/div><div class=\"vc_row-full-width vc_clearfix\"><\/div><div class=\"vc_row wpb_row vc_row-fluid main-dropdown-img dtt-dropdown-img\"><div class=\"wpb_column vc_column_container vc_col-sm-12\"><div class=\"vc_column-inner\"><div class=\"wpb_wrapper\">\n\t<div id=\"down-arrow-icon\" class=\"wpb_single_image wpb_content_element vc_align_center wpb_content_element\">\n\t\t\n\t\t<figure class=\"wpb_wrapper vc_figure\">\n\t\t\t<a href=\"#sec1\" target=\"_self\" class=\"vc_single_image-wrapper   vc_box_border_grey\"><img loading=\"lazy\" decoding=\"async\" width=\"94\" height=\"94\" src=\"https:\/\/madtoursandevents.com\/wp-content\/uploads\/2021\/08\/main-drop-arrow.png\" class=\"vc_single_image-img attachment-full\" alt=\"purple down Arrow Icon in Small Size\" title=\"main-drop-arrow\" \/><\/a>\n\t\t<\/figure>\n\t<\/div>\n<\/div><\/div><\/div><\/div><div id=\"sec1\" data-vc-full-width=\"true\" data-vc-full-width-temp=\"true\" data-vc-full-width-init=\"false\" class=\"vc_row wpb_row vc_row-fluid tt-pp-bg1-row\"><div class=\"dtt-std3-col1 dtt-op-sec1 wpb_column vc_column_container vc_col-sm-12\"><div class=\"vc_column-inner\"><div class=\"wpb_wrapper\">\n\t<div class=\"wpb_text_column wpb_content_element dtr-eng\" id=\"eng-text\">\n\t\t<div class=\"wpb_wrapper\">\n\t\t\t<h1 class=\"dtt-cp-m-head\">La nostra<\/h1>\n<h1 class=\"dtt-cp-m-head2\">Missione <img decoding=\"async\" src=\"https:\/\/madtoursandevents.com\/wp-content\/uploads\/2021\/08\/All-Lines12312.png\" \/><\/h1>\n<p><img loading=\"lazy\" decoding=\"async\" class=\"our-philosophy-img wp-image-470 size-full alignright\" src=\"https:\/\/madtoursandevents.com\/wp-content\/uploads\/2021\/08\/Img11231234.png\" alt=\"\" width=\"471\" height=\"551\" srcset=\"https:\/\/madtoursandevents.com\/wp-content\/uploads\/2021\/08\/Img11231234.png 471w, https:\/\/madtoursandevents.com\/wp-content\/uploads\/2021\/08\/Img11231234-256x300.png 256w\" sizes=\"auto, (max-width: 471px) 100vw, 471px\" \/><\/p>\n<p><span style=\"font-weight: 400;\">MAD Tours and Events (MAD) significa follia ma anche un po' fuori dai sentieri battuti.  Volevamo che i nostri tour fossero diversi dagli altri ma soprattutto che fossero cosparsi di buon umore, gioia di vivere e allo stesso tempo avere la possibilit\u00e0 di mostrare una New York insolita, una San Francisco romantica, una Los Angeles sotto le stelle. Vedrete citt\u00e0 che avete visto in ogni film e serie TV, quindi anche se siete qui per la prima volta, avrete un senso di d\u00e9j\u00e0 vu. MAD Tours and Events \u00e8 nata dal desiderio e dalla passione di mostrarvi le nostre citt\u00e0 in tutto il loro splendore, in tutto il loro divertimento e follia ma anche in tutte le sue differenze. Abbiamo voluto estendere la nostra passione non solo di New York City ma ad altre citt\u00e0 che faranno diventare il vostro viaggio da sogno realt\u00e0!<\/span><\/p>\n<p><span style=\"font-weight: 400;\">La nostra azienda \u00e8 stata creata con l'unico scopo di accompagnarvi nella progettazione e produzione di tutti i vostri eventi e soggiorni. Lavoriamo su lanci di prodotti, seminari, convenzioni, team building, feste dello staff, viaggi tematici, culturali o sportivi, viaggi internazionali, eventi privati o sportivi, Incentive e offriamo un servizio di concierge. Abbiamo una grande squadra che combiner\u00e0 la logistica con l'eccezionale, capire le vostre idee e portarle alla vita. Ci impegniamo a trovare le soluzioni pi\u00f9 creative e innovative, adattando un concetto secondo i vostri obiettivi, la cultura della vostra azienda, la vostra famiglia, il vostro budget, il luogo selezionato per sorprendervi, stupirvi ma soprattutto per trascorrere momenti che rimarranno impressi per sempre.\u00a0\u00a0<\/span><\/p>\n<p style=\"text-align: center;\"><strong>Immaginare, sognare, inventare, creare e progettare, sviluppare, produrre, implementare, realizzare, poi federare, unire, intrattenere, premiare e godere.<\/strong><\/p>\n\n\t\t<\/div>\n\t<\/div>\n\n\t<div class=\"wpb_text_column wpb_content_element dtr-fr\" >\n\t\t<div class=\"wpb_wrapper\">\n\t\t\t<h1 class=\"dtt-cp-m-head\">Notre<\/h1>\n<h1 class=\"dtt-cp-m-head2\">Missione <img decoding=\"async\" src=\"https:\/\/madtoursandevents.com\/wp-content\/uploads\/2021\/08\/All-Lines12312.png\" \/><\/h1>\n<p><img loading=\"lazy\" decoding=\"async\" class=\"our-philosophy-img alignright wp-image-470 size-full\" src=\"https:\/\/madtoursandevents.com\/wp-content\/uploads\/2021\/08\/Img11231234.png\" alt=\"\" width=\"471\" height=\"551\" srcset=\"https:\/\/madtoursandevents.com\/wp-content\/uploads\/2021\/08\/Img11231234.png 471w, https:\/\/madtoursandevents.com\/wp-content\/uploads\/2021\/08\/Img11231234-256x300.png 256w\" sizes=\"auto, (max-width: 471px) 100vw, 471px\" \/>MAD Tours and Events (MAD) veut dire folie mais aussi un peu d\u00e9cal\u00e9 et en dehors des sentiers battus. Nous voulions que nos tours soient originaux, insolites, uniques et personnalis\u00e9s, tels qu\u2019un New York hors des sentiers battus, un San Francisco romantique, un Los Angeles sous les \u00e9toiles des stars. Vous pourrez enfin r\u00e9aliser votre r\u00eave d\u2019arpenter les rues originales et festives du quartier fran\u00e7ais de la Nouvelle Orl\u00e9ans, visiter les monuments tous aussi exceptionnels les uns que les autres \u00e0 Washington DC et d\u00e9couvrir les villes et quartiers que vous avez l\u2019habitude de voir dans les films et les s\u00e9ries que vous regardez sur Netflix.<\/p>\n<p>Notre soci\u00e9t\u00e9 a pour fonction unique de vous accompagner dans la conception et production de tous vos \u00e9v\u00e9nements et s\u00e9jours ainsi que des solutions digitales pour vos \u00e9v\u00e8nements \u00e0 distance ou hybrides. Nous travaillons sur les lancements de produits, s\u00e9minaires, conventions, team building, f\u00eate du personnel, s\u00e9jour th\u00e9matiques, culturels ou sportifs, voyage \u00e0 l\u2019international, \u00e9v\u00e9nements priv\u00e9s ou sportifs ou bien Incentive, s\u00e9jour familial, entre amis ou en petit comit\u00e9. Nous offrons de plus un service de conciergerie ouvert 24\/24 7 jours sur 7.<\/p>\n<p style=\"text-align: center;\"><strong>Imaginer, r\u00eaver, inventer, cr\u00e9er et concevoir, d\u00e9velopper, produire, mettre en \u0153uvre, r\u00e9aliser, <\/strong><strong>puis f\u00e9d\u00e9rer, f\u00e9d\u00e9rer, divertir, r\u00e9compenser et appr\u00e9cier.<\/strong><\/p>\n\n\t\t<\/div>\n\t<\/div>\n<\/div><\/div><\/div><\/div><div class=\"vc_row-full-width vc_clearfix\"><\/div><div id=\"eng-text\" data-vc-full-width=\"true\" data-vc-full-width-temp=\"true\" data-vc-full-width-init=\"false\" class=\"vc_row wpb_row vc_row-fluid dtt-std4-row dtt-op-row4\"><div class=\"dtt-std4-col1 wpb_column vc_column_container vc_col-sm-12\"><div class=\"vc_column-inner\"><div class=\"wpb_wrapper\">\n\t<div class=\"wpb_text_column wpb_content_element dtr-eng\" id=\"our-vision-text eng-text\">\n\t\t<div class=\"wpb_wrapper\">\n\t\t\t<p><img decoding=\"async\" class=\"dtt-pp-img-cld\" src=\"\/wp-content\/uploads\/2021\/08\/60a82c6cf7fda046b291e6b2c78ea531.png\" \/><br \/>\n<img decoding=\"async\" class=\"dtt-pp-img-shp\" src=\"\/wp-content\/uploads\/2021\/08\/Shape4123123.png\" \/><\/p>\n<h1 class=\"dtt-cp-m-head\" style=\"text-align: center;\">La nostra<\/h1>\n<h1 class=\"dtt-cp-m-head2\" style=\"text-align: center;\">Visione<\/h1>\n<div class=\"dtt-vsp-img-row\"><img decoding=\"async\" class=\"aligncenter\" src=\"\/wp-content\/uploads\/2021\/08\/All-Lines.png\" \/><\/div>\n<p><span style=\"font-weight: 400;\">La nostra passione? Per farvi vivere l'eccezionale con emozioni, piacere, sensazioni che sono come voi e che saranno indimenticabili. Per dare vita alle vostre idee, immaginare e preparare la sceneggiatura dei vostri eventi totalmente adattata alla vostra visione.\u00a0<\/span><\/p>\n<p><span style=\"font-weight: 400;\">L'eccezione \u00e8 la nostra che condivideremo! ?? Le soluzioni esistono sempre, dovremo semplicemente condividerle. Non esiste un progetto troppo piccolo o troppo grande.<\/span><\/p>\n<p><span style=\"font-weight: 400;\">Contattateci per progetti insoliti, innovativi, atipici, con un'originalit\u00e0 speciale che sia unica per la vostra immagine.  Il nostro team altamente reattivo, in stretta collaborazione con il vostro, vi ascolter\u00e0 in ogni fase del vostro progetto e delle vostre preoccupazioni. Vi offriremo concetti originali che combinano servizi di qualit\u00e0 in modo che i vostri clienti, amici o familiari ricordino un'esperienza eccezionale.<\/span><\/p>\n<p><span style=\"font-weight: 400;\">Puntiamo a una comunicazione facile e concisa che ci permetta di costruire la vostra visione INSIEME con il nostro aiuto e la nostra gestione dinamica nella realizzazione delle vostre operazioni sul terreno.<\/span><\/p>\n\n\t\t<\/div>\n\t<\/div>\n\n\t<div class=\"wpb_text_column wpb_content_element dtr-fr\" id=\"our-vision-text\">\n\t\t<div class=\"wpb_wrapper\">\n\t\t\t<p><img decoding=\"async\" class=\"dtt-pp-img-cld\" src=\"\/wp-content\/uploads\/2021\/08\/60a82c6cf7fda046b291e6b2c78ea531.png\" \/><br \/>\n<img decoding=\"async\" class=\"dtt-pp-img-shp\" src=\"\/wp-content\/uploads\/2021\/08\/Shape4123123.png\" \/><\/p>\n<h1 class=\"dtt-cp-m-head\" style=\"text-align: center;\">Notre<\/h1>\n<h1 class=\"dtt-cp-m-head2\" style=\"text-align: center;\">Visione<\/h1>\n<div class=\"dtt-vsp-img-row\"><img decoding=\"async\" class=\"aligncenter\" src=\"\/wp-content\/uploads\/2021\/08\/All-Lines.png\" \/><\/div>\n<p>Notre passion ? Vous faire vivre de l\u2019exceptionnel avec des \u00e9motions, du plaisir, des sensations qui vous ressemblent et qui seront inoubliables. Donner vie \u00e0 vos id\u00e9es, imaginer et pr\u00e9parer le script de vos \u00e9v\u00e8nements totalement adapt\u00e9s \u00e0 votre vision. Votre projet ne sera jamais trop petit ou trop grand.<\/p>\n<p>Contactez-nous pour des projets hors du commun, innovateurs, atypiques. Notre \u00e9quipe tr\u00e8s r\u00e9active, en collaboration \u00e9troite avec la v\u00f4tre, sera \u00e0 votre \u00e9coute durant toutes les \u00e9tapes de votre projet. Nous vous proposerons des concepts originaux, in\u00e9dits alliant des prestations de qualit\u00e9 pour que vos clients, vos amis, ou votre famille se souviennent d\u2019une exp\u00e9rience exceptionnelle.<\/p>\n<p>Nous avons pour but une communication facile et concise qui permettra de construire <strong>ENSEMBLE<\/strong> votre vision.<\/p>\n\n\t\t<\/div>\n\t<\/div>\n<\/div><\/div><\/div><\/div><div class=\"vc_row-full-width vc_clearfix\"><\/div><div id=\"eng-text\" class=\"vc_row wpb_row vc_row-fluid dtt-op-last-row dtr-eng\"><div class=\"dtt-op-last-r-col wpb_column vc_column_container vc_col-sm-12\"><div class=\"vc_column-inner\"><div class=\"wpb_wrapper\">\n\t<div class=\"wpb_text_column wpb_content_element content\" >\n\t\t<div class=\"wpb_wrapper\">\n\t\t\t<h1 class=\"dtt-ch-h4\" style=\"text-align: center;\">AMIAMO FAR INCONTRARE LE PERSONE<\/h1>\n<p class=\"dtt-ch-p4\" style=\"text-align: center;\"><img loading=\"lazy\" decoding=\"async\" class=\"alignnone size-full wp-image-489\" src=\"https:\/\/madtoursandevents.com\/wp-content\/uploads\/2021\/08\/All-Lines1413123.png\" alt=\"\" width=\"121\" height=\"14\" \/><\/p>\n<p class=\"dtt-op-lspara\" style=\"color: white; text-align: center;\"><span style=\"font-weight: 400;\">L'ascolto, la trasparenza, il buon umore, la fiducia e l'umorismo sono qualit\u00e0 importanti che ci impegniamo a coltivare e mantenere nella nostra relazione professionale.  Dal semplice consiglio alla presa in carico completa dell'organizzazione del vostro evento, ecco un team pronto ad ascoltarvi e ad avere successo insieme.<\/span><\/p>\n\n\t\t<\/div>\n\t<\/div>\n<\/div><\/div><\/div><\/div><div class=\"vc_row wpb_row vc_row-fluid dtt-op-last-row dtr-fr\"><div class=\"dtt-op-last-r-col wpb_column vc_column_container vc_col-sm-12\"><div class=\"vc_column-inner\"><div class=\"wpb_wrapper\">\n\t<div class=\"wpb_text_column wpb_content_element dtr-fr\" >\n\t\t<div class=\"wpb_wrapper\">\n\t\t\t<h1 class=\"dtt-ch-h4\" style=\"text-align: center;\">NOUS AIMONS R\u00c9UNIR LES GENS<\/h1>\n<p class=\"dtt-ch-p4\" style=\"text-align: center;\"><img loading=\"lazy\" decoding=\"async\" class=\"alignnone size-full wp-image-489\" src=\"https:\/\/madtoursandevents.com\/wp-content\/uploads\/2021\/08\/All-Lines1413123.png\" alt=\"\" width=\"121\" height=\"14\" \/><\/p>\n<p class=\"dtt-op-lspara\" style=\"color: white; text-align: center;\"><span style=\"font-weight: 400;\">L\u2019\u00e9coute, la transparence, la bonne humeur, la confiance, l&#8217;humour sont des qualit\u00e9s importantes que nous mettons un point d&#8217;honneur \u00e0 cultiver et entretenir dans notre relation professionnelle. Du simple conseil \u00e0 la prise en charge compl\u00e8te de l&#8217;organisation de votre \u00e9v\u00e9nement, voil\u00e0 une \u00e9quipe \u00e0 votre \u00e9coute pour r\u00e9ussir ensemble.<\/span><\/p>\n\n\t\t<\/div>\n\t<\/div>\n<\/div><\/div><\/div><\/div>\n<\/div>","protected":false},"excerpt":{"rendered":"Our Mission MAD Tours and Events (MAD) means madness but also a bit off the beaten track.\u00a0 We wanted our tours to be different from the others but above all to be sprinkled with good humor, joie de vivre and at the same time to have the opportunity to show an unusual New York, a [...]","protected":false},"author":1,"featured_media":0,"parent":0,"menu_order":0,"comment_status":"closed","ping_status":"closed","template":"","meta":{"_acf_changed":false,"inline_featured_image":false,"footnotes":""},"categories":[],"tags":[],"class_list":["post-465","page","type-page","status-publish","hentry"],"acf":[],"yoast_head":"<!-- This site is optimized with the Yoast SEO plugin v27.3 - https:\/\/yoast.com\/product\/yoast-seo-wordpress\/ -->\n<title>Our Philosophy - Mad Tours &amp; Events<\/title>\n<meta name=\"description\" content=\"Learn about our philosophy at Mad Tours &amp; Events when it comes to planning your dream trip! Visit our website today.\" \/>\n<meta name=\"robots\" content=\"index, follow, max-snippet:-1, max-image-preview:large, max-video-preview:-1\" \/>\n<link rel=\"canonical\" href=\"https:\/\/madtoursandevents.com\/it\/our-philosophy\/\" \/>\n<meta property=\"og:locale\" content=\"it_IT\" \/>\n<meta property=\"og:type\" content=\"article\" \/>\n<meta property=\"og:title\" content=\"Our Philosophy - Mad Tours &amp; Events\" \/>\n<meta property=\"og:description\" content=\"Learn about our philosophy at Mad Tours &amp; Events when it comes to planning your dream trip! Visit our website today.\" \/>\n<meta property=\"og:url\" content=\"https:\/\/madtoursandevents.com\/it\/our-philosophy\/\" \/>\n<meta property=\"og:site_name\" content=\"Mad Tours &amp; Events\" \/>\n<meta property=\"article:publisher\" content=\"https:\/\/www.facebook.com\/madnewyorkcitytours\" \/>\n<meta property=\"article:modified_time\" content=\"2026-04-08T04:30:14+00:00\" \/>\n<meta property=\"og:image\" content=\"https:\/\/madtoursandevents.com\/wp-content\/uploads\/2021\/08\/All-Lines12312.png\" \/>\n<meta name=\"twitter:card\" content=\"summary_large_image\" \/>\n<meta name=\"twitter:site\" content=\"@madfuntours\" \/>\n<meta name=\"twitter:label1\" content=\"Tempo di lettura stimato\" \/>\n\t<meta name=\"twitter:data1\" content=\"7 minuti\" \/>\n<script type=\"application\/ld+json\" class=\"yoast-schema-graph\">{\"@context\":\"https:\\\/\\\/schema.org\",\"@graph\":[{\"@type\":\"WebPage\",\"@id\":\"https:\\\/\\\/madtoursandevents.com\\\/our-philosophy\\\/\",\"url\":\"https:\\\/\\\/madtoursandevents.com\\\/our-philosophy\\\/\",\"name\":\"Our Philosophy - Mad Tours &amp; Events\",\"isPartOf\":{\"@id\":\"https:\\\/\\\/madtoursandevents.com\\\/#website\"},\"primaryImageOfPage\":{\"@id\":\"https:\\\/\\\/madtoursandevents.com\\\/our-philosophy\\\/#primaryimage\"},\"image\":{\"@id\":\"https:\\\/\\\/madtoursandevents.com\\\/our-philosophy\\\/#primaryimage\"},\"thumbnailUrl\":\"https:\\\/\\\/madtoursandevents.com\\\/wp-content\\\/uploads\\\/2021\\\/08\\\/All-Lines12312.png\",\"datePublished\":\"2021-08-20T15:23:37+00:00\",\"dateModified\":\"2026-04-08T04:30:14+00:00\",\"description\":\"Learn about our philosophy at Mad Tours & Events when it comes to planning your dream trip! Visit our website today.\",\"breadcrumb\":{\"@id\":\"https:\\\/\\\/madtoursandevents.com\\\/our-philosophy\\\/#breadcrumb\"},\"inLanguage\":\"it-IT\",\"potentialAction\":[{\"@type\":\"ReadAction\",\"target\":[\"https:\\\/\\\/madtoursandevents.com\\\/our-philosophy\\\/\"]}]},{\"@type\":\"ImageObject\",\"inLanguage\":\"it-IT\",\"@id\":\"https:\\\/\\\/madtoursandevents.com\\\/our-philosophy\\\/#primaryimage\",\"url\":\"https:\\\/\\\/madtoursandevents.com\\\/wp-content\\\/uploads\\\/2021\\\/08\\\/All-Lines12312.png\",\"contentUrl\":\"https:\\\/\\\/madtoursandevents.com\\\/wp-content\\\/uploads\\\/2021\\\/08\\\/All-Lines12312.png\"},{\"@type\":\"BreadcrumbList\",\"@id\":\"https:\\\/\\\/madtoursandevents.com\\\/our-philosophy\\\/#breadcrumb\",\"itemListElement\":[{\"@type\":\"ListItem\",\"position\":1,\"name\":\"Home\",\"item\":\"https:\\\/\\\/madtoursandevents.com\\\/\"},{\"@type\":\"ListItem\",\"position\":2,\"name\":\"Our Philosophy\"}]},{\"@type\":\"WebSite\",\"@id\":\"https:\\\/\\\/madtoursandevents.com\\\/#website\",\"url\":\"https:\\\/\\\/madtoursandevents.com\\\/\",\"name\":\"Mad Tours & Events\",\"description\":\"\",\"publisher\":{\"@id\":\"https:\\\/\\\/madtoursandevents.com\\\/#organization\"},\"potentialAction\":[{\"@type\":\"SearchAction\",\"target\":{\"@type\":\"EntryPoint\",\"urlTemplate\":\"https:\\\/\\\/madtoursandevents.com\\\/?s={search_term_string}\"},\"query-input\":{\"@type\":\"PropertyValueSpecification\",\"valueRequired\":true,\"valueName\":\"search_term_string\"}}],\"inLanguage\":\"it-IT\"},{\"@type\":\"Organization\",\"@id\":\"https:\\\/\\\/madtoursandevents.com\\\/#organization\",\"name\":\"Mad Tours & Events\",\"url\":\"https:\\\/\\\/madtoursandevents.com\\\/\",\"logo\":{\"@type\":\"ImageObject\",\"inLanguage\":\"it-IT\",\"@id\":\"https:\\\/\\\/madtoursandevents.com\\\/#\\\/schema\\\/logo\\\/image\\\/\",\"url\":\"https:\\\/\\\/madtoursandevents.com\\\/wp-content\\\/uploads\\\/2021\\\/08\\\/Logo.png\",\"contentUrl\":\"https:\\\/\\\/madtoursandevents.com\\\/wp-content\\\/uploads\\\/2021\\\/08\\\/Logo.png\",\"width\":204,\"height\":55,\"caption\":\"Mad Tours & Events\"},\"image\":{\"@id\":\"https:\\\/\\\/madtoursandevents.com\\\/#\\\/schema\\\/logo\\\/image\\\/\"},\"sameAs\":[\"https:\\\/\\\/www.facebook.com\\\/madnewyorkcitytours\",\"https:\\\/\\\/x.com\\\/madfuntours\"]}]}<\/script>\n<!-- \/ Yoast SEO plugin. -->","yoast_head_json":{"title":"Our Philosophy - Mad Tours &amp; Events","description":"Learn about our philosophy at Mad Tours & Events when it comes to planning your dream trip! Visit our website today.","robots":{"index":"index","follow":"follow","max-snippet":"max-snippet:-1","max-image-preview":"max-image-preview:large","max-video-preview":"max-video-preview:-1"},"canonical":"https:\/\/madtoursandevents.com\/it\/our-philosophy\/","og_locale":"it_IT","og_type":"article","og_title":"Our Philosophy - Mad Tours &amp; Events","og_description":"Learn about our philosophy at Mad Tours & Events when it comes to planning your dream trip! Visit our website today.","og_url":"https:\/\/madtoursandevents.com\/it\/our-philosophy\/","og_site_name":"Mad Tours &amp; Events","article_publisher":"https:\/\/www.facebook.com\/madnewyorkcitytours","article_modified_time":"2026-04-08T04:30:14+00:00","og_image":[{"url":"https:\/\/madtoursandevents.com\/wp-content\/uploads\/2021\/08\/All-Lines12312.png","type":"","width":"","height":""}],"twitter_card":"summary_large_image","twitter_site":"@madfuntours","twitter_misc":{"Tempo di lettura stimato":"7 minuti"},"schema":{"@context":"https:\/\/schema.org","@graph":[{"@type":"WebPage","@id":"https:\/\/madtoursandevents.com\/our-philosophy\/","url":"https:\/\/madtoursandevents.com\/our-philosophy\/","name":"Our Philosophy - Mad Tours &amp; Events","isPartOf":{"@id":"https:\/\/madtoursandevents.com\/#website"},"primaryImageOfPage":{"@id":"https:\/\/madtoursandevents.com\/our-philosophy\/#primaryimage"},"image":{"@id":"https:\/\/madtoursandevents.com\/our-philosophy\/#primaryimage"},"thumbnailUrl":"https:\/\/madtoursandevents.com\/wp-content\/uploads\/2021\/08\/All-Lines12312.png","datePublished":"2021-08-20T15:23:37+00:00","dateModified":"2026-04-08T04:30:14+00:00","description":"Learn about our philosophy at Mad Tours & Events when it comes to planning your dream trip! Visit our website today.","breadcrumb":{"@id":"https:\/\/madtoursandevents.com\/our-philosophy\/#breadcrumb"},"inLanguage":"it-IT","potentialAction":[{"@type":"ReadAction","target":["https:\/\/madtoursandevents.com\/our-philosophy\/"]}]},{"@type":"ImageObject","inLanguage":"it-IT","@id":"https:\/\/madtoursandevents.com\/our-philosophy\/#primaryimage","url":"https:\/\/madtoursandevents.com\/wp-content\/uploads\/2021\/08\/All-Lines12312.png","contentUrl":"https:\/\/madtoursandevents.com\/wp-content\/uploads\/2021\/08\/All-Lines12312.png"},{"@type":"BreadcrumbList","@id":"https:\/\/madtoursandevents.com\/our-philosophy\/#breadcrumb","itemListElement":[{"@type":"ListItem","position":1,"name":"Home","item":"https:\/\/madtoursandevents.com\/"},{"@type":"ListItem","position":2,"name":"Our Philosophy"}]},{"@type":"WebSite","@id":"https:\/\/madtoursandevents.com\/#website","url":"https:\/\/madtoursandevents.com\/","name":"Mad Tours & Events","description":"","publisher":{"@id":"https:\/\/madtoursandevents.com\/#organization"},"potentialAction":[{"@type":"SearchAction","target":{"@type":"EntryPoint","urlTemplate":"https:\/\/madtoursandevents.com\/?s={search_term_string}"},"query-input":{"@type":"PropertyValueSpecification","valueRequired":true,"valueName":"search_term_string"}}],"inLanguage":"it-IT"},{"@type":"Organization","@id":"https:\/\/madtoursandevents.com\/#organization","name":"Mad Tours & Events","url":"https:\/\/madtoursandevents.com\/","logo":{"@type":"ImageObject","inLanguage":"it-IT","@id":"https:\/\/madtoursandevents.com\/#\/schema\/logo\/image\/","url":"https:\/\/madtoursandevents.com\/wp-content\/uploads\/2021\/08\/Logo.png","contentUrl":"https:\/\/madtoursandevents.com\/wp-content\/uploads\/2021\/08\/Logo.png","width":204,"height":55,"caption":"Mad Tours & Events"},"image":{"@id":"https:\/\/madtoursandevents.com\/#\/schema\/logo\/image\/"},"sameAs":["https:\/\/www.facebook.com\/madnewyorkcitytours","https:\/\/x.com\/madfuntours"]}]}},"_links":{"self":[{"href":"https:\/\/madtoursandevents.com\/it\/wp-json\/wp\/v2\/pages\/465","targetHints":{"allow":["GET"]}}],"collection":[{"href":"https:\/\/madtoursandevents.com\/it\/wp-json\/wp\/v2\/pages"}],"about":[{"href":"https:\/\/madtoursandevents.com\/it\/wp-json\/wp\/v2\/types\/page"}],"author":[{"embeddable":true,"href":"https:\/\/madtoursandevents.com\/it\/wp-json\/wp\/v2\/users\/1"}],"replies":[{"embeddable":true,"href":"https:\/\/madtoursandevents.com\/it\/wp-json\/wp\/v2\/comments?post=465"}],"version-history":[{"count":5,"href":"https:\/\/madtoursandevents.com\/it\/wp-json\/wp\/v2\/pages\/465\/revisions"}],"predecessor-version":[{"id":13931,"href":"https:\/\/madtoursandevents.com\/it\/wp-json\/wp\/v2\/pages\/465\/revisions\/13931"}],"wp:attachment":[{"href":"https:\/\/madtoursandevents.com\/it\/wp-json\/wp\/v2\/media?parent=465"}],"wp:term":[{"taxonomy":"category","embeddable":true,"href":"https:\/\/madtoursandevents.com\/it\/wp-json\/wp\/v2\/categories?post=465"},{"taxonomy":"post_tag","embeddable":true,"href":"https:\/\/madtoursandevents.com\/it\/wp-json\/wp\/v2\/tags?post=465"}],"curies":[{"name":"wp","href":"https:\/\/api.w.org\/{rel}","templated":true}]}}