{"id":304,"date":"2021-08-17T12:24:36","date_gmt":"2021-08-17T12:24:36","guid":{"rendered":"https:\/\/madtoursandevents.com\/?page_id=304"},"modified":"2025-04-10T02:59:09","modified_gmt":"2025-04-10T02:59:09","slug":"travel-responsibly-safety-protocol","status":"publish","type":"page","link":"https:\/\/madtoursandevents.com\/it\/travel-responsibly-safety-protocol\/","title":{"rendered":"Travel responsibly &#038; Safety Protocol"},"content":{"rendered":"<div class=\"wpb-content-wrapper\"><div data-vc-full-width=\"true\" data-vc-full-width-temp=\"true\" data-vc-full-width-init=\"false\" data-vc-stretch-content=\"true\" class=\"vc_row wpb_row vc_row-fluid slider-rev mtt-title-img-row vc_row-no-padding\"><div class=\"mtt-title-img-col wpb_column vc_column_container vc_col-sm-12\"><div class=\"vc_column-inner\"><div class=\"wpb_wrapper\">\n\t<div  class=\"wpb_single_image wpb_content_element vc_align_left wpb_content_element  mtt-title-img\">\n\t\t\n\t\t<figure class=\"wpb_wrapper vc_figure\">\n\t\t\t<div class=\"vc_single_image-wrapper   vc_box_border_grey\"><img loading=\"lazy\" decoding=\"async\" width=\"1400\" height=\"450\" src=\"https:\/\/madtoursandevents.com\/wp-content\/uploads\/2021\/08\/covid.jpg\" class=\"vc_single_image-img attachment-full\" alt=\"\" title=\"covid\" srcset=\"https:\/\/madtoursandevents.com\/wp-content\/uploads\/2021\/08\/covid.jpg 1400w, https:\/\/madtoursandevents.com\/wp-content\/uploads\/2021\/08\/covid-600x193.jpg 600w, https:\/\/madtoursandevents.com\/wp-content\/uploads\/2021\/08\/covid-300x96.jpg 300w, https:\/\/madtoursandevents.com\/wp-content\/uploads\/2021\/08\/covid-1024x329.jpg 1024w, https:\/\/madtoursandevents.com\/wp-content\/uploads\/2021\/08\/covid-768x247.jpg 768w\" sizes=\"auto, (max-width: 1400px) 100vw, 1400px\" \/><\/div>\n\t\t<\/figure>\n\t<\/div>\n<\/div><\/div><\/div><\/div><div class=\"vc_row-full-width vc_clearfix\"><\/div><div class=\"vc_row wpb_row vc_row-fluid main-dropdown-img dtt-dropdown-img\"><div class=\"wpb_column vc_column_container vc_col-sm-12\"><div class=\"vc_column-inner\"><div class=\"wpb_wrapper\">\n\t<div id=\"down-arrow-icon\" class=\"wpb_single_image wpb_content_element vc_align_center wpb_content_element\">\n\t\t\n\t\t<figure class=\"wpb_wrapper vc_figure\">\n\t\t\t<a href=\"#sec1\" target=\"_self\" class=\"vc_single_image-wrapper   vc_box_border_grey\"><img loading=\"lazy\" decoding=\"async\" width=\"94\" height=\"94\" src=\"https:\/\/madtoursandevents.com\/wp-content\/uploads\/2021\/08\/main-drop-arrow.png\" class=\"vc_single_image-img attachment-full\" alt=\"purple down Arrow Icon in Small Size\" title=\"main-drop-arrow\" \/><\/a>\n\t\t<\/figure>\n\t<\/div>\n<\/div><\/div><\/div><\/div><div class=\"vc_row wpb_row vc_row-fluid\"><div class=\"wpb_column vc_column_container vc_col-sm-12\"><div class=\"vc_column-inner\"><div class=\"wpb_wrapper\">\n\t<div  class=\"wpb_single_image wpb_content_element vc_align_center wpb_content_element\">\n\t\t\n\t\t<figure class=\"wpb_wrapper vc_figure\">\n\t\t\t<div class=\"vc_single_image-wrapper   vc_box_border_grey\"><img loading=\"lazy\" decoding=\"async\" width=\"121\" height=\"14\" src=\"https:\/\/madtoursandevents.com\/wp-content\/uploads\/2021\/08\/All-Lines.png\" class=\"vc_single_image-img attachment-full\" alt=\"Three orange color link with no background\" title=\"All Lines\" \/><\/div>\n\t\t<\/figure>\n\t<\/div>\n<\/div><\/div><\/div><\/div><div id=\"sec1\" data-vc-full-width=\"true\" data-vc-full-width-temp=\"true\" data-vc-full-width-init=\"false\" class=\"vc_row wpb_row vc_row-fluid dtt-cvd-bg dtt-cv-bg\"><div class=\"dtt-cv-p wpb_column vc_column_container vc_col-sm-12\"><div class=\"vc_column-inner\"><div class=\"wpb_wrapper\">\n\t<div class=\"wpb_text_column wpb_content_element dtr-eng\" >\n\t\t<div class=\"wpb_wrapper\">\n\t\t\t<p>I viaggi spontanei non sono il massimo durante una pandemia. Lascia che ti aiutiamo a pianificare la vacanza pi\u00f9 sicura. Se scopriamo che la pandemia si sta diffondendo dove dovreste andare, esprimeremo la nostra preoccupazione e lavoreremo con voi in un'altra citt\u00e0 o sposteremo le date se lo desiderate.<\/p>\n<p><b>Protocolli di sicurezza migliorati<\/b><\/p>\n<p>Selezioniamo partner che seguono linee guida rigorose e che hanno lo stesso obiettivo: garantire la tua sicurezza quando viaggi con noi. Tutti i nostri fornitori sono tenuti a seguire le linee guida del CDC per la vostra protezione.\nLe nostre guide si assicureranno che le direttive sanitarie e i protocolli siano seguiti ovunque vi portiamo. Tutte le nostre guide indossano maschere quando sono con voi.<\/p>\n<p><b>Raccomandazioni per una vacanza responsabile<\/b><\/p>\n<p>Ovunque andremo, praticheremo misure di distanziamento sociale e indosseremo maschere in presenza di estranei, al chiuso nei luoghi pubblici e all'aperto nella folla o quando il distanziamento sociale non \u00e8 possibile secondo i regolamenti di ogni stato.<\/p>\n<p><b>Fai il test<\/b><\/p>\n<p>A seconda del tipo di viaggio che scegli e se \u00e8 probabile che tu entri in contatto con altre persone al di fuori del tuo gruppo, prendi in considerazione l'idea di fare il test per il COVID-19 prima di partire e al tuo ritorno.<\/p>\n<p><b>Preparati per l'imprevisto e anche per questo<\/b><\/p>\n<p>Siate pronti per l'inaspettato e fate i bagagli di conseguenza. Portate maschere extra, disinfettante per le mani e salviette. \u00c8 meglio essere sovra-preparati che sotto-preparati.<\/p>\n<p><b>Supporta le imprese locali in ogni fase del processo<\/b><\/p>\n<p>Sostenete le imprese locali in ogni fase del vostro soggiorno. Consiglio: attualmente molti preferiscono pagare con carta di credito o di debito, per evitare di maneggiare contanti. Tenete a mente.<\/p>\n<p><b>Sii paziente e mancia bene<\/b><\/p>\n<p>Sii paziente e dai la mancia. Abbiate rispetto ed empatia per i professionisti dell'ospitalit\u00e0 che stanno cercando di darvi un'esperienza memorabile in questi tempi davvero complicati e difficili. Lo devi a loro per fare del tuo meglio per garantire anche la loro sicurezza.<\/p>\n<p><b>Segui le regole delle comunit\u00e0 che visiti<\/b><\/p>\n<p>Seguite le regole delle comunit\u00e0 che visitate. Controlla gli aggiornamenti locali o regionali mentre sei in viaggio e quando torni.<\/p>\n<p><b>Gruppo pi\u00f9 piccolo<\/b><\/p>\n<p>I nostri Mad Tours sono limitati a 15 viaggiatori in tutte le nostre citt\u00e0 per una sensazione pi\u00f9 intima e un modo per facilitare il distanziamento sociale in modo che tu possa sentirti a tuo agio viaggiando con noi.<\/p>\n\n\t\t<\/div>\n\t<\/div>\n\n\t<div class=\"wpb_text_column wpb_content_element dtr-it\" >\n\t\t<div class=\"wpb_wrapper\">\n\t\t\t<p>Viaggiare spontaneamente non \u00e8 l&#8217;opzione migliore durante una pandemia. Lasciate che vi aiutiamo a pianificare la vacanza pi\u00f9 sicura possibile. Se scopriamo che la pandemia si sta diffondendo nel luogo in cui dovreste essere, vi comunicheremo la nostra preoccupazione e lavoreremo con voi in un&#8217;altra citt\u00e0 o sposteremo le date, se lo desiderate.<\/p>\n<p><b>Viaggiare in modo responsabile<\/b><\/p>\n<p><span style=\"font-weight: 400;\">Ovunque andiate, praticheremo l&#8217;allontanamento sociale e indosseremo maschere, sia all&#8217;interno dei luoghi pubblici che all&#8217;esterno in caso di folla o quando l&#8217;allontanamento sociale non \u00e8 possibile in base alle normative vigenti.<\/span><\/p>\n<p><b>Sottoporsi a test<\/b><\/p>\n<p><span style=\"font-weight: 400;\">A seconda del tipo di viaggio scelto, e se \u00e8 probabile che si entri in contatto con altre persone al di fuori della propria bolla di sapone, si consideri la possibilit\u00e0 di sottoporsi al test per la COVID 19.<\/span><\/p>\n<p><b>Prepararsi agli imprevisti<\/b><\/p>\n<p><span style=\"font-weight: 400;\">Preparate le valigie di conseguenza. Portate con voi mascherine, disinfettanti per le mani e salviette in pi\u00f9. \u00c8 meglio essere troppo preparati che non esserlo.<\/span><\/p>\n<p><b>Sostenete le imprese locali in ogni momento<\/b><\/p>\n<p><span style=\"font-weight: 400;\">Le piccole imprese preferiscono pagare con carta di credito o di debito per evitare di maneggiare contanti.<\/span><\/p>\n<p><b>Siate pazienti e date buone mance<\/b><\/p>\n<p><span style=\"font-weight: 400;\">Abbiate rispetto ed empatia per i professionisti dell&#8217;ospitalit\u00e0 che cercano di offrirvi un&#8217;esperienza memorabile in questi tempi difficili. Avete il dovere di fare del vostro meglio per garantire la loro sicurezza.<\/span><\/p>\n<p><b>Seguite le regole delle comunit\u00e0 che visitate<\/b><\/p>\n<p><span style=\"font-weight: 400;\">Controllate gli aggiornamenti locali o regionali mentre siete in viaggio.<\/span><\/p>\n<p><b>Gruppi pi\u00f9 piccoli<\/b><\/p>\n<p><span style=\"font-weight: 400;\">I nostri MAD Tours sono limitati a 10-15 partecipanti a seconda dell&#8217;attivit\u00e0 o del tour selezionato in tutte le nostre citt\u00e0. Questo per farvi sentire pi\u00f9 a vostro agio nel viaggiare con noi e per facilitare la distanza sociale.<\/span><\/p>\n\n\t\t<\/div>\n\t<\/div>\n<\/div><\/div><\/div><\/div><div class=\"vc_row-full-width vc_clearfix\"><\/div>\n<\/div>","protected":false},"excerpt":{"rendered":"Spontaneous trips are not the best to do during a pandemic so let us help you plan the safest vacation. If we see that is spreading where you are supposed to visit, we will share with you our concern and either work with you in another city or move the dates if you wish. Here [...]","protected":false},"author":1,"featured_media":0,"parent":0,"menu_order":0,"comment_status":"closed","ping_status":"closed","template":"","meta":{"_acf_changed":false,"inline_featured_image":false,"footnotes":""},"categories":[],"tags":[],"class_list":["post-304","page","type-page","status-publish","hentry"],"acf":[],"yoast_head":"<!-- This site is optimized with the Yoast SEO plugin v27.3 - https:\/\/yoast.com\/product\/yoast-seo-wordpress\/ -->\n<title>Guidelines for COVID 19 - Mad Tours &amp; Events<\/title>\n<meta name=\"description\" content=\"Stay safe in your travels by following the guidelines for COVID 19. Visit Mad Tours &amp; Events for more information. Contact us.\" \/>\n<meta name=\"robots\" content=\"index, follow, max-snippet:-1, max-image-preview:large, max-video-preview:-1\" \/>\n<link rel=\"canonical\" href=\"https:\/\/madtoursandevents.com\/it\/travel-responsibly-safety-protocol\/\" \/>\n<meta property=\"og:locale\" content=\"it_IT\" \/>\n<meta property=\"og:type\" content=\"article\" \/>\n<meta property=\"og:title\" content=\"Guidelines for COVID 19 - Mad Tours &amp; Events\" \/>\n<meta property=\"og:description\" content=\"Stay safe in your travels by following the guidelines for COVID 19. Visit Mad Tours &amp; Events for more information. Contact us.\" \/>\n<meta property=\"og:url\" content=\"https:\/\/madtoursandevents.com\/it\/travel-responsibly-safety-protocol\/\" \/>\n<meta property=\"og:site_name\" content=\"Mad Tours &amp; Events\" \/>\n<meta property=\"article:publisher\" content=\"https:\/\/www.facebook.com\/madnewyorkcitytours\" \/>\n<meta property=\"article:modified_time\" content=\"2025-04-10T02:59:09+00:00\" \/>\n<meta name=\"twitter:card\" content=\"summary_large_image\" \/>\n<meta name=\"twitter:site\" content=\"@madfuntours\" \/>\n<meta name=\"twitter:label1\" content=\"Tempo di lettura stimato\" \/>\n\t<meta name=\"twitter:data1\" content=\"5 minuti\" \/>\n<script type=\"application\/ld+json\" class=\"yoast-schema-graph\">{\"@context\":\"https:\\\/\\\/schema.org\",\"@graph\":[{\"@type\":\"WebPage\",\"@id\":\"https:\\\/\\\/madtoursandevents.com\\\/travel-responsibly-safety-protocol\\\/\",\"url\":\"https:\\\/\\\/madtoursandevents.com\\\/travel-responsibly-safety-protocol\\\/\",\"name\":\"Guidelines for COVID 19 - Mad Tours & Events\",\"isPartOf\":{\"@id\":\"https:\\\/\\\/madtoursandevents.com\\\/#website\"},\"datePublished\":\"2021-08-17T12:24:36+00:00\",\"dateModified\":\"2025-04-10T02:59:09+00:00\",\"description\":\"Stay safe in your travels by following the guidelines for COVID 19. Visit Mad Tours & Events for more information. Contact us.\",\"breadcrumb\":{\"@id\":\"https:\\\/\\\/madtoursandevents.com\\\/travel-responsibly-safety-protocol\\\/#breadcrumb\"},\"inLanguage\":\"it-IT\",\"potentialAction\":[{\"@type\":\"ReadAction\",\"target\":[\"https:\\\/\\\/madtoursandevents.com\\\/travel-responsibly-safety-protocol\\\/\"]}]},{\"@type\":\"BreadcrumbList\",\"@id\":\"https:\\\/\\\/madtoursandevents.com\\\/travel-responsibly-safety-protocol\\\/#breadcrumb\",\"itemListElement\":[{\"@type\":\"ListItem\",\"position\":1,\"name\":\"Home\",\"item\":\"https:\\\/\\\/madtoursandevents.com\\\/\"},{\"@type\":\"ListItem\",\"position\":2,\"name\":\"Travel responsibly &#038; Safety Protocol\"}]},{\"@type\":\"WebSite\",\"@id\":\"https:\\\/\\\/madtoursandevents.com\\\/#website\",\"url\":\"https:\\\/\\\/madtoursandevents.com\\\/\",\"name\":\"Mad Tours & Events\",\"description\":\"\",\"publisher\":{\"@id\":\"https:\\\/\\\/madtoursandevents.com\\\/#organization\"},\"potentialAction\":[{\"@type\":\"SearchAction\",\"target\":{\"@type\":\"EntryPoint\",\"urlTemplate\":\"https:\\\/\\\/madtoursandevents.com\\\/?s={search_term_string}\"},\"query-input\":{\"@type\":\"PropertyValueSpecification\",\"valueRequired\":true,\"valueName\":\"search_term_string\"}}],\"inLanguage\":\"it-IT\"},{\"@type\":\"Organization\",\"@id\":\"https:\\\/\\\/madtoursandevents.com\\\/#organization\",\"name\":\"Mad Tours & Events\",\"url\":\"https:\\\/\\\/madtoursandevents.com\\\/\",\"logo\":{\"@type\":\"ImageObject\",\"inLanguage\":\"it-IT\",\"@id\":\"https:\\\/\\\/madtoursandevents.com\\\/#\\\/schema\\\/logo\\\/image\\\/\",\"url\":\"https:\\\/\\\/madtoursandevents.com\\\/wp-content\\\/uploads\\\/2021\\\/08\\\/Logo.png\",\"contentUrl\":\"https:\\\/\\\/madtoursandevents.com\\\/wp-content\\\/uploads\\\/2021\\\/08\\\/Logo.png\",\"width\":204,\"height\":55,\"caption\":\"Mad Tours & Events\"},\"image\":{\"@id\":\"https:\\\/\\\/madtoursandevents.com\\\/#\\\/schema\\\/logo\\\/image\\\/\"},\"sameAs\":[\"https:\\\/\\\/www.facebook.com\\\/madnewyorkcitytours\",\"https:\\\/\\\/x.com\\\/madfuntours\"]}]}<\/script>\n<!-- \/ Yoast SEO plugin. -->","yoast_head_json":{"title":"Guidelines for COVID 19 - Mad Tours & Events","description":"Stay safe in your travels by following the guidelines for COVID 19. Visit Mad Tours & Events for more information. Contact us.","robots":{"index":"index","follow":"follow","max-snippet":"max-snippet:-1","max-image-preview":"max-image-preview:large","max-video-preview":"max-video-preview:-1"},"canonical":"https:\/\/madtoursandevents.com\/it\/travel-responsibly-safety-protocol\/","og_locale":"it_IT","og_type":"article","og_title":"Guidelines for COVID 19 - Mad Tours & Events","og_description":"Stay safe in your travels by following the guidelines for COVID 19. Visit Mad Tours & Events for more information. Contact us.","og_url":"https:\/\/madtoursandevents.com\/it\/travel-responsibly-safety-protocol\/","og_site_name":"Mad Tours &amp; Events","article_publisher":"https:\/\/www.facebook.com\/madnewyorkcitytours","article_modified_time":"2025-04-10T02:59:09+00:00","twitter_card":"summary_large_image","twitter_site":"@madfuntours","twitter_misc":{"Tempo di lettura stimato":"5 minuti"},"schema":{"@context":"https:\/\/schema.org","@graph":[{"@type":"WebPage","@id":"https:\/\/madtoursandevents.com\/travel-responsibly-safety-protocol\/","url":"https:\/\/madtoursandevents.com\/travel-responsibly-safety-protocol\/","name":"Guidelines for COVID 19 - Mad Tours & Events","isPartOf":{"@id":"https:\/\/madtoursandevents.com\/#website"},"datePublished":"2021-08-17T12:24:36+00:00","dateModified":"2025-04-10T02:59:09+00:00","description":"Stay safe in your travels by following the guidelines for COVID 19. Visit Mad Tours & Events for more information. Contact us.","breadcrumb":{"@id":"https:\/\/madtoursandevents.com\/travel-responsibly-safety-protocol\/#breadcrumb"},"inLanguage":"it-IT","potentialAction":[{"@type":"ReadAction","target":["https:\/\/madtoursandevents.com\/travel-responsibly-safety-protocol\/"]}]},{"@type":"BreadcrumbList","@id":"https:\/\/madtoursandevents.com\/travel-responsibly-safety-protocol\/#breadcrumb","itemListElement":[{"@type":"ListItem","position":1,"name":"Home","item":"https:\/\/madtoursandevents.com\/"},{"@type":"ListItem","position":2,"name":"Travel responsibly &#038; Safety Protocol"}]},{"@type":"WebSite","@id":"https:\/\/madtoursandevents.com\/#website","url":"https:\/\/madtoursandevents.com\/","name":"Mad Tours & Events","description":"","publisher":{"@id":"https:\/\/madtoursandevents.com\/#organization"},"potentialAction":[{"@type":"SearchAction","target":{"@type":"EntryPoint","urlTemplate":"https:\/\/madtoursandevents.com\/?s={search_term_string}"},"query-input":{"@type":"PropertyValueSpecification","valueRequired":true,"valueName":"search_term_string"}}],"inLanguage":"it-IT"},{"@type":"Organization","@id":"https:\/\/madtoursandevents.com\/#organization","name":"Mad Tours & Events","url":"https:\/\/madtoursandevents.com\/","logo":{"@type":"ImageObject","inLanguage":"it-IT","@id":"https:\/\/madtoursandevents.com\/#\/schema\/logo\/image\/","url":"https:\/\/madtoursandevents.com\/wp-content\/uploads\/2021\/08\/Logo.png","contentUrl":"https:\/\/madtoursandevents.com\/wp-content\/uploads\/2021\/08\/Logo.png","width":204,"height":55,"caption":"Mad Tours & Events"},"image":{"@id":"https:\/\/madtoursandevents.com\/#\/schema\/logo\/image\/"},"sameAs":["https:\/\/www.facebook.com\/madnewyorkcitytours","https:\/\/x.com\/madfuntours"]}]}},"_links":{"self":[{"href":"https:\/\/madtoursandevents.com\/it\/wp-json\/wp\/v2\/pages\/304","targetHints":{"allow":["GET"]}}],"collection":[{"href":"https:\/\/madtoursandevents.com\/it\/wp-json\/wp\/v2\/pages"}],"about":[{"href":"https:\/\/madtoursandevents.com\/it\/wp-json\/wp\/v2\/types\/page"}],"author":[{"embeddable":true,"href":"https:\/\/madtoursandevents.com\/it\/wp-json\/wp\/v2\/users\/1"}],"replies":[{"embeddable":true,"href":"https:\/\/madtoursandevents.com\/it\/wp-json\/wp\/v2\/comments?post=304"}],"version-history":[{"count":4,"href":"https:\/\/madtoursandevents.com\/it\/wp-json\/wp\/v2\/pages\/304\/revisions"}],"predecessor-version":[{"id":11940,"href":"https:\/\/madtoursandevents.com\/it\/wp-json\/wp\/v2\/pages\/304\/revisions\/11940"}],"wp:attachment":[{"href":"https:\/\/madtoursandevents.com\/it\/wp-json\/wp\/v2\/media?parent=304"}],"wp:term":[{"taxonomy":"category","embeddable":true,"href":"https:\/\/madtoursandevents.com\/it\/wp-json\/wp\/v2\/categories?post=304"},{"taxonomy":"post_tag","embeddable":true,"href":"https:\/\/madtoursandevents.com\/it\/wp-json\/wp\/v2\/tags?post=304"}],"curies":[{"name":"wp","href":"https:\/\/api.w.org\/{rel}","templated":true}]}}