{"id":13701,"date":"2026-01-27T13:43:48","date_gmt":"2026-01-27T13:43:48","guid":{"rendered":"https:\/\/madtoursandevents.com\/?page_id=13701"},"modified":"2026-04-07T04:06:47","modified_gmt":"2026-04-07T04:06:47","slug":"sustainability-progress-report","status":"publish","type":"page","link":"https:\/\/madtoursandevents.com\/it\/sustainability-progress-report\/","title":{"rendered":"Rapporto di avanzamento sulla sostenibilit\u00e0"},"content":{"rendered":"<div class=\"wpb-content-wrapper\"><div id=\"sus-banner-row\" data-vc-full-width=\"true\" data-vc-full-width-temp=\"true\" data-vc-full-width-init=\"false\" data-vc-stretch-content=\"true\" class=\"vc_row wpb_row vc_row-fluid slider-rev mtt-title-img-row vc_row-no-padding\"><div class=\"mtt-title-img-col wpb_column vc_column_container vc_col-sm-12\"><div class=\"vc_column-inner\"><div class=\"wpb_wrapper\">\n\t<div id=\"sus-banner\" class=\"wpb_single_image wpb_content_element vc_align_left wpb_content_element vc_custom_1769521249478  mtt-title-img\">\n\t\t\n\t\t<figure class=\"wpb_wrapper vc_figure\">\n\t\t\t<div class=\"vc_single_image-wrapper   vc_box_border_grey\"><img loading=\"lazy\" decoding=\"async\" width=\"1400\" height=\"450\" src=\"https:\/\/madtoursandevents.com\/wp-content\/uploads\/2026\/01\/Sustainability-Progress-Report-Banner.jpg\" class=\"vc_single_image-img attachment-full\" alt=\"\" title=\"Sustainability-Progress-Report-Banner\" srcset=\"https:\/\/madtoursandevents.com\/wp-content\/uploads\/2026\/01\/Sustainability-Progress-Report-Banner.jpg 1400w, https:\/\/madtoursandevents.com\/wp-content\/uploads\/2026\/01\/Sustainability-Progress-Report-Banner-300x96.jpg 300w, https:\/\/madtoursandevents.com\/wp-content\/uploads\/2026\/01\/Sustainability-Progress-Report-Banner-1024x329.jpg 1024w, https:\/\/madtoursandevents.com\/wp-content\/uploads\/2026\/01\/Sustainability-Progress-Report-Banner-768x247.jpg 768w, https:\/\/madtoursandevents.com\/wp-content\/uploads\/2026\/01\/Sustainability-Progress-Report-Banner-18x6.jpg 18w, https:\/\/madtoursandevents.com\/wp-content\/uploads\/2026\/01\/Sustainability-Progress-Report-Banner-600x193.jpg 600w, https:\/\/madtoursandevents.com\/wp-content\/uploads\/2026\/01\/Sustainability-Progress-Report-Banner-100x32.jpg 100w\" sizes=\"auto, (max-width: 1400px) 100vw, 1400px\" \/><\/div>\n\t\t<\/figure>\n\t<\/div>\n<\/div><\/div><\/div><\/div><div class=\"vc_row-full-width vc_clearfix\"><\/div><div class=\"vc_row wpb_row vc_row-fluid main-dropdown-img dtt-dropdown-img\"><div class=\"wpb_column vc_column_container vc_col-sm-12\"><div class=\"vc_column-inner\"><div class=\"wpb_wrapper\">\n\t<div id=\"down-arrow-icon\" class=\"wpb_single_image wpb_content_element vc_align_center wpb_content_element  sus-down-arrow\">\n\t\t\n\t\t<figure class=\"wpb_wrapper vc_figure\">\n\t\t\t<a href=\"#sec1\" target=\"_self\" class=\"vc_single_image-wrapper   vc_box_border_grey\"><img loading=\"lazy\" decoding=\"async\" width=\"94\" height=\"94\" src=\"https:\/\/madtoursandevents.com\/wp-content\/uploads\/2021\/08\/main-drop-arrow.png\" class=\"vc_single_image-img attachment-full\" alt=\"purple down Arrow Icon in Small Size\" title=\"main-drop-arrow\" \/><\/a>\n\t\t<\/figure>\n\t<\/div>\n<\/div><\/div><\/div><\/div><div class=\"vc_row wpb_row vc_row-fluid\"><div class=\"wpb_column vc_column_container vc_col-sm-12\"><div class=\"vc_column-inner\"><div class=\"wpb_wrapper\">\n\t<div  class=\"wpb_single_image wpb_content_element vc_align_center wpb_content_element  3lines\">\n\t\t\n\t\t<figure class=\"wpb_wrapper vc_figure\">\n\t\t\t<div class=\"vc_single_image-wrapper   vc_box_border_grey\"><img loading=\"lazy\" decoding=\"async\" width=\"121\" height=\"14\" src=\"https:\/\/madtoursandevents.com\/wp-content\/uploads\/2021\/08\/All-Lines.png\" class=\"vc_single_image-img attachment-full\" alt=\"Three orange color link with no background\" title=\"All Lines\" \/><\/div>\n\t\t<\/figure>\n\t<\/div>\n<\/div><\/div><\/div><\/div><div id=\"sec1\" data-vc-full-width=\"true\" data-vc-full-width-temp=\"true\" data-vc-full-width-init=\"false\" class=\"vc_row wpb_row vc_row-fluid dtt-cvd-bg dtt-cv-bg\"><div class=\"dtt-cv-p wpb_column vc_column_container vc_col-sm-12\"><div class=\"vc_column-inner\"><div class=\"wpb_wrapper\">\n\t<div class=\"wpb_text_column wpb_content_element\" id=\"complain-description-eng\">\n\t\t<div class=\"wpb_wrapper\">\n\t\t\t<p><strong><img loading=\"lazy\" decoding=\"async\" class=\"sus-progress-img alignright wp-image-11032\" src=\"https:\/\/madtoursandevents.com\/wp-content\/uploads\/2026\/01\/renewable-energy-7143344_1920.jpg\" alt=\"\" width=\"640\" height=\"427\" \/><\/strong><\/p>\n<h2><b>Rapporto di avanzamento sulla sostenibilit\u00e0<\/b><b><\/b><\/h2>\n<div>\n<p>MAD Tours &amp; Events \u00e8 una piccola azienda che lavora principalmente con freelance, guide locali e fornitori indipendenti. La sostenibilit\u00e0 \u00e8 integrata nella progettazione degli itinerari, nella selezione dei fornitori, nella comunicazione con i clienti e nella collaborazione con i partner, con particolare attenzione al turismo a basso impatto, al coinvolgimento delle comunit\u00e0 locali e al miglioramento continuo.<\/p>\n<\/div>\n<p>&nbsp;<\/p>\n<h4><b>1. Responsabilit\u00e0 climatica e sensibilizzazione alle emissioni di carbonio<\/b><\/h4>\n<p>&nbsp;<\/p>\n<div><\/div>\n<div><\/div>\n<div><b>Introduzione di un contributo per il carbonio<\/b><\/div>\n<div>Nel 2024, MAD Tours &amp; Events ha introdotto un\u00a0<b>contributo per il carbonio applicato a tutti i clienti<\/b>. Questa iniziativa mira a rafforzare la consapevolezza sull\u2019impatto ambientale dei viaggi e a sostenere azioni ambientali e di conservazione legate alle destinazioni in cui operiamo.<\/div>\n<p>&nbsp;<\/p>\n<div>Il contributo \u00e8 sistematicamente incluso nelle proposte commerciali e fa parte di un approccio globale al turismo responsabile e alla responsabilit\u00e0 condivisa.<\/div>\n<p>&nbsp;<\/p>\n<div><\/div>\n<div><\/div>\n<div><\/div>\n<h4><b>2. Sostegno all\u2019ambiente e alla biodiversit\u00e0<\/b><\/h4>\n<p>&nbsp;<\/p>\n<div><\/div>\n<div><\/div>\n<div><b>Donazioni a organizzazioni ambientali<br \/>\n<\/b>As part of our carbon contribution and carbon offset strategy, MAD Tours &amp; Events directs collected funds to carefully selected environmental and biodiversity projects aligned with the destinations in which we operate. The organizations supported are chosen based on their credibility, measurable environmental impact, and relevance to climate mitigation and ecosystem protection.<\/div>\n<div>\n<p>&nbsp;<\/p>\n<p>Nel 2024 e 2025, MAD Tours &amp; Events ha sostenuto la protezione dell\u2019ambiente e della biodiversit\u00e0 attraverso donazioni mirate a organizzazioni in linea con le nostre destinazioni:<\/p>\n<\/div>\n<p>&nbsp;<\/p>\n<div><\/div>\n<ul>\n<li>\n<div role=\"presentation\"><b>Hawaii Wildlife Fund<\/b>, impegnata nella protezione della fauna marina, nella conservazione delle coste e nell\u2019educazione ambientale.<\/div>\n<\/li>\n<li>\n<div role=\"presentation\"><b>Trees New York<\/b>, a sostegno della riforestazione urbana, della resilienza climatica e dell\u2019educazione ambientale a New York.<\/div>\n<\/li>\n<\/ul>\n<p>&nbsp;<\/p>\n<div>Questi contributi testimoniano il nostro impegno a favore degli ecosistemi naturali e della biodiversit\u00e0 urbana nelle regioni visitate dai nostri clienti.<\/div>\n<p>&nbsp;<\/p>\n<div><\/div>\n<div><\/div>\n<div><\/div>\n<h4><b>3. Sviluppo delle competenze e formazione sulla sostenibilit\u00e0<\/b><\/h4>\n<p>&nbsp;<\/p>\n<div><\/div>\n<div><\/div>\n<div><b>Creazione del MAD Tours Sustainability Training<\/b><\/div>\n<div>Nel 2024, MAD Tours &amp; Events ha\u00a0<b>sviluppato il proprio modulo interno di formazione sulla sostenibilit\u00e0<\/b>, progettato per rispondere alle esigenze di una struttura di viaggio agile e di dimensioni contenute.<\/div>\n<p>&nbsp;<\/p>\n<div><\/div>\n<div><\/div>\n<div>La formazione include in particolare:<\/div>\n<p>&nbsp;<\/p>\n<ul>\n<li>\n<div role=\"presentation\">Progettazione di itinerari responsabili<\/div>\n<\/li>\n<li>\n<div role=\"presentation\">Buone pratiche ambientali durante le visite<\/div>\n<\/li>\n<li>\n<div role=\"presentation\">Rispetto delle comunit\u00e0 locali e delle culture<\/div>\n<\/li>\n<li>\n<div role=\"presentation\">Protezione della fauna e principi del turismo etico<\/div>\n<\/li>\n<li>\n<div role=\"presentation\">Comunicazione chiara e trasparente con i clienti<\/div>\n<\/li>\n<\/ul>\n<div><\/div>\n<div>Questa formazione garantisce coerenza interna ed \u00e8 condivisa con i collaboratori quando opportuno.<\/div>\n<p>&nbsp;<\/p>\n<div><\/div>\n<div><\/div>\n<div><b>Coinvolgimento delle guide nei corsi Travelife<\/b><\/div>\n<p>&nbsp;<\/p>\n<div><\/div>\n<div><\/div>\n<div>Nell\u2019ambito del nostro impegno verso i fornitori,\u00a0<b>guide e partner locali sono incoraggiati a seguire i corsi di sostenibilit\u00e0 offerti da Travelife<\/b>. Ci\u00f2 consente di allineare le nostre pratiche a standard internazionali riconosciuti e di rafforzare le pratiche responsabili sul campo.<\/div>\n<p>&nbsp;<\/p>\n<div><\/div>\n<div><\/div>\n<div>Poich\u00e9 la maggior parte delle esperienze proposte da MAD Tours &amp; Events consiste in\u00a0<b>visite a piedi o attivit\u00e0 in piccoli gruppi guidate da professionisti locali<\/b>, questa formazione ha un impatto diretto e concreto sull\u2019esperienza del cliente e sulle prestazioni in termini di sostenibilit\u00e0.<\/div>\n<p>&nbsp;<\/p>\n<div><\/div>\n<div><\/div>\n<div><\/div>\n<h4><b>4. Strategia di alloggio sostenibile<\/b><\/h4>\n<p>&nbsp;<\/p>\n<div><\/div>\n<div><b>Priorit\u00e0 alle strutture ricettive sostenibili<\/b><\/div>\n<p>&nbsp;<\/p>\n<div>Nel corso del 2024 e 2025, MAD Tours &amp; Events ha rafforzato il proprio approccio volto a identificare, selezionare e promuovere strutture ricettive\u00a0<b>sostenibili e certificate<\/b>, quando disponibili e adatte agli itinerari.<\/div>\n<p>&nbsp;<\/p>\n<div><\/div>\n<div><\/div>\n<div>Le azioni principali includono:<\/div>\n<p>&nbsp;<\/p>\n<ul>\n<li>\n<div role=\"presentation\">Ricerca attiva di hotel con certificazioni ambientali o pratiche sostenibili comprovate<\/div>\n<\/li>\n<li>\n<div role=\"presentation\">Identificazione chiara degli alloggi sostenibili negli itinerari tramite messaggi e simboli dedicati (es.\u00a0<img loading=\"lazy\" decoding=\"async\" class=\"an1\" draggable=\"false\" src=\"https:\/\/fonts.gstatic.com\/s\/e\/notoemoji\/16.0\/1f331\/72.png\" alt=\"\ud83c\udf31\" width=\"33\" height=\"33\" data-emoji=\"\ud83c\udf31\" aria-label=\"\ud83c\udf31\" \/>)<\/div>\n<\/li>\n<li>\n<div role=\"presentation\">Aggiornamento continuo delle opzioni di alloggio, includendo strutture innovative come il\u00a0<b>Populus Hotel di Denver<\/b>, riconosciuto come il primo hotel a bilancio di carbonio positivo negli Stati Uniti<\/div>\n<\/li>\n<\/ul>\n<div><\/div>\n<div>Sebbene le percentuali precise siano ancora in fase di consolidamento, le strutture sostenibili sono sistematicamente proposte e valorizzate come opzione preferenziale.<\/div>\n<p>&nbsp;<\/p>\n<div><\/div>\n<div><\/div>\n<div><\/div>\n<h4><b>5. Operazioni responsabili e coinvolgimento dei clienti<\/b><\/h4>\n<p>&nbsp;<\/p>\n<div>Parallelamente alle iniziative sopra descritte, MAD Tours &amp; Events continua a sostenere la sostenibilit\u00e0 attraverso:<\/div>\n<p>&nbsp;<\/p>\n<div><\/div>\n<ul>\n<li>\n<div role=\"presentation\">Priorit\u00e0 a visite a piedi, trasporti pubblici e mobilit\u00e0 a basso impatto negli itinerari<\/div>\n<\/li>\n<li>\n<div role=\"presentation\">Collaborazione con guide locali indipendenti e piccoli fornitori<\/div>\n<\/li>\n<li>\n<div role=\"presentation\">Fornitura di documentazione di viaggio digitale e strumenti di feedback tramite QR code, inclusi quesiti sulla sostenibilit\u00e0<\/div>\n<\/li>\n<li>\n<div role=\"presentation\">Incentivazione di comportamenti responsabili da parte dei viaggiatori attraverso comunicazioni pre-partenza e in loco<\/div>\n<\/li>\n<\/ul>\n<div><\/div>\n<div>Queste pratiche rafforzano la sostenibilit\u00e0 in ogni fase del percorso del cliente.<\/div>\n<p>&nbsp;<\/p>\n<div><\/div>\n<div><\/div>\n<div><\/div>\n<h4><b>6. Conclusione e miglioramento continuo<\/b><\/h4>\n<p>&nbsp;<\/p>\n<div>Tra il 2024 e il 2025, MAD Tours &amp; Events ha rafforzato la struttura e la visibilit\u00e0 delle proprie azioni in materia di sostenibilit\u00e0. L\u2019introduzione di un contributo per il carbonio, le donazioni ambientali, la creazione di una formazione dedicata, il coinvolgimento delle guide nei programmi Travelife e la crescente attenzione agli alloggi sostenibili dimostrano un impegno chiaro e misurabile a favore del turismo responsabile.<\/div>\n<p>&nbsp;<\/p>\n<div><\/div>\n<div><\/div>\n<div>Poich\u00e9 la sostenibilit\u00e0 \u00e8 un processo in continua evoluzione, MAD Tours &amp; Events si impegna a proseguire un percorso di miglioramento continuo, trasparenza e allineamento con standard internazionali riconosciuti.<\/div>\n<p>&nbsp;<\/p>\n<div><\/div>\n<div><\/div>\n<div><\/div>\n<div><b>Periodo di rendicontazione: 2024<\/b><\/div>\n<div><b>Periodo di rendicontazione: 2025<\/b><\/div>\n\n\t\t<\/div>\n\t<\/div>\n<\/div><\/div><\/div><\/div><div class=\"vc_row-full-width vc_clearfix\"><\/div>\n<\/div>","protected":false},"excerpt":{"rendered":"Sustainability Progress Report MAD Tours &amp; Events operates as a small office based company, working primarily with freelancers, local guides, and independent suppliers. Sustainability is integrated into itinerary design, supplier selection, client communication, and partner collaboration, with a focus on low-impact travel, community engagement, and continuous improvement. &nbsp; 1. Climate responsibility and carbon awareness &nbsp; [...]","protected":false},"author":7,"featured_media":13872,"parent":0,"menu_order":0,"comment_status":"closed","ping_status":"closed","template":"","meta":{"_acf_changed":false,"inline_featured_image":false,"footnotes":""},"categories":[50],"tags":[],"class_list":["post-13701","page","type-page","status-publish","has-post-thumbnail","hentry","category-eco"],"acf":[],"yoast_head":"<!-- This site is optimized with the Yoast SEO plugin v27.3 - https:\/\/yoast.com\/product\/yoast-seo-wordpress\/ -->\n<title>Sustainability Progress Report<\/title>\n<meta name=\"description\" content=\"We are committed to safeguarding and conserving the natural and human resources of the communities for the enjoyment of current and future generations, both for tourists and locals.\" \/>\n<meta name=\"robots\" content=\"index, follow, max-snippet:-1, max-image-preview:large, max-video-preview:-1\" \/>\n<link rel=\"canonical\" href=\"https:\/\/madtoursandevents.com\/it\/sustainability-progress-report\/\" \/>\n<meta property=\"og:locale\" content=\"it_IT\" \/>\n<meta property=\"og:type\" content=\"article\" \/>\n<meta property=\"og:title\" content=\"Sustainability Progress Report\" \/>\n<meta property=\"og:description\" content=\"We are committed to safeguarding and conserving the natural and human resources of the communities for the enjoyment of current and future generations, both for tourists and locals.\" \/>\n<meta property=\"og:url\" content=\"https:\/\/madtoursandevents.com\/it\/sustainability-progress-report\/\" \/>\n<meta property=\"og:site_name\" content=\"Mad Tours &amp; Events\" \/>\n<meta property=\"article:publisher\" content=\"https:\/\/www.facebook.com\/madnewyorkcitytours\" \/>\n<meta property=\"article:modified_time\" content=\"2026-04-07T04:06:47+00:00\" \/>\n<meta property=\"og:image\" content=\"https:\/\/madtoursandevents.com\/wp-content\/uploads\/2026\/04\/SusPROGRESS-REPORT-FEATURE01.jpg\" \/>\n\t<meta property=\"og:image:width\" content=\"1271\" \/>\n\t<meta property=\"og:image:height\" content=\"1696\" \/>\n\t<meta property=\"og:image:type\" content=\"image\/jpeg\" \/>\n<meta name=\"twitter:card\" content=\"summary_large_image\" \/>\n<meta name=\"twitter:site\" content=\"@madfuntours\" \/>\n<meta name=\"twitter:label1\" content=\"Tempo di lettura stimato\" \/>\n\t<meta name=\"twitter:data1\" content=\"5 minuti\" \/>\n<script type=\"application\/ld+json\" class=\"yoast-schema-graph\">{\"@context\":\"https:\\\/\\\/schema.org\",\"@graph\":[{\"@type\":\"WebPage\",\"@id\":\"https:\\\/\\\/madtoursandevents.com\\\/sustainability-progress-report\\\/\",\"url\":\"https:\\\/\\\/madtoursandevents.com\\\/sustainability-progress-report\\\/\",\"name\":\"Sustainability Progress Report\",\"isPartOf\":{\"@id\":\"https:\\\/\\\/madtoursandevents.com\\\/#website\"},\"primaryImageOfPage\":{\"@id\":\"https:\\\/\\\/madtoursandevents.com\\\/sustainability-progress-report\\\/#primaryimage\"},\"image\":{\"@id\":\"https:\\\/\\\/madtoursandevents.com\\\/sustainability-progress-report\\\/#primaryimage\"},\"thumbnailUrl\":\"https:\\\/\\\/madtoursandevents.com\\\/wp-content\\\/uploads\\\/2026\\\/04\\\/SusPROGRESS-REPORT-FEATURE01.jpg\",\"datePublished\":\"2026-01-27T13:43:48+00:00\",\"dateModified\":\"2026-04-07T04:06:47+00:00\",\"description\":\"We are committed to safeguarding and conserving the natural and human resources of the communities for the enjoyment of current and future generations, both for tourists and locals.\",\"breadcrumb\":{\"@id\":\"https:\\\/\\\/madtoursandevents.com\\\/sustainability-progress-report\\\/#breadcrumb\"},\"inLanguage\":\"it-IT\",\"potentialAction\":[{\"@type\":\"ReadAction\",\"target\":[\"https:\\\/\\\/madtoursandevents.com\\\/sustainability-progress-report\\\/\"]}]},{\"@type\":\"ImageObject\",\"inLanguage\":\"it-IT\",\"@id\":\"https:\\\/\\\/madtoursandevents.com\\\/sustainability-progress-report\\\/#primaryimage\",\"url\":\"https:\\\/\\\/madtoursandevents.com\\\/wp-content\\\/uploads\\\/2026\\\/04\\\/SusPROGRESS-REPORT-FEATURE01.jpg\",\"contentUrl\":\"https:\\\/\\\/madtoursandevents.com\\\/wp-content\\\/uploads\\\/2026\\\/04\\\/SusPROGRESS-REPORT-FEATURE01.jpg\",\"width\":1271,\"height\":1696},{\"@type\":\"BreadcrumbList\",\"@id\":\"https:\\\/\\\/madtoursandevents.com\\\/sustainability-progress-report\\\/#breadcrumb\",\"itemListElement\":[{\"@type\":\"ListItem\",\"position\":1,\"name\":\"Home\",\"item\":\"https:\\\/\\\/madtoursandevents.com\\\/\"},{\"@type\":\"ListItem\",\"position\":2,\"name\":\"Sustainability Progress Report\"}]},{\"@type\":\"WebSite\",\"@id\":\"https:\\\/\\\/madtoursandevents.com\\\/#website\",\"url\":\"https:\\\/\\\/madtoursandevents.com\\\/\",\"name\":\"Mad Tours & Events\",\"description\":\"\",\"publisher\":{\"@id\":\"https:\\\/\\\/madtoursandevents.com\\\/#organization\"},\"potentialAction\":[{\"@type\":\"SearchAction\",\"target\":{\"@type\":\"EntryPoint\",\"urlTemplate\":\"https:\\\/\\\/madtoursandevents.com\\\/?s={search_term_string}\"},\"query-input\":{\"@type\":\"PropertyValueSpecification\",\"valueRequired\":true,\"valueName\":\"search_term_string\"}}],\"inLanguage\":\"it-IT\"},{\"@type\":\"Organization\",\"@id\":\"https:\\\/\\\/madtoursandevents.com\\\/#organization\",\"name\":\"Mad Tours & Events\",\"url\":\"https:\\\/\\\/madtoursandevents.com\\\/\",\"logo\":{\"@type\":\"ImageObject\",\"inLanguage\":\"it-IT\",\"@id\":\"https:\\\/\\\/madtoursandevents.com\\\/#\\\/schema\\\/logo\\\/image\\\/\",\"url\":\"https:\\\/\\\/madtoursandevents.com\\\/wp-content\\\/uploads\\\/2021\\\/08\\\/Logo.png\",\"contentUrl\":\"https:\\\/\\\/madtoursandevents.com\\\/wp-content\\\/uploads\\\/2021\\\/08\\\/Logo.png\",\"width\":204,\"height\":55,\"caption\":\"Mad Tours & Events\"},\"image\":{\"@id\":\"https:\\\/\\\/madtoursandevents.com\\\/#\\\/schema\\\/logo\\\/image\\\/\"},\"sameAs\":[\"https:\\\/\\\/www.facebook.com\\\/madnewyorkcitytours\",\"https:\\\/\\\/x.com\\\/madfuntours\"]}]}<\/script>\n<!-- \/ Yoast SEO plugin. -->","yoast_head_json":{"title":"Rapporto di avanzamento sulla sostenibilit\u00e0","description":"We are committed to safeguarding and conserving the natural and human resources of the communities for the enjoyment of current and future generations, both for tourists and locals.","robots":{"index":"index","follow":"follow","max-snippet":"max-snippet:-1","max-image-preview":"max-image-preview:large","max-video-preview":"max-video-preview:-1"},"canonical":"https:\/\/madtoursandevents.com\/it\/sustainability-progress-report\/","og_locale":"it_IT","og_type":"article","og_title":"Sustainability Progress Report","og_description":"We are committed to safeguarding and conserving the natural and human resources of the communities for the enjoyment of current and future generations, both for tourists and locals.","og_url":"https:\/\/madtoursandevents.com\/it\/sustainability-progress-report\/","og_site_name":"Mad Tours &amp; Events","article_publisher":"https:\/\/www.facebook.com\/madnewyorkcitytours","article_modified_time":"2026-04-07T04:06:47+00:00","og_image":[{"width":1271,"height":1696,"url":"https:\/\/madtoursandevents.com\/wp-content\/uploads\/2026\/04\/SusPROGRESS-REPORT-FEATURE01.jpg","type":"image\/jpeg"}],"twitter_card":"summary_large_image","twitter_site":"@madfuntours","twitter_misc":{"Tempo di lettura stimato":"5 minuti"},"schema":{"@context":"https:\/\/schema.org","@graph":[{"@type":"WebPage","@id":"https:\/\/madtoursandevents.com\/sustainability-progress-report\/","url":"https:\/\/madtoursandevents.com\/sustainability-progress-report\/","name":"Rapporto di avanzamento sulla sostenibilit\u00e0","isPartOf":{"@id":"https:\/\/madtoursandevents.com\/#website"},"primaryImageOfPage":{"@id":"https:\/\/madtoursandevents.com\/sustainability-progress-report\/#primaryimage"},"image":{"@id":"https:\/\/madtoursandevents.com\/sustainability-progress-report\/#primaryimage"},"thumbnailUrl":"https:\/\/madtoursandevents.com\/wp-content\/uploads\/2026\/04\/SusPROGRESS-REPORT-FEATURE01.jpg","datePublished":"2026-01-27T13:43:48+00:00","dateModified":"2026-04-07T04:06:47+00:00","description":"We are committed to safeguarding and conserving the natural and human resources of the communities for the enjoyment of current and future generations, both for tourists and locals.","breadcrumb":{"@id":"https:\/\/madtoursandevents.com\/sustainability-progress-report\/#breadcrumb"},"inLanguage":"it-IT","potentialAction":[{"@type":"ReadAction","target":["https:\/\/madtoursandevents.com\/sustainability-progress-report\/"]}]},{"@type":"ImageObject","inLanguage":"it-IT","@id":"https:\/\/madtoursandevents.com\/sustainability-progress-report\/#primaryimage","url":"https:\/\/madtoursandevents.com\/wp-content\/uploads\/2026\/04\/SusPROGRESS-REPORT-FEATURE01.jpg","contentUrl":"https:\/\/madtoursandevents.com\/wp-content\/uploads\/2026\/04\/SusPROGRESS-REPORT-FEATURE01.jpg","width":1271,"height":1696},{"@type":"BreadcrumbList","@id":"https:\/\/madtoursandevents.com\/sustainability-progress-report\/#breadcrumb","itemListElement":[{"@type":"ListItem","position":1,"name":"Home","item":"https:\/\/madtoursandevents.com\/"},{"@type":"ListItem","position":2,"name":"Sustainability Progress Report"}]},{"@type":"WebSite","@id":"https:\/\/madtoursandevents.com\/#website","url":"https:\/\/madtoursandevents.com\/","name":"Mad Tours & Events","description":"","publisher":{"@id":"https:\/\/madtoursandevents.com\/#organization"},"potentialAction":[{"@type":"SearchAction","target":{"@type":"EntryPoint","urlTemplate":"https:\/\/madtoursandevents.com\/?s={search_term_string}"},"query-input":{"@type":"PropertyValueSpecification","valueRequired":true,"valueName":"search_term_string"}}],"inLanguage":"it-IT"},{"@type":"Organization","@id":"https:\/\/madtoursandevents.com\/#organization","name":"Mad Tours & Events","url":"https:\/\/madtoursandevents.com\/","logo":{"@type":"ImageObject","inLanguage":"it-IT","@id":"https:\/\/madtoursandevents.com\/#\/schema\/logo\/image\/","url":"https:\/\/madtoursandevents.com\/wp-content\/uploads\/2021\/08\/Logo.png","contentUrl":"https:\/\/madtoursandevents.com\/wp-content\/uploads\/2021\/08\/Logo.png","width":204,"height":55,"caption":"Mad Tours & Events"},"image":{"@id":"https:\/\/madtoursandevents.com\/#\/schema\/logo\/image\/"},"sameAs":["https:\/\/www.facebook.com\/madnewyorkcitytours","https:\/\/x.com\/madfuntours"]}]}},"_links":{"self":[{"href":"https:\/\/madtoursandevents.com\/it\/wp-json\/wp\/v2\/pages\/13701","targetHints":{"allow":["GET"]}}],"collection":[{"href":"https:\/\/madtoursandevents.com\/it\/wp-json\/wp\/v2\/pages"}],"about":[{"href":"https:\/\/madtoursandevents.com\/it\/wp-json\/wp\/v2\/types\/page"}],"author":[{"embeddable":true,"href":"https:\/\/madtoursandevents.com\/it\/wp-json\/wp\/v2\/users\/7"}],"replies":[{"embeddable":true,"href":"https:\/\/madtoursandevents.com\/it\/wp-json\/wp\/v2\/comments?post=13701"}],"version-history":[{"count":20,"href":"https:\/\/madtoursandevents.com\/it\/wp-json\/wp\/v2\/pages\/13701\/revisions"}],"predecessor-version":[{"id":13896,"href":"https:\/\/madtoursandevents.com\/it\/wp-json\/wp\/v2\/pages\/13701\/revisions\/13896"}],"wp:featuredmedia":[{"embeddable":true,"href":"https:\/\/madtoursandevents.com\/it\/wp-json\/wp\/v2\/media\/13872"}],"wp:attachment":[{"href":"https:\/\/madtoursandevents.com\/it\/wp-json\/wp\/v2\/media?parent=13701"}],"wp:term":[{"taxonomy":"category","embeddable":true,"href":"https:\/\/madtoursandevents.com\/it\/wp-json\/wp\/v2\/categories?post=13701"},{"taxonomy":"post_tag","embeddable":true,"href":"https:\/\/madtoursandevents.com\/it\/wp-json\/wp\/v2\/tags?post=13701"}],"curies":[{"name":"wp","href":"https:\/\/api.w.org\/{rel}","templated":true}]}}