{"id":11050,"date":"2024-01-04T17:35:37","date_gmt":"2024-01-04T17:35:37","guid":{"rendered":"https:\/\/madtoursandevents.com\/?page_id=11050"},"modified":"2025-12-09T16:42:48","modified_gmt":"2025-12-09T16:42:48","slug":"what-to-pack-for-a-road-trip","status":"publish","type":"page","link":"https:\/\/madtoursandevents.com\/it\/what-to-pack-for-a-road-trip\/","title":{"rendered":"Cosa mettere in valigia per un roadtrip?"},"content":{"rendered":"<div class=\"wpb-content-wrapper\"><div id=\"sus-banner-row\" data-vc-full-width=\"true\" data-vc-full-width-temp=\"true\" data-vc-full-width-init=\"false\" data-vc-stretch-content=\"true\" class=\"vc_row wpb_row vc_row-fluid slider-rev mtt-title-img-row vc_row-no-padding\"><div class=\"mtt-title-img-col wpb_column vc_column_container vc_col-sm-12\"><div class=\"vc_column-inner\"><div class=\"wpb_wrapper\">\n\t<div id=\"sus-banner\" class=\"wpb_single_image wpb_content_element vc_align_left wpb_content_element vc_custom_1704389482947  mtt-title-img\">\n\t\t\n\t\t<figure class=\"wpb_wrapper vc_figure\">\n\t\t\t<div class=\"vc_single_image-wrapper   vc_box_border_grey\"><img loading=\"lazy\" decoding=\"async\" width=\"1400\" height=\"450\" src=\"https:\/\/madtoursandevents.com\/wp-content\/uploads\/2024\/01\/WhattoPack-Banner.jpg\" class=\"vc_single_image-img attachment-full\" alt=\"\" title=\"WhattoPack-Banner\" srcset=\"https:\/\/madtoursandevents.com\/wp-content\/uploads\/2024\/01\/WhattoPack-Banner.jpg 1400w, https:\/\/madtoursandevents.com\/wp-content\/uploads\/2024\/01\/WhattoPack-Banner-300x96.jpg 300w, https:\/\/madtoursandevents.com\/wp-content\/uploads\/2024\/01\/WhattoPack-Banner-1024x329.jpg 1024w, https:\/\/madtoursandevents.com\/wp-content\/uploads\/2024\/01\/WhattoPack-Banner-768x247.jpg 768w, https:\/\/madtoursandevents.com\/wp-content\/uploads\/2024\/01\/WhattoPack-Banner-18x6.jpg 18w, https:\/\/madtoursandevents.com\/wp-content\/uploads\/2024\/01\/WhattoPack-Banner-600x193.jpg 600w, https:\/\/madtoursandevents.com\/wp-content\/uploads\/2024\/01\/WhattoPack-Banner-100x32.jpg 100w\" sizes=\"auto, (max-width: 1400px) 100vw, 1400px\" \/><\/div>\n\t\t<\/figure>\n\t<\/div>\n<\/div><\/div><\/div><\/div><div class=\"vc_row-full-width vc_clearfix\"><\/div><div class=\"vc_row wpb_row vc_row-fluid main-dropdown-img dtt-dropdown-img\"><div class=\"wpb_column vc_column_container vc_col-sm-12\"><div class=\"vc_column-inner\"><div class=\"wpb_wrapper\">\n\t<div id=\"down-arrow-icon\" class=\"wpb_single_image wpb_content_element vc_align_center wpb_content_element  sus-down-arrow\">\n\t\t\n\t\t<figure class=\"wpb_wrapper vc_figure\">\n\t\t\t<a href=\"#sec1\" target=\"_self\" class=\"vc_single_image-wrapper   vc_box_border_grey\"><img loading=\"lazy\" decoding=\"async\" width=\"94\" height=\"94\" src=\"https:\/\/madtoursandevents.com\/wp-content\/uploads\/2021\/08\/main-drop-arrow.png\" class=\"vc_single_image-img attachment-full\" alt=\"purple down Arrow Icon in Small Size\" title=\"main-drop-arrow\" \/><\/a>\n\t\t<\/figure>\n\t<\/div>\n<\/div><\/div><\/div><\/div><div class=\"vc_row wpb_row vc_row-fluid\"><div class=\"wpb_column vc_column_container vc_col-sm-12\"><div class=\"vc_column-inner\"><div class=\"wpb_wrapper\">\n\t<div  class=\"wpb_single_image wpb_content_element vc_align_center wpb_content_element  3lines\">\n\t\t\n\t\t<figure class=\"wpb_wrapper vc_figure\">\n\t\t\t<div class=\"vc_single_image-wrapper   vc_box_border_grey\"><img loading=\"lazy\" decoding=\"async\" width=\"121\" height=\"14\" src=\"https:\/\/madtoursandevents.com\/wp-content\/uploads\/2021\/08\/All-Lines.png\" class=\"vc_single_image-img attachment-full\" alt=\"Three orange color link with no background\" title=\"All Lines\" \/><\/div>\n\t\t<\/figure>\n\t<\/div>\n<\/div><\/div><\/div><\/div><div id=\"sec1\" data-vc-full-width=\"true\" data-vc-full-width-temp=\"true\" data-vc-full-width-init=\"false\" class=\"vc_row wpb_row vc_row-fluid dtt-cvd-bg dtt-cv-bg\"><div class=\"dtt-cv-p wpb_column vc_column_container vc_col-sm-12\"><div class=\"vc_column-inner\"><div class=\"wpb_wrapper\">\n\t<div class=\"wpb_text_column wpb_content_element\" >\n\t\t<div class=\"wpb_wrapper\">\n\t\t\t<h2 id=\"sus-desc-title\" style=\"font-weight: 400; text-align: center;\"><b>Cosa mettere in valigia per un roadtrip?<\/b><\/h2>\n<h3 style=\"font-weight: 400; text-align: center;\"><span style=\"font-weight: 400;\">Dovete essere ben preparati per ogni viaggio, che sia di pochi giorni o di una settimana.<\/span><\/h3>\n<p>&nbsp;<\/p>\n<p><strong><img loading=\"lazy\" decoding=\"async\" class=\"what-to-pack-img alignnone wp-image-11052\" src=\"https:\/\/madtoursandevents.com\/wp-content\/uploads\/2024\/01\/WhattoPack-Image01-300x223.png\" alt=\"\" width=\"500\" height=\"372\" srcset=\"https:\/\/madtoursandevents.com\/wp-content\/uploads\/2024\/01\/WhattoPack-Image01-300x223.png 300w, https:\/\/madtoursandevents.com\/wp-content\/uploads\/2024\/01\/WhattoPack-Image01-16x12.png 16w, https:\/\/madtoursandevents.com\/wp-content\/uploads\/2024\/01\/WhattoPack-Image01-600x447.png 600w, https:\/\/madtoursandevents.com\/wp-content\/uploads\/2024\/01\/WhattoPack-Image01-100x74.png 100w, https:\/\/madtoursandevents.com\/wp-content\/uploads\/2024\/01\/WhattoPack-Image01.png 645w\" sizes=\"auto, (max-width: 500px) 100vw, 500px\" \/><\/strong><\/p>\n<ul>\n<li style=\"font-weight: 400;\" aria-level=\"1\"><b>Bottiglia d&#8217;acqua<\/b><span style=\"font-weight: 400;\"> &#8211; \u00c8 facile disidratarsi quando si viaggia e si mangiano snack salati, quindi riempite la bottiglia d&#8217;acqua ogni volta che ne avete la possibilit\u00e0.<\/span><\/li>\n<li style=\"font-weight: 400;\" aria-level=\"1\"><b>Borsa termica<\/b><span style=\"font-weight: 400;\"> &#8211; Risparmiate portando i vostri snack e tenendoli al fresco nella borsa termica. \u00c8 utile anche se comprate del cibo in viaggio e non lo finite, ma avete bisogno di tenerlo al fresco.\u00a0<\/span><\/li>\n<li style=\"font-weight: 400;\" aria-level=\"1\"><b>Tazza da caff\u00e8<\/b><span style=\"font-weight: 400;\"> &#8211; La tazza da caff\u00e8 \u00e8 essenziale per prendere un caff\u00e8 ogni mattina, ma tutti i bicchieri di carta che vi danno i bar possono davvero aumentare.\u00a0<\/span><\/li>\n<li style=\"font-weight: 400;\" aria-level=\"1\"><b>Occhiali da sole polarizzati<\/b><span style=\"font-weight: 400;\"> &#8211; La strada pu\u00f2 essere molto luminosa a seconda del riflesso del sole, quindi proteggetevi con un buon paio di occhiali da sole.\u00a0<\/span><\/li>\n<li style=\"font-weight: 400;\" aria-level=\"1\"><b>Crema solare<\/b><span style=\"font-weight: 400;\"> &#8211; La crema solare \u00e8 necessaria durante le esplorazioni, ma \u00e8 importante applicarla anche quando si \u00e8 in auto. A seconda dell&#8217;ora del giorno, un lato del viso e un braccio possono essere esposti per ore.<\/span><\/li>\n<li style=\"font-weight: 400;\" aria-level=\"1\"><b>Spray antizanzare<\/b><span style=\"font-weight: 400;\"> &#8211; Questo spray protegge ancora meglio la pelle, in particolare contro zanzare e moscerini. Cercate di essere consapevoli del clima in cui guidate e vi fermate, poich\u00e9 questo pu\u00f2 influenzare il tipo di spray antizanzare da utilizzare!<\/span><\/li>\n<li style=\"font-weight: 400;\" aria-level=\"1\"><b>Caricabatterie portatile per smartphone<\/b><span style=\"font-weight: 400;\"> &#8211; essenziale per viaggiare ovunque. Sono ideali per assicurarsi che la batteria non si esaurisca mai tra lo scatto di foto e l&#8217;aggiornamento dei social media da condividere con gli amici a casa.<\/span><\/li>\n<li style=\"font-weight: 400;\" aria-level=\"1\"><b>Adattatore universale<\/b><span style=\"font-weight: 400;\"> &#8211; gli Stati Uniti hanno spine molto diverse dall&#8217;Europa e anche i Paesi europei hanno spine diverse. Pensate a tutti i dispositivi che dovrete ricaricare: il cellulare internazionale, la macchina fotografica, il tablet e cos\u00ec via. Un adattatore universale sar\u00e0 un elemento essenziale nella vostra lista dei bagagli, soprattutto se prevedete di visitare diversi Paesi durante il vostro viaggio.<\/span><\/li>\n<li style=\"font-weight: 400;\" aria-level=\"1\"><b>Macchina fotografica<\/b><span style=\"font-weight: 400;\"> &#8211; La macchina fotografica \u00e8 una delle altre cose importanti da portare con s\u00e9 in un viaggio in auto. Poter scattare foto in qualsiasi momento fa parte della ragion d&#8217;essere dei viaggi in auto.<\/span><\/li>\n<li style=\"font-weight: 400;\" aria-level=\"1\"><b>Igienizzante per le mani<\/b><span style=\"font-weight: 400;\"> &#8211; Non si sa mai che il distributore di benzina in cui ci si deve disperatamente fermare per andare in bagno finisca il sapone. Tenetelo nel vano portaoggetti per accedervi facilmente.<\/span><\/li>\n<li style=\"font-weight: 400;\" aria-level=\"1\"><b>Custodia sicura per il telefono<\/b><span style=\"font-weight: 400;\"> &#8211; Probabilmente userete molto il vostro telefono durante i viaggi, quindi vi consigliamo di investire in una custodia sicura per proteggerlo durante il viaggio! L&#8217;aggiunta di una custodia impermeabile \u00e8 d&#8217;obbligo quando si viaggia in auto. La cosa migliore \u00e8 che la maggior parte di queste custodie sono anche resistenti agli urti e alla sabbia, assicurando che il telefono non venga danneggiato dalla polvere o da una caduta violenta. Vogliamo che siate al sicuro con quello che potrebbe essere il vostro GPS, la vostra fotocamera e i vostri contatti con la famiglia e gli amici a casa!<\/span><\/li>\n<li style=\"font-weight: 400;\" aria-level=\"1\"><b>Giacca antipioggia<\/b><span style=\"font-weight: 400;\"> &#8211; Dovreste sempre avere a portata di mano una giacca antipioggia leggera in caso di acquazzone improvviso. Anche nei luoghi in cui non piove molto pu\u00f2 cadere all&#8217;improvviso e non si vuole rimanere bloccati in macchina. Una giacca antipioggia vi permette di continuare a esplorare la zona.\u00a0<\/span><\/li>\n<li style=\"font-weight: 400;\" aria-level=\"1\"><b>Kit di pronto soccorso<\/b><span style=\"font-weight: 400;\"> &#8211; Anche se non vogliamo pensare di aver bisogno di un kit di pronto soccorso durante le nostre avventure, spesso \u00e8 meglio essere preparati che rimanere bloccati in una situazione che non possiamo risolvere. Aggiungendo un kit di pronto soccorso agli elementi essenziali del vostro viaggio, potrete proteggere voi stessi e i vostri cari, qualunque cosa accada!<\/span><\/li>\n<li style=\"font-weight: 400;\" aria-level=\"1\"><b>Spuntini<\/b><span style=\"font-weight: 400;\"> &#8211; I viaggi in auto possono essere costosi, soprattutto se ci si ferma ogni ora circa per prendere degli snack nei negozi locali o nelle stazioni di servizio. Vi consigliamo di prepararvi al viaggio aggiungendo agli elementi essenziali del vostro bagaglio di viaggio degli snack gi\u00e0 acquistati. In questo modo, non dovrete fermarvi continuamente e aggiungere tempo (e benzina e chilometri!) al vostro viaggio. Per alleviare lo stomaco brontolante, comprate degli snack per il viaggio, in modo che siano in macchina e facilmente accessibili!<\/span><\/li>\n<li style=\"font-weight: 400;\" aria-level=\"1\"><b>Giochi da viaggio<\/b><span style=\"font-weight: 400;\"> &#8211; Questi giochi da viaggio sono spesso compatti e adatti a tutta la famiglia, il che li rende facili da aggiungere alla vostra lista di viaggio, perch\u00e9 non occupano molto spazio e possono davvero farvi divertire quando attraversate i confini di stato o aspettate nel traffico interstatale!<\/span><\/li>\n<li style=\"font-weight: 400;\" aria-level=\"1\"><b>Cuscini e coperte da viaggio<\/b><span style=\"font-weight: 400;\"> &#8211; L&#8217;aggiunta di una coperta e di un cuscino alla vostra lista di viaggio vi garantir\u00e0 il massimo comfort, indipendentemente dal luogo in cui vi trovate o dalla durata del viaggio. Questi articoli sono utili anche durante le soste: avrete sempre una coperta e un cuscino in pi\u00f9 a portata di mano!<\/span><\/li>\n<li style=\"font-weight: 400;\" aria-level=\"1\"><b>Mappe cartacee<\/b><span style=\"font-weight: 400;\"> &#8211; Sebbene molti di noi si affidino al telefono, a Google Maps o al GPS per guidarci durante il viaggio, le mappe cartacee sono qualcosa che potreste voler aggiungere ai vostri oggetti essenziali per il viaggio. Non sempre c&#8217;\u00e8 un servizio di vendita affidabile e se sono necessarie deviazioni e soste impreviste, una mappa cartacea pu\u00f2 essere davvero utile!\u00a0<\/span><\/li>\n<li style=\"font-weight: 400;\" aria-level=\"1\"><b>Scarpe antiscivolo per il massimo comfort<\/b><span style=\"font-weight: 400;\"> &#8211; Allacciare e riallacciare le scarpe ogni volta che ci si ferma durante un viaggio in auto \u00e8 frustrante e richiede molto tempo. Non volete nemmeno segnare i sedili dell&#8217;auto con le scarpe da ginnastica, quindi \u00e8 una buona idea investire in un paio di scarpe slip-on. In questo modo, indipendentemente dal luogo o dal momento in cui si va, basta infilare le scarpe e si \u00e8 pronti a partire. \u00c8 veloce, facile e spesso comodo.<\/span><\/li>\n<li style=\"font-weight: 400;\" aria-level=\"1\"><b>Calze a compressione<\/b><span style=\"font-weight: 400;\"> &#8211; Durante i lunghi viaggi in auto, non \u00e8 possibile alzarsi e camminare. Investire in un paio di calze che aiutino a ridurre il gonfiore e a favorire la circolazione \u00e8 un ottimo modo per proteggere le gambe durante il viaggio.\u00a0<\/span><\/li>\n<li style=\"font-weight: 400;\" aria-level=\"1\"><b>Carta igienica o salviette<\/b><span style=\"font-weight: 400;\"> &#8211; Il bello di aggiungere la carta igienica o le salviette alla vostra lista dei bagagli \u00e8 che possono essere usate per pi\u00f9 di una cosa: se le vostre dita sono appiccicose a causa di uno spuntino, se avete bisogno di una doccia o di una salvietta veloce durante il viaggio, o se avete davvero bisogno di usarle per il bagno, sono l\u00ec per aiutarvi!\u00a0<\/span><\/li>\n<\/ul>\n<p><b>Patente, libretto e assicurazione<\/b><span style=\"font-weight: 400;\"> &#8211; Anche se pu\u00f2 sembrare intuitivo mettere in valigia patente, libretto e assicurazione, non dimenticateli: sono elementi essenziali per il viaggio! Non volete essere fermati o finire sul ciglio della strada senza i vostri dati. Averne diverse copie e tenerle in auto o con s\u00e9 durante il viaggio pu\u00f2 risparmiare molte sofferenze. Potete anche assicurarvi che il manuale della vostra auto sia sul cruscotto, nel caso in cui una spia si accenda e non si spenga!<\/span><\/p>\n\n\t\t<\/div>\n\t<\/div>\n<\/div><\/div><\/div><\/div><div class=\"vc_row-full-width vc_clearfix\"><\/div>\n<\/div>","protected":false},"excerpt":{"rendered":"Cosa mettere in valigia per un roadtrip? Dovete essere ben preparati per ogni viaggio, che sia di pochi giorni o di una settimana. &nbsp; Bottiglia d'acqua - \u00c8 facile disidratarsi quando si viaggia e si mangiano snack salati, quindi riempite la bottiglia d'acqua ogni volta che ne avete la possibilit\u00e0. Borsa termica - Risparmiate portando [...]","protected":false},"author":7,"featured_media":0,"parent":0,"menu_order":0,"comment_status":"closed","ping_status":"closed","template":"","meta":{"_acf_changed":false,"inline_featured_image":false,"footnotes":""},"categories":[],"tags":[],"class_list":["post-11050","page","type-page","status-publish","hentry"],"acf":[],"yoast_head":"<!-- This site is optimized with the Yoast SEO plugin v27.3 - https:\/\/yoast.com\/product\/yoast-seo-wordpress\/ -->\n<title>Driving Tips and Rules<\/title>\n<meta name=\"description\" content=\"We are committed to safeguarding and conserving the natural and human resources of the communities for the enjoyment of current and future generations, both for tourists and locals.\" \/>\n<meta name=\"robots\" content=\"index, follow, max-snippet:-1, max-image-preview:large, max-video-preview:-1\" \/>\n<link rel=\"canonical\" href=\"https:\/\/madtoursandevents.com\/it\/what-to-pack-for-a-road-trip\/\" \/>\n<meta property=\"og:locale\" content=\"it_IT\" \/>\n<meta property=\"og:type\" content=\"article\" \/>\n<meta property=\"og:title\" content=\"Driving Tips and Rules\" \/>\n<meta property=\"og:description\" content=\"We are committed to safeguarding and conserving the natural and human resources of the communities for the enjoyment of current and future generations, both for tourists and locals.\" \/>\n<meta property=\"og:url\" content=\"https:\/\/madtoursandevents.com\/it\/what-to-pack-for-a-road-trip\/\" \/>\n<meta property=\"og:site_name\" content=\"Mad Tours &amp; Events\" \/>\n<meta property=\"article:publisher\" content=\"https:\/\/www.facebook.com\/madnewyorkcitytours\" \/>\n<meta property=\"article:modified_time\" content=\"2025-12-09T16:42:48+00:00\" \/>\n<meta property=\"og:image\" content=\"https:\/\/madtoursandevents.com\/wp-content\/uploads\/2024\/01\/WhattoPack-Image01-300x223.png\" \/>\n<meta name=\"twitter:card\" content=\"summary_large_image\" \/>\n<meta name=\"twitter:site\" content=\"@madfuntours\" \/>\n<meta name=\"twitter:label1\" content=\"Tempo di lettura stimato\" \/>\n\t<meta name=\"twitter:data1\" content=\"22 minuti\" \/>\n<script type=\"application\/ld+json\" class=\"yoast-schema-graph\">{\"@context\":\"https:\\\/\\\/schema.org\",\"@graph\":[{\"@type\":\"WebPage\",\"@id\":\"https:\\\/\\\/madtoursandevents.com\\\/what-to-pack-for-a-road-trip\\\/\",\"url\":\"https:\\\/\\\/madtoursandevents.com\\\/what-to-pack-for-a-road-trip\\\/\",\"name\":\"Driving Tips and Rules\",\"isPartOf\":{\"@id\":\"https:\\\/\\\/madtoursandevents.com\\\/#website\"},\"primaryImageOfPage\":{\"@id\":\"https:\\\/\\\/madtoursandevents.com\\\/what-to-pack-for-a-road-trip\\\/#primaryimage\"},\"image\":{\"@id\":\"https:\\\/\\\/madtoursandevents.com\\\/what-to-pack-for-a-road-trip\\\/#primaryimage\"},\"thumbnailUrl\":\"https:\\\/\\\/madtoursandevents.com\\\/wp-content\\\/uploads\\\/2024\\\/01\\\/WhattoPack-Image01-300x223.png\",\"datePublished\":\"2024-01-04T17:35:37+00:00\",\"dateModified\":\"2025-12-09T16:42:48+00:00\",\"description\":\"We are committed to safeguarding and conserving the natural and human resources of the communities for the enjoyment of current and future generations, both for tourists and locals.\",\"breadcrumb\":{\"@id\":\"https:\\\/\\\/madtoursandevents.com\\\/what-to-pack-for-a-road-trip\\\/#breadcrumb\"},\"inLanguage\":\"it-IT\",\"potentialAction\":[{\"@type\":\"ReadAction\",\"target\":[\"https:\\\/\\\/madtoursandevents.com\\\/what-to-pack-for-a-road-trip\\\/\"]}]},{\"@type\":\"ImageObject\",\"inLanguage\":\"it-IT\",\"@id\":\"https:\\\/\\\/madtoursandevents.com\\\/what-to-pack-for-a-road-trip\\\/#primaryimage\",\"url\":\"https:\\\/\\\/madtoursandevents.com\\\/wp-content\\\/uploads\\\/2024\\\/01\\\/WhattoPack-Image01-300x223.png\",\"contentUrl\":\"https:\\\/\\\/madtoursandevents.com\\\/wp-content\\\/uploads\\\/2024\\\/01\\\/WhattoPack-Image01-300x223.png\"},{\"@type\":\"BreadcrumbList\",\"@id\":\"https:\\\/\\\/madtoursandevents.com\\\/what-to-pack-for-a-road-trip\\\/#breadcrumb\",\"itemListElement\":[{\"@type\":\"ListItem\",\"position\":1,\"name\":\"Home\",\"item\":\"https:\\\/\\\/madtoursandevents.com\\\/\"},{\"@type\":\"ListItem\",\"position\":2,\"name\":\"What to Pack for a Road Trip\"}]},{\"@type\":\"WebSite\",\"@id\":\"https:\\\/\\\/madtoursandevents.com\\\/#website\",\"url\":\"https:\\\/\\\/madtoursandevents.com\\\/\",\"name\":\"Mad Tours & Events\",\"description\":\"\",\"publisher\":{\"@id\":\"https:\\\/\\\/madtoursandevents.com\\\/#organization\"},\"potentialAction\":[{\"@type\":\"SearchAction\",\"target\":{\"@type\":\"EntryPoint\",\"urlTemplate\":\"https:\\\/\\\/madtoursandevents.com\\\/?s={search_term_string}\"},\"query-input\":{\"@type\":\"PropertyValueSpecification\",\"valueRequired\":true,\"valueName\":\"search_term_string\"}}],\"inLanguage\":\"it-IT\"},{\"@type\":\"Organization\",\"@id\":\"https:\\\/\\\/madtoursandevents.com\\\/#organization\",\"name\":\"Mad Tours & Events\",\"url\":\"https:\\\/\\\/madtoursandevents.com\\\/\",\"logo\":{\"@type\":\"ImageObject\",\"inLanguage\":\"it-IT\",\"@id\":\"https:\\\/\\\/madtoursandevents.com\\\/#\\\/schema\\\/logo\\\/image\\\/\",\"url\":\"https:\\\/\\\/madtoursandevents.com\\\/wp-content\\\/uploads\\\/2021\\\/08\\\/Logo.png\",\"contentUrl\":\"https:\\\/\\\/madtoursandevents.com\\\/wp-content\\\/uploads\\\/2021\\\/08\\\/Logo.png\",\"width\":204,\"height\":55,\"caption\":\"Mad Tours & Events\"},\"image\":{\"@id\":\"https:\\\/\\\/madtoursandevents.com\\\/#\\\/schema\\\/logo\\\/image\\\/\"},\"sameAs\":[\"https:\\\/\\\/www.facebook.com\\\/madnewyorkcitytours\",\"https:\\\/\\\/x.com\\\/madfuntours\"]}]}<\/script>\n<!-- \/ Yoast SEO plugin. -->","yoast_head_json":{"title":"Consigli e regole di guida","description":"We are committed to safeguarding and conserving the natural and human resources of the communities for the enjoyment of current and future generations, both for tourists and locals.","robots":{"index":"index","follow":"follow","max-snippet":"max-snippet:-1","max-image-preview":"max-image-preview:large","max-video-preview":"max-video-preview:-1"},"canonical":"https:\/\/madtoursandevents.com\/it\/what-to-pack-for-a-road-trip\/","og_locale":"it_IT","og_type":"article","og_title":"Driving Tips and Rules","og_description":"We are committed to safeguarding and conserving the natural and human resources of the communities for the enjoyment of current and future generations, both for tourists and locals.","og_url":"https:\/\/madtoursandevents.com\/it\/what-to-pack-for-a-road-trip\/","og_site_name":"Mad Tours &amp; Events","article_publisher":"https:\/\/www.facebook.com\/madnewyorkcitytours","article_modified_time":"2025-12-09T16:42:48+00:00","og_image":[{"url":"https:\/\/madtoursandevents.com\/wp-content\/uploads\/2024\/01\/WhattoPack-Image01-300x223.png","type":"","width":"","height":""}],"twitter_card":"summary_large_image","twitter_site":"@madfuntours","twitter_misc":{"Tempo di lettura stimato":"22 minuti"},"schema":{"@context":"https:\/\/schema.org","@graph":[{"@type":"WebPage","@id":"https:\/\/madtoursandevents.com\/what-to-pack-for-a-road-trip\/","url":"https:\/\/madtoursandevents.com\/what-to-pack-for-a-road-trip\/","name":"Consigli e regole di guida","isPartOf":{"@id":"https:\/\/madtoursandevents.com\/#website"},"primaryImageOfPage":{"@id":"https:\/\/madtoursandevents.com\/what-to-pack-for-a-road-trip\/#primaryimage"},"image":{"@id":"https:\/\/madtoursandevents.com\/what-to-pack-for-a-road-trip\/#primaryimage"},"thumbnailUrl":"https:\/\/madtoursandevents.com\/wp-content\/uploads\/2024\/01\/WhattoPack-Image01-300x223.png","datePublished":"2024-01-04T17:35:37+00:00","dateModified":"2025-12-09T16:42:48+00:00","description":"We are committed to safeguarding and conserving the natural and human resources of the communities for the enjoyment of current and future generations, both for tourists and locals.","breadcrumb":{"@id":"https:\/\/madtoursandevents.com\/what-to-pack-for-a-road-trip\/#breadcrumb"},"inLanguage":"it-IT","potentialAction":[{"@type":"ReadAction","target":["https:\/\/madtoursandevents.com\/what-to-pack-for-a-road-trip\/"]}]},{"@type":"ImageObject","inLanguage":"it-IT","@id":"https:\/\/madtoursandevents.com\/what-to-pack-for-a-road-trip\/#primaryimage","url":"https:\/\/madtoursandevents.com\/wp-content\/uploads\/2024\/01\/WhattoPack-Image01-300x223.png","contentUrl":"https:\/\/madtoursandevents.com\/wp-content\/uploads\/2024\/01\/WhattoPack-Image01-300x223.png"},{"@type":"BreadcrumbList","@id":"https:\/\/madtoursandevents.com\/what-to-pack-for-a-road-trip\/#breadcrumb","itemListElement":[{"@type":"ListItem","position":1,"name":"Home","item":"https:\/\/madtoursandevents.com\/"},{"@type":"ListItem","position":2,"name":"What to Pack for a Road Trip"}]},{"@type":"WebSite","@id":"https:\/\/madtoursandevents.com\/#website","url":"https:\/\/madtoursandevents.com\/","name":"Mad Tours & Events","description":"","publisher":{"@id":"https:\/\/madtoursandevents.com\/#organization"},"potentialAction":[{"@type":"SearchAction","target":{"@type":"EntryPoint","urlTemplate":"https:\/\/madtoursandevents.com\/?s={search_term_string}"},"query-input":{"@type":"PropertyValueSpecification","valueRequired":true,"valueName":"search_term_string"}}],"inLanguage":"it-IT"},{"@type":"Organization","@id":"https:\/\/madtoursandevents.com\/#organization","name":"Mad Tours & Events","url":"https:\/\/madtoursandevents.com\/","logo":{"@type":"ImageObject","inLanguage":"it-IT","@id":"https:\/\/madtoursandevents.com\/#\/schema\/logo\/image\/","url":"https:\/\/madtoursandevents.com\/wp-content\/uploads\/2021\/08\/Logo.png","contentUrl":"https:\/\/madtoursandevents.com\/wp-content\/uploads\/2021\/08\/Logo.png","width":204,"height":55,"caption":"Mad Tours & Events"},"image":{"@id":"https:\/\/madtoursandevents.com\/#\/schema\/logo\/image\/"},"sameAs":["https:\/\/www.facebook.com\/madnewyorkcitytours","https:\/\/x.com\/madfuntours"]}]}},"_links":{"self":[{"href":"https:\/\/madtoursandevents.com\/it\/wp-json\/wp\/v2\/pages\/11050","targetHints":{"allow":["GET"]}}],"collection":[{"href":"https:\/\/madtoursandevents.com\/it\/wp-json\/wp\/v2\/pages"}],"about":[{"href":"https:\/\/madtoursandevents.com\/it\/wp-json\/wp\/v2\/types\/page"}],"author":[{"embeddable":true,"href":"https:\/\/madtoursandevents.com\/it\/wp-json\/wp\/v2\/users\/7"}],"replies":[{"embeddable":true,"href":"https:\/\/madtoursandevents.com\/it\/wp-json\/wp\/v2\/comments?post=11050"}],"version-history":[{"count":8,"href":"https:\/\/madtoursandevents.com\/it\/wp-json\/wp\/v2\/pages\/11050\/revisions"}],"predecessor-version":[{"id":13475,"href":"https:\/\/madtoursandevents.com\/it\/wp-json\/wp\/v2\/pages\/11050\/revisions\/13475"}],"wp:attachment":[{"href":"https:\/\/madtoursandevents.com\/it\/wp-json\/wp\/v2\/media?parent=11050"}],"wp:term":[{"taxonomy":"category","embeddable":true,"href":"https:\/\/madtoursandevents.com\/it\/wp-json\/wp\/v2\/categories?post=11050"},{"taxonomy":"post_tag","embeddable":true,"href":"https:\/\/madtoursandevents.com\/it\/wp-json\/wp\/v2\/tags?post=11050"}],"curies":[{"name":"wp","href":"https:\/\/api.w.org\/{rel}","templated":true}]}}