{"id":10880,"date":"2024-01-04T07:00:41","date_gmt":"2024-01-04T07:00:41","guid":{"rendered":"https:\/\/madtoursandevents.com\/?page_id=10880"},"modified":"2025-12-09T16:36:57","modified_gmt":"2025-12-09T16:36:57","slug":"health-and-safety-in-the-united-states","status":"publish","type":"page","link":"https:\/\/madtoursandevents.com\/it\/health-and-safety-in-the-united-states\/","title":{"rendered":"SALUTE E SICUREZZA NEGLI STATI UNITI"},"content":{"rendered":"<div class=\"wpb-content-wrapper\"><div id=\"sus-banner-row\" data-vc-full-width=\"true\" data-vc-full-width-temp=\"true\" data-vc-full-width-init=\"false\" data-vc-stretch-content=\"true\" class=\"vc_row wpb_row vc_row-fluid slider-rev mtt-title-img-row vc_row-no-padding\"><div class=\"mtt-title-img-col wpb_column vc_column_container vc_col-sm-12\"><div class=\"vc_column-inner\"><div class=\"wpb_wrapper\">\n\t<div id=\"sus-banner\" class=\"wpb_single_image wpb_content_element vc_align_left wpb_content_element vc_custom_1704351493403  mtt-title-img\">\n\t\t\n\t\t<figure class=\"wpb_wrapper vc_figure\">\n\t\t\t<div class=\"vc_single_image-wrapper   vc_box_border_grey\"><img loading=\"lazy\" decoding=\"async\" width=\"1400\" height=\"450\" src=\"https:\/\/madtoursandevents.com\/wp-content\/uploads\/2024\/01\/HealthSafetyUS-Banner.jpg\" class=\"vc_single_image-img attachment-full\" alt=\"\" title=\"HealthSafetyUS-Banner\" srcset=\"https:\/\/madtoursandevents.com\/wp-content\/uploads\/2024\/01\/HealthSafetyUS-Banner.jpg 1400w, https:\/\/madtoursandevents.com\/wp-content\/uploads\/2024\/01\/HealthSafetyUS-Banner-300x96.jpg 300w, https:\/\/madtoursandevents.com\/wp-content\/uploads\/2024\/01\/HealthSafetyUS-Banner-1024x329.jpg 1024w, https:\/\/madtoursandevents.com\/wp-content\/uploads\/2024\/01\/HealthSafetyUS-Banner-768x247.jpg 768w, https:\/\/madtoursandevents.com\/wp-content\/uploads\/2024\/01\/HealthSafetyUS-Banner-18x6.jpg 18w, https:\/\/madtoursandevents.com\/wp-content\/uploads\/2024\/01\/HealthSafetyUS-Banner-600x193.jpg 600w, https:\/\/madtoursandevents.com\/wp-content\/uploads\/2024\/01\/HealthSafetyUS-Banner-100x32.jpg 100w\" sizes=\"auto, (max-width: 1400px) 100vw, 1400px\" \/><\/div>\n\t\t<\/figure>\n\t<\/div>\n<\/div><\/div><\/div><\/div><div class=\"vc_row-full-width vc_clearfix\"><\/div><div class=\"vc_row wpb_row vc_row-fluid main-dropdown-img dtt-dropdown-img\"><div class=\"wpb_column vc_column_container vc_col-sm-12\"><div class=\"vc_column-inner\"><div class=\"wpb_wrapper\">\n\t<div id=\"down-arrow-icon\" class=\"wpb_single_image wpb_content_element vc_align_center wpb_content_element  sus-down-arrow\">\n\t\t\n\t\t<figure class=\"wpb_wrapper vc_figure\">\n\t\t\t<a href=\"#sec1\" target=\"_self\" class=\"vc_single_image-wrapper   vc_box_border_grey\"><img loading=\"lazy\" decoding=\"async\" width=\"94\" height=\"94\" src=\"https:\/\/madtoursandevents.com\/wp-content\/uploads\/2021\/08\/main-drop-arrow.png\" class=\"vc_single_image-img attachment-full\" alt=\"purple down Arrow Icon in Small Size\" title=\"main-drop-arrow\" \/><\/a>\n\t\t<\/figure>\n\t<\/div>\n<\/div><\/div><\/div><\/div><div class=\"vc_row wpb_row vc_row-fluid\"><div class=\"wpb_column vc_column_container vc_col-sm-12\"><div class=\"vc_column-inner\"><div class=\"wpb_wrapper\">\n\t<div  class=\"wpb_single_image wpb_content_element vc_align_center wpb_content_element  3lines\">\n\t\t\n\t\t<figure class=\"wpb_wrapper vc_figure\">\n\t\t\t<div class=\"vc_single_image-wrapper   vc_box_border_grey\"><img loading=\"lazy\" decoding=\"async\" width=\"121\" height=\"14\" src=\"https:\/\/madtoursandevents.com\/wp-content\/uploads\/2021\/08\/All-Lines.png\" class=\"vc_single_image-img attachment-full\" alt=\"Three orange color link with no background\" title=\"All Lines\" \/><\/div>\n\t\t<\/figure>\n\t<\/div>\n<\/div><\/div><\/div><\/div><div id=\"sec1\" data-vc-full-width=\"true\" data-vc-full-width-temp=\"true\" data-vc-full-width-init=\"false\" class=\"vc_row wpb_row vc_row-fluid dtt-cvd-bg dtt-cv-bg\"><div class=\"dtt-cv-p wpb_column vc_column_container vc_col-sm-12\"><div class=\"vc_column-inner\"><div class=\"wpb_wrapper\">\n\t<div class=\"wpb_text_column wpb_content_element\" >\n\t\t<div class=\"wpb_wrapper\">\n\t\t\t<h2 id=\"sus-desc-title\" style=\"font-weight: 400; text-align: center;\"><b>SALUTE E SICUREZZA NEGLI STATI UNITI<\/b><\/h2>\n<p><strong><img loading=\"lazy\" decoding=\"async\" class=\"health-safety-us-img wp-image-10882 alignright\" src=\"https:\/\/madtoursandevents.com\/wp-content\/uploads\/2024\/01\/HealthSafetyUS-Image01-300x185.png\" alt=\"\" width=\"500\" height=\"308\" srcset=\"https:\/\/madtoursandevents.com\/wp-content\/uploads\/2024\/01\/HealthSafetyUS-Image01-300x185.png 300w, https:\/\/madtoursandevents.com\/wp-content\/uploads\/2024\/01\/HealthSafetyUS-Image01-768x473.png 768w, https:\/\/madtoursandevents.com\/wp-content\/uploads\/2024\/01\/HealthSafetyUS-Image01-18x12.png 18w, https:\/\/madtoursandevents.com\/wp-content\/uploads\/2024\/01\/HealthSafetyUS-Image01-600x369.png 600w, https:\/\/madtoursandevents.com\/wp-content\/uploads\/2024\/01\/HealthSafetyUS-Image01-100x62.png 100w, https:\/\/madtoursandevents.com\/wp-content\/uploads\/2024\/01\/HealthSafetyUS-Image01.png 780w\" sizes=\"auto, (max-width: 500px) 100vw, 500px\" \/><\/strong><\/p>\n<p><span style=\"font-weight: 400;\">Essere preparati \u00e8 il segno distintivo di un buon viaggio, soprattutto in termini di salute e sicurezza. Ci auguriamo che la vostra visita negli Stati Uniti sia sicura e priva di incidenti, ma durante il viaggio possono verificarsi incidenti imprevisti. Se doveste avere un&#8217;emergenza durante la vostra visita negli Stati Uniti, il Paese dispone di un vasto e sofisticato sistema di risposta alle emergenze.<\/span><\/p>\n<p>&nbsp;<\/p>\n<p><span style=\"font-weight: 400;\">Se doveste ammalarvi durante il viaggio, gli Stati Uniti offrono molte opzioni facilmente accessibili per l&#8217;assistenza medica sia a breve che a lungo termine, oltre a una selezione di piani assicurativi per i viaggiatori per assicurarsi che siate coperti in caso di emergenza.<\/span><\/p>\n<p>&nbsp;<\/p>\n<p><span style=\"font-weight: 400;\">Gli Stati Uniti vantano un elevato standard di assistenza sanitaria, ma \u00e8 essenziale avere un&#8217;adeguata assicurazione di viaggio per coprire eventuali emergenze mediche. Tenete presente che l&#8217;assistenza sanitaria pu\u00f2 essere costosa, quindi \u00e8 fondamentale conoscere la copertura assicurativa. \u00c8 inoltre consigliabile tenersi informati sulle linee guida sanitarie locali e sui requisiti di vaccinazione, soprattutto alla luce di eventuali crisi sanitarie in corso.<\/span><\/p>\n<p><span style=\"font-weight: 400;\">Quando si viaggia, \u00e8 bene mantenere buone pratiche igieniche, come il lavaggio frequente delle mani e l&#8217;uso di disinfettanti per le mani. Prestate attenzione a ci\u00f2 che vi circonda, fate attenzione ai vostri effetti personali ed evitate di camminare da soli in aree sconosciute o scarsamente illuminate, soprattutto di notte. Inoltre, rispettate le leggi e i regolamenti locali, come i limiti di velocit\u00e0 e l&#8217;uso delle cinture di sicurezza, per garantire la vostra sicurezza sulla strada. L&#8217;adozione di queste precauzioni contribuir\u00e0 a garantire un&#8217;esperienza sicura e piacevole durante la vostra visita negli Stati Uniti.<\/span><\/p>\n<p>&nbsp;<\/p>\n<p><span style=\"font-weight: 400;\">Per garantire che la vostra visita negli Stati Uniti sia sicura e felice, ecco una breve guida alla salute e alla sicurezza negli Stati Uniti:<\/span><\/p>\n<p>&nbsp;<\/p>\n<p><span style=\"font-weight: 400;\">Il numero di emergenza \u00e8 il 911<\/span><\/p>\n<p>&nbsp;<\/p>\n<p><span style=\"font-weight: 400;\">Opzioni di assistenza medica per i viaggiatori negli Stati Uniti<\/span><\/p>\n<p>&nbsp;<\/p>\n<p><span style=\"font-weight: 400;\">Ci sono molte opzioni se avete bisogno di cure mediche mentre viaggiate negli Stati Uniti. Prima di lasciare il vostro paese, verificate con la vostra assicurazione sanitaria se siete coperti durante il viaggio negli Stati Uniti. In caso contrario, prendete in considerazione l&#8217;acquisto di un&#8217;assicurazione sanitaria temporanea o di viaggio che vi copra durante i vostri spostamenti. Le spese sanitarie possono essere costose se non si \u00e8 adeguatamente coperti. Verificate anche se la vostra assicurazione copre l&#8217;evacuazione medica nel caso in cui dobbiate essere riportati a casa tramite trasporto medico.<\/span><\/p>\n<p><b>Ospedali<\/b><\/p>\n<p><span style=\"font-weight: 400;\">Tutte le principali citt\u00e0 e paesi hanno uno o pi\u00f9 ospedali. Assicuratevi di conoscere il nome degli ospedali delle zone in cui viaggiate. La reception della maggior parte delle strutture ricettive dovrebbe avere un elenco degli ospedali locali.\u00a0<\/span><\/p>\n<p><b>Cliniche sanitarie e centri di pronto soccorso<\/b><\/p>\n<p><span style=\"font-weight: 400;\">Le cliniche e i centri di assistenza urgente sono progettati per aiutare i pazienti con malattie o lesioni che non sono pericolose per la vita. Molte farmacie hanno anche ambulatori con personale medico. Il personale dell&#8217;hotel o il vostro ospite possono spesso indirizzarvi verso questi centri sanitari.<\/span><\/p>\n<p><span style=\"font-weight: 400;\">Opzioni di risposta alle emergenze per i visitatori<\/span><\/p>\n<p><b>Disastri naturali<\/b><\/p>\n<p><span style=\"font-weight: 400;\">In caso di catastrofe naturale, come un&#8217;alluvione, un tornado, un uragano o un terremoto, gli Stati Uniti dispongono di un intricato sistema di gestione delle emergenze che coinvolge i governi federali, statali e locali. Il sito web del Dipartimento della Salute e dei Servizi Umani degli Stati Uniti fornisce informazioni in caso di disastro naturale o di emergenza sanitaria. &#8211; Emergenze Negli Stati Uniti, il 911 \u00e8 il numero di emergenza universale e pu\u00f2 essere chiamato gratuitamente da qualsiasi telefono. Gli operatori del 911 sono addestrati ad allertare i soccorsi &#8211; polizia, vigili del fuoco e ambulanze &#8211; se necessario. Non abbiate paura di chiamare il 911 in caso di emergenza medica. Questo numero viene utilizzato anche per emergenze come incidenti stradali, crimini in corso e incendi. \u00c8 possibile richiedere un servizio di traduzione linguistica se non si parla inglese. Non \u00e8 possibile inviare un messaggio al 911 per segnalare un&#8217;emergenza; \u00e8 necessario chiamare.<\/span><\/p>\n<p><b>Notifiche di emergenza<\/b><\/p>\n<p><span style=\"font-weight: 400;\">Informatevi presso il vostro ospite o ascoltate i media locali per gli aggiornamenti sulle emergenze. Alcune compagnie di telefonia mobile forniscono avvisi di emergenza per notificare ai clienti le minacce alla sicurezza pubblica, come il maltempo e le fuoriuscite di sostanze chimiche, e gli avvisi Amber per i bambini rapiti. Verificate con la vostra compagnia di telefonia mobile se gli aggiornamenti sulle emergenze sono disponibili quando viaggiate all&#8217;estero. Importante<\/span><\/p>\n<p><b>Numeri di telefono<\/b><\/p>\n<ul>\n<li><span style=\"font-weight: 400;\">Emergenza (polizia\/incendio\/ambulanza): 911<\/span><\/li>\n<li><span style=\"font-weight: 400;\">Assistenza telefonica locale: 411<\/span><\/li>\n<li><span style=\"font-weight: 400;\">Traffico\/Costruzione sulle autostrade: 511\u201d<\/span><\/li>\n<\/ul>\n\n\t\t<\/div>\n\t<\/div>\n<\/div><\/div><\/div><\/div><div class=\"vc_row-full-width vc_clearfix\"><\/div>\n<\/div>","protected":false},"excerpt":{"rendered":"SALUTE E SICUREZZA NEGLI STATI UNITI Essere preparati \u00e8 il segno distintivo di un buon viaggio, soprattutto in termini di salute e sicurezza. Ci auguriamo che la vostra visita negli Stati Uniti sia sicura e priva di incidenti, ma durante il viaggio possono verificarsi incidenti imprevisti. Se doveste avere un'emergenza durante la vostra visita negli [...]","protected":false},"author":7,"featured_media":0,"parent":0,"menu_order":0,"comment_status":"closed","ping_status":"closed","template":"","meta":{"_acf_changed":false,"inline_featured_image":false,"footnotes":""},"categories":[],"tags":[],"class_list":["post-10880","page","type-page","status-publish","hentry"],"acf":[],"yoast_head":"<!-- This site is optimized with the Yoast SEO plugin v27.3 - https:\/\/yoast.com\/product\/yoast-seo-wordpress\/ -->\n<title>HEALTH AND SAFETY IN THE UNITED STATES<\/title>\n<meta name=\"description\" content=\"We are committed to safeguarding and conserving the natural and human resources of the communities for the enjoyment of current and future generations, both for tourists and locals.\" \/>\n<meta name=\"robots\" content=\"index, follow, max-snippet:-1, max-image-preview:large, max-video-preview:-1\" \/>\n<link rel=\"canonical\" href=\"https:\/\/madtoursandevents.com\/it\/health-and-safety-in-the-united-states\/\" \/>\n<meta property=\"og:locale\" content=\"it_IT\" \/>\n<meta property=\"og:type\" content=\"article\" \/>\n<meta property=\"og:title\" content=\"HEALTH AND SAFETY IN THE UNITED STATES\" \/>\n<meta property=\"og:description\" content=\"We are committed to safeguarding and conserving the natural and human resources of the communities for the enjoyment of current and future generations, both for tourists and locals.\" \/>\n<meta property=\"og:url\" content=\"https:\/\/madtoursandevents.com\/it\/health-and-safety-in-the-united-states\/\" \/>\n<meta property=\"og:site_name\" content=\"Mad Tours &amp; Events\" \/>\n<meta property=\"article:publisher\" content=\"https:\/\/www.facebook.com\/madnewyorkcitytours\" \/>\n<meta property=\"article:modified_time\" content=\"2025-12-09T16:36:57+00:00\" \/>\n<meta property=\"og:image\" content=\"https:\/\/madtoursandevents.com\/wp-content\/uploads\/2024\/01\/HealthSafetyUS-Image01-300x185.png\" \/>\n<meta name=\"twitter:card\" content=\"summary_large_image\" \/>\n<meta name=\"twitter:site\" content=\"@madfuntours\" \/>\n<meta name=\"twitter:label1\" content=\"Tempo di lettura stimato\" \/>\n\t<meta name=\"twitter:data1\" content=\"14 minuti\" \/>\n<script type=\"application\/ld+json\" class=\"yoast-schema-graph\">{\"@context\":\"https:\\\/\\\/schema.org\",\"@graph\":[{\"@type\":\"WebPage\",\"@id\":\"https:\\\/\\\/madtoursandevents.com\\\/health-and-safety-in-the-united-states\\\/\",\"url\":\"https:\\\/\\\/madtoursandevents.com\\\/health-and-safety-in-the-united-states\\\/\",\"name\":\"HEALTH AND SAFETY IN THE UNITED STATES\",\"isPartOf\":{\"@id\":\"https:\\\/\\\/madtoursandevents.com\\\/#website\"},\"primaryImageOfPage\":{\"@id\":\"https:\\\/\\\/madtoursandevents.com\\\/health-and-safety-in-the-united-states\\\/#primaryimage\"},\"image\":{\"@id\":\"https:\\\/\\\/madtoursandevents.com\\\/health-and-safety-in-the-united-states\\\/#primaryimage\"},\"thumbnailUrl\":\"https:\\\/\\\/madtoursandevents.com\\\/wp-content\\\/uploads\\\/2024\\\/01\\\/HealthSafetyUS-Image01-300x185.png\",\"datePublished\":\"2024-01-04T07:00:41+00:00\",\"dateModified\":\"2025-12-09T16:36:57+00:00\",\"description\":\"We are committed to safeguarding and conserving the natural and human resources of the communities for the enjoyment of current and future generations, both for tourists and locals.\",\"breadcrumb\":{\"@id\":\"https:\\\/\\\/madtoursandevents.com\\\/health-and-safety-in-the-united-states\\\/#breadcrumb\"},\"inLanguage\":\"it-IT\",\"potentialAction\":[{\"@type\":\"ReadAction\",\"target\":[\"https:\\\/\\\/madtoursandevents.com\\\/health-and-safety-in-the-united-states\\\/\"]}]},{\"@type\":\"ImageObject\",\"inLanguage\":\"it-IT\",\"@id\":\"https:\\\/\\\/madtoursandevents.com\\\/health-and-safety-in-the-united-states\\\/#primaryimage\",\"url\":\"https:\\\/\\\/madtoursandevents.com\\\/wp-content\\\/uploads\\\/2024\\\/01\\\/HealthSafetyUS-Image01-300x185.png\",\"contentUrl\":\"https:\\\/\\\/madtoursandevents.com\\\/wp-content\\\/uploads\\\/2024\\\/01\\\/HealthSafetyUS-Image01-300x185.png\"},{\"@type\":\"BreadcrumbList\",\"@id\":\"https:\\\/\\\/madtoursandevents.com\\\/health-and-safety-in-the-united-states\\\/#breadcrumb\",\"itemListElement\":[{\"@type\":\"ListItem\",\"position\":1,\"name\":\"Home\",\"item\":\"https:\\\/\\\/madtoursandevents.com\\\/\"},{\"@type\":\"ListItem\",\"position\":2,\"name\":\"HEALTH AND SAFETY IN THE UNITED STATES\"}]},{\"@type\":\"WebSite\",\"@id\":\"https:\\\/\\\/madtoursandevents.com\\\/#website\",\"url\":\"https:\\\/\\\/madtoursandevents.com\\\/\",\"name\":\"Mad Tours & Events\",\"description\":\"\",\"publisher\":{\"@id\":\"https:\\\/\\\/madtoursandevents.com\\\/#organization\"},\"potentialAction\":[{\"@type\":\"SearchAction\",\"target\":{\"@type\":\"EntryPoint\",\"urlTemplate\":\"https:\\\/\\\/madtoursandevents.com\\\/?s={search_term_string}\"},\"query-input\":{\"@type\":\"PropertyValueSpecification\",\"valueRequired\":true,\"valueName\":\"search_term_string\"}}],\"inLanguage\":\"it-IT\"},{\"@type\":\"Organization\",\"@id\":\"https:\\\/\\\/madtoursandevents.com\\\/#organization\",\"name\":\"Mad Tours & Events\",\"url\":\"https:\\\/\\\/madtoursandevents.com\\\/\",\"logo\":{\"@type\":\"ImageObject\",\"inLanguage\":\"it-IT\",\"@id\":\"https:\\\/\\\/madtoursandevents.com\\\/#\\\/schema\\\/logo\\\/image\\\/\",\"url\":\"https:\\\/\\\/madtoursandevents.com\\\/wp-content\\\/uploads\\\/2021\\\/08\\\/Logo.png\",\"contentUrl\":\"https:\\\/\\\/madtoursandevents.com\\\/wp-content\\\/uploads\\\/2021\\\/08\\\/Logo.png\",\"width\":204,\"height\":55,\"caption\":\"Mad Tours & Events\"},\"image\":{\"@id\":\"https:\\\/\\\/madtoursandevents.com\\\/#\\\/schema\\\/logo\\\/image\\\/\"},\"sameAs\":[\"https:\\\/\\\/www.facebook.com\\\/madnewyorkcitytours\",\"https:\\\/\\\/x.com\\\/madfuntours\"]}]}<\/script>\n<!-- \/ Yoast SEO plugin. -->","yoast_head_json":{"title":"SALUTE E SICUREZZA NEGLI STATI UNITI","description":"We are committed to safeguarding and conserving the natural and human resources of the communities for the enjoyment of current and future generations, both for tourists and locals.","robots":{"index":"index","follow":"follow","max-snippet":"max-snippet:-1","max-image-preview":"max-image-preview:large","max-video-preview":"max-video-preview:-1"},"canonical":"https:\/\/madtoursandevents.com\/it\/health-and-safety-in-the-united-states\/","og_locale":"it_IT","og_type":"article","og_title":"HEALTH AND SAFETY IN THE UNITED STATES","og_description":"We are committed to safeguarding and conserving the natural and human resources of the communities for the enjoyment of current and future generations, both for tourists and locals.","og_url":"https:\/\/madtoursandevents.com\/it\/health-and-safety-in-the-united-states\/","og_site_name":"Mad Tours &amp; Events","article_publisher":"https:\/\/www.facebook.com\/madnewyorkcitytours","article_modified_time":"2025-12-09T16:36:57+00:00","og_image":[{"url":"https:\/\/madtoursandevents.com\/wp-content\/uploads\/2024\/01\/HealthSafetyUS-Image01-300x185.png","type":"","width":"","height":""}],"twitter_card":"summary_large_image","twitter_site":"@madfuntours","twitter_misc":{"Tempo di lettura stimato":"14 minuti"},"schema":{"@context":"https:\/\/schema.org","@graph":[{"@type":"WebPage","@id":"https:\/\/madtoursandevents.com\/health-and-safety-in-the-united-states\/","url":"https:\/\/madtoursandevents.com\/health-and-safety-in-the-united-states\/","name":"SALUTE E SICUREZZA NEGLI STATI UNITI","isPartOf":{"@id":"https:\/\/madtoursandevents.com\/#website"},"primaryImageOfPage":{"@id":"https:\/\/madtoursandevents.com\/health-and-safety-in-the-united-states\/#primaryimage"},"image":{"@id":"https:\/\/madtoursandevents.com\/health-and-safety-in-the-united-states\/#primaryimage"},"thumbnailUrl":"https:\/\/madtoursandevents.com\/wp-content\/uploads\/2024\/01\/HealthSafetyUS-Image01-300x185.png","datePublished":"2024-01-04T07:00:41+00:00","dateModified":"2025-12-09T16:36:57+00:00","description":"We are committed to safeguarding and conserving the natural and human resources of the communities for the enjoyment of current and future generations, both for tourists and locals.","breadcrumb":{"@id":"https:\/\/madtoursandevents.com\/health-and-safety-in-the-united-states\/#breadcrumb"},"inLanguage":"it-IT","potentialAction":[{"@type":"ReadAction","target":["https:\/\/madtoursandevents.com\/health-and-safety-in-the-united-states\/"]}]},{"@type":"ImageObject","inLanguage":"it-IT","@id":"https:\/\/madtoursandevents.com\/health-and-safety-in-the-united-states\/#primaryimage","url":"https:\/\/madtoursandevents.com\/wp-content\/uploads\/2024\/01\/HealthSafetyUS-Image01-300x185.png","contentUrl":"https:\/\/madtoursandevents.com\/wp-content\/uploads\/2024\/01\/HealthSafetyUS-Image01-300x185.png"},{"@type":"BreadcrumbList","@id":"https:\/\/madtoursandevents.com\/health-and-safety-in-the-united-states\/#breadcrumb","itemListElement":[{"@type":"ListItem","position":1,"name":"Home","item":"https:\/\/madtoursandevents.com\/"},{"@type":"ListItem","position":2,"name":"HEALTH AND SAFETY IN THE UNITED STATES"}]},{"@type":"WebSite","@id":"https:\/\/madtoursandevents.com\/#website","url":"https:\/\/madtoursandevents.com\/","name":"Mad Tours & Events","description":"","publisher":{"@id":"https:\/\/madtoursandevents.com\/#organization"},"potentialAction":[{"@type":"SearchAction","target":{"@type":"EntryPoint","urlTemplate":"https:\/\/madtoursandevents.com\/?s={search_term_string}"},"query-input":{"@type":"PropertyValueSpecification","valueRequired":true,"valueName":"search_term_string"}}],"inLanguage":"it-IT"},{"@type":"Organization","@id":"https:\/\/madtoursandevents.com\/#organization","name":"Mad Tours & Events","url":"https:\/\/madtoursandevents.com\/","logo":{"@type":"ImageObject","inLanguage":"it-IT","@id":"https:\/\/madtoursandevents.com\/#\/schema\/logo\/image\/","url":"https:\/\/madtoursandevents.com\/wp-content\/uploads\/2021\/08\/Logo.png","contentUrl":"https:\/\/madtoursandevents.com\/wp-content\/uploads\/2021\/08\/Logo.png","width":204,"height":55,"caption":"Mad Tours & Events"},"image":{"@id":"https:\/\/madtoursandevents.com\/#\/schema\/logo\/image\/"},"sameAs":["https:\/\/www.facebook.com\/madnewyorkcitytours","https:\/\/x.com\/madfuntours"]}]}},"_links":{"self":[{"href":"https:\/\/madtoursandevents.com\/it\/wp-json\/wp\/v2\/pages\/10880","targetHints":{"allow":["GET"]}}],"collection":[{"href":"https:\/\/madtoursandevents.com\/it\/wp-json\/wp\/v2\/pages"}],"about":[{"href":"https:\/\/madtoursandevents.com\/it\/wp-json\/wp\/v2\/types\/page"}],"author":[{"embeddable":true,"href":"https:\/\/madtoursandevents.com\/it\/wp-json\/wp\/v2\/users\/7"}],"replies":[{"embeddable":true,"href":"https:\/\/madtoursandevents.com\/it\/wp-json\/wp\/v2\/comments?post=10880"}],"version-history":[{"count":16,"href":"https:\/\/madtoursandevents.com\/it\/wp-json\/wp\/v2\/pages\/10880\/revisions"}],"predecessor-version":[{"id":13472,"href":"https:\/\/madtoursandevents.com\/it\/wp-json\/wp\/v2\/pages\/10880\/revisions\/13472"}],"wp:attachment":[{"href":"https:\/\/madtoursandevents.com\/it\/wp-json\/wp\/v2\/media?parent=10880"}],"wp:term":[{"taxonomy":"category","embeddable":true,"href":"https:\/\/madtoursandevents.com\/it\/wp-json\/wp\/v2\/categories?post=10880"},{"taxonomy":"post_tag","embeddable":true,"href":"https:\/\/madtoursandevents.com\/it\/wp-json\/wp\/v2\/tags?post=10880"}],"curies":[{"name":"wp","href":"https:\/\/api.w.org\/{rel}","templated":true}]}}