{"id":304,"date":"2021-08-17T12:24:36","date_gmt":"2021-08-17T12:24:36","guid":{"rendered":"https:\/\/madtoursandevents.com\/?page_id=304"},"modified":"2025-04-10T02:59:09","modified_gmt":"2025-04-10T02:59:09","slug":"travel-responsibly-safety-protocol","status":"publish","type":"page","link":"https:\/\/madtoursandevents.com\/fr\/travel-responsibly-safety-protocol\/","title":{"rendered":"Travel responsibly &#038; Safety Protocol"},"content":{"rendered":"<div class=\"wpb-content-wrapper\"><div data-vc-full-width=\"true\" data-vc-full-width-temp=\"true\" data-vc-full-width-init=\"false\" data-vc-stretch-content=\"true\" class=\"vc_row wpb_row vc_row-fluid slider-rev mtt-title-img-row vc_row-no-padding\"><div class=\"mtt-title-img-col wpb_column vc_column_container vc_col-sm-12\"><div class=\"vc_column-inner\"><div class=\"wpb_wrapper\">\n\t<div  class=\"wpb_single_image wpb_content_element vc_align_left wpb_content_element  mtt-title-img\">\n\t\t\n\t\t<figure class=\"wpb_wrapper vc_figure\">\n\t\t\t<div class=\"vc_single_image-wrapper   vc_box_border_grey\"><img loading=\"lazy\" decoding=\"async\" width=\"1400\" height=\"450\" src=\"https:\/\/madtoursandevents.com\/wp-content\/uploads\/2021\/08\/covid.jpg\" class=\"vc_single_image-img attachment-full\" alt=\"\" title=\"covid\" srcset=\"https:\/\/madtoursandevents.com\/wp-content\/uploads\/2021\/08\/covid.jpg 1400w, https:\/\/madtoursandevents.com\/wp-content\/uploads\/2021\/08\/covid-600x193.jpg 600w, https:\/\/madtoursandevents.com\/wp-content\/uploads\/2021\/08\/covid-300x96.jpg 300w, https:\/\/madtoursandevents.com\/wp-content\/uploads\/2021\/08\/covid-1024x329.jpg 1024w, https:\/\/madtoursandevents.com\/wp-content\/uploads\/2021\/08\/covid-768x247.jpg 768w\" sizes=\"auto, (max-width: 1400px) 100vw, 1400px\" \/><\/div>\n\t\t<\/figure>\n\t<\/div>\n<\/div><\/div><\/div><\/div><div class=\"vc_row-full-width vc_clearfix\"><\/div><div class=\"vc_row wpb_row vc_row-fluid main-dropdown-img dtt-dropdown-img\"><div class=\"wpb_column vc_column_container vc_col-sm-12\"><div class=\"vc_column-inner\"><div class=\"wpb_wrapper\">\n\t<div id=\"down-arrow-icon\" class=\"wpb_single_image wpb_content_element vc_align_center wpb_content_element\">\n\t\t\n\t\t<figure class=\"wpb_wrapper vc_figure\">\n\t\t\t<a href=\"#sec1\" target=\"_self\" class=\"vc_single_image-wrapper   vc_box_border_grey\"><img loading=\"lazy\" decoding=\"async\" width=\"94\" height=\"94\" src=\"https:\/\/madtoursandevents.com\/wp-content\/uploads\/2021\/08\/main-drop-arrow.png\" class=\"vc_single_image-img attachment-full\" alt=\"purple down Arrow Icon in Small Size\" title=\"main-drop-arrow\" \/><\/a>\n\t\t<\/figure>\n\t<\/div>\n<\/div><\/div><\/div><\/div><div class=\"vc_row wpb_row vc_row-fluid\"><div class=\"wpb_column vc_column_container vc_col-sm-12\"><div class=\"vc_column-inner\"><div class=\"wpb_wrapper\">\n\t<div  class=\"wpb_single_image wpb_content_element vc_align_center wpb_content_element\">\n\t\t\n\t\t<figure class=\"wpb_wrapper vc_figure\">\n\t\t\t<div class=\"vc_single_image-wrapper   vc_box_border_grey\"><img loading=\"lazy\" decoding=\"async\" width=\"121\" height=\"14\" src=\"https:\/\/madtoursandevents.com\/wp-content\/uploads\/2021\/08\/All-Lines.png\" class=\"vc_single_image-img attachment-full\" alt=\"Three orange color link with no background\" title=\"All Lines\" \/><\/div>\n\t\t<\/figure>\n\t<\/div>\n<\/div><\/div><\/div><\/div><div id=\"sec1\" data-vc-full-width=\"true\" data-vc-full-width-temp=\"true\" data-vc-full-width-init=\"false\" class=\"vc_row wpb_row vc_row-fluid dtt-cvd-bg dtt-cv-bg\"><div class=\"dtt-cv-p wpb_column vc_column_container vc_col-sm-12\"><div class=\"vc_column-inner\"><div class=\"wpb_wrapper\">\n\t<div class=\"wpb_text_column wpb_content_element dtr-eng\" >\n\t\t<div class=\"wpb_wrapper\">\n\t\t\t<p>Les voyages spontan\u00e9s ne sont pas les meilleurs pendant une pand\u00e9mie. Laissez-nous vous aider \u00e0 planifier les vacances les plus s\u00fbres. Si nous constatons que la pand\u00e9mie se propage l\u00e0 o\u00f9 vous \u00eates cens\u00e9 vous rendre, nous vous ferons part de notre inqui\u00e9tude et nous travaillerons avec vous dans une autre ville ou d\u00e9placerons les dates si vous le souhaitez.<\/p>\n<p><b>Protocoles de s\u00e9curit\u00e9 renforc\u00e9s<\/b><\/p>\n<p>Nous s\u00e9lectionnons des partenaires qui suivent des directives strictes et qui ont le m\u00eame objectif : assurer votre s\u00e9curit\u00e9 lorsque vous voyagez avec nous. Tous nos fournisseurs sont tenus de suivre les directives du CDC pour votre protection.<\/p>\n<p><b>Voyagez de mani\u00e8re responsable<\/b><\/p>\n<p>Wherever you go, we will practice social-distancing measures and wear masks around strangers, indoors in public places, and outdoors in crowds or where social distancing isn\u2019t possible according to the state&#8217;s regulations.<\/p>\n<p><b>Faites-vous tester<\/b><\/p>\n<p>Selon le type de voyage selectionne et si vous \u00eates amen\u00e9 \u00e0 entrer en contact avec d'autres personnes en dehors de votre bulle, envisagez de faire un test de d\u00e9pistage du COVID-19 avant de partir et \u00e0 votre retour.<\/p>\n<p><b>Pr\u00e9parez-vous \u00e0 l'inattendu<\/b><\/p>\n<p>pr\u00e9parez vos affaires en cons\u00e9quence. Apportez des masques suppl\u00e9mentaires, du d\u00e9sinfectant pour les mains et des lingettes. Il vaut mieux \u00eatre sur-pr\u00e9par\u00e9 que sous-pr\u00e9par\u00e9.<\/p>\n<p><b>Soutenir les entreprises locales \u00e0 chaque \u00e9tape du processus<\/b><\/p>\n<p>Small businesses prefer payment by credit or debit card at this time, to avoid handling money.<\/p>\n<p><b>Soyez patient et donnez un bon pourboire<\/b><\/p>\n<p>Ayez du respect et de l'empathie pour les professionnels de l'h\u00f4tellerie qui tentent de vous offrir une exp\u00e9rience m\u00e9morable en ces temps difficiles. Vous leur devez de faire de votre mieux pour assurer leur s\u00e9curit\u00e9.<\/p>\n<p><b>Suivez les r\u00e8gles des communaut\u00e9s que vous visitez<\/b><\/p>\n<p>V\u00e9rifiez les mises \u00e0 jour locales ou r\u00e9gionales pendant que vous \u00eates sur la route et une fois de retour chez vous<\/p>\n<p><b>Groupe a taille r\u00e9duite<\/b><\/p>\n<p>Our MAD Tours are limited to 10 to 15 participants depending on the activity or tour selected in all our cities. This is to make you feel more comfortable traveling with us and to facilitate social distancing.<\/p>\n\n\t\t<\/div>\n\t<\/div>\n\n\t<div class=\"wpb_text_column wpb_content_element dtr-fr\" >\n\t\t<div class=\"wpb_wrapper\">\n\t\t\t<p>Les voyages spontan\u00e9s ne sont pas les meilleurs pendant une pand\u00e9mie. Laissez-nous vous aider \u00e0 planifier les vacances les plus s\u00fbres. Si nous constatons que la pand\u00e9mie se propage l\u00e0 o\u00f9 vous \u00eates cens\u00e9 vous rendre, nous vous ferons part de notre inqui\u00e9tude et nous travaillerons avec vous dans une autre ville ou d\u00e9placerons les dates si vous le souhaitez.<\/p>\n<p><b>Protocoles de s\u00e9curit\u00e9 renforc\u00e9s<\/b><\/p>\n<p>Nous s\u00e9lectionnons des partenaires qui suivent des directives strictes et qui ont le m\u00eame objectif : assurer votre s\u00e9curit\u00e9 lorsque vous voyagez avec nous. Tous nos fournisseurs sont tenus de suivre les directives du CDC pour votre protection.<\/p>\n<p><b>Voyagez de mani\u00e8re responsable<\/b><\/p>\n<p>O\u00f9 que vous alliez, nous pratiquerons des mesures de distanciation sociale et porterons des masques, \u00e0 l&#8217;int\u00e9rieur des lieux publics et \u00e0 l&#8217;ext\u00e9rieur dans les foules ou lorsque la distanciation sociale n&#8217;est pas possible selon les r\u00e9glementations en vigueur.<\/p>\n<p><b>Faites-vous tester<\/b><\/p>\n<p>Selon le type de voyage selectionn\u00e9 et si vous \u00eates amen\u00e9 \u00e0 entrer en contact avec d&#8217;autres personnes en dehors de votre bulle, envisagez de faire un test de d\u00e9pistage du COVID 19.<\/p>\n<p><b>Pr\u00e9parez-vous \u00e0 l&#8217;inattendu<\/b><\/p>\n<p>Pr\u00e9parez vos affaires en cons\u00e9quence. Apportez des masques suppl\u00e9mentaires, du d\u00e9sinfectant pour les mains et des lingettes. Il vaut mieux \u00eatre sur-pr\u00e9par\u00e9 que sous-pr\u00e9par\u00e9.<\/p>\n<p><b>Soutenir les entreprises locales \u00e0 chaque \u00e9tape du processus<\/b><\/p>\n<p>Les petites entreprises pr\u00e9f\u00e8rent le paiement par carte de cr\u00e9dit ou de d\u00e9bit en ce moment, pour \u00e9viter de manipuler de l&#8217;argent.<\/p>\n<p><b>Soyez patient et donnez un bon pourboire<\/b><\/p>\n<p>Ayez du respect et de l&#8217;empathie pour les professionnels de l&#8217;h\u00f4tellerie qui tentent de vous offrir une exp\u00e9rience m\u00e9morable en ces temps difficiles. Vous leur devez de faire de votre mieux pour assurer leur s\u00e9curit\u00e9.<\/p>\n<p><b>Suivez les r\u00e8gles des communaut\u00e9s que vous visitez<\/b><\/p>\n<p>V\u00e9rifiez les mises \u00e0 jour locales ou r\u00e9gionales pendant que vous \u00eates sur la route.<\/p>\n<p><b>Groupe \u00e0 taille r\u00e9duite<\/b><\/p>\n<p>Nos visites MAD Tours sont limit\u00e9es de 10 \u00e0 15 participants selon l&#8217;activit\u00e9 ou la visite s\u00e9lectionn\u00e9e dans toutes nos villes. Ceci dans le but de pouvoir vous sentir plus \u00e0 l&#8217;aise en voyageant avec nous et faciliter la distance sociale.<\/p>\n\n\t\t<\/div>\n\t<\/div>\n<\/div><\/div><\/div><\/div><div class=\"vc_row-full-width vc_clearfix\"><\/div>\n<\/div>","protected":false},"excerpt":{"rendered":"Spontaneous trips are not the best to do during a pandemic so let us help you plan the safest vacation. If we see that is spreading where you are supposed to visit, we will share with you our concern and either work with you in another city or move the dates if you wish. Here [...]","protected":false},"author":1,"featured_media":0,"parent":0,"menu_order":0,"comment_status":"closed","ping_status":"closed","template":"","meta":{"_acf_changed":false,"inline_featured_image":false,"footnotes":""},"categories":[],"tags":[],"class_list":["post-304","page","type-page","status-publish","hentry"],"acf":[],"yoast_head":"<!-- This site is optimized with the Yoast SEO plugin v27.3 - https:\/\/yoast.com\/product\/yoast-seo-wordpress\/ -->\n<title>Guidelines for COVID 19 - Mad Tours &amp; Events<\/title>\n<meta name=\"description\" content=\"Stay safe in your travels by following the guidelines for COVID 19. Visit Mad Tours &amp; Events for more information. Contact us.\" \/>\n<meta name=\"robots\" content=\"index, follow, max-snippet:-1, max-image-preview:large, max-video-preview:-1\" \/>\n<link rel=\"canonical\" href=\"https:\/\/madtoursandevents.com\/fr\/travel-responsibly-safety-protocol\/\" \/>\n<meta property=\"og:locale\" content=\"fr_FR\" \/>\n<meta property=\"og:type\" content=\"article\" \/>\n<meta property=\"og:title\" content=\"Guidelines for COVID 19 - Mad Tours &amp; Events\" \/>\n<meta property=\"og:description\" content=\"Stay safe in your travels by following the guidelines for COVID 19. Visit Mad Tours &amp; Events for more information. Contact us.\" \/>\n<meta property=\"og:url\" content=\"https:\/\/madtoursandevents.com\/fr\/travel-responsibly-safety-protocol\/\" \/>\n<meta property=\"og:site_name\" content=\"Mad Tours &amp; Events\" \/>\n<meta property=\"article:publisher\" content=\"https:\/\/www.facebook.com\/madnewyorkcitytours\" \/>\n<meta property=\"article:modified_time\" content=\"2025-04-10T02:59:09+00:00\" \/>\n<meta name=\"twitter:card\" content=\"summary_large_image\" \/>\n<meta name=\"twitter:site\" content=\"@madfuntours\" \/>\n<meta name=\"twitter:label1\" content=\"Dur\u00e9e de lecture estim\u00e9e\" \/>\n\t<meta name=\"twitter:data1\" content=\"5 minutes\" \/>\n<script type=\"application\/ld+json\" class=\"yoast-schema-graph\">{\"@context\":\"https:\\\/\\\/schema.org\",\"@graph\":[{\"@type\":\"WebPage\",\"@id\":\"https:\\\/\\\/madtoursandevents.com\\\/travel-responsibly-safety-protocol\\\/\",\"url\":\"https:\\\/\\\/madtoursandevents.com\\\/travel-responsibly-safety-protocol\\\/\",\"name\":\"Guidelines for COVID 19 - Mad Tours & Events\",\"isPartOf\":{\"@id\":\"https:\\\/\\\/madtoursandevents.com\\\/#website\"},\"datePublished\":\"2021-08-17T12:24:36+00:00\",\"dateModified\":\"2025-04-10T02:59:09+00:00\",\"description\":\"Stay safe in your travels by following the guidelines for COVID 19. Visit Mad Tours & Events for more information. Contact us.\",\"breadcrumb\":{\"@id\":\"https:\\\/\\\/madtoursandevents.com\\\/travel-responsibly-safety-protocol\\\/#breadcrumb\"},\"inLanguage\":\"fr-FR\",\"potentialAction\":[{\"@type\":\"ReadAction\",\"target\":[\"https:\\\/\\\/madtoursandevents.com\\\/travel-responsibly-safety-protocol\\\/\"]}]},{\"@type\":\"BreadcrumbList\",\"@id\":\"https:\\\/\\\/madtoursandevents.com\\\/travel-responsibly-safety-protocol\\\/#breadcrumb\",\"itemListElement\":[{\"@type\":\"ListItem\",\"position\":1,\"name\":\"Home\",\"item\":\"https:\\\/\\\/madtoursandevents.com\\\/\"},{\"@type\":\"ListItem\",\"position\":2,\"name\":\"Travel responsibly &#038; Safety Protocol\"}]},{\"@type\":\"WebSite\",\"@id\":\"https:\\\/\\\/madtoursandevents.com\\\/#website\",\"url\":\"https:\\\/\\\/madtoursandevents.com\\\/\",\"name\":\"Mad Tours & Events\",\"description\":\"\",\"publisher\":{\"@id\":\"https:\\\/\\\/madtoursandevents.com\\\/#organization\"},\"potentialAction\":[{\"@type\":\"SearchAction\",\"target\":{\"@type\":\"EntryPoint\",\"urlTemplate\":\"https:\\\/\\\/madtoursandevents.com\\\/?s={search_term_string}\"},\"query-input\":{\"@type\":\"PropertyValueSpecification\",\"valueRequired\":true,\"valueName\":\"search_term_string\"}}],\"inLanguage\":\"fr-FR\"},{\"@type\":\"Organization\",\"@id\":\"https:\\\/\\\/madtoursandevents.com\\\/#organization\",\"name\":\"Mad Tours & Events\",\"url\":\"https:\\\/\\\/madtoursandevents.com\\\/\",\"logo\":{\"@type\":\"ImageObject\",\"inLanguage\":\"fr-FR\",\"@id\":\"https:\\\/\\\/madtoursandevents.com\\\/#\\\/schema\\\/logo\\\/image\\\/\",\"url\":\"https:\\\/\\\/madtoursandevents.com\\\/wp-content\\\/uploads\\\/2021\\\/08\\\/Logo.png\",\"contentUrl\":\"https:\\\/\\\/madtoursandevents.com\\\/wp-content\\\/uploads\\\/2021\\\/08\\\/Logo.png\",\"width\":204,\"height\":55,\"caption\":\"Mad Tours & Events\"},\"image\":{\"@id\":\"https:\\\/\\\/madtoursandevents.com\\\/#\\\/schema\\\/logo\\\/image\\\/\"},\"sameAs\":[\"https:\\\/\\\/www.facebook.com\\\/madnewyorkcitytours\",\"https:\\\/\\\/x.com\\\/madfuntours\"]}]}<\/script>\n<!-- \/ Yoast SEO plugin. -->","yoast_head_json":{"title":"Guidelines for COVID 19 - Mad Tours & Events","description":"Stay safe in your travels by following the guidelines for COVID 19. Visit Mad Tours & Events for more information. Contact us.","robots":{"index":"index","follow":"follow","max-snippet":"max-snippet:-1","max-image-preview":"max-image-preview:large","max-video-preview":"max-video-preview:-1"},"canonical":"https:\/\/madtoursandevents.com\/fr\/travel-responsibly-safety-protocol\/","og_locale":"fr_FR","og_type":"article","og_title":"Guidelines for COVID 19 - Mad Tours & Events","og_description":"Stay safe in your travels by following the guidelines for COVID 19. Visit Mad Tours & Events for more information. Contact us.","og_url":"https:\/\/madtoursandevents.com\/fr\/travel-responsibly-safety-protocol\/","og_site_name":"Mad Tours &amp; Events","article_publisher":"https:\/\/www.facebook.com\/madnewyorkcitytours","article_modified_time":"2025-04-10T02:59:09+00:00","twitter_card":"summary_large_image","twitter_site":"@madfuntours","twitter_misc":{"Dur\u00e9e de lecture estim\u00e9e":"5 minutes"},"schema":{"@context":"https:\/\/schema.org","@graph":[{"@type":"WebPage","@id":"https:\/\/madtoursandevents.com\/travel-responsibly-safety-protocol\/","url":"https:\/\/madtoursandevents.com\/travel-responsibly-safety-protocol\/","name":"Guidelines for COVID 19 - Mad Tours & Events","isPartOf":{"@id":"https:\/\/madtoursandevents.com\/#website"},"datePublished":"2021-08-17T12:24:36+00:00","dateModified":"2025-04-10T02:59:09+00:00","description":"Stay safe in your travels by following the guidelines for COVID 19. Visit Mad Tours & Events for more information. Contact us.","breadcrumb":{"@id":"https:\/\/madtoursandevents.com\/travel-responsibly-safety-protocol\/#breadcrumb"},"inLanguage":"fr-FR","potentialAction":[{"@type":"ReadAction","target":["https:\/\/madtoursandevents.com\/travel-responsibly-safety-protocol\/"]}]},{"@type":"BreadcrumbList","@id":"https:\/\/madtoursandevents.com\/travel-responsibly-safety-protocol\/#breadcrumb","itemListElement":[{"@type":"ListItem","position":1,"name":"Home","item":"https:\/\/madtoursandevents.com\/"},{"@type":"ListItem","position":2,"name":"Travel responsibly &#038; Safety Protocol"}]},{"@type":"WebSite","@id":"https:\/\/madtoursandevents.com\/#website","url":"https:\/\/madtoursandevents.com\/","name":"Mad Tours & Events","description":"","publisher":{"@id":"https:\/\/madtoursandevents.com\/#organization"},"potentialAction":[{"@type":"SearchAction","target":{"@type":"EntryPoint","urlTemplate":"https:\/\/madtoursandevents.com\/?s={search_term_string}"},"query-input":{"@type":"PropertyValueSpecification","valueRequired":true,"valueName":"search_term_string"}}],"inLanguage":"fr-FR"},{"@type":"Organization","@id":"https:\/\/madtoursandevents.com\/#organization","name":"Mad Tours & Events","url":"https:\/\/madtoursandevents.com\/","logo":{"@type":"ImageObject","inLanguage":"fr-FR","@id":"https:\/\/madtoursandevents.com\/#\/schema\/logo\/image\/","url":"https:\/\/madtoursandevents.com\/wp-content\/uploads\/2021\/08\/Logo.png","contentUrl":"https:\/\/madtoursandevents.com\/wp-content\/uploads\/2021\/08\/Logo.png","width":204,"height":55,"caption":"Mad Tours & Events"},"image":{"@id":"https:\/\/madtoursandevents.com\/#\/schema\/logo\/image\/"},"sameAs":["https:\/\/www.facebook.com\/madnewyorkcitytours","https:\/\/x.com\/madfuntours"]}]}},"_links":{"self":[{"href":"https:\/\/madtoursandevents.com\/fr\/wp-json\/wp\/v2\/pages\/304","targetHints":{"allow":["GET"]}}],"collection":[{"href":"https:\/\/madtoursandevents.com\/fr\/wp-json\/wp\/v2\/pages"}],"about":[{"href":"https:\/\/madtoursandevents.com\/fr\/wp-json\/wp\/v2\/types\/page"}],"author":[{"embeddable":true,"href":"https:\/\/madtoursandevents.com\/fr\/wp-json\/wp\/v2\/users\/1"}],"replies":[{"embeddable":true,"href":"https:\/\/madtoursandevents.com\/fr\/wp-json\/wp\/v2\/comments?post=304"}],"version-history":[{"count":4,"href":"https:\/\/madtoursandevents.com\/fr\/wp-json\/wp\/v2\/pages\/304\/revisions"}],"predecessor-version":[{"id":11940,"href":"https:\/\/madtoursandevents.com\/fr\/wp-json\/wp\/v2\/pages\/304\/revisions\/11940"}],"wp:attachment":[{"href":"https:\/\/madtoursandevents.com\/fr\/wp-json\/wp\/v2\/media?parent=304"}],"wp:term":[{"taxonomy":"category","embeddable":true,"href":"https:\/\/madtoursandevents.com\/fr\/wp-json\/wp\/v2\/categories?post=304"},{"taxonomy":"post_tag","embeddable":true,"href":"https:\/\/madtoursandevents.com\/fr\/wp-json\/wp\/v2\/tags?post=304"}],"curies":[{"name":"wp","href":"https:\/\/api.w.org\/{rel}","templated":true}]}}