{"id":185,"date":"2021-08-11T14:15:21","date_gmt":"2021-08-11T14:15:21","guid":{"rendered":"https:\/\/madtoursandevents.com\/newsletter\/"},"modified":"2023-01-28T08:31:35","modified_gmt":"2023-01-28T08:31:35","slug":"newsletter-and-blog","status":"publish","type":"page","link":"https:\/\/madtoursandevents.com\/fr\/newsletter-and-blog\/","title":{"rendered":"Newsletter and Blog"},"content":{"rendered":"<div class=\"wpb-content-wrapper\"><div data-vc-full-width=\"true\" data-vc-full-width-temp=\"true\" data-vc-full-width-init=\"false\" data-vc-stretch-content=\"true\" class=\"vc_row wpb_row vc_row-fluid slider-rev mtt-title-img-row vc_row-no-padding\"><div class=\"mtt-title-img-col wpb_column vc_column_container vc_col-sm-12\"><div class=\"vc_column-inner\"><div class=\"wpb_wrapper\">\n\t<div  class=\"wpb_single_image wpb_content_element vc_align_left wpb_content_element  mtt-title-img\">\n\t\t\n\t\t<figure class=\"wpb_wrapper vc_figure\">\n\t\t\t<div class=\"vc_single_image-wrapper   vc_box_border_grey\"><img loading=\"lazy\" decoding=\"async\" width=\"1400\" height=\"450\" src=\"https:\/\/madtoursandevents.com\/wp-content\/uploads\/2021\/08\/img5123442.jpg\" class=\"vc_single_image-img attachment-full\" alt=\"Night view of a city with a balcony\" title=\"img5123442\" srcset=\"https:\/\/madtoursandevents.com\/wp-content\/uploads\/2021\/08\/img5123442.jpg 1400w, https:\/\/madtoursandevents.com\/wp-content\/uploads\/2021\/08\/img5123442-600x193.jpg 600w, https:\/\/madtoursandevents.com\/wp-content\/uploads\/2021\/08\/img5123442-300x96.jpg 300w, https:\/\/madtoursandevents.com\/wp-content\/uploads\/2021\/08\/img5123442-1024x329.jpg 1024w, https:\/\/madtoursandevents.com\/wp-content\/uploads\/2021\/08\/img5123442-768x247.jpg 768w\" sizes=\"auto, (max-width: 1400px) 100vw, 1400px\" \/><\/div>\n\t\t<\/figure>\n\t<\/div>\n<\/div><\/div><\/div><\/div><div class=\"vc_row-full-width vc_clearfix\"><\/div><div class=\"vc_row wpb_row vc_row-fluid main-dropdown-img dtt-dropdown-img\"><div class=\"wpb_column vc_column_container vc_col-sm-12\"><div class=\"vc_column-inner\"><div class=\"wpb_wrapper\">\n\t<div id=\"down-arrow-icon\" class=\"wpb_single_image wpb_content_element vc_align_center wpb_content_element\">\n\t\t\n\t\t<figure class=\"wpb_wrapper vc_figure\">\n\t\t\t<a href=\"#sec1\" target=\"_self\" class=\"vc_single_image-wrapper   vc_box_border_grey\"><img loading=\"lazy\" decoding=\"async\" width=\"94\" height=\"94\" src=\"https:\/\/madtoursandevents.com\/wp-content\/uploads\/2021\/08\/main-drop-arrow.png\" class=\"vc_single_image-img attachment-full\" alt=\"purple down Arrow Icon in Small Size\" title=\"main-drop-arrow\" \/><\/a>\n\t\t<\/figure>\n\t<\/div>\n<\/div><\/div><\/div><\/div><div class=\"vc_row wpb_row vc_row-fluid posts-listing\"><div class=\"wpb_column vc_column_container vc_col-sm-12\"><div class=\"vc_column-inner\"><div class=\"wpb_wrapper\">\n<div class=\"vc_grid-container-wrapper vc_clearfix vc_grid-animation-fadeIn\">\n\t<div class=\"vc_grid-container vc_clearfix wpb_content_element vc_basic_grid\" data-initial-loading-animation=\"fadeIn\" data-vc-grid-settings=\"{&quot;page_id&quot;:185,&quot;style&quot;:&quot;all&quot;,&quot;action&quot;:&quot;vc_get_vc_grid_data&quot;,&quot;shortcode_id&quot;:&quot;1646338471840-601d92c3-ea72-1&quot;,&quot;tag&quot;:&quot;vc_basic_grid&quot;}\" data-vc-request=\"https:\/\/madtoursandevents.com\/wp-admin\/admin-ajax.php\" data-vc-post-id=\"185\" data-vc-public-nonce=\"ad8d62b548\">\n\t\t<style data-type=\"vc_shortcodes-custom-css\">.vc_custom_1419240516480{background-color: #f9f9f9 !important;}<\/style><div class=\"vc_grid vc_row vc_grid-gutter-30px vc_pageable-wrapper vc_hook_hover\" data-vc-pageable-content=\"true\"><div class=\"vc_pageable-slide-wrapper vc_clearfix\" data-vc-grid-content=\"true\"><div class=\"vc_grid-item vc_clearfix vc_col-sm-4 vc_grid-item-zone-c-bottom\"><div class=\"vc_grid-item-mini vc_clearfix \"><div class=\"vc_gitem-animated-block\" ><div class=\"vc_gitem-zone vc_gitem-zone-a vc-gitem-zone-height-mode-auto vc-gitem-zone-height-mode-auto-1-1 vc_gitem-is-link\" style=\"background-image: url('https:\/\/madtoursandevents.com\/wp-content\/uploads\/2022\/02\/Venice-beach-surf-van-1024x683.jpeg') !important;\"><a href=\"https:\/\/madtoursandevents.com\/fr\/top-5-things-to-do-in-la\/\" title=\"TOP 5 THINGS TO DO IN LA?\" class=\"vc_gitem-link vc-zone-link\" ><\/a><img decoding=\"async\" class=\"vc_gitem-zone-img\" src=\"https:\/\/madtoursandevents.com\/wp-content\/uploads\/2022\/02\/Venice-beach-surf-van-1024x683.jpeg\" alt=\"TOP 5 THINGS TO DO IN LA?\" loading=\"lazy\"><div class=\"vc_gitem-zone-mini\"><\/div><\/div><\/div><div class=\"vc_gitem-zone vc_gitem-zone-c vc_custom_1419240516480\"><div class=\"vc_gitem-zone-mini\"><div class=\"vc_gitem_row vc_row vc_gitem-row-position-top\"><div class=\"vc_col-sm-12 vc_gitem-col vc_gitem-col-align-\"><div class=\"vc_custom_heading vc_gitem-post-data vc_gitem-post-data-source-post_title\" ><h4 style=\"text-align: left\" >TOP 5 THINGS TO DO IN LA?<\/h4><\/div><div class=\"vc_custom_heading vc_gitem-post-data vc_gitem-post-data-source-post_excerpt\" ><p style=\"text-align: left\" >Le TOP 5 des choses \u00e0 faire \u00e0 LA ? Vous pr\u00e9parez un voyage \u00e0 Los Angeles? Vous avez soif d\u2019American Dreams? La cit\u00e9 des anges n'attend que vous et Mad Tours vous propose 5 incontournables \u00e0 vivre lors de votre s\u00e9jour. Vibrer lors d'activit\u00e9s qui en feront jalouser plus d\u2019un\u2026 1. VISITER LES STUDIOS [...]<\/p><\/div><div class=\"vc_btn3-container vc_btn3-left\"><a class=\"vc_general vc_btn3 vc_btn3-size-md vc_btn3-shape-rounded vc_btn3-style-flat vc_btn3-color-juicy-pink\" a href=\"https:\/\/madtoursandevents.com\/fr\/top-5-things-to-do-in-la\/\" class=\"vc_gitem-link vc_general vc_btn3 vc_general vc_btn3 vc_btn3-size-md vc_btn3-shape-rounded vc_btn3-style-flat vc_btn3-color-juicy-pink\" title=\"Lire plus\">Lire plus<\/a><\/div><\/div><\/div><\/div><\/div><\/div><div class=\"vc_clearfix\"><\/div><\/div><div class=\"vc_grid-item vc_clearfix vc_col-sm-4 vc_grid-item-zone-c-bottom\"><div class=\"vc_grid-item-mini vc_clearfix \"><div class=\"vc_gitem-animated-block\" ><div class=\"vc_gitem-zone vc_gitem-zone-a vc-gitem-zone-height-mode-auto vc-gitem-zone-height-mode-auto-1-1 vc_gitem-is-link\" style=\"background-image: url('https:\/\/madtoursandevents.com\/wp-content\/uploads\/2022\/02\/Screen-Shot-2022-02-18-at-10.19.18-AM-1024x885.jpg') !important;\"><a href=\"https:\/\/madtoursandevents.com\/fr\/the-extravagant-history-of-las-vegas\/\" title=\"THE EXTRAVAGANT HISTORY OF LAS VEGAS!\" class=\"vc_gitem-link vc-zone-link\" ><\/a><img decoding=\"async\" class=\"vc_gitem-zone-img\" src=\"https:\/\/madtoursandevents.com\/wp-content\/uploads\/2022\/02\/Screen-Shot-2022-02-18-at-10.19.18-AM-1024x885.jpg\" alt=\"THE EXTRAVAGANT HISTORY OF LAS VEGAS!\" loading=\"lazy\"><div class=\"vc_gitem-zone-mini\"><\/div><\/div><\/div><div class=\"vc_gitem-zone vc_gitem-zone-c vc_custom_1419240516480\"><div class=\"vc_gitem-zone-mini\"><div class=\"vc_gitem_row vc_row vc_gitem-row-position-top\"><div class=\"vc_col-sm-12 vc_gitem-col vc_gitem-col-align-\"><div class=\"vc_custom_heading vc_gitem-post-data vc_gitem-post-data-source-post_title\" ><h4 style=\"text-align: left\" >THE EXTRAVAGANT HISTORY OF LAS VEGAS!<\/h4><\/div><div class=\"vc_custom_heading vc_gitem-post-data vc_gitem-post-data-source-post_excerpt\" ><p style=\"text-align: left\" >L'extravagante histoire de Las Vegas La r\u00e9putation de Las Vegas n'est plus \u00e0 refaire : ville de la d\u00e9mesure, du luxe et de tous les exc\u00e8s, la capitale mondiale du jeu est et restera inimitable. Une chose est s\u00fbre, vous n'oublierez pas votre s\u00e9jour \u00e0 Las Vegas. Destination festive pour les joueurs inconditionnels, les familles, [...]<\/p><\/div><div class=\"vc_btn3-container vc_btn3-left\"><a class=\"vc_general vc_btn3 vc_btn3-size-md vc_btn3-shape-rounded vc_btn3-style-flat vc_btn3-color-juicy-pink\" a href=\"https:\/\/madtoursandevents.com\/fr\/the-extravagant-history-of-las-vegas\/\" class=\"vc_gitem-link vc_general vc_btn3 vc_general vc_btn3 vc_btn3-size-md vc_btn3-shape-rounded vc_btn3-style-flat vc_btn3-color-juicy-pink\" title=\"Lire plus\">Lire plus<\/a><\/div><\/div><\/div><\/div><\/div><\/div><div class=\"vc_clearfix\"><\/div><\/div><div class=\"vc_grid-item vc_clearfix vc_col-sm-4 vc_grid-item-zone-c-bottom\"><div class=\"vc_grid-item-mini vc_clearfix \"><div class=\"vc_gitem-animated-block\" ><div class=\"vc_gitem-zone vc_gitem-zone-a vc-gitem-zone-height-mode-auto vc-gitem-zone-height-mode-auto-1-1 vc_gitem-is-link\" style=\"background-image: url('https:\/\/madtoursandevents.com\/wp-content\/uploads\/2021\/10\/shutterstock_651166387-1024x719.jpeg') !important;\"><a href=\"https:\/\/madtoursandevents.com\/fr\/mad-tours-sports-in-miami\/\" title=\"MAD TOURS SPORTS IN MIAMI\" class=\"vc_gitem-link vc-zone-link\" ><\/a><img decoding=\"async\" class=\"vc_gitem-zone-img\" src=\"https:\/\/madtoursandevents.com\/wp-content\/uploads\/2021\/10\/shutterstock_651166387-1024x719.jpeg\" alt=\"MAD TOURS SPORTS IN MIAMI\" loading=\"lazy\"><div class=\"vc_gitem-zone-mini\"><\/div><\/div><\/div><div class=\"vc_gitem-zone vc_gitem-zone-c vc_custom_1419240516480\"><div class=\"vc_gitem-zone-mini\"><div class=\"vc_gitem_row vc_row vc_gitem-row-position-top\"><div class=\"vc_col-sm-12 vc_gitem-col vc_gitem-col-align-\"><div class=\"vc_custom_heading vc_gitem-post-data vc_gitem-post-data-source-post_title\" ><h4 style=\"text-align: left\" >MAD TOURS SPORTS IN MIAMI<\/h4><\/div><div class=\"vc_custom_heading vc_gitem-post-data vc_gitem-post-data-source-post_excerpt\" ><p style=\"text-align: left\" >Mad Tours Fait Du Sport \u00e0 Miami Saviez-vous ce qu'est le yoga ? C'est d'abord, un \u00e9tat Litt\u00e9ralement, il signifie \u00ab relier \u00bb \/ \u00ab unir \u00bb : c'est un \u00e9tat qui nous relie \u00e1 soi, \u00e1 notre nature v\u00e9ritable. Par comparaison, le sommeil en est un autre. Le yoga et le sommeil poss\u00e9dent un [...]<\/p><\/div><div class=\"vc_btn3-container vc_btn3-left\"><a class=\"vc_general vc_btn3 vc_btn3-size-md vc_btn3-shape-rounded vc_btn3-style-flat vc_btn3-color-juicy-pink\" a href=\"https:\/\/madtoursandevents.com\/fr\/mad-tours-sports-in-miami\/\" class=\"vc_gitem-link vc_general vc_btn3 vc_general vc_btn3 vc_btn3-size-md vc_btn3-shape-rounded vc_btn3-style-flat vc_btn3-color-juicy-pink\" title=\"Lire plus\">Lire plus<\/a><\/div><\/div><\/div><\/div><\/div><\/div><div class=\"vc_clearfix\"><\/div><\/div><div class=\"vc_grid-item vc_clearfix vc_col-sm-4 vc_grid-item-zone-c-bottom\"><div class=\"vc_grid-item-mini vc_clearfix \"><div class=\"vc_gitem-animated-block\" ><div class=\"vc_gitem-zone vc_gitem-zone-a vc-gitem-zone-height-mode-auto vc-gitem-zone-height-mode-auto-1-1 vc_gitem-is-link\" style=\"background-image: url('https:\/\/madtoursandevents.com\/wp-content\/uploads\/2021\/08\/miami-img-11.jpg') !important;\"><a href=\"https:\/\/madtoursandevents.com\/fr\/mad-tours-makes-its-cinema-in-miami\/\" title=\"MAD TOURS MAKES ITS CINEMA IN MIAMI\" class=\"vc_gitem-link vc-zone-link\" ><\/a><img decoding=\"async\" class=\"vc_gitem-zone-img\" src=\"https:\/\/madtoursandevents.com\/wp-content\/uploads\/2021\/08\/miami-img-11.jpg\" alt=\"Beautiful coconut trees near the seashore\" loading=\"lazy\"><div class=\"vc_gitem-zone-mini\"><\/div><\/div><\/div><div class=\"vc_gitem-zone vc_gitem-zone-c vc_custom_1419240516480\"><div class=\"vc_gitem-zone-mini\"><div class=\"vc_gitem_row vc_row vc_gitem-row-position-top\"><div class=\"vc_col-sm-12 vc_gitem-col vc_gitem-col-align-\"><div class=\"vc_custom_heading vc_gitem-post-data vc_gitem-post-data-source-post_title\" ><h4 style=\"text-align: left\" >MAD TOURS MAKES ITS CINEMA IN MIAMI<\/h4><\/div><div class=\"vc_custom_heading vc_gitem-post-data vc_gitem-post-data-source-post_excerpt\" ><p style=\"text-align: left\" >Mad Tours Fait Son Cin\u00e9ma \u00e0 Miami! Le d\u00e9cor Floridien, vous connaissez? Plages de sable blanc, palmiers et architecture Art Deco apparaissent dans de nombreux films qui vous sont familiers, mais saurez-vous situer ces \u00e9l\u00e9ments en conditions r\u00e9elles ? Saurez-vous mener l'enqu\u00eate tout comme le faisaient Sonny et Ricardo dans Miami Vice? N'attendez plus, passez [...]<\/p><\/div><div class=\"vc_btn3-container vc_btn3-left\"><a class=\"vc_general vc_btn3 vc_btn3-size-md vc_btn3-shape-rounded vc_btn3-style-flat vc_btn3-color-juicy-pink\" a href=\"https:\/\/madtoursandevents.com\/fr\/mad-tours-makes-its-cinema-in-miami\/\" class=\"vc_gitem-link vc_general vc_btn3 vc_general vc_btn3 vc_btn3-size-md vc_btn3-shape-rounded vc_btn3-style-flat vc_btn3-color-juicy-pink\" title=\"Lire plus\">Lire plus<\/a><\/div><\/div><\/div><\/div><\/div><\/div><div class=\"vc_clearfix\"><\/div><\/div><\/div><\/div>\n\t<\/div>\n<\/div><\/div><\/div><\/div><\/div>\n<\/div>","protected":false},"excerpt":{"rendered":"TOP 5 THINGS TO DO IN LA?Le TOP 5 des choses \u00e0 faire \u00e0 LA ? Vous pr\u00e9parez un voyage \u00e0 Los Angeles? Vous avez soif d\u2019American Dreams? La cit\u00e9 des anges n'attend que vous et Mad Tours vous propose 5 incontournables \u00e0 vivre lors de votre s\u00e9jour. Vibrer lors d'activit\u00e9s qui en feront jalouser [...]","protected":false},"author":1,"featured_media":0,"parent":0,"menu_order":0,"comment_status":"closed","ping_status":"closed","template":"","meta":{"_acf_changed":false,"inline_featured_image":false,"footnotes":""},"categories":[],"tags":[],"class_list":["post-185","page","type-page","status-publish","hentry"],"acf":[],"yoast_head":"<!-- This site is optimized with the Yoast SEO plugin v27.3 - https:\/\/yoast.com\/product\/yoast-seo-wordpress\/ -->\n<title>Newsletter and Blog - Mad Tours &amp; Events<\/title>\n<meta name=\"description\" content=\"Read our newsletter and blog for interesting articles about our tours in various states. Visit Mad Tours &amp; Events today.\" \/>\n<meta name=\"robots\" content=\"index, follow, max-snippet:-1, max-image-preview:large, max-video-preview:-1\" \/>\n<link rel=\"canonical\" href=\"https:\/\/madtoursandevents.com\/fr\/newsletter-and-blog\/\" \/>\n<meta property=\"og:locale\" content=\"fr_FR\" \/>\n<meta property=\"og:type\" content=\"article\" \/>\n<meta property=\"og:title\" content=\"Newsletter and Blog - Mad Tours &amp; Events\" \/>\n<meta property=\"og:description\" content=\"Read our newsletter and blog for interesting articles about our tours in various states. Visit Mad Tours &amp; Events today.\" \/>\n<meta property=\"og:url\" content=\"https:\/\/madtoursandevents.com\/fr\/newsletter-and-blog\/\" \/>\n<meta property=\"og:site_name\" content=\"Mad Tours &amp; Events\" \/>\n<meta property=\"article:publisher\" content=\"https:\/\/www.facebook.com\/madnewyorkcitytours\" \/>\n<meta property=\"article:modified_time\" content=\"2023-01-28T08:31:35+00:00\" \/>\n<meta name=\"twitter:card\" content=\"summary_large_image\" \/>\n<meta name=\"twitter:site\" content=\"@madfuntours\" \/>\n<meta name=\"twitter:label1\" content=\"Dur\u00e9e de lecture estim\u00e9e\" \/>\n\t<meta name=\"twitter:data1\" content=\"1 minute\" \/>\n<script type=\"application\/ld+json\" class=\"yoast-schema-graph\">{\"@context\":\"https:\\\/\\\/schema.org\",\"@graph\":[{\"@type\":\"WebPage\",\"@id\":\"https:\\\/\\\/madtoursandevents.com\\\/newsletter-and-blog\\\/\",\"url\":\"https:\\\/\\\/madtoursandevents.com\\\/newsletter-and-blog\\\/\",\"name\":\"Newsletter and Blog - Mad Tours &amp; Events\",\"isPartOf\":{\"@id\":\"https:\\\/\\\/madtoursandevents.com\\\/#website\"},\"datePublished\":\"2021-08-11T14:15:21+00:00\",\"dateModified\":\"2023-01-28T08:31:35+00:00\",\"description\":\"Read our newsletter and blog for interesting articles about our tours in various states. Visit Mad Tours & Events today.\",\"breadcrumb\":{\"@id\":\"https:\\\/\\\/madtoursandevents.com\\\/newsletter-and-blog\\\/#breadcrumb\"},\"inLanguage\":\"fr-FR\",\"potentialAction\":[{\"@type\":\"ReadAction\",\"target\":[\"https:\\\/\\\/madtoursandevents.com\\\/newsletter-and-blog\\\/\"]}]},{\"@type\":\"BreadcrumbList\",\"@id\":\"https:\\\/\\\/madtoursandevents.com\\\/newsletter-and-blog\\\/#breadcrumb\",\"itemListElement\":[{\"@type\":\"ListItem\",\"position\":1,\"name\":\"Home\",\"item\":\"https:\\\/\\\/madtoursandevents.com\\\/\"},{\"@type\":\"ListItem\",\"position\":2,\"name\":\"Newsletter and Blog\"}]},{\"@type\":\"WebSite\",\"@id\":\"https:\\\/\\\/madtoursandevents.com\\\/#website\",\"url\":\"https:\\\/\\\/madtoursandevents.com\\\/\",\"name\":\"Mad Tours & Events\",\"description\":\"\",\"publisher\":{\"@id\":\"https:\\\/\\\/madtoursandevents.com\\\/#organization\"},\"potentialAction\":[{\"@type\":\"SearchAction\",\"target\":{\"@type\":\"EntryPoint\",\"urlTemplate\":\"https:\\\/\\\/madtoursandevents.com\\\/?s={search_term_string}\"},\"query-input\":{\"@type\":\"PropertyValueSpecification\",\"valueRequired\":true,\"valueName\":\"search_term_string\"}}],\"inLanguage\":\"fr-FR\"},{\"@type\":\"Organization\",\"@id\":\"https:\\\/\\\/madtoursandevents.com\\\/#organization\",\"name\":\"Mad Tours & Events\",\"url\":\"https:\\\/\\\/madtoursandevents.com\\\/\",\"logo\":{\"@type\":\"ImageObject\",\"inLanguage\":\"fr-FR\",\"@id\":\"https:\\\/\\\/madtoursandevents.com\\\/#\\\/schema\\\/logo\\\/image\\\/\",\"url\":\"https:\\\/\\\/madtoursandevents.com\\\/wp-content\\\/uploads\\\/2021\\\/08\\\/Logo.png\",\"contentUrl\":\"https:\\\/\\\/madtoursandevents.com\\\/wp-content\\\/uploads\\\/2021\\\/08\\\/Logo.png\",\"width\":204,\"height\":55,\"caption\":\"Mad Tours & Events\"},\"image\":{\"@id\":\"https:\\\/\\\/madtoursandevents.com\\\/#\\\/schema\\\/logo\\\/image\\\/\"},\"sameAs\":[\"https:\\\/\\\/www.facebook.com\\\/madnewyorkcitytours\",\"https:\\\/\\\/x.com\\\/madfuntours\"]}]}<\/script>\n<!-- \/ Yoast SEO plugin. -->","yoast_head_json":{"title":"Newsletter and Blog - Mad Tours &amp; Events","description":"Read our newsletter and blog for interesting articles about our tours in various states. Visit Mad Tours & Events today.","robots":{"index":"index","follow":"follow","max-snippet":"max-snippet:-1","max-image-preview":"max-image-preview:large","max-video-preview":"max-video-preview:-1"},"canonical":"https:\/\/madtoursandevents.com\/fr\/newsletter-and-blog\/","og_locale":"fr_FR","og_type":"article","og_title":"Newsletter and Blog - Mad Tours &amp; Events","og_description":"Read our newsletter and blog for interesting articles about our tours in various states. Visit Mad Tours & Events today.","og_url":"https:\/\/madtoursandevents.com\/fr\/newsletter-and-blog\/","og_site_name":"Mad Tours &amp; Events","article_publisher":"https:\/\/www.facebook.com\/madnewyorkcitytours","article_modified_time":"2023-01-28T08:31:35+00:00","twitter_card":"summary_large_image","twitter_site":"@madfuntours","twitter_misc":{"Dur\u00e9e de lecture estim\u00e9e":"1 minute"},"schema":{"@context":"https:\/\/schema.org","@graph":[{"@type":"WebPage","@id":"https:\/\/madtoursandevents.com\/newsletter-and-blog\/","url":"https:\/\/madtoursandevents.com\/newsletter-and-blog\/","name":"Newsletter and Blog - Mad Tours &amp; Events","isPartOf":{"@id":"https:\/\/madtoursandevents.com\/#website"},"datePublished":"2021-08-11T14:15:21+00:00","dateModified":"2023-01-28T08:31:35+00:00","description":"Read our newsletter and blog for interesting articles about our tours in various states. Visit Mad Tours & Events today.","breadcrumb":{"@id":"https:\/\/madtoursandevents.com\/newsletter-and-blog\/#breadcrumb"},"inLanguage":"fr-FR","potentialAction":[{"@type":"ReadAction","target":["https:\/\/madtoursandevents.com\/newsletter-and-blog\/"]}]},{"@type":"BreadcrumbList","@id":"https:\/\/madtoursandevents.com\/newsletter-and-blog\/#breadcrumb","itemListElement":[{"@type":"ListItem","position":1,"name":"Home","item":"https:\/\/madtoursandevents.com\/"},{"@type":"ListItem","position":2,"name":"Newsletter and Blog"}]},{"@type":"WebSite","@id":"https:\/\/madtoursandevents.com\/#website","url":"https:\/\/madtoursandevents.com\/","name":"Mad Tours & Events","description":"","publisher":{"@id":"https:\/\/madtoursandevents.com\/#organization"},"potentialAction":[{"@type":"SearchAction","target":{"@type":"EntryPoint","urlTemplate":"https:\/\/madtoursandevents.com\/?s={search_term_string}"},"query-input":{"@type":"PropertyValueSpecification","valueRequired":true,"valueName":"search_term_string"}}],"inLanguage":"fr-FR"},{"@type":"Organization","@id":"https:\/\/madtoursandevents.com\/#organization","name":"Mad Tours & Events","url":"https:\/\/madtoursandevents.com\/","logo":{"@type":"ImageObject","inLanguage":"fr-FR","@id":"https:\/\/madtoursandevents.com\/#\/schema\/logo\/image\/","url":"https:\/\/madtoursandevents.com\/wp-content\/uploads\/2021\/08\/Logo.png","contentUrl":"https:\/\/madtoursandevents.com\/wp-content\/uploads\/2021\/08\/Logo.png","width":204,"height":55,"caption":"Mad Tours & Events"},"image":{"@id":"https:\/\/madtoursandevents.com\/#\/schema\/logo\/image\/"},"sameAs":["https:\/\/www.facebook.com\/madnewyorkcitytours","https:\/\/x.com\/madfuntours"]}]}},"_links":{"self":[{"href":"https:\/\/madtoursandevents.com\/fr\/wp-json\/wp\/v2\/pages\/185","targetHints":{"allow":["GET"]}}],"collection":[{"href":"https:\/\/madtoursandevents.com\/fr\/wp-json\/wp\/v2\/pages"}],"about":[{"href":"https:\/\/madtoursandevents.com\/fr\/wp-json\/wp\/v2\/types\/page"}],"author":[{"embeddable":true,"href":"https:\/\/madtoursandevents.com\/fr\/wp-json\/wp\/v2\/users\/1"}],"replies":[{"embeddable":true,"href":"https:\/\/madtoursandevents.com\/fr\/wp-json\/wp\/v2\/comments?post=185"}],"version-history":[{"count":1,"href":"https:\/\/madtoursandevents.com\/fr\/wp-json\/wp\/v2\/pages\/185\/revisions"}],"predecessor-version":[{"id":10277,"href":"https:\/\/madtoursandevents.com\/fr\/wp-json\/wp\/v2\/pages\/185\/revisions\/10277"}],"wp:attachment":[{"href":"https:\/\/madtoursandevents.com\/fr\/wp-json\/wp\/v2\/media?parent=185"}],"wp:term":[{"taxonomy":"category","embeddable":true,"href":"https:\/\/madtoursandevents.com\/fr\/wp-json\/wp\/v2\/categories?post=185"},{"taxonomy":"post_tag","embeddable":true,"href":"https:\/\/madtoursandevents.com\/fr\/wp-json\/wp\/v2\/tags?post=185"}],"curies":[{"name":"wp","href":"https:\/\/api.w.org\/{rel}","templated":true}]}}