{"id":13701,"date":"2026-01-27T13:43:48","date_gmt":"2026-01-27T13:43:48","guid":{"rendered":"https:\/\/madtoursandevents.com\/?page_id=13701"},"modified":"2026-04-07T04:06:47","modified_gmt":"2026-04-07T04:06:47","slug":"sustainability-progress-report","status":"publish","type":"page","link":"https:\/\/madtoursandevents.com\/fr\/sustainability-progress-report\/","title":{"rendered":"Rapport d\u2019avancement en mati\u00e8re de durabilit\u00e9"},"content":{"rendered":"<div class=\"wpb-content-wrapper\"><div id=\"sus-banner-row\" data-vc-full-width=\"true\" data-vc-full-width-temp=\"true\" data-vc-full-width-init=\"false\" data-vc-stretch-content=\"true\" class=\"vc_row wpb_row vc_row-fluid slider-rev mtt-title-img-row vc_row-no-padding\"><div class=\"mtt-title-img-col wpb_column vc_column_container vc_col-sm-12\"><div class=\"vc_column-inner\"><div class=\"wpb_wrapper\">\n\t<div id=\"sus-banner\" class=\"wpb_single_image wpb_content_element vc_align_left wpb_content_element vc_custom_1769521249478  mtt-title-img\">\n\t\t\n\t\t<figure class=\"wpb_wrapper vc_figure\">\n\t\t\t<div class=\"vc_single_image-wrapper   vc_box_border_grey\"><img loading=\"lazy\" decoding=\"async\" width=\"1400\" height=\"450\" src=\"https:\/\/madtoursandevents.com\/wp-content\/uploads\/2026\/01\/Sustainability-Progress-Report-Banner.jpg\" class=\"vc_single_image-img attachment-full\" alt=\"\" title=\"Sustainability-Progress-Report-Banner\" srcset=\"https:\/\/madtoursandevents.com\/wp-content\/uploads\/2026\/01\/Sustainability-Progress-Report-Banner.jpg 1400w, https:\/\/madtoursandevents.com\/wp-content\/uploads\/2026\/01\/Sustainability-Progress-Report-Banner-300x96.jpg 300w, https:\/\/madtoursandevents.com\/wp-content\/uploads\/2026\/01\/Sustainability-Progress-Report-Banner-1024x329.jpg 1024w, https:\/\/madtoursandevents.com\/wp-content\/uploads\/2026\/01\/Sustainability-Progress-Report-Banner-768x247.jpg 768w, https:\/\/madtoursandevents.com\/wp-content\/uploads\/2026\/01\/Sustainability-Progress-Report-Banner-18x6.jpg 18w, https:\/\/madtoursandevents.com\/wp-content\/uploads\/2026\/01\/Sustainability-Progress-Report-Banner-600x193.jpg 600w, https:\/\/madtoursandevents.com\/wp-content\/uploads\/2026\/01\/Sustainability-Progress-Report-Banner-100x32.jpg 100w\" sizes=\"auto, (max-width: 1400px) 100vw, 1400px\" \/><\/div>\n\t\t<\/figure>\n\t<\/div>\n<\/div><\/div><\/div><\/div><div class=\"vc_row-full-width vc_clearfix\"><\/div><div class=\"vc_row wpb_row vc_row-fluid main-dropdown-img dtt-dropdown-img\"><div class=\"wpb_column vc_column_container vc_col-sm-12\"><div class=\"vc_column-inner\"><div class=\"wpb_wrapper\">\n\t<div id=\"down-arrow-icon\" class=\"wpb_single_image wpb_content_element vc_align_center wpb_content_element  sus-down-arrow\">\n\t\t\n\t\t<figure class=\"wpb_wrapper vc_figure\">\n\t\t\t<a href=\"#sec1\" target=\"_self\" class=\"vc_single_image-wrapper   vc_box_border_grey\"><img loading=\"lazy\" decoding=\"async\" width=\"94\" height=\"94\" src=\"https:\/\/madtoursandevents.com\/wp-content\/uploads\/2021\/08\/main-drop-arrow.png\" class=\"vc_single_image-img attachment-full\" alt=\"purple down Arrow Icon in Small Size\" title=\"main-drop-arrow\" \/><\/a>\n\t\t<\/figure>\n\t<\/div>\n<\/div><\/div><\/div><\/div><div class=\"vc_row wpb_row vc_row-fluid\"><div class=\"wpb_column vc_column_container vc_col-sm-12\"><div class=\"vc_column-inner\"><div class=\"wpb_wrapper\">\n\t<div  class=\"wpb_single_image wpb_content_element vc_align_center wpb_content_element  3lines\">\n\t\t\n\t\t<figure class=\"wpb_wrapper vc_figure\">\n\t\t\t<div class=\"vc_single_image-wrapper   vc_box_border_grey\"><img loading=\"lazy\" decoding=\"async\" width=\"121\" height=\"14\" src=\"https:\/\/madtoursandevents.com\/wp-content\/uploads\/2021\/08\/All-Lines.png\" class=\"vc_single_image-img attachment-full\" alt=\"Three orange color link with no background\" title=\"All Lines\" \/><\/div>\n\t\t<\/figure>\n\t<\/div>\n<\/div><\/div><\/div><\/div><div id=\"sec1\" data-vc-full-width=\"true\" data-vc-full-width-temp=\"true\" data-vc-full-width-init=\"false\" class=\"vc_row wpb_row vc_row-fluid dtt-cvd-bg dtt-cv-bg\"><div class=\"dtt-cv-p wpb_column vc_column_container vc_col-sm-12\"><div class=\"vc_column-inner\"><div class=\"wpb_wrapper\">\n\t<div class=\"wpb_text_column wpb_content_element\" id=\"complain-description-eng\">\n\t\t<div class=\"wpb_wrapper\">\n\t\t\t<p><strong><img loading=\"lazy\" decoding=\"async\" class=\"sus-progress-img alignright wp-image-11032\" src=\"https:\/\/madtoursandevents.com\/wp-content\/uploads\/2026\/01\/renewable-energy-7143344_1920.jpg\" alt=\"\" width=\"640\" height=\"427\" \/><\/strong><\/p>\n<h2><b>Rapport d\u2019avancement en mati\u00e8re de durabilit\u00e9<\/b><b><\/b><\/h2>\n<div>\n<p>MAD Tours &amp; Events est une petite entreprise,  travaillant principalement avec des freelances, des guides locaux et des prestataires ind\u00e9pendants. La durabilit\u00e9 est int\u00e9gr\u00e9e \u00e0 la conception des itin\u00e9raires, \u00e0 la s\u00e9lection des fournisseurs, \u00e0 la communication avec les clients et \u00e0 la collaboration avec les partenaires, avec un accent particulier sur le tourisme \u00e0 faible impact, l\u2019engagement communautaire et l\u2019am\u00e9lioration continue.<\/p>\n<\/div>\n<p>&nbsp;<\/p>\n<h4><b>1.  Responsabilit\u00e9 climatique et sensibilisation au carbone<\/b><\/h4>\n<p>&nbsp;<\/p>\n<div><\/div>\n<div><\/div>\n<div><b>Mise en place d\u2019une contribution carbone<\/b><\/div>\n<div>En 2024, MAD Tours &amp; Events a mis en place une\u00a0<b>contribution carbone appliqu\u00e9e \u00e0 l\u2019ensemble de ses clients<\/b>. Cette initiative vise \u00e0 renforcer la sensibilisation \u00e0 l\u2019impact environnemental des voyages et \u00e0 soutenir des actions environnementales et de conservation en lien avec les destinations dans lesquelles nous op\u00e9rons.<\/div>\n<p>&nbsp;<\/p>\n<div>Cette contribution est syst\u00e9matiquement int\u00e9gr\u00e9e aux propositions commerciales et s\u2019inscrit dans une approche globale de tourisme responsable et de responsabilit\u00e9 partag\u00e9e.<\/div>\n<p>&nbsp;<\/p>\n<div><\/div>\n<div><\/div>\n<div><\/div>\n<h4><b>2. Soutien \u00e0 l\u2019environnement et \u00e0 la biodiversit\u00e9<\/b><\/h4>\n<p>&nbsp;<\/p>\n<div><\/div>\n<div><\/div>\n<div><b>Dons \u00e0 des organisations environnementales<br \/>\n<\/b>As part of our carbon contribution and carbon offset strategy, MAD Tours &amp; Events directs collected funds to carefully selected environmental and biodiversity projects aligned with the destinations in which we operate. The organizations supported are chosen based on their credibility, measurable environmental impact, and relevance to climate mitigation and ecosystem protection.<\/div>\n<div>\n<p>&nbsp;<\/p>\n<p>En 2024 et 2025, MAD Tours &amp; Events a soutenu la protection de l\u2019environnement et de la biodiversit\u00e9 par le biais de dons cibl\u00e9s \u00e0 des organisations en ad\u00e9quation avec nos destinations :<\/p>\n<\/div>\n<p>&nbsp;<\/p>\n<div><\/div>\n<ul>\n<li>\n<div role=\"presentation\"><b>Hawaii Wildlife Fund<\/b>, \u0153uvrant pour la protection de la faune marine, la conservation des littoraux et l\u2019\u00e9ducation environnementale.<\/div>\n<\/li>\n<li>\n<div role=\"presentation\"><b>Trees New York<\/b>, soutenant la reforestation urbaine, la r\u00e9silience climatique et l\u2019\u00e9ducation environnementale \u00e0 New York.<\/div>\n<\/li>\n<\/ul>\n<p>&nbsp;<\/p>\n<div>Ces contributions t\u00e9moignent de notre engagement en faveur des \u00e9cosyst\u00e8mes naturels comme de la biodiversit\u00e9 urbaine dans les r\u00e9gions visit\u00e9es par nos clients.<\/div>\n<p>&nbsp;<\/p>\n<div><\/div>\n<div><\/div>\n<div><\/div>\n<h4><b>3. Renforcement des comp\u00e9tences et formation \u00e0 la durabilit\u00e9<\/b><\/h4>\n<p>&nbsp;<\/p>\n<div><\/div>\n<div><\/div>\n<div><b>Cr\u00e9ation de la formation MAD Tours Sustainability Training<\/b><\/div>\n<div>En 2024, MAD Tours &amp; Events a d\u00e9velopp\u00e9 son\u00a0<b>propre module de formation interne \u00e0 la durabilit\u00e9<\/b>, con\u00e7u pour r\u00e9pondre aux r\u00e9alit\u00e9s d\u2019une structure de voyage agile et \u00e0 taille humaine.<\/div>\n<p>&nbsp;<\/p>\n<div><\/div>\n<div><\/div>\n<div>Cette formation couvre notamment :<\/div>\n<p>&nbsp;<\/p>\n<ul>\n<li>\n<div role=\"presentation\">La conception d\u2019itin\u00e9raires responsables<\/div>\n<\/li>\n<li>\n<div role=\"presentation\">Les bonnes pratiques environnementales pendant les visites<\/div>\n<\/li>\n<li>\n<div role=\"presentation\">Le respect des communaut\u00e9s locales et des cultures<\/div>\n<\/li>\n<li>\n<div role=\"presentation\">La protection de la faune et les principes du tourisme \u00e9thique<\/div>\n<\/li>\n<li>\n<div role=\"presentation\">Une communication claire et transparente avec les clients<\/div>\n<\/li>\n<\/ul>\n<div><\/div>\n<div>Cette formation garantit une coh\u00e9rence interne et est partag\u00e9e avec les collaborateurs lorsque cela est pertinent.<\/div>\n<p>&nbsp;<\/p>\n<div><\/div>\n<div><\/div>\n<div><b>Int\u00e9gration des guides aux formations Travelife<\/b><\/div>\n<p>&nbsp;<\/p>\n<div><\/div>\n<div><\/div>\n<div>Dans le cadre de notre engagement aupr\u00e8s des fournisseurs,\u00a0<b>les guides et partenaires locaux sont encourag\u00e9s \u00e0 suivre les formations en durabilit\u00e9 propos\u00e9es par Travelife<\/b>. Cela permet d\u2019aligner nos pratiques sur des standards internationaux reconnus et de renforcer les pratiques responsables sur le terrain.<\/div>\n<p>&nbsp;<\/p>\n<div><\/div>\n<div><\/div>\n<div>\u00c9tant donn\u00e9 que la majorit\u00e9 des exp\u00e9riences propos\u00e9es par MAD Tours &amp; Events sont des visites\u00a0<b>\u00e0 pied ou des activit\u00e9s en petits groupes anim\u00e9es par des guides locaux<\/b>, cette formation a un impact direct et concret sur l\u2019exp\u00e9rience client et la performance durable.<\/div>\n<p>&nbsp;<\/p>\n<div><\/div>\n<div><\/div>\n<div><\/div>\n<h4><b>4. Strat\u00e9gie d\u2019h\u00e9bergement durable<\/b><\/h4>\n<p>&nbsp;<\/p>\n<div><\/div>\n<div><b>Priorit\u00e9 aux h\u00e9bergements durables<\/b><\/div>\n<p>&nbsp;<\/p>\n<div>Tout au long de 2024 et 2025, MAD Tours &amp; Events a renforc\u00e9 son approche visant \u00e0 identifier, s\u00e9lectionner et promouvoir\u00a0<b>des h\u00e9bergements durables et certifi\u00e9s<\/b>, lorsque ceux-ci sont disponibles et adapt\u00e9s aux itin\u00e9raires.<\/div>\n<p>&nbsp;<\/p>\n<div><\/div>\n<div><\/div>\n<div>Les actions cl\u00e9s comprennent :<\/div>\n<p>&nbsp;<\/p>\n<ul>\n<li>\n<div role=\"presentation\">La recherche active d\u2019h\u00f4tels disposant de certifications environnementales ou de pratiques durables av\u00e9r\u00e9es<\/div>\n<\/li>\n<li>\n<div role=\"presentation\">L\u2019identification claire des h\u00e9bergements durables dans les itin\u00e9raires gr\u00e2ce \u00e0 des messages et pictogrammes d\u00e9di\u00e9s (ex.\u00a0<img loading=\"lazy\" decoding=\"async\" class=\"an1\" draggable=\"false\" src=\"https:\/\/fonts.gstatic.com\/s\/e\/notoemoji\/16.0\/1f331\/72.png\" alt=\"\ud83c\udf31\" width=\"33\" height=\"33\" data-emoji=\"\ud83c\udf31\" aria-label=\"\ud83c\udf31\" \/>)<\/div>\n<\/li>\n<li>\n<div role=\"presentation\">La mise \u00e0 jour continue des options d\u2019h\u00e9bergement, incluant des \u00e9tablissements innovants tels que le\u00a0<b>Populus Hotel \u00e0 Denver<\/b>, reconnu comme le premier h\u00f4tel \u00e0 bilan carbone positif aux \u00c9tats-Unis<\/div>\n<\/li>\n<\/ul>\n<div><\/div>\n<div>Bien que les pourcentages pr\u00e9cis soient encore en cours de consolidation, les h\u00e9bergements durables sont syst\u00e9matiquement propos\u00e9s et mis en avant comme option privil\u00e9gi\u00e9e.<\/div>\n<p>&nbsp;<\/p>\n<div><\/div>\n<div><\/div>\n<div><\/div>\n<h4><b>5. Op\u00e9rations responsables et engagement des clients<\/b><\/h4>\n<p>&nbsp;<\/p>\n<div>En parall\u00e8le des initiatives ci-dessus, MAD Tours &amp; Events continue de soutenir la durabilit\u00e9 \u00e0 travers :<\/div>\n<p>&nbsp;<\/p>\n<div><\/div>\n<ul>\n<li>\n<div role=\"presentation\">La priorit\u00e9 donn\u00e9e aux visites \u00e0 pied, aux transports publics et aux mobilit\u00e9s \u00e0 faible impact dans les itin\u00e9raires<\/div>\n<\/li>\n<li>\n<div role=\"presentation\">La collaboration avec des guides locaux ind\u00e9pendants et de petits prestataires<\/div>\n<\/li>\n<li>\n<div role=\"presentation\">La mise \u00e0 disposition de documents de voyage d\u00e9mat\u00e9rialis\u00e9s et d\u2019outils de feedback via QR code, incluant des questions li\u00e9es \u00e0 la durabilit\u00e9<\/div>\n<\/li>\n<li>\n<div role=\"presentation\">L\u2019encouragement de comportements responsables chez les voyageurs via la communication avant le d\u00e9part et sur place<\/div>\n<\/li>\n<\/ul>\n<div><\/div>\n<div>Ces pratiques renforcent la durabilit\u00e9 \u00e0 chaque \u00e9tape du parcours client.<\/div>\n<p>&nbsp;<\/p>\n<div><\/div>\n<div><\/div>\n<div><\/div>\n<h4><b>6. Conclusion et am\u00e9lioration continue<\/b><\/h4>\n<p>&nbsp;<\/p>\n<div>Entre 2024 et 2025, MAD Tours &amp; Events a renforc\u00e9 la structuration et la visibilit\u00e9 de ses actions en mati\u00e8re de durabilit\u00e9. La mise en place d\u2019une contribution carbone, les dons environnementaux, la cr\u00e9ation d\u2019une formation d\u00e9di\u00e9e, l\u2019implication des guides dans les programmes Travelife et l\u2019accent croissant mis sur les h\u00e9bergements durables d\u00e9montrent un engagement clair et mesurable en faveur du tourisme responsable.<\/div>\n<p>&nbsp;<\/p>\n<div><\/div>\n<div><\/div>\n<div>La durabilit\u00e9 \u00e9tant un processus \u00e9volutif, MAD Tours &amp; Events s\u2019engage \u00e0 poursuivre une d\u00e9marche d\u2019am\u00e9lioration continue, de transparence et d\u2019alignement avec les standards internationaux reconnus.<\/div>\n<p>&nbsp;<\/p>\n<div><\/div>\n<div><\/div>\n<div><\/div>\n<div><b>P\u00e9riode de reporting : 2024<\/b><\/div>\n<div><b>P\u00e9riode de reporting : 2025<\/b><\/div>\n\n\t\t<\/div>\n\t<\/div>\n<\/div><\/div><\/div><\/div><div class=\"vc_row-full-width vc_clearfix\"><\/div>\n<\/div>","protected":false},"excerpt":{"rendered":"Sustainability Progress Report MAD Tours &amp; Events operates as a small office based company, working primarily with freelancers, local guides, and independent suppliers. Sustainability is integrated into itinerary design, supplier selection, client communication, and partner collaboration, with a focus on low-impact travel, community engagement, and continuous improvement. &nbsp; 1. Climate responsibility and carbon awareness &nbsp; [...]","protected":false},"author":7,"featured_media":13872,"parent":0,"menu_order":0,"comment_status":"closed","ping_status":"closed","template":"","meta":{"_acf_changed":false,"inline_featured_image":false,"footnotes":""},"categories":[50],"tags":[],"class_list":["post-13701","page","type-page","status-publish","has-post-thumbnail","hentry","category-eco"],"acf":[],"yoast_head":"<!-- This site is optimized with the Yoast SEO plugin v27.3 - https:\/\/yoast.com\/product\/yoast-seo-wordpress\/ -->\n<title>Sustainability Progress Report<\/title>\n<meta name=\"description\" content=\"We are committed to safeguarding and conserving the natural and human resources of the communities for the enjoyment of current and future generations, both for tourists and locals.\" \/>\n<meta name=\"robots\" content=\"index, follow, max-snippet:-1, max-image-preview:large, max-video-preview:-1\" \/>\n<link rel=\"canonical\" href=\"https:\/\/madtoursandevents.com\/fr\/sustainability-progress-report\/\" \/>\n<meta property=\"og:locale\" content=\"fr_FR\" \/>\n<meta property=\"og:type\" content=\"article\" \/>\n<meta property=\"og:title\" content=\"Sustainability Progress Report\" \/>\n<meta property=\"og:description\" content=\"We are committed to safeguarding and conserving the natural and human resources of the communities for the enjoyment of current and future generations, both for tourists and locals.\" \/>\n<meta property=\"og:url\" content=\"https:\/\/madtoursandevents.com\/fr\/sustainability-progress-report\/\" \/>\n<meta property=\"og:site_name\" content=\"Mad Tours &amp; Events\" \/>\n<meta property=\"article:publisher\" content=\"https:\/\/www.facebook.com\/madnewyorkcitytours\" \/>\n<meta property=\"article:modified_time\" content=\"2026-04-07T04:06:47+00:00\" \/>\n<meta property=\"og:image\" content=\"https:\/\/madtoursandevents.com\/wp-content\/uploads\/2026\/04\/SusPROGRESS-REPORT-FEATURE01.jpg\" \/>\n\t<meta property=\"og:image:width\" content=\"1271\" \/>\n\t<meta property=\"og:image:height\" content=\"1696\" \/>\n\t<meta property=\"og:image:type\" content=\"image\/jpeg\" \/>\n<meta name=\"twitter:card\" content=\"summary_large_image\" \/>\n<meta name=\"twitter:site\" content=\"@madfuntours\" \/>\n<meta name=\"twitter:label1\" content=\"Dur\u00e9e de lecture estim\u00e9e\" \/>\n\t<meta name=\"twitter:data1\" content=\"5 minutes\" \/>\n<script type=\"application\/ld+json\" class=\"yoast-schema-graph\">{\"@context\":\"https:\\\/\\\/schema.org\",\"@graph\":[{\"@type\":\"WebPage\",\"@id\":\"https:\\\/\\\/madtoursandevents.com\\\/sustainability-progress-report\\\/\",\"url\":\"https:\\\/\\\/madtoursandevents.com\\\/sustainability-progress-report\\\/\",\"name\":\"Sustainability Progress Report\",\"isPartOf\":{\"@id\":\"https:\\\/\\\/madtoursandevents.com\\\/#website\"},\"primaryImageOfPage\":{\"@id\":\"https:\\\/\\\/madtoursandevents.com\\\/sustainability-progress-report\\\/#primaryimage\"},\"image\":{\"@id\":\"https:\\\/\\\/madtoursandevents.com\\\/sustainability-progress-report\\\/#primaryimage\"},\"thumbnailUrl\":\"https:\\\/\\\/madtoursandevents.com\\\/wp-content\\\/uploads\\\/2026\\\/04\\\/SusPROGRESS-REPORT-FEATURE01.jpg\",\"datePublished\":\"2026-01-27T13:43:48+00:00\",\"dateModified\":\"2026-04-07T04:06:47+00:00\",\"description\":\"We are committed to safeguarding and conserving the natural and human resources of the communities for the enjoyment of current and future generations, both for tourists and locals.\",\"breadcrumb\":{\"@id\":\"https:\\\/\\\/madtoursandevents.com\\\/sustainability-progress-report\\\/#breadcrumb\"},\"inLanguage\":\"fr-FR\",\"potentialAction\":[{\"@type\":\"ReadAction\",\"target\":[\"https:\\\/\\\/madtoursandevents.com\\\/sustainability-progress-report\\\/\"]}]},{\"@type\":\"ImageObject\",\"inLanguage\":\"fr-FR\",\"@id\":\"https:\\\/\\\/madtoursandevents.com\\\/sustainability-progress-report\\\/#primaryimage\",\"url\":\"https:\\\/\\\/madtoursandevents.com\\\/wp-content\\\/uploads\\\/2026\\\/04\\\/SusPROGRESS-REPORT-FEATURE01.jpg\",\"contentUrl\":\"https:\\\/\\\/madtoursandevents.com\\\/wp-content\\\/uploads\\\/2026\\\/04\\\/SusPROGRESS-REPORT-FEATURE01.jpg\",\"width\":1271,\"height\":1696},{\"@type\":\"BreadcrumbList\",\"@id\":\"https:\\\/\\\/madtoursandevents.com\\\/sustainability-progress-report\\\/#breadcrumb\",\"itemListElement\":[{\"@type\":\"ListItem\",\"position\":1,\"name\":\"Home\",\"item\":\"https:\\\/\\\/madtoursandevents.com\\\/\"},{\"@type\":\"ListItem\",\"position\":2,\"name\":\"Sustainability Progress Report\"}]},{\"@type\":\"WebSite\",\"@id\":\"https:\\\/\\\/madtoursandevents.com\\\/#website\",\"url\":\"https:\\\/\\\/madtoursandevents.com\\\/\",\"name\":\"Mad Tours & Events\",\"description\":\"\",\"publisher\":{\"@id\":\"https:\\\/\\\/madtoursandevents.com\\\/#organization\"},\"potentialAction\":[{\"@type\":\"SearchAction\",\"target\":{\"@type\":\"EntryPoint\",\"urlTemplate\":\"https:\\\/\\\/madtoursandevents.com\\\/?s={search_term_string}\"},\"query-input\":{\"@type\":\"PropertyValueSpecification\",\"valueRequired\":true,\"valueName\":\"search_term_string\"}}],\"inLanguage\":\"fr-FR\"},{\"@type\":\"Organization\",\"@id\":\"https:\\\/\\\/madtoursandevents.com\\\/#organization\",\"name\":\"Mad Tours & Events\",\"url\":\"https:\\\/\\\/madtoursandevents.com\\\/\",\"logo\":{\"@type\":\"ImageObject\",\"inLanguage\":\"fr-FR\",\"@id\":\"https:\\\/\\\/madtoursandevents.com\\\/#\\\/schema\\\/logo\\\/image\\\/\",\"url\":\"https:\\\/\\\/madtoursandevents.com\\\/wp-content\\\/uploads\\\/2021\\\/08\\\/Logo.png\",\"contentUrl\":\"https:\\\/\\\/madtoursandevents.com\\\/wp-content\\\/uploads\\\/2021\\\/08\\\/Logo.png\",\"width\":204,\"height\":55,\"caption\":\"Mad Tours & Events\"},\"image\":{\"@id\":\"https:\\\/\\\/madtoursandevents.com\\\/#\\\/schema\\\/logo\\\/image\\\/\"},\"sameAs\":[\"https:\\\/\\\/www.facebook.com\\\/madnewyorkcitytours\",\"https:\\\/\\\/x.com\\\/madfuntours\"]}]}<\/script>\n<!-- \/ Yoast SEO plugin. -->","yoast_head_json":{"title":"Rapport d\u2019avancement en mati\u00e8re de durabilit\u00e9","description":"We are committed to safeguarding and conserving the natural and human resources of the communities for the enjoyment of current and future generations, both for tourists and locals.","robots":{"index":"index","follow":"follow","max-snippet":"max-snippet:-1","max-image-preview":"max-image-preview:large","max-video-preview":"max-video-preview:-1"},"canonical":"https:\/\/madtoursandevents.com\/fr\/sustainability-progress-report\/","og_locale":"fr_FR","og_type":"article","og_title":"Sustainability Progress Report","og_description":"We are committed to safeguarding and conserving the natural and human resources of the communities for the enjoyment of current and future generations, both for tourists and locals.","og_url":"https:\/\/madtoursandevents.com\/fr\/sustainability-progress-report\/","og_site_name":"Mad Tours &amp; Events","article_publisher":"https:\/\/www.facebook.com\/madnewyorkcitytours","article_modified_time":"2026-04-07T04:06:47+00:00","og_image":[{"width":1271,"height":1696,"url":"https:\/\/madtoursandevents.com\/wp-content\/uploads\/2026\/04\/SusPROGRESS-REPORT-FEATURE01.jpg","type":"image\/jpeg"}],"twitter_card":"summary_large_image","twitter_site":"@madfuntours","twitter_misc":{"Dur\u00e9e de lecture estim\u00e9e":"5 minutes"},"schema":{"@context":"https:\/\/schema.org","@graph":[{"@type":"WebPage","@id":"https:\/\/madtoursandevents.com\/sustainability-progress-report\/","url":"https:\/\/madtoursandevents.com\/sustainability-progress-report\/","name":"Rapport d\u2019avancement en mati\u00e8re de durabilit\u00e9","isPartOf":{"@id":"https:\/\/madtoursandevents.com\/#website"},"primaryImageOfPage":{"@id":"https:\/\/madtoursandevents.com\/sustainability-progress-report\/#primaryimage"},"image":{"@id":"https:\/\/madtoursandevents.com\/sustainability-progress-report\/#primaryimage"},"thumbnailUrl":"https:\/\/madtoursandevents.com\/wp-content\/uploads\/2026\/04\/SusPROGRESS-REPORT-FEATURE01.jpg","datePublished":"2026-01-27T13:43:48+00:00","dateModified":"2026-04-07T04:06:47+00:00","description":"We are committed to safeguarding and conserving the natural and human resources of the communities for the enjoyment of current and future generations, both for tourists and locals.","breadcrumb":{"@id":"https:\/\/madtoursandevents.com\/sustainability-progress-report\/#breadcrumb"},"inLanguage":"fr-FR","potentialAction":[{"@type":"ReadAction","target":["https:\/\/madtoursandevents.com\/sustainability-progress-report\/"]}]},{"@type":"ImageObject","inLanguage":"fr-FR","@id":"https:\/\/madtoursandevents.com\/sustainability-progress-report\/#primaryimage","url":"https:\/\/madtoursandevents.com\/wp-content\/uploads\/2026\/04\/SusPROGRESS-REPORT-FEATURE01.jpg","contentUrl":"https:\/\/madtoursandevents.com\/wp-content\/uploads\/2026\/04\/SusPROGRESS-REPORT-FEATURE01.jpg","width":1271,"height":1696},{"@type":"BreadcrumbList","@id":"https:\/\/madtoursandevents.com\/sustainability-progress-report\/#breadcrumb","itemListElement":[{"@type":"ListItem","position":1,"name":"Home","item":"https:\/\/madtoursandevents.com\/"},{"@type":"ListItem","position":2,"name":"Sustainability Progress Report"}]},{"@type":"WebSite","@id":"https:\/\/madtoursandevents.com\/#website","url":"https:\/\/madtoursandevents.com\/","name":"Mad Tours & Events","description":"","publisher":{"@id":"https:\/\/madtoursandevents.com\/#organization"},"potentialAction":[{"@type":"SearchAction","target":{"@type":"EntryPoint","urlTemplate":"https:\/\/madtoursandevents.com\/?s={search_term_string}"},"query-input":{"@type":"PropertyValueSpecification","valueRequired":true,"valueName":"search_term_string"}}],"inLanguage":"fr-FR"},{"@type":"Organization","@id":"https:\/\/madtoursandevents.com\/#organization","name":"Mad Tours & Events","url":"https:\/\/madtoursandevents.com\/","logo":{"@type":"ImageObject","inLanguage":"fr-FR","@id":"https:\/\/madtoursandevents.com\/#\/schema\/logo\/image\/","url":"https:\/\/madtoursandevents.com\/wp-content\/uploads\/2021\/08\/Logo.png","contentUrl":"https:\/\/madtoursandevents.com\/wp-content\/uploads\/2021\/08\/Logo.png","width":204,"height":55,"caption":"Mad Tours & Events"},"image":{"@id":"https:\/\/madtoursandevents.com\/#\/schema\/logo\/image\/"},"sameAs":["https:\/\/www.facebook.com\/madnewyorkcitytours","https:\/\/x.com\/madfuntours"]}]}},"_links":{"self":[{"href":"https:\/\/madtoursandevents.com\/fr\/wp-json\/wp\/v2\/pages\/13701","targetHints":{"allow":["GET"]}}],"collection":[{"href":"https:\/\/madtoursandevents.com\/fr\/wp-json\/wp\/v2\/pages"}],"about":[{"href":"https:\/\/madtoursandevents.com\/fr\/wp-json\/wp\/v2\/types\/page"}],"author":[{"embeddable":true,"href":"https:\/\/madtoursandevents.com\/fr\/wp-json\/wp\/v2\/users\/7"}],"replies":[{"embeddable":true,"href":"https:\/\/madtoursandevents.com\/fr\/wp-json\/wp\/v2\/comments?post=13701"}],"version-history":[{"count":20,"href":"https:\/\/madtoursandevents.com\/fr\/wp-json\/wp\/v2\/pages\/13701\/revisions"}],"predecessor-version":[{"id":13896,"href":"https:\/\/madtoursandevents.com\/fr\/wp-json\/wp\/v2\/pages\/13701\/revisions\/13896"}],"wp:featuredmedia":[{"embeddable":true,"href":"https:\/\/madtoursandevents.com\/fr\/wp-json\/wp\/v2\/media\/13872"}],"wp:attachment":[{"href":"https:\/\/madtoursandevents.com\/fr\/wp-json\/wp\/v2\/media?parent=13701"}],"wp:term":[{"taxonomy":"category","embeddable":true,"href":"https:\/\/madtoursandevents.com\/fr\/wp-json\/wp\/v2\/categories?post=13701"},{"taxonomy":"post_tag","embeddable":true,"href":"https:\/\/madtoursandevents.com\/fr\/wp-json\/wp\/v2\/tags?post=13701"}],"curies":[{"name":"wp","href":"https:\/\/api.w.org\/{rel}","templated":true}]}}