{"id":13374,"date":"2025-10-23T16:10:27","date_gmt":"2025-10-23T16:10:27","guid":{"rendered":"https:\/\/madtoursandevents.com\/?page_id=13374"},"modified":"2026-04-08T11:32:33","modified_gmt":"2026-04-08T11:32:33","slug":"carbon-impact-offset-program","status":"publish","type":"page","link":"https:\/\/madtoursandevents.com\/fr\/carbon-impact-offset-program\/","title":{"rendered":"Compensation de l\u2019Impact Carbone"},"content":{"rendered":"<div class=\"wpb-content-wrapper\"><div id=\"sus-banner-row\" data-vc-full-width=\"true\" data-vc-full-width-temp=\"true\" data-vc-full-width-init=\"false\" data-vc-stretch-content=\"true\" class=\"vc_row wpb_row vc_row-fluid slider-rev mtt-title-img-row vc_row-no-padding\"><div class=\"mtt-title-img-col wpb_column vc_column_container vc_col-sm-12\"><div class=\"vc_column-inner\"><div class=\"wpb_wrapper\">\n\t<div id=\"sus-banner\" class=\"wpb_single_image wpb_content_element vc_align_left wpb_content_element vc_custom_1761235471117  mtt-title-img\">\n\t\t\n\t\t<figure class=\"wpb_wrapper vc_figure\">\n\t\t\t<div class=\"vc_single_image-wrapper   vc_box_border_grey\"><img loading=\"lazy\" decoding=\"async\" width=\"1400\" height=\"450\" src=\"https:\/\/madtoursandevents.com\/wp-content\/uploads\/2025\/10\/CarbonImpact-Banner.jpg\" class=\"vc_single_image-img attachment-full\" alt=\"\" title=\"CarbonImpact-Banner\" srcset=\"https:\/\/madtoursandevents.com\/wp-content\/uploads\/2025\/10\/CarbonImpact-Banner.jpg 1400w, https:\/\/madtoursandevents.com\/wp-content\/uploads\/2025\/10\/CarbonImpact-Banner-300x96.jpg 300w, https:\/\/madtoursandevents.com\/wp-content\/uploads\/2025\/10\/CarbonImpact-Banner-1024x329.jpg 1024w, https:\/\/madtoursandevents.com\/wp-content\/uploads\/2025\/10\/CarbonImpact-Banner-768x247.jpg 768w, https:\/\/madtoursandevents.com\/wp-content\/uploads\/2025\/10\/CarbonImpact-Banner-18x6.jpg 18w, https:\/\/madtoursandevents.com\/wp-content\/uploads\/2025\/10\/CarbonImpact-Banner-600x193.jpg 600w, https:\/\/madtoursandevents.com\/wp-content\/uploads\/2025\/10\/CarbonImpact-Banner-100x32.jpg 100w\" sizes=\"auto, (max-width: 1400px) 100vw, 1400px\" \/><\/div>\n\t\t<\/figure>\n\t<\/div>\n<\/div><\/div><\/div><\/div><div class=\"vc_row-full-width vc_clearfix\"><\/div><div class=\"vc_row wpb_row vc_row-fluid main-dropdown-img dtt-dropdown-img\"><div class=\"wpb_column vc_column_container vc_col-sm-12\"><div class=\"vc_column-inner\"><div class=\"wpb_wrapper\">\n\t<div id=\"down-arrow-icon\" class=\"wpb_single_image wpb_content_element vc_align_center wpb_content_element  sus-down-arrow\">\n\t\t\n\t\t<figure class=\"wpb_wrapper vc_figure\">\n\t\t\t<a href=\"#sec1\" target=\"_self\" class=\"vc_single_image-wrapper   vc_box_border_grey\"><img loading=\"lazy\" decoding=\"async\" width=\"94\" height=\"94\" src=\"https:\/\/madtoursandevents.com\/wp-content\/uploads\/2021\/08\/main-drop-arrow.png\" class=\"vc_single_image-img attachment-full\" alt=\"purple down Arrow Icon in Small Size\" title=\"main-drop-arrow\" \/><\/a>\n\t\t<\/figure>\n\t<\/div>\n<\/div><\/div><\/div><\/div><div class=\"vc_row wpb_row vc_row-fluid\"><div class=\"wpb_column vc_column_container vc_col-sm-12\"><div class=\"vc_column-inner\"><div class=\"wpb_wrapper\">\n\t<div  class=\"wpb_single_image wpb_content_element vc_align_center wpb_content_element  3lines\">\n\t\t\n\t\t<figure class=\"wpb_wrapper vc_figure\">\n\t\t\t<div class=\"vc_single_image-wrapper   vc_box_border_grey\"><img loading=\"lazy\" decoding=\"async\" width=\"121\" height=\"14\" src=\"https:\/\/madtoursandevents.com\/wp-content\/uploads\/2021\/08\/All-Lines.png\" class=\"vc_single_image-img attachment-full\" alt=\"Three orange color link with no background\" title=\"All Lines\" \/><\/div>\n\t\t<\/figure>\n\t<\/div>\n<\/div><\/div><\/div><\/div><div id=\"sec1\" data-vc-full-width=\"true\" data-vc-full-width-temp=\"true\" data-vc-full-width-init=\"false\" class=\"vc_row wpb_row vc_row-fluid dtt-cvd-bg dtt-cv-bg\"><div class=\"dtt-cv-p wpb_column vc_column_container vc_col-sm-12\"><div class=\"vc_column-inner\"><div class=\"wpb_wrapper\">\n\t<div class=\"wpb_text_column wpb_content_element dtr-fr\" id=\"sus-description\">\n\t\t<div class=\"wpb_wrapper\">\n\t\t\t<p><strong><img loading=\"lazy\" decoding=\"async\" class=\"sust-img alignright wp-image-10726\" src=\"https:\/\/madtoursandevents.com\/wp-content\/uploads\/2025\/10\/Carbon-Impact-IMG-01.png\" alt=\"\" width=\"750\" height=\"499\" \/><\/strong><\/p>\n<p>&nbsp;<\/p>\n<h4 style=\"font-weight: 400;\"><strong>Compensation de l\u2019Impact Carbone<\/strong><\/h4>\n<p>&nbsp;<\/p>\n<p style=\"font-weight: 400;\"><span style=\"text-decoration: underline;\"><strong>Voyager de mani\u00e8re responsable avec Mad Tours and Events<\/strong><\/span><\/p>\n<p>&nbsp;<\/p>\n<p style=\"font-weight: 400;\">Chez\u00a0<strong>Mad Tours and Events<\/strong>, nous nous engageons \u00e0 cr\u00e9er des voyages extraordinaires tout en respectant notre plan\u00e8te. Chaque d\u00e9tail, de la conception de l\u2019itin\u00e9raire aux partenariats locaux, est soigneusement pens\u00e9 pour r\u00e9duire votre empreinte environnementale et carbone.<\/p>\n<p>&nbsp;<\/p>\n<p style=\"font-weight: 400;\">Nous faisons des choix conscients, comme minimiser les d\u00e9chets non recyclables, privil\u00e9gier des options alimentaires locales et biologiques, et s\u00e9lectionner des h\u00e9bergements et emballages \u00e9cologiques. Chaque fois que possible, nous optimisons les itin\u00e9raires pour limiter les vols courts et favoriser des modes de transport plus durables.<\/p>\n<p>&nbsp;<\/p>\n<p style=\"font-weight: 400;\">Nous reconnaissons \u00e9galement que le transport a\u00e9rien international reste l\u2019un des principaux contributeurs aux \u00e9missions mondiales de carbone. C\u2019est pourquoi nous encourageons tous nos voyageurs \u00e0\u00a0<strong>compenser l\u2019impact carbone de leurs vols<\/strong>, une \u00e9tape simple et abordable pour contribuer \u00e0 un futur plus propre et durable.<\/p>\n<p>&nbsp;<\/p>\n<p style=\"font-weight: 400;\"><span style=\"text-decoration: underline;\"><strong>Comment fonctionne la compensation carbone<\/strong><\/span><\/p>\n<p>&nbsp;<\/p>\n<p style=\"font-weight: 400;\">Chez\u00a0<strong>Mad Tours and Events<\/strong>, nous croyons que chaque voyageur peut contribuer \u00e0 prot\u00e9ger notre plan\u00e8te. Le transport a\u00e9rien produit in\u00e9vitablement des gaz \u00e0 effet de serre, principalement le dioxyde de carbone (CO\u2082), qui contribue au r\u00e9chauffement climatique. Bien que ces \u00e9missions ne puissent \u00eatre \u00e9limin\u00e9es compl\u00e8tement, elles peuvent \u00eatre\u00a0<strong>compens\u00e9es<\/strong>\u00a0par la compensation carbone.<\/p>\n<p>&nbsp;<\/p>\n<p style=\"font-weight: 400;\">La compensation carbone consiste \u00e0 calculer les \u00e9missions de CO\u2082 g\u00e9n\u00e9r\u00e9es par vos vols et \u00e0 les transformer en une contribution financi\u00e8re destin\u00e9e \u00e0 des projets environnementaux certifi\u00e9s. Ces initiatives visent \u00e0\u00a0<strong>r\u00e9duire ou capturer les \u00e9missions ailleurs<\/strong>, cr\u00e9ant ainsi un impact environnemental positif.<\/p>\n<p>&nbsp;<\/p>\n<p style=\"font-weight: 400;\">Par exemple, vos contributions peuvent financer des projets de\u00a0<strong>reforestation et de pr\u00e9servation des for\u00eats<\/strong>, qui maintiennent des \u201cpuits de carbone\u201d naturels absorbant et stockant le CO\u2082. D\u2019autres programmes investissent dans\u00a0<strong>les \u00e9nergies renouvelables, les technologies propres ou l\u2019efficacit\u00e9 \u00e9nerg\u00e9tique<\/strong>, souvent au b\u00e9n\u00e9fice des communaut\u00e9s locales et du d\u00e9veloppement durable.<\/p>\n<p>&nbsp;<\/p>\n<p style=\"font-weight: 400;\">En compensant votre empreinte carbone, vous contribuez \u00e0 faire de chaque voyage avec Mad Tours and Events une\u00a0<strong>initiative mondiale de voyage responsable et r\u00e9g\u00e9n\u00e9ratif<\/strong>.<\/p>\n<p>&nbsp;<\/p>\n<p style=\"font-weight: 400;\"><span style=\"text-decoration: underline;\"><strong>Comment compenser votre vol<\/strong><\/span><\/p>\n<p>&nbsp;<\/p>\n<p style=\"font-weight: 400;\">Chez\u00a0<strong>MAD Tours and Events<\/strong>, nous encourageons nos voyageurs \u00e0 faire un effort conscient pour compenser l\u2019empreinte carbone de leurs vols. La compensation est un moyen simple mais efficace d\u2019\u00e9quilibrer les \u00e9missions produites par le transport a\u00e9rien, en soutenant des projets environnementaux et communautaires v\u00e9rifi\u00e9s dans le monde entier.<\/p>\n<p>&nbsp;<\/p>\n<p style=\"font-weight: 400;\">Il existe plusieurs fa\u00e7ons de compenser vos \u00e9missions, et le choix d\u2019un programme cr\u00e9dible et transparent est essentiel. Certaines compagnies a\u00e9riennes proposent des calculateurs d\u2019\u00e9missions ou des options de compensation lors de la r\u00e9servation, mais si cette fonctionnalit\u00e9 n\u2019est pas disponible ou si vous souhaitez choisir vous-m\u00eame le type de projet \u00e0 soutenir, nous vous recommandons de passer directement par Gold Standard, l\u2019un des organismes de certification les plus fiables pour les projets climatiques et de d\u00e9veloppement.<\/p>\n<p>&nbsp;<\/p>\n<p style=\"font-weight: 400;\">Fond\u00e9 par une coalition d\u2019ONG, Gold Standard soutient des projets \u00e0 fort impact qui r\u00e9duisent non seulement les \u00e9missions de CO\u2082, mais cr\u00e9ent \u00e9galement des b\u00e9n\u00e9fices sociaux et environnementaux durables pour les communaut\u00e9s locales. Parmi ces projets figurent les initiatives de reforestation et les programmes de cuisines propres, am\u00e9liorant la qualit\u00e9 de l\u2019air et les conditions de vie.<\/p>\n<p>&nbsp;<\/p>\n<p style=\"font-weight: 400;\"><strong>La compensation de votre vol est simple :<\/strong><\/p>\n<p>&nbsp;<\/p>\n<ul>\n<li>S\u00e9lectionnez un projet certifi\u00e9 Gold Standard que vous souhaitez soutenir.<\/li>\n<li>Estimez la quantit\u00e9 de CO\u2082 que vous souhaitez compenser.<\/li>\n<li>Effectuez votre contribution directement en ligne.<\/li>\n<\/ul>\n<p>&nbsp;<\/p>\n<p style=\"font-weight: 400;\"><strong>Pour r\u00e9f\u00e9rence :<\/strong><\/p>\n<p>&nbsp;<\/p>\n<ul style=\"font-weight: 400;\">\n<li>Un vol aller-retour entre l\u2019Europe et la c\u00f4te Est des \u00c9tats-Unis produit environ\u00a0<strong>1,6 \u00e0 2 tonnes de CO\u2082 par passager<\/strong>.<\/li>\n<li>Un vol aller-retour entre l\u2019Europe et la c\u00f4te Ouest des \u00c9tats-Unis \u00e9met environ\u00a0<strong>2,5 \u00e0 4 tonnes de CO\u2082 par passager<\/strong>.<\/li>\n<\/ul>\n<p>&nbsp;<\/p>\n<p style=\"font-weight: 400;\">Vous pouvez \u00e9galement explorer des plateformes partenaires qui g\u00e8rent des projets certifi\u00e9s Gold Standard et proposent des calculateurs d\u2019\u00e9missions fiables, telles que :<\/p>\n<ul style=\"font-weight: 400;\">\n<li><strong>Verra (Verified Carbon Standard \u2013 VCS)<\/strong>\u00a0:\u00a0<a href=\"https:\/\/verra.org\/programs\/verified-carbon-standard\/\" data-saferedirecturl=\"https:\/\/www.google.com\/url?q=https:\/\/verra.org\/programs\/verified-carbon-standard\/&amp;source=gmail&amp;ust=1761020116218000&amp;usg=AOvVaw08sdsz6o39MJBYKcIEU6np\">verra.org<\/a><\/li>\n<li><strong>Atmosfair<\/strong>\u00a0:\u00a0<a href=\"https:\/\/www.atmosfair.de\/en\/\" data-saferedirecturl=\"https:\/\/www.google.com\/url?q=https:\/\/www.atmosfair.de\/en\/&amp;source=gmail&amp;ust=1761020116218000&amp;usg=AOvVaw1Rif1rb_48kEVKMCnMH4dJ\">atmosfair.de<\/a><\/li>\n<li><strong>TerraPass<\/strong>\u00a0:\u00a0<a href=\"https:\/\/terrapass.com\/\" data-saferedirecturl=\"https:\/\/www.google.com\/url?q=https:\/\/terrapass.com&amp;source=gmail&amp;ust=1761020116218000&amp;usg=AOvVaw2Vy3JmG4dI7Ur8VAYKIzNX\">terrapass.com<\/a><\/li>\n<li><strong>myclimate<\/strong>\u00a0:\u00a0<a href=\"https:\/\/www.myclimate.org\/\" data-saferedirecturl=\"https:\/\/www.google.com\/url?q=https:\/\/www.myclimate.org\/&amp;source=gmail&amp;ust=1761020116219000&amp;usg=AOvVaw39-WFacaLHXWLJr7drYETi\">myclimate.org<\/a><\/li>\n<\/ul>\n<p>&nbsp;<\/p>\n<p style=\"font-weight: 400;\">En compensant votre vol, vous contribuez \u00e0 ce que chaque voyage avec\u00a0<strong>MAD Tours and Events<\/strong>\u00a0participe \u00e0 un monde plus propre et durable, faisant du voyage un vecteur de changement positif.<\/p>\n\n\t\t<\/div>\n\t<\/div>\n<\/div><\/div><\/div><\/div><div class=\"vc_row-full-width vc_clearfix\"><\/div>\n<\/div>","protected":false},"excerpt":{"rendered":"&nbsp; Compensation de l\u2019Impact Carbone &nbsp; Voyager de mani\u00e8re responsable avec Mad Tours and Events &nbsp; Chez\u00a0Mad Tours and Events, nous nous engageons \u00e0 cr\u00e9er des voyages extraordinaires tout en respectant notre plan\u00e8te. Chaque d\u00e9tail, de la conception de l\u2019itin\u00e9raire aux partenariats locaux, est soigneusement pens\u00e9 pour r\u00e9duire votre empreinte environnementale et carbone. &nbsp; Nous [...]","protected":false},"author":7,"featured_media":13873,"parent":0,"menu_order":0,"comment_status":"closed","ping_status":"closed","template":"","meta":{"_acf_changed":false,"inline_featured_image":false,"footnotes":""},"categories":[50],"tags":[],"class_list":["post-13374","page","type-page","status-publish","has-post-thumbnail","hentry","category-eco"],"acf":[],"yoast_head":"<!-- This site is optimized with the Yoast SEO plugin v27.3 - https:\/\/yoast.com\/product\/yoast-seo-wordpress\/ -->\n<title>Carbon Impact Offset Program<\/title>\n<meta name=\"description\" content=\"At MAD Tours and Events, we are committed to creating extraordinary journeys that also respect our planet. Every detail from itinerary design to local partnerships, is thoughtfully curated to reduce both your environmental and carbon footprint.\" \/>\n<meta name=\"robots\" content=\"index, follow, max-snippet:-1, max-image-preview:large, max-video-preview:-1\" \/>\n<link rel=\"canonical\" href=\"https:\/\/madtoursandevents.com\/fr\/carbon-impact-offset-program\/\" \/>\n<meta property=\"og:locale\" content=\"fr_FR\" \/>\n<meta property=\"og:type\" content=\"article\" \/>\n<meta property=\"og:title\" content=\"Carbon Impact Offset Program\" \/>\n<meta property=\"og:description\" content=\"At MAD Tours and Events, we are committed to creating extraordinary journeys that also respect our planet. Every detail from itinerary design to local partnerships, is thoughtfully curated to reduce both your environmental and carbon footprint.\" \/>\n<meta property=\"og:url\" content=\"https:\/\/madtoursandevents.com\/fr\/carbon-impact-offset-program\/\" \/>\n<meta property=\"og:site_name\" content=\"Mad Tours &amp; Events\" \/>\n<meta property=\"article:publisher\" content=\"https:\/\/www.facebook.com\/madnewyorkcitytours\" \/>\n<meta property=\"article:modified_time\" content=\"2026-04-08T11:32:33+00:00\" \/>\n<meta property=\"og:image\" content=\"https:\/\/madtoursandevents.com\/wp-content\/uploads\/2026\/04\/Carbon-Impact-FEATURE01.jpg\" \/>\n\t<meta property=\"og:image:width\" content=\"1271\" \/>\n\t<meta property=\"og:image:height\" content=\"1696\" \/>\n\t<meta property=\"og:image:type\" content=\"image\/jpeg\" \/>\n<meta name=\"twitter:card\" content=\"summary_large_image\" \/>\n<meta name=\"twitter:site\" content=\"@madfuntours\" \/>\n<meta name=\"twitter:label1\" content=\"Dur\u00e9e de lecture estim\u00e9e\" \/>\n\t<meta name=\"twitter:data1\" content=\"14 minutes\" \/>\n<script type=\"application\/ld+json\" class=\"yoast-schema-graph\">{\"@context\":\"https:\\\/\\\/schema.org\",\"@graph\":[{\"@type\":\"WebPage\",\"@id\":\"https:\\\/\\\/madtoursandevents.com\\\/carbon-impact-offset-program\\\/\",\"url\":\"https:\\\/\\\/madtoursandevents.com\\\/carbon-impact-offset-program\\\/\",\"name\":\"Carbon Impact Offset Program\",\"isPartOf\":{\"@id\":\"https:\\\/\\\/madtoursandevents.com\\\/#website\"},\"primaryImageOfPage\":{\"@id\":\"https:\\\/\\\/madtoursandevents.com\\\/carbon-impact-offset-program\\\/#primaryimage\"},\"image\":{\"@id\":\"https:\\\/\\\/madtoursandevents.com\\\/carbon-impact-offset-program\\\/#primaryimage\"},\"thumbnailUrl\":\"https:\\\/\\\/madtoursandevents.com\\\/wp-content\\\/uploads\\\/2026\\\/04\\\/Carbon-Impact-FEATURE01.jpg\",\"datePublished\":\"2025-10-23T16:10:27+00:00\",\"dateModified\":\"2026-04-08T11:32:33+00:00\",\"description\":\"At MAD Tours and Events, we are committed to creating extraordinary journeys that also respect our planet. Every detail from itinerary design to local partnerships, is thoughtfully curated to reduce both your environmental and carbon footprint.\",\"breadcrumb\":{\"@id\":\"https:\\\/\\\/madtoursandevents.com\\\/carbon-impact-offset-program\\\/#breadcrumb\"},\"inLanguage\":\"fr-FR\",\"potentialAction\":[{\"@type\":\"ReadAction\",\"target\":[\"https:\\\/\\\/madtoursandevents.com\\\/carbon-impact-offset-program\\\/\"]}]},{\"@type\":\"ImageObject\",\"inLanguage\":\"fr-FR\",\"@id\":\"https:\\\/\\\/madtoursandevents.com\\\/carbon-impact-offset-program\\\/#primaryimage\",\"url\":\"https:\\\/\\\/madtoursandevents.com\\\/wp-content\\\/uploads\\\/2026\\\/04\\\/Carbon-Impact-FEATURE01.jpg\",\"contentUrl\":\"https:\\\/\\\/madtoursandevents.com\\\/wp-content\\\/uploads\\\/2026\\\/04\\\/Carbon-Impact-FEATURE01.jpg\",\"width\":1271,\"height\":1696},{\"@type\":\"BreadcrumbList\",\"@id\":\"https:\\\/\\\/madtoursandevents.com\\\/carbon-impact-offset-program\\\/#breadcrumb\",\"itemListElement\":[{\"@type\":\"ListItem\",\"position\":1,\"name\":\"Home\",\"item\":\"https:\\\/\\\/madtoursandevents.com\\\/\"},{\"@type\":\"ListItem\",\"position\":2,\"name\":\"CARBON IMPACT OFFSET PROGRAM\"}]},{\"@type\":\"WebSite\",\"@id\":\"https:\\\/\\\/madtoursandevents.com\\\/#website\",\"url\":\"https:\\\/\\\/madtoursandevents.com\\\/\",\"name\":\"Mad Tours & Events\",\"description\":\"\",\"publisher\":{\"@id\":\"https:\\\/\\\/madtoursandevents.com\\\/#organization\"},\"potentialAction\":[{\"@type\":\"SearchAction\",\"target\":{\"@type\":\"EntryPoint\",\"urlTemplate\":\"https:\\\/\\\/madtoursandevents.com\\\/?s={search_term_string}\"},\"query-input\":{\"@type\":\"PropertyValueSpecification\",\"valueRequired\":true,\"valueName\":\"search_term_string\"}}],\"inLanguage\":\"fr-FR\"},{\"@type\":\"Organization\",\"@id\":\"https:\\\/\\\/madtoursandevents.com\\\/#organization\",\"name\":\"Mad Tours & Events\",\"url\":\"https:\\\/\\\/madtoursandevents.com\\\/\",\"logo\":{\"@type\":\"ImageObject\",\"inLanguage\":\"fr-FR\",\"@id\":\"https:\\\/\\\/madtoursandevents.com\\\/#\\\/schema\\\/logo\\\/image\\\/\",\"url\":\"https:\\\/\\\/madtoursandevents.com\\\/wp-content\\\/uploads\\\/2021\\\/08\\\/Logo.png\",\"contentUrl\":\"https:\\\/\\\/madtoursandevents.com\\\/wp-content\\\/uploads\\\/2021\\\/08\\\/Logo.png\",\"width\":204,\"height\":55,\"caption\":\"Mad Tours & Events\"},\"image\":{\"@id\":\"https:\\\/\\\/madtoursandevents.com\\\/#\\\/schema\\\/logo\\\/image\\\/\"},\"sameAs\":[\"https:\\\/\\\/www.facebook.com\\\/madnewyorkcitytours\",\"https:\\\/\\\/x.com\\\/madfuntours\"]}]}<\/script>\n<!-- \/ Yoast SEO plugin. -->","yoast_head_json":{"title":"Compensation de l\u2019Impact Carbone","description":"At MAD Tours and Events, we are committed to creating extraordinary journeys that also respect our planet. Every detail from itinerary design to local partnerships, is thoughtfully curated to reduce both your environmental and carbon footprint.","robots":{"index":"index","follow":"follow","max-snippet":"max-snippet:-1","max-image-preview":"max-image-preview:large","max-video-preview":"max-video-preview:-1"},"canonical":"https:\/\/madtoursandevents.com\/fr\/carbon-impact-offset-program\/","og_locale":"fr_FR","og_type":"article","og_title":"Carbon Impact Offset Program","og_description":"At MAD Tours and Events, we are committed to creating extraordinary journeys that also respect our planet. Every detail from itinerary design to local partnerships, is thoughtfully curated to reduce both your environmental and carbon footprint.","og_url":"https:\/\/madtoursandevents.com\/fr\/carbon-impact-offset-program\/","og_site_name":"Mad Tours &amp; Events","article_publisher":"https:\/\/www.facebook.com\/madnewyorkcitytours","article_modified_time":"2026-04-08T11:32:33+00:00","og_image":[{"width":1271,"height":1696,"url":"https:\/\/madtoursandevents.com\/wp-content\/uploads\/2026\/04\/Carbon-Impact-FEATURE01.jpg","type":"image\/jpeg"}],"twitter_card":"summary_large_image","twitter_site":"@madfuntours","twitter_misc":{"Dur\u00e9e de lecture estim\u00e9e":"14 minutes"},"schema":{"@context":"https:\/\/schema.org","@graph":[{"@type":"WebPage","@id":"https:\/\/madtoursandevents.com\/carbon-impact-offset-program\/","url":"https:\/\/madtoursandevents.com\/carbon-impact-offset-program\/","name":"Compensation de l\u2019Impact Carbone","isPartOf":{"@id":"https:\/\/madtoursandevents.com\/#website"},"primaryImageOfPage":{"@id":"https:\/\/madtoursandevents.com\/carbon-impact-offset-program\/#primaryimage"},"image":{"@id":"https:\/\/madtoursandevents.com\/carbon-impact-offset-program\/#primaryimage"},"thumbnailUrl":"https:\/\/madtoursandevents.com\/wp-content\/uploads\/2026\/04\/Carbon-Impact-FEATURE01.jpg","datePublished":"2025-10-23T16:10:27+00:00","dateModified":"2026-04-08T11:32:33+00:00","description":"At MAD Tours and Events, we are committed to creating extraordinary journeys that also respect our planet. Every detail from itinerary design to local partnerships, is thoughtfully curated to reduce both your environmental and carbon footprint.","breadcrumb":{"@id":"https:\/\/madtoursandevents.com\/carbon-impact-offset-program\/#breadcrumb"},"inLanguage":"fr-FR","potentialAction":[{"@type":"ReadAction","target":["https:\/\/madtoursandevents.com\/carbon-impact-offset-program\/"]}]},{"@type":"ImageObject","inLanguage":"fr-FR","@id":"https:\/\/madtoursandevents.com\/carbon-impact-offset-program\/#primaryimage","url":"https:\/\/madtoursandevents.com\/wp-content\/uploads\/2026\/04\/Carbon-Impact-FEATURE01.jpg","contentUrl":"https:\/\/madtoursandevents.com\/wp-content\/uploads\/2026\/04\/Carbon-Impact-FEATURE01.jpg","width":1271,"height":1696},{"@type":"BreadcrumbList","@id":"https:\/\/madtoursandevents.com\/carbon-impact-offset-program\/#breadcrumb","itemListElement":[{"@type":"ListItem","position":1,"name":"Home","item":"https:\/\/madtoursandevents.com\/"},{"@type":"ListItem","position":2,"name":"CARBON IMPACT OFFSET PROGRAM"}]},{"@type":"WebSite","@id":"https:\/\/madtoursandevents.com\/#website","url":"https:\/\/madtoursandevents.com\/","name":"Mad Tours & Events","description":"","publisher":{"@id":"https:\/\/madtoursandevents.com\/#organization"},"potentialAction":[{"@type":"SearchAction","target":{"@type":"EntryPoint","urlTemplate":"https:\/\/madtoursandevents.com\/?s={search_term_string}"},"query-input":{"@type":"PropertyValueSpecification","valueRequired":true,"valueName":"search_term_string"}}],"inLanguage":"fr-FR"},{"@type":"Organization","@id":"https:\/\/madtoursandevents.com\/#organization","name":"Mad Tours & Events","url":"https:\/\/madtoursandevents.com\/","logo":{"@type":"ImageObject","inLanguage":"fr-FR","@id":"https:\/\/madtoursandevents.com\/#\/schema\/logo\/image\/","url":"https:\/\/madtoursandevents.com\/wp-content\/uploads\/2021\/08\/Logo.png","contentUrl":"https:\/\/madtoursandevents.com\/wp-content\/uploads\/2021\/08\/Logo.png","width":204,"height":55,"caption":"Mad Tours & Events"},"image":{"@id":"https:\/\/madtoursandevents.com\/#\/schema\/logo\/image\/"},"sameAs":["https:\/\/www.facebook.com\/madnewyorkcitytours","https:\/\/x.com\/madfuntours"]}]}},"_links":{"self":[{"href":"https:\/\/madtoursandevents.com\/fr\/wp-json\/wp\/v2\/pages\/13374","targetHints":{"allow":["GET"]}}],"collection":[{"href":"https:\/\/madtoursandevents.com\/fr\/wp-json\/wp\/v2\/pages"}],"about":[{"href":"https:\/\/madtoursandevents.com\/fr\/wp-json\/wp\/v2\/types\/page"}],"author":[{"embeddable":true,"href":"https:\/\/madtoursandevents.com\/fr\/wp-json\/wp\/v2\/users\/7"}],"replies":[{"embeddable":true,"href":"https:\/\/madtoursandevents.com\/fr\/wp-json\/wp\/v2\/comments?post=13374"}],"version-history":[{"count":12,"href":"https:\/\/madtoursandevents.com\/fr\/wp-json\/wp\/v2\/pages\/13374\/revisions"}],"predecessor-version":[{"id":13462,"href":"https:\/\/madtoursandevents.com\/fr\/wp-json\/wp\/v2\/pages\/13374\/revisions\/13462"}],"wp:featuredmedia":[{"embeddable":true,"href":"https:\/\/madtoursandevents.com\/fr\/wp-json\/wp\/v2\/media\/13873"}],"wp:attachment":[{"href":"https:\/\/madtoursandevents.com\/fr\/wp-json\/wp\/v2\/media?parent=13374"}],"wp:term":[{"taxonomy":"category","embeddable":true,"href":"https:\/\/madtoursandevents.com\/fr\/wp-json\/wp\/v2\/categories?post=13374"},{"taxonomy":"post_tag","embeddable":true,"href":"https:\/\/madtoursandevents.com\/fr\/wp-json\/wp\/v2\/tags?post=13374"}],"curies":[{"name":"wp","href":"https:\/\/api.w.org\/{rel}","templated":true}]}}