{"id":11343,"date":"2024-04-05T07:11:07","date_gmt":"2024-04-05T07:11:07","guid":{"rendered":"https:\/\/madtoursandevents.com\/?page_id=11343"},"modified":"2026-04-08T07:10:11","modified_gmt":"2026-04-08T07:10:11","slug":"illegal-souvenirs","status":"publish","type":"page","link":"https:\/\/madtoursandevents.com\/fr\/illegal-souvenirs\/","title":{"rendered":"Souvenirs Ill\u00e9gaux"},"content":{"rendered":"<div class=\"wpb-content-wrapper\"><div data-vc-full-width=\"true\" data-vc-full-width-temp=\"true\" data-vc-full-width-init=\"false\" data-vc-stretch-content=\"true\" class=\"vc_row wpb_row vc_row-fluid slider-rev mtt-title-img-row vc_row-no-padding\"><div class=\"mtt-title-img-col wpb_column vc_column_container vc_col-sm-12\"><div class=\"vc_column-inner\"><div class=\"wpb_wrapper\">\n\t<div id=\"things-to-know-image\" class=\"wpb_single_image wpb_content_element vc_align_left wpb_content_element  mtt-title-img\">\n\t\t\n\t\t<figure class=\"wpb_wrapper vc_figure\">\n\t\t\t<div class=\"vc_single_image-wrapper   vc_box_border_grey\"><img loading=\"lazy\" decoding=\"async\" width=\"1400\" height=\"450\" src=\"https:\/\/madtoursandevents.com\/wp-content\/uploads\/2024\/04\/Illegal-souvenirs-HEADER02.jpg\" class=\"vc_single_image-img attachment-full\" alt=\"\" title=\"Illegal-souvenirs-HEADER02\" srcset=\"https:\/\/madtoursandevents.com\/wp-content\/uploads\/2024\/04\/Illegal-souvenirs-HEADER02.jpg 1400w, https:\/\/madtoursandevents.com\/wp-content\/uploads\/2024\/04\/Illegal-souvenirs-HEADER02-300x96.jpg 300w, https:\/\/madtoursandevents.com\/wp-content\/uploads\/2024\/04\/Illegal-souvenirs-HEADER02-1024x329.jpg 1024w, https:\/\/madtoursandevents.com\/wp-content\/uploads\/2024\/04\/Illegal-souvenirs-HEADER02-768x247.jpg 768w, https:\/\/madtoursandevents.com\/wp-content\/uploads\/2024\/04\/Illegal-souvenirs-HEADER02-18x6.jpg 18w, https:\/\/madtoursandevents.com\/wp-content\/uploads\/2024\/04\/Illegal-souvenirs-HEADER02-600x193.jpg 600w, https:\/\/madtoursandevents.com\/wp-content\/uploads\/2024\/04\/Illegal-souvenirs-HEADER02-100x32.jpg 100w\" sizes=\"auto, (max-width: 1400px) 100vw, 1400px\" \/><\/div>\n\t\t<\/figure>\n\t<\/div>\n<\/div><\/div><\/div><\/div><div class=\"vc_row-full-width vc_clearfix\"><\/div><div class=\"vc_row wpb_row vc_row-fluid main-dropdown-img dtt-dropdown-img\"><div class=\"wpb_column vc_column_container vc_col-sm-12\"><div class=\"vc_column-inner\"><div class=\"wpb_wrapper\">\n\t<div id=\"down-arrow-icon\" class=\"wpb_single_image wpb_content_element vc_align_center wpb_content_element\">\n\t\t\n\t\t<figure class=\"wpb_wrapper vc_figure\">\n\t\t\t<a href=\"#sec1\" target=\"_self\" class=\"vc_single_image-wrapper   vc_box_border_grey\"><img loading=\"lazy\" decoding=\"async\" width=\"94\" height=\"94\" src=\"https:\/\/madtoursandevents.com\/wp-content\/uploads\/2021\/08\/main-drop-arrow.png\" class=\"vc_single_image-img attachment-full\" alt=\"purple down Arrow Icon in Small Size\" title=\"main-drop-arrow\" \/><\/a>\n\t\t<\/figure>\n\t<\/div>\n<\/div><\/div><\/div><\/div><div class=\"vc_row wpb_row vc_row-fluid\"><div class=\"wpb_column vc_column_container vc_col-sm-12\"><div class=\"vc_column-inner\"><div class=\"wpb_wrapper\">\n\t<div  class=\"wpb_single_image wpb_content_element vc_align_center wpb_content_element  things-to-know-red-lines\">\n\t\t\n\t\t<figure class=\"wpb_wrapper vc_figure\">\n\t\t\t<div class=\"vc_single_image-wrapper   vc_box_border_grey\"><img loading=\"lazy\" decoding=\"async\" width=\"121\" height=\"14\" src=\"https:\/\/madtoursandevents.com\/wp-content\/uploads\/2021\/08\/All-Lines.png\" class=\"vc_single_image-img attachment-full\" alt=\"Three orange color link with no background\" title=\"All Lines\" \/><\/div>\n\t\t<\/figure>\n\t<\/div>\n<\/div><\/div><\/div><\/div><section id=\"eng-text\" class=\"vc_section things-to-know-section-1 vc_custom_1775632061909 vc_section-has-fill\"><div id=\"eng-text\" class=\"vc_row wpb_row vc_row-fluid dtr-eng\"><div class=\"dtr-eng wpb_column vc_column_container vc_col-sm-12\" id=\"eng-text\"><div class=\"vc_column-inner\"><div class=\"wpb_wrapper\"><\/div><\/div><\/div><\/div><div class=\"vc_row wpb_row vc_row-fluid dtr-fr\"><div class=\"dtr-fr wpb_column vc_column_container vc_col-sm-12\"><div class=\"vc_column-inner\"><div class=\"wpb_wrapper\">\n\t<div class=\"wpb_text_column wpb_content_element dtr-fr\" >\n\t\t<div class=\"wpb_wrapper\">\n\t\t\t<h3 style=\"text-align: center;\">SOUVENIRS ILL\u00c9GAUX AUX \u00c9TATS-UNIS<\/h3>\n<p><span style=\"font-weight: 400;\">Le commerce de certains souvenirs et produits peut \u00eatre restreint ou ill\u00e9gal en raison de pr\u00e9occupations li\u00e9es \u00e0 la conservation, au patrimoine culturel et \u00e0 la protection des esp\u00e8ces menac\u00e9es. Bien que les r\u00e9glementations puissent varier, voici une liste g\u00e9n\u00e9rale d&#8217;articles qu&#8217;il convient d&#8217;\u00e9viter d&#8217;acheter comme souvenirs aux \u00c9tats-Unis afin de respecter les lois nationales et internationales : <\/span><\/p>\n<hr \/>\n<ul>\n<li><b>Produits en ivoire : <\/b><span style=\"font-weight: 400;\">L&#8217;achat ou la vente de produits fabriqu\u00e9s \u00e0 partir d&#8217;ivoire, tels que les sculptures ou les bijoux, est interdit afin de prot\u00e9ger les populations d&#8217;\u00e9l\u00e9phants menac\u00e9es d&#8217;extinction.\u00a0<\/span><\/li>\n<li><b>Corail et coquillages : <\/b><span style=\"font-weight: 400;\">Les articles fabriqu\u00e9s \u00e0 partir de certaines esp\u00e8ces de coraux ou de coquillages prot\u00e9g\u00e9s peuvent faire l&#8217;objet de restrictions en vertu des lois sur la conservation.<\/span><\/li>\n<li><b>Produits \u00e0 base de tortue : <\/b><span style=\"font-weight: 400;\">Les souvenirs fabriqu\u00e9s \u00e0 partir de carapaces de tortues, y compris les bijoux et les accessoires, peuvent \u00eatre interdits en raison de la protection des esp\u00e8ces de tortues.\u00a0<\/span><\/li>\n<li><b>Plumes et produits \u00e0 base d&#8217;oiseaux : <\/b><span style=\"font-weight: 400;\">Les articles fabriqu\u00e9s \u00e0 partir d&#8217;esp\u00e8ces d&#8217;oiseaux prot\u00e9g\u00e9es, y compris les plumes et la taxidermie, sont r\u00e9glement\u00e9s par les lois sur la protection des esp\u00e8ces sauvages.\u00a0<\/span><\/li>\n<li><b>Certaines peaux et fourrures d&#8217;animaux : <\/b><span style=\"font-weight: 400;\">Les produits fabriqu\u00e9s \u00e0 partir de peaux d&#8217;animaux menac\u00e9s ou prot\u00e9g\u00e9s, comme celles des grands f\u00e9lins ou des reptiles, peuvent \u00eatre ill\u00e9gaux. <\/span><\/li>\n<li><b>Objets historiques et culturels : <\/b><span style=\"font-weight: 400;\">Il est interdit d&#8217;acheter des objets historiques ou culturels obtenus ou export\u00e9s ill\u00e9galement de leur pays d&#8217;origine. <\/span><\/li>\n<li><b>Produits fabriqu\u00e9s \u00e0 partir de bois menac\u00e9 : <\/b><span style=\"font-weight: 400;\">les souvenirs fabriqu\u00e9s \u00e0 partir de bois d&#8217;esp\u00e8ces menac\u00e9es, comme certains types de bois durs tropicaux, peuvent faire l&#8217;objet de restrictions.<\/span><\/li>\n<li><b>Certaines plantes et graines : <\/b><span style=\"font-weight: 400;\">Certaines plantes et graines, en particulier celles\u00a0<\/span><span style=\"font-weight: 400;\">provenant d&#8217;esp\u00e8ces menac\u00e9es ou prot\u00e9g\u00e9es, peuvent faire l&#8217;objet de restrictions en raison de pr\u00e9occupations li\u00e9es \u00e0 l&#8217;agriculture et \u00e0 la conservation.<\/span><\/li>\n<li><b>Produits fabriqu\u00e9s \u00e0 partir d&#8217;esp\u00e8ces menac\u00e9es ou en voie de disparition : <\/b><span style=\"font-weight: 400;\">Les articles fabriqu\u00e9s \u00e0 partir d&#8217;esp\u00e8ces figurant sur la liste des esp\u00e8ces en voie de disparition ou menac\u00e9es en vertu de la loi sur les esp\u00e8ces en voie de disparition (Endangered Species Act) ne peuvent \u00eatre commercialis\u00e9s sans les documents n\u00e9cessaires. <\/span><\/li>\n<li><b>Produits de contrefa\u00e7on : <\/b><span style=\"font-weight: 400;\">L&#8217;achat de produits contrefaits ou pirat\u00e9s, y compris de faux articles de cr\u00e9ateurs ou des reproductions non autoris\u00e9es de documents prot\u00e9g\u00e9s par des droits d&#8217;auteur, est contraire \u00e0 la loi.<\/span><\/li>\n<li><b>Drogues ill\u00e9gales<\/b><\/li>\n<li><b>Armes<\/b><\/li>\n<li><b>Certains animaux <\/b><\/li>\n<\/ul>\n<p>Il est important que les voyageurs connaissent les lois et les r\u00e9glementations<br \/>\nrelatives \u00e0 l&#8217;achat et au transport de souvenirs, tant au niveau national<br \/>\nqu&#8217;international.<\/p>\n<p>Consulter les autorit\u00e9s locales ou faire des recherches avant d&#8217;effectuer des<br \/>\nachats peut contribuer \u00e0 garantir le respect des r\u00e9glementations en vigueur et \u00e0<br \/>\npromouvoir un tourisme responsable et \u00e9thique.<\/p>\n\n\t\t<\/div>\n\t<\/div>\n<\/div><\/div><\/div><\/div><\/section><section data-vc-full-width=\"true\" data-vc-full-width-temp=\"true\" data-vc-full-width-init=\"false\" class=\"vc_section things-to-know-section-1 vc_custom_1632771849592 vc_section-has-fill\"><div class=\"vc_row wpb_row vc_row-fluid dtr-fr\"><div class=\"dtr-fr wpb_column vc_column_container vc_col-sm-12\"><div class=\"vc_column-inner\"><div class=\"wpb_wrapper\"><\/div><\/div><\/div><\/div><\/section><div class=\"vc_row-full-width vc_clearfix\"><\/div>\n<\/div>","protected":false},"excerpt":{"rendered":"SOUVENIRS ILL\u00c9GAUX AUX \u00c9TATS-UNIS Le commerce de certains souvenirs et produits peut \u00eatre restreint ou ill\u00e9gal en raison de pr\u00e9occupations li\u00e9es \u00e0 la conservation, au patrimoine culturel et \u00e0 la protection des esp\u00e8ces menac\u00e9es. Bien que les r\u00e9glementations puissent varier, voici une liste g\u00e9n\u00e9rale d'articles qu'il convient d'\u00e9viter d'acheter comme souvenirs aux \u00c9tats-Unis afin de [...]","protected":false},"author":7,"featured_media":11347,"parent":0,"menu_order":0,"comment_status":"closed","ping_status":"closed","template":"","meta":{"_acf_changed":false,"inline_featured_image":false,"footnotes":""},"categories":[50],"tags":[],"class_list":["post-11343","page","type-page","status-publish","has-post-thumbnail","hentry","category-eco"],"acf":[],"yoast_head":"<!-- This site is optimized with the Yoast SEO plugin v27.3 - https:\/\/yoast.com\/product\/yoast-seo-wordpress\/ -->\n<title>Illegal Souvenirs - Mad Tours &amp; Events<\/title>\n<meta name=\"description\" content=\"Learn about travel requirements and things you need to prepare. Read our list at Mad Tours &amp; Events before your trip.\" \/>\n<meta name=\"robots\" content=\"index, follow, max-snippet:-1, max-image-preview:large, max-video-preview:-1\" \/>\n<link rel=\"canonical\" href=\"https:\/\/madtoursandevents.com\/fr\/illegal-souvenirs\/\" \/>\n<meta property=\"og:locale\" content=\"fr_FR\" \/>\n<meta property=\"og:type\" content=\"article\" \/>\n<meta property=\"og:title\" content=\"Illegal Souvenirs - Mad Tours &amp; Events\" \/>\n<meta property=\"og:description\" content=\"Learn about travel requirements and things you need to prepare. Read our list at Mad Tours &amp; Events before your trip.\" \/>\n<meta property=\"og:url\" content=\"https:\/\/madtoursandevents.com\/fr\/illegal-souvenirs\/\" \/>\n<meta property=\"og:site_name\" content=\"Mad Tours &amp; Events\" \/>\n<meta property=\"article:publisher\" content=\"https:\/\/www.facebook.com\/madnewyorkcitytours\" \/>\n<meta property=\"article:modified_time\" content=\"2026-04-08T07:10:11+00:00\" \/>\n<meta property=\"og:image\" content=\"https:\/\/madtoursandevents.com\/wp-content\/uploads\/2024\/04\/Illegal-souvenirs-FEATURE01b.jpg\" \/>\n\t<meta property=\"og:image:width\" content=\"500\" \/>\n\t<meta property=\"og:image:height\" content=\"667\" \/>\n\t<meta property=\"og:image:type\" content=\"image\/jpeg\" \/>\n<meta name=\"twitter:card\" content=\"summary_large_image\" \/>\n<meta name=\"twitter:site\" content=\"@madfuntours\" \/>\n<meta name=\"twitter:label1\" content=\"Dur\u00e9e de lecture estim\u00e9e\" \/>\n\t<meta name=\"twitter:data1\" content=\"5 minutes\" \/>\n<script type=\"application\/ld+json\" class=\"yoast-schema-graph\">{\"@context\":\"https:\\\/\\\/schema.org\",\"@graph\":[{\"@type\":\"WebPage\",\"@id\":\"https:\\\/\\\/madtoursandevents.com\\\/illegal-souvenirs\\\/\",\"url\":\"https:\\\/\\\/madtoursandevents.com\\\/illegal-souvenirs\\\/\",\"name\":\"Illegal Souvenirs - Mad Tours &amp; Events\",\"isPartOf\":{\"@id\":\"https:\\\/\\\/madtoursandevents.com\\\/#website\"},\"primaryImageOfPage\":{\"@id\":\"https:\\\/\\\/madtoursandevents.com\\\/illegal-souvenirs\\\/#primaryimage\"},\"image\":{\"@id\":\"https:\\\/\\\/madtoursandevents.com\\\/illegal-souvenirs\\\/#primaryimage\"},\"thumbnailUrl\":\"https:\\\/\\\/madtoursandevents.com\\\/wp-content\\\/uploads\\\/2024\\\/04\\\/Illegal-souvenirs-FEATURE01b.jpg\",\"datePublished\":\"2024-04-05T07:11:07+00:00\",\"dateModified\":\"2026-04-08T07:10:11+00:00\",\"description\":\"Learn about travel requirements and things you need to prepare. Read our list at Mad Tours & Events before your trip.\",\"breadcrumb\":{\"@id\":\"https:\\\/\\\/madtoursandevents.com\\\/illegal-souvenirs\\\/#breadcrumb\"},\"inLanguage\":\"fr-FR\",\"potentialAction\":[{\"@type\":\"ReadAction\",\"target\":[\"https:\\\/\\\/madtoursandevents.com\\\/illegal-souvenirs\\\/\"]}]},{\"@type\":\"ImageObject\",\"inLanguage\":\"fr-FR\",\"@id\":\"https:\\\/\\\/madtoursandevents.com\\\/illegal-souvenirs\\\/#primaryimage\",\"url\":\"https:\\\/\\\/madtoursandevents.com\\\/wp-content\\\/uploads\\\/2024\\\/04\\\/Illegal-souvenirs-FEATURE01b.jpg\",\"contentUrl\":\"https:\\\/\\\/madtoursandevents.com\\\/wp-content\\\/uploads\\\/2024\\\/04\\\/Illegal-souvenirs-FEATURE01b.jpg\",\"width\":500,\"height\":667},{\"@type\":\"BreadcrumbList\",\"@id\":\"https:\\\/\\\/madtoursandevents.com\\\/illegal-souvenirs\\\/#breadcrumb\",\"itemListElement\":[{\"@type\":\"ListItem\",\"position\":1,\"name\":\"Home\",\"item\":\"https:\\\/\\\/madtoursandevents.com\\\/\"},{\"@type\":\"ListItem\",\"position\":2,\"name\":\"Illegal Souvenirs\"}]},{\"@type\":\"WebSite\",\"@id\":\"https:\\\/\\\/madtoursandevents.com\\\/#website\",\"url\":\"https:\\\/\\\/madtoursandevents.com\\\/\",\"name\":\"Mad Tours & Events\",\"description\":\"\",\"publisher\":{\"@id\":\"https:\\\/\\\/madtoursandevents.com\\\/#organization\"},\"potentialAction\":[{\"@type\":\"SearchAction\",\"target\":{\"@type\":\"EntryPoint\",\"urlTemplate\":\"https:\\\/\\\/madtoursandevents.com\\\/?s={search_term_string}\"},\"query-input\":{\"@type\":\"PropertyValueSpecification\",\"valueRequired\":true,\"valueName\":\"search_term_string\"}}],\"inLanguage\":\"fr-FR\"},{\"@type\":\"Organization\",\"@id\":\"https:\\\/\\\/madtoursandevents.com\\\/#organization\",\"name\":\"Mad Tours & Events\",\"url\":\"https:\\\/\\\/madtoursandevents.com\\\/\",\"logo\":{\"@type\":\"ImageObject\",\"inLanguage\":\"fr-FR\",\"@id\":\"https:\\\/\\\/madtoursandevents.com\\\/#\\\/schema\\\/logo\\\/image\\\/\",\"url\":\"https:\\\/\\\/madtoursandevents.com\\\/wp-content\\\/uploads\\\/2021\\\/08\\\/Logo.png\",\"contentUrl\":\"https:\\\/\\\/madtoursandevents.com\\\/wp-content\\\/uploads\\\/2021\\\/08\\\/Logo.png\",\"width\":204,\"height\":55,\"caption\":\"Mad Tours & Events\"},\"image\":{\"@id\":\"https:\\\/\\\/madtoursandevents.com\\\/#\\\/schema\\\/logo\\\/image\\\/\"},\"sameAs\":[\"https:\\\/\\\/www.facebook.com\\\/madnewyorkcitytours\",\"https:\\\/\\\/x.com\\\/madfuntours\"]}]}<\/script>\n<!-- \/ Yoast SEO plugin. -->","yoast_head_json":{"title":"Illegal Souvenirs - Mad Tours &amp; Events","description":"Learn about travel requirements and things you need to prepare. Read our list at Mad Tours & Events before your trip.","robots":{"index":"index","follow":"follow","max-snippet":"max-snippet:-1","max-image-preview":"max-image-preview:large","max-video-preview":"max-video-preview:-1"},"canonical":"https:\/\/madtoursandevents.com\/fr\/illegal-souvenirs\/","og_locale":"fr_FR","og_type":"article","og_title":"Illegal Souvenirs - Mad Tours &amp; Events","og_description":"Learn about travel requirements and things you need to prepare. Read our list at Mad Tours & Events before your trip.","og_url":"https:\/\/madtoursandevents.com\/fr\/illegal-souvenirs\/","og_site_name":"Mad Tours &amp; Events","article_publisher":"https:\/\/www.facebook.com\/madnewyorkcitytours","article_modified_time":"2026-04-08T07:10:11+00:00","og_image":[{"width":500,"height":667,"url":"https:\/\/madtoursandevents.com\/wp-content\/uploads\/2024\/04\/Illegal-souvenirs-FEATURE01b.jpg","type":"image\/jpeg"}],"twitter_card":"summary_large_image","twitter_site":"@madfuntours","twitter_misc":{"Dur\u00e9e de lecture estim\u00e9e":"5 minutes"},"schema":{"@context":"https:\/\/schema.org","@graph":[{"@type":"WebPage","@id":"https:\/\/madtoursandevents.com\/illegal-souvenirs\/","url":"https:\/\/madtoursandevents.com\/illegal-souvenirs\/","name":"Illegal Souvenirs - Mad Tours &amp; Events","isPartOf":{"@id":"https:\/\/madtoursandevents.com\/#website"},"primaryImageOfPage":{"@id":"https:\/\/madtoursandevents.com\/illegal-souvenirs\/#primaryimage"},"image":{"@id":"https:\/\/madtoursandevents.com\/illegal-souvenirs\/#primaryimage"},"thumbnailUrl":"https:\/\/madtoursandevents.com\/wp-content\/uploads\/2024\/04\/Illegal-souvenirs-FEATURE01b.jpg","datePublished":"2024-04-05T07:11:07+00:00","dateModified":"2026-04-08T07:10:11+00:00","description":"Learn about travel requirements and things you need to prepare. Read our list at Mad Tours & Events before your trip.","breadcrumb":{"@id":"https:\/\/madtoursandevents.com\/illegal-souvenirs\/#breadcrumb"},"inLanguage":"fr-FR","potentialAction":[{"@type":"ReadAction","target":["https:\/\/madtoursandevents.com\/illegal-souvenirs\/"]}]},{"@type":"ImageObject","inLanguage":"fr-FR","@id":"https:\/\/madtoursandevents.com\/illegal-souvenirs\/#primaryimage","url":"https:\/\/madtoursandevents.com\/wp-content\/uploads\/2024\/04\/Illegal-souvenirs-FEATURE01b.jpg","contentUrl":"https:\/\/madtoursandevents.com\/wp-content\/uploads\/2024\/04\/Illegal-souvenirs-FEATURE01b.jpg","width":500,"height":667},{"@type":"BreadcrumbList","@id":"https:\/\/madtoursandevents.com\/illegal-souvenirs\/#breadcrumb","itemListElement":[{"@type":"ListItem","position":1,"name":"Home","item":"https:\/\/madtoursandevents.com\/"},{"@type":"ListItem","position":2,"name":"Illegal Souvenirs"}]},{"@type":"WebSite","@id":"https:\/\/madtoursandevents.com\/#website","url":"https:\/\/madtoursandevents.com\/","name":"Mad Tours & Events","description":"","publisher":{"@id":"https:\/\/madtoursandevents.com\/#organization"},"potentialAction":[{"@type":"SearchAction","target":{"@type":"EntryPoint","urlTemplate":"https:\/\/madtoursandevents.com\/?s={search_term_string}"},"query-input":{"@type":"PropertyValueSpecification","valueRequired":true,"valueName":"search_term_string"}}],"inLanguage":"fr-FR"},{"@type":"Organization","@id":"https:\/\/madtoursandevents.com\/#organization","name":"Mad Tours & Events","url":"https:\/\/madtoursandevents.com\/","logo":{"@type":"ImageObject","inLanguage":"fr-FR","@id":"https:\/\/madtoursandevents.com\/#\/schema\/logo\/image\/","url":"https:\/\/madtoursandevents.com\/wp-content\/uploads\/2021\/08\/Logo.png","contentUrl":"https:\/\/madtoursandevents.com\/wp-content\/uploads\/2021\/08\/Logo.png","width":204,"height":55,"caption":"Mad Tours & Events"},"image":{"@id":"https:\/\/madtoursandevents.com\/#\/schema\/logo\/image\/"},"sameAs":["https:\/\/www.facebook.com\/madnewyorkcitytours","https:\/\/x.com\/madfuntours"]}]}},"_links":{"self":[{"href":"https:\/\/madtoursandevents.com\/fr\/wp-json\/wp\/v2\/pages\/11343","targetHints":{"allow":["GET"]}}],"collection":[{"href":"https:\/\/madtoursandevents.com\/fr\/wp-json\/wp\/v2\/pages"}],"about":[{"href":"https:\/\/madtoursandevents.com\/fr\/wp-json\/wp\/v2\/types\/page"}],"author":[{"embeddable":true,"href":"https:\/\/madtoursandevents.com\/fr\/wp-json\/wp\/v2\/users\/7"}],"replies":[{"embeddable":true,"href":"https:\/\/madtoursandevents.com\/fr\/wp-json\/wp\/v2\/comments?post=11343"}],"version-history":[{"count":11,"href":"https:\/\/madtoursandevents.com\/fr\/wp-json\/wp\/v2\/pages\/11343\/revisions"}],"predecessor-version":[{"id":13936,"href":"https:\/\/madtoursandevents.com\/fr\/wp-json\/wp\/v2\/pages\/11343\/revisions\/13936"}],"wp:featuredmedia":[{"embeddable":true,"href":"https:\/\/madtoursandevents.com\/fr\/wp-json\/wp\/v2\/media\/11347"}],"wp:attachment":[{"href":"https:\/\/madtoursandevents.com\/fr\/wp-json\/wp\/v2\/media?parent=11343"}],"wp:term":[{"taxonomy":"category","embeddable":true,"href":"https:\/\/madtoursandevents.com\/fr\/wp-json\/wp\/v2\/categories?post=11343"},{"taxonomy":"post_tag","embeddable":true,"href":"https:\/\/madtoursandevents.com\/fr\/wp-json\/wp\/v2\/tags?post=11343"}],"curies":[{"name":"wp","href":"https:\/\/api.w.org\/{rel}","templated":true}]}}