{"id":11279,"date":"2024-04-04T07:50:41","date_gmt":"2024-04-04T07:50:41","guid":{"rendered":"https:\/\/madtoursandevents.com\/?page_id=11279"},"modified":"2026-04-06T03:42:52","modified_gmt":"2026-04-06T03:42:52","slug":"insurance-offer","status":"publish","type":"page","link":"https:\/\/madtoursandevents.com\/fr\/insurance-offer\/","title":{"rendered":"Travel Insurance"},"content":{"rendered":"<div class=\"wpb-content-wrapper\"><div data-vc-full-width=\"true\" data-vc-full-width-temp=\"true\" data-vc-full-width-init=\"false\" data-vc-stretch-content=\"true\" class=\"vc_row wpb_row vc_row-fluid slider-rev mtt-title-img-row vc_row-no-padding\"><div class=\"mtt-title-img-col wpb_column vc_column_container vc_col-sm-12\"><div class=\"vc_column-inner\"><div class=\"wpb_wrapper\">\n\t<div id=\"things-to-know-image\" class=\"wpb_single_image wpb_content_element vc_align_left wpb_content_element  mtt-title-img\">\n\t\t\n\t\t<figure class=\"wpb_wrapper vc_figure\">\n\t\t\t<div class=\"vc_single_image-wrapper   vc_box_border_grey\"><img loading=\"lazy\" decoding=\"async\" width=\"1400\" height=\"450\" src=\"https:\/\/madtoursandevents.com\/wp-content\/uploads\/2024\/04\/InsuranceOffer-HEADER05b.jpg\" class=\"vc_single_image-img attachment-full\" alt=\"\" title=\"InsuranceOffer-HEADER05b\" srcset=\"https:\/\/madtoursandevents.com\/wp-content\/uploads\/2024\/04\/InsuranceOffer-HEADER05b.jpg 1400w, https:\/\/madtoursandevents.com\/wp-content\/uploads\/2024\/04\/InsuranceOffer-HEADER05b-300x96.jpg 300w, https:\/\/madtoursandevents.com\/wp-content\/uploads\/2024\/04\/InsuranceOffer-HEADER05b-1024x329.jpg 1024w, https:\/\/madtoursandevents.com\/wp-content\/uploads\/2024\/04\/InsuranceOffer-HEADER05b-768x247.jpg 768w, https:\/\/madtoursandevents.com\/wp-content\/uploads\/2024\/04\/InsuranceOffer-HEADER05b-18x6.jpg 18w, https:\/\/madtoursandevents.com\/wp-content\/uploads\/2024\/04\/InsuranceOffer-HEADER05b-600x193.jpg 600w, https:\/\/madtoursandevents.com\/wp-content\/uploads\/2024\/04\/InsuranceOffer-HEADER05b-100x32.jpg 100w\" sizes=\"auto, (max-width: 1400px) 100vw, 1400px\" \/><\/div>\n\t\t<\/figure>\n\t<\/div>\n<\/div><\/div><\/div><\/div><div class=\"vc_row-full-width vc_clearfix\"><\/div><div class=\"vc_row wpb_row vc_row-fluid main-dropdown-img dtt-dropdown-img\"><div class=\"wpb_column vc_column_container vc_col-sm-12\"><div class=\"vc_column-inner\"><div class=\"wpb_wrapper\">\n\t<div id=\"down-arrow-icon\" class=\"wpb_single_image wpb_content_element vc_align_center wpb_content_element\">\n\t\t\n\t\t<figure class=\"wpb_wrapper vc_figure\">\n\t\t\t<a href=\"#sec1\" target=\"_self\" class=\"vc_single_image-wrapper   vc_box_border_grey\"><img loading=\"lazy\" decoding=\"async\" width=\"94\" height=\"94\" src=\"https:\/\/madtoursandevents.com\/wp-content\/uploads\/2021\/08\/main-drop-arrow.png\" class=\"vc_single_image-img attachment-full\" alt=\"purple down Arrow Icon in Small Size\" title=\"main-drop-arrow\" \/><\/a>\n\t\t<\/figure>\n\t<\/div>\n<\/div><\/div><\/div><\/div><div class=\"vc_row wpb_row vc_row-fluid\"><div class=\"wpb_column vc_column_container vc_col-sm-12\"><div class=\"vc_column-inner\"><div class=\"wpb_wrapper\">\n\t<div  class=\"wpb_single_image wpb_content_element vc_align_center wpb_content_element  things-to-know-red-lines\">\n\t\t\n\t\t<figure class=\"wpb_wrapper vc_figure\">\n\t\t\t<div class=\"vc_single_image-wrapper   vc_box_border_grey\"><img loading=\"lazy\" decoding=\"async\" width=\"121\" height=\"14\" src=\"https:\/\/madtoursandevents.com\/wp-content\/uploads\/2021\/08\/All-Lines.png\" class=\"vc_single_image-img attachment-full\" alt=\"Three orange color link with no background\" title=\"All Lines\" \/><\/div>\n\t\t<\/figure>\n\t<\/div>\n<\/div><\/div><\/div><\/div><section class=\"vc_section vc_custom_1714534064785 vc_section-has-fill\"><div id=\"French\" class=\"vc_row wpb_row vc_row-fluid dtr-fr\"><div class=\"dtr-fr wpb_column vc_column_container vc_col-sm-12\"><div class=\"vc_column-inner\"><div class=\"wpb_wrapper\">\n\t<div class=\"wpb_text_column wpb_content_element dtr-fr\" >\n\t\t<div class=\"wpb_wrapper\">\n\t\t\t<h3 style=\"text-align: center;\"><span style=\"color: #4472c4;\"><b>UN PEPIN ? RASSUREZ-VOUS NOUS SOMMES LA ! <span style=\"font-weight: 400;\">Soucrivez \u00e0 l\u2019assurance CHAPKA en quelques <\/span>clics !<\/b><\/span><\/h3>\n<hr \/>\n<ul>\n<li><span style=\"color: #4472c4;\">Dans le contexte actuel, nous souhaitons vous offrir la tranquillit\u00e9 d&#8217;esprit lors de votre voyage afin que vous puissiez pleinement profiter de votre s\u00e9jour. MAD Tours and Events a \u00e9tabli un partenariat avec l&#8217;assurance annulation Chapka, vous offrant ainsi la possibilit\u00e9 de souscrire \u00e0 une assurance pour votre s\u00e9jour. Cependant, aucune obligation ne vous est impos\u00e9e. Notre partenaire vous accorde un d\u00e9lai de 2 jours \u00e0 partir de la confirmation de votre voyage pour d\u00e9cider si vous souhaitez souscrire \u00e0 ces assurances.<\/span><span style=\"color: #4472c4;\">Chapka a n\u00e9goci\u00e9 pour vous des\u00a0<\/span><span style=\"color: #4472c4;\"><b>garanties exclusives li\u00e9es au Covid-19<\/b><\/span><span style=\"color: #4472c4;\"><span style=\"color: #4472c4;\"><span style=\"color: #4472c4;\"><span style=\"color: #4472c4;\"><span style=\"color: #4472c4;\"> avant ou pendant votre voyage, ainsi que des assurances avant et pendant votre voyage:<\/span><\/span><\/span><\/span><\/span><\/li>\n<\/ul>\n\n\t\t<\/div>\n\t<\/div>\n<div class=\"vc_btn3-container  wpb_animate_when_almost_visible wpb_fadeIn fadeIn vc_btn3-inline vc_custom_1712299397970 vc_do_btn\" ><a class=\"vc_general vc_btn3 vc_btn3-size-md vc_btn3-shape-rounded vc_btn3-style-3d vc_btn3-color-sky\" href=\"https:\/\/www.chapkadirect.fr\/index.php?action=produit&#038;id=824&#038;app=madtoursandevents\" title=\"\">Cliquez ici pour faire une demande d\u2019assurance voyage<\/a><\/div>\n\t<div class=\"wpb_text_column wpb_content_element dtr-fr\" >\n\t\t<div class=\"wpb_wrapper\">\n\t\t\t<ul>\n<li style=\"list-style-type: none;\">\n<ul>\n<li><a href=\"https:\/\/www.chapkadirect.fr\/index.php?action=produit&amp;id=924\"><span style=\"color: #4472c4;\"><u><b>Cap Assistance 24\/24<\/b><\/u><\/span><\/a><a href=\"https:\/\/www.chapkadirect.fr\/index.php?action=produit&amp;id=924\"><span style=\"color: #4472c4;\"><u><br \/>\nL&#8217;assurance assistance et rapatriement pour votre voyage de moins de 3 mois<\/u><\/span><\/a><\/li>\n<li><a href=\"https:\/\/www.chapkadirect.fr\/index.php?action=produit&amp;id=839\"><span style=\"color: #4472c4;\"><u><b>Cap Annulation<\/b><\/u><\/span><\/a><a href=\"https:\/\/www.chapkadirect.fr\/index.php?action=produit&amp;id=839\"><span style=\"color: #4472c4;\"><u><br \/>\nL&#8217;assurance annulation de votre voyage<\/u><\/span><\/a><\/li>\n<li><a href=\"https:\/\/www.chapkadirect.fr\/index.php?action=produit&amp;id=871\"><span style=\"color: #4472c4;\"><u><b>Cap Groupe<\/b><\/u><\/span><\/a><a href=\"https:\/\/www.chapkadirect.fr\/index.php?action=produit&amp;id=871\"><span style=\"color: #4472c4;\"><u><br \/>\nL&#8217;assurance pour votre voyage en groupe 10 personnes et plus<\/u><\/span><\/a><\/li>\n<\/ul>\n<\/li>\n<\/ul>\n\n\t\t<\/div>\n\t<\/div>\n<\/div><\/div><\/div><\/div><\/section>\n<\/div>","protected":false},"excerpt":{"rendered":"UN PEPIN ? RASSUREZ-VOUS NOUS SOMMES LA ! Soucrivez \u00e0 l\u2019assurance CHAPKA en quelques clics ! Dans le contexte actuel, nous souhaitons vous offrir la tranquillit\u00e9 d'esprit lors de votre voyage afin que vous puissiez pleinement profiter de votre s\u00e9jour. MAD Tours and Events a \u00e9tabli un partenariat avec l'assurance annulation Chapka, vous offrant ainsi [...]","protected":false},"author":7,"featured_media":0,"parent":0,"menu_order":0,"comment_status":"closed","ping_status":"closed","template":"","meta":{"_acf_changed":false,"inline_featured_image":false,"footnotes":""},"categories":[],"tags":[],"class_list":["post-11279","page","type-page","status-publish","hentry"],"acf":[],"yoast_head":"<!-- This site is optimized with the Yoast SEO plugin v27.3 - https:\/\/yoast.com\/product\/yoast-seo-wordpress\/ -->\n<title>Travel Insurance - Mad Tours &amp; Events<\/title>\n<meta name=\"description\" content=\"Learn about travel requirements and things you need to prepare. Read our list at Mad Tours &amp; Events before your trip.\" \/>\n<meta name=\"robots\" content=\"index, follow, max-snippet:-1, max-image-preview:large, max-video-preview:-1\" \/>\n<link rel=\"canonical\" href=\"https:\/\/madtoursandevents.com\/fr\/insurance-offer\/\" \/>\n<meta property=\"og:locale\" content=\"fr_FR\" \/>\n<meta property=\"og:type\" content=\"article\" \/>\n<meta property=\"og:title\" content=\"Travel Insurance - Mad Tours &amp; Events\" \/>\n<meta property=\"og:description\" content=\"Learn about travel requirements and things you need to prepare. Read our list at Mad Tours &amp; Events before your trip.\" \/>\n<meta property=\"og:url\" content=\"https:\/\/madtoursandevents.com\/fr\/insurance-offer\/\" \/>\n<meta property=\"og:site_name\" content=\"Mad Tours &amp; Events\" \/>\n<meta property=\"article:publisher\" content=\"https:\/\/www.facebook.com\/madnewyorkcitytours\" \/>\n<meta property=\"article:modified_time\" content=\"2026-04-06T03:42:52+00:00\" \/>\n<meta name=\"twitter:card\" content=\"summary_large_image\" \/>\n<meta name=\"twitter:site\" content=\"@madfuntours\" \/>\n<meta name=\"twitter:label1\" content=\"Dur\u00e9e de lecture estim\u00e9e\" \/>\n\t<meta name=\"twitter:data1\" content=\"4 minutes\" \/>\n<script type=\"application\/ld+json\" class=\"yoast-schema-graph\">{\"@context\":\"https:\\\/\\\/schema.org\",\"@graph\":[{\"@type\":\"WebPage\",\"@id\":\"https:\\\/\\\/madtoursandevents.com\\\/insurance-offer\\\/\",\"url\":\"https:\\\/\\\/madtoursandevents.com\\\/insurance-offer\\\/\",\"name\":\"Travel Insurance - Mad Tours &amp; Events\",\"isPartOf\":{\"@id\":\"https:\\\/\\\/madtoursandevents.com\\\/#website\"},\"datePublished\":\"2024-04-04T07:50:41+00:00\",\"dateModified\":\"2026-04-06T03:42:52+00:00\",\"description\":\"Learn about travel requirements and things you need to prepare. Read our list at Mad Tours & Events before your trip.\",\"breadcrumb\":{\"@id\":\"https:\\\/\\\/madtoursandevents.com\\\/insurance-offer\\\/#breadcrumb\"},\"inLanguage\":\"fr-FR\",\"potentialAction\":[{\"@type\":\"ReadAction\",\"target\":[\"https:\\\/\\\/madtoursandevents.com\\\/insurance-offer\\\/\"]}]},{\"@type\":\"BreadcrumbList\",\"@id\":\"https:\\\/\\\/madtoursandevents.com\\\/insurance-offer\\\/#breadcrumb\",\"itemListElement\":[{\"@type\":\"ListItem\",\"position\":1,\"name\":\"Home\",\"item\":\"https:\\\/\\\/madtoursandevents.com\\\/\"},{\"@type\":\"ListItem\",\"position\":2,\"name\":\"Travel Insurance\"}]},{\"@type\":\"WebSite\",\"@id\":\"https:\\\/\\\/madtoursandevents.com\\\/#website\",\"url\":\"https:\\\/\\\/madtoursandevents.com\\\/\",\"name\":\"Mad Tours & Events\",\"description\":\"\",\"publisher\":{\"@id\":\"https:\\\/\\\/madtoursandevents.com\\\/#organization\"},\"potentialAction\":[{\"@type\":\"SearchAction\",\"target\":{\"@type\":\"EntryPoint\",\"urlTemplate\":\"https:\\\/\\\/madtoursandevents.com\\\/?s={search_term_string}\"},\"query-input\":{\"@type\":\"PropertyValueSpecification\",\"valueRequired\":true,\"valueName\":\"search_term_string\"}}],\"inLanguage\":\"fr-FR\"},{\"@type\":\"Organization\",\"@id\":\"https:\\\/\\\/madtoursandevents.com\\\/#organization\",\"name\":\"Mad Tours & Events\",\"url\":\"https:\\\/\\\/madtoursandevents.com\\\/\",\"logo\":{\"@type\":\"ImageObject\",\"inLanguage\":\"fr-FR\",\"@id\":\"https:\\\/\\\/madtoursandevents.com\\\/#\\\/schema\\\/logo\\\/image\\\/\",\"url\":\"https:\\\/\\\/madtoursandevents.com\\\/wp-content\\\/uploads\\\/2021\\\/08\\\/Logo.png\",\"contentUrl\":\"https:\\\/\\\/madtoursandevents.com\\\/wp-content\\\/uploads\\\/2021\\\/08\\\/Logo.png\",\"width\":204,\"height\":55,\"caption\":\"Mad Tours & Events\"},\"image\":{\"@id\":\"https:\\\/\\\/madtoursandevents.com\\\/#\\\/schema\\\/logo\\\/image\\\/\"},\"sameAs\":[\"https:\\\/\\\/www.facebook.com\\\/madnewyorkcitytours\",\"https:\\\/\\\/x.com\\\/madfuntours\"]}]}<\/script>\n<!-- \/ Yoast SEO plugin. -->","yoast_head_json":{"title":"Travel Insurance - Mad Tours &amp; Events","description":"Learn about travel requirements and things you need to prepare. Read our list at Mad Tours & Events before your trip.","robots":{"index":"index","follow":"follow","max-snippet":"max-snippet:-1","max-image-preview":"max-image-preview:large","max-video-preview":"max-video-preview:-1"},"canonical":"https:\/\/madtoursandevents.com\/fr\/insurance-offer\/","og_locale":"fr_FR","og_type":"article","og_title":"Travel Insurance - Mad Tours &amp; Events","og_description":"Learn about travel requirements and things you need to prepare. Read our list at Mad Tours & Events before your trip.","og_url":"https:\/\/madtoursandevents.com\/fr\/insurance-offer\/","og_site_name":"Mad Tours &amp; Events","article_publisher":"https:\/\/www.facebook.com\/madnewyorkcitytours","article_modified_time":"2026-04-06T03:42:52+00:00","twitter_card":"summary_large_image","twitter_site":"@madfuntours","twitter_misc":{"Dur\u00e9e de lecture estim\u00e9e":"4 minutes"},"schema":{"@context":"https:\/\/schema.org","@graph":[{"@type":"WebPage","@id":"https:\/\/madtoursandevents.com\/insurance-offer\/","url":"https:\/\/madtoursandevents.com\/insurance-offer\/","name":"Travel Insurance - Mad Tours &amp; Events","isPartOf":{"@id":"https:\/\/madtoursandevents.com\/#website"},"datePublished":"2024-04-04T07:50:41+00:00","dateModified":"2026-04-06T03:42:52+00:00","description":"Learn about travel requirements and things you need to prepare. Read our list at Mad Tours & Events before your trip.","breadcrumb":{"@id":"https:\/\/madtoursandevents.com\/insurance-offer\/#breadcrumb"},"inLanguage":"fr-FR","potentialAction":[{"@type":"ReadAction","target":["https:\/\/madtoursandevents.com\/insurance-offer\/"]}]},{"@type":"BreadcrumbList","@id":"https:\/\/madtoursandevents.com\/insurance-offer\/#breadcrumb","itemListElement":[{"@type":"ListItem","position":1,"name":"Home","item":"https:\/\/madtoursandevents.com\/"},{"@type":"ListItem","position":2,"name":"Travel Insurance"}]},{"@type":"WebSite","@id":"https:\/\/madtoursandevents.com\/#website","url":"https:\/\/madtoursandevents.com\/","name":"Mad Tours & Events","description":"","publisher":{"@id":"https:\/\/madtoursandevents.com\/#organization"},"potentialAction":[{"@type":"SearchAction","target":{"@type":"EntryPoint","urlTemplate":"https:\/\/madtoursandevents.com\/?s={search_term_string}"},"query-input":{"@type":"PropertyValueSpecification","valueRequired":true,"valueName":"search_term_string"}}],"inLanguage":"fr-FR"},{"@type":"Organization","@id":"https:\/\/madtoursandevents.com\/#organization","name":"Mad Tours & Events","url":"https:\/\/madtoursandevents.com\/","logo":{"@type":"ImageObject","inLanguage":"fr-FR","@id":"https:\/\/madtoursandevents.com\/#\/schema\/logo\/image\/","url":"https:\/\/madtoursandevents.com\/wp-content\/uploads\/2021\/08\/Logo.png","contentUrl":"https:\/\/madtoursandevents.com\/wp-content\/uploads\/2021\/08\/Logo.png","width":204,"height":55,"caption":"Mad Tours & Events"},"image":{"@id":"https:\/\/madtoursandevents.com\/#\/schema\/logo\/image\/"},"sameAs":["https:\/\/www.facebook.com\/madnewyorkcitytours","https:\/\/x.com\/madfuntours"]}]}},"_links":{"self":[{"href":"https:\/\/madtoursandevents.com\/fr\/wp-json\/wp\/v2\/pages\/11279","targetHints":{"allow":["GET"]}}],"collection":[{"href":"https:\/\/madtoursandevents.com\/fr\/wp-json\/wp\/v2\/pages"}],"about":[{"href":"https:\/\/madtoursandevents.com\/fr\/wp-json\/wp\/v2\/types\/page"}],"author":[{"embeddable":true,"href":"https:\/\/madtoursandevents.com\/fr\/wp-json\/wp\/v2\/users\/7"}],"replies":[{"embeddable":true,"href":"https:\/\/madtoursandevents.com\/fr\/wp-json\/wp\/v2\/comments?post=11279"}],"version-history":[{"count":39,"href":"https:\/\/madtoursandevents.com\/fr\/wp-json\/wp\/v2\/pages\/11279\/revisions"}],"predecessor-version":[{"id":13910,"href":"https:\/\/madtoursandevents.com\/fr\/wp-json\/wp\/v2\/pages\/11279\/revisions\/13910"}],"wp:attachment":[{"href":"https:\/\/madtoursandevents.com\/fr\/wp-json\/wp\/v2\/media?parent=11279"}],"wp:term":[{"taxonomy":"category","embeddable":true,"href":"https:\/\/madtoursandevents.com\/fr\/wp-json\/wp\/v2\/categories?post=11279"},{"taxonomy":"post_tag","embeddable":true,"href":"https:\/\/madtoursandevents.com\/fr\/wp-json\/wp\/v2\/tags?post=11279"}],"curies":[{"name":"wp","href":"https:\/\/api.w.org\/{rel}","templated":true}]}}