{"id":10920,"date":"2024-01-04T08:29:00","date_gmt":"2024-01-04T08:29:00","guid":{"rendered":"https:\/\/madtoursandevents.com\/?page_id=10920"},"modified":"2025-12-09T16:13:53","modified_gmt":"2025-12-09T16:13:53","slug":"supporting-local-restaurants-and-shops","status":"publish","type":"page","link":"https:\/\/madtoursandevents.com\/fr\/supporting-local-restaurants-and-shops\/","title":{"rendered":"Soutien aux communit\u00e9s locales"},"content":{"rendered":"<div class=\"wpb-content-wrapper\"><div id=\"sus-banner-row\" data-vc-full-width=\"true\" data-vc-full-width-temp=\"true\" data-vc-full-width-init=\"false\" data-vc-stretch-content=\"true\" class=\"vc_row wpb_row vc_row-fluid slider-rev mtt-title-img-row vc_row-no-padding\"><div class=\"mtt-title-img-col wpb_column vc_column_container vc_col-sm-12\"><div class=\"vc_column-inner\"><div class=\"wpb_wrapper\">\n\t<div id=\"sus-banner\" class=\"wpb_single_image wpb_content_element vc_align_left wpb_content_element vc_custom_1704358119907  mtt-title-img\">\n\t\t\n\t\t<figure class=\"wpb_wrapper vc_figure\">\n\t\t\t<div class=\"vc_single_image-wrapper   vc_box_border_grey\"><img loading=\"lazy\" decoding=\"async\" width=\"1400\" height=\"450\" src=\"https:\/\/madtoursandevents.com\/wp-content\/uploads\/2024\/01\/SupportLocal-Banner02.jpg\" class=\"vc_single_image-img attachment-full\" alt=\"\" title=\"SupportLocal-Banner02\" srcset=\"https:\/\/madtoursandevents.com\/wp-content\/uploads\/2024\/01\/SupportLocal-Banner02.jpg 1400w, https:\/\/madtoursandevents.com\/wp-content\/uploads\/2024\/01\/SupportLocal-Banner02-300x96.jpg 300w, https:\/\/madtoursandevents.com\/wp-content\/uploads\/2024\/01\/SupportLocal-Banner02-1024x329.jpg 1024w, https:\/\/madtoursandevents.com\/wp-content\/uploads\/2024\/01\/SupportLocal-Banner02-768x247.jpg 768w, https:\/\/madtoursandevents.com\/wp-content\/uploads\/2024\/01\/SupportLocal-Banner02-18x6.jpg 18w, https:\/\/madtoursandevents.com\/wp-content\/uploads\/2024\/01\/SupportLocal-Banner02-600x193.jpg 600w, https:\/\/madtoursandevents.com\/wp-content\/uploads\/2024\/01\/SupportLocal-Banner02-100x32.jpg 100w\" sizes=\"auto, (max-width: 1400px) 100vw, 1400px\" \/><\/div>\n\t\t<\/figure>\n\t<\/div>\n<\/div><\/div><\/div><\/div><div class=\"vc_row-full-width vc_clearfix\"><\/div><div class=\"vc_row wpb_row vc_row-fluid main-dropdown-img dtt-dropdown-img\"><div class=\"wpb_column vc_column_container vc_col-sm-12\"><div class=\"vc_column-inner\"><div class=\"wpb_wrapper\">\n\t<div id=\"down-arrow-icon\" class=\"wpb_single_image wpb_content_element vc_align_center wpb_content_element  sus-down-arrow\">\n\t\t\n\t\t<figure class=\"wpb_wrapper vc_figure\">\n\t\t\t<a href=\"#sec1\" target=\"_self\" class=\"vc_single_image-wrapper   vc_box_border_grey\"><img loading=\"lazy\" decoding=\"async\" width=\"94\" height=\"94\" src=\"https:\/\/madtoursandevents.com\/wp-content\/uploads\/2021\/08\/main-drop-arrow.png\" class=\"vc_single_image-img attachment-full\" alt=\"purple down Arrow Icon in Small Size\" title=\"main-drop-arrow\" \/><\/a>\n\t\t<\/figure>\n\t<\/div>\n<\/div><\/div><\/div><\/div><div class=\"vc_row wpb_row vc_row-fluid\"><div class=\"wpb_column vc_column_container vc_col-sm-12\"><div class=\"vc_column-inner\"><div class=\"wpb_wrapper\">\n\t<div  class=\"wpb_single_image wpb_content_element vc_align_center wpb_content_element  3lines\">\n\t\t\n\t\t<figure class=\"wpb_wrapper vc_figure\">\n\t\t\t<div class=\"vc_single_image-wrapper   vc_box_border_grey\"><img loading=\"lazy\" decoding=\"async\" width=\"121\" height=\"14\" src=\"https:\/\/madtoursandevents.com\/wp-content\/uploads\/2021\/08\/All-Lines.png\" class=\"vc_single_image-img attachment-full\" alt=\"Three orange color link with no background\" title=\"All Lines\" \/><\/div>\n\t\t<\/figure>\n\t<\/div>\n<\/div><\/div><\/div><\/div><div id=\"sec1\" data-vc-full-width=\"true\" data-vc-full-width-temp=\"true\" data-vc-full-width-init=\"false\" class=\"vc_row wpb_row vc_row-fluid dtt-cvd-bg dtt-cv-bg\"><div class=\"dtt-cv-p wpb_column vc_column_container vc_col-sm-12\"><div class=\"vc_column-inner\"><div class=\"wpb_wrapper\">\n\t<div class=\"wpb_text_column wpb_content_element\" >\n\t\t<div class=\"wpb_wrapper\">\n\t\t\t<h3 id=\"sus-desc-title\" style=\"font-weight: 400; text-align: center;\"><b>Soutenez les restaurants et les commerces locaux<\/b><\/h3>\n<p><strong><img loading=\"lazy\" decoding=\"async\" class=\"support-local-img alignright wp-image-10924\" src=\"https:\/\/madtoursandevents.com\/wp-content\/uploads\/2024\/01\/SupportLocal-Image01-300x185.png\" alt=\"\" width=\"500\" height=\"308\" srcset=\"https:\/\/madtoursandevents.com\/wp-content\/uploads\/2024\/01\/SupportLocal-Image01-300x185.png 300w, https:\/\/madtoursandevents.com\/wp-content\/uploads\/2024\/01\/SupportLocal-Image01-768x473.png 768w, https:\/\/madtoursandevents.com\/wp-content\/uploads\/2024\/01\/SupportLocal-Image01-18x12.png 18w, https:\/\/madtoursandevents.com\/wp-content\/uploads\/2024\/01\/SupportLocal-Image01-600x369.png 600w, https:\/\/madtoursandevents.com\/wp-content\/uploads\/2024\/01\/SupportLocal-Image01-100x62.png 100w, https:\/\/madtoursandevents.com\/wp-content\/uploads\/2024\/01\/SupportLocal-Image01.png 780w\" sizes=\"auto, (max-width: 500px) 100vw, 500px\" \/><\/strong><\/p>\n<p>&nbsp;<\/p>\n<p style=\"font-weight: 400;\">Nous souhaitons vous encourager et vous motiver \u00e0 soutenir les restaurants et les commerces locaux de votre communaut\u00e9. En choisissant de d\u00eener dans des restaurants locaux et de faire vos achats dans des magasins de quartier, vous ne savourez pas seulement des saveurs uniques et d\u00e9couvrez des produits uniques, mais vous avez \u00e9galement un impact positif significatif sur l&#8217;\u00e9conomie locale. Votre soutien contribue directement aux moyens de subsistance de vos concitoyens et favorise un sentiment de solidarit\u00e9. De plus, ces entreprises locales offrent souvent un service exceptionnellement personnalis\u00e9 et contribuent au caract\u00e8re et \u00e0 la vitalit\u00e9 de votre communaut\u00e9. En plus de profiter de la commodit\u00e9 des options locales, vous investissez \u00e9galement dans la croissance et la durabilit\u00e9 de la r\u00e9gion que vous appelez chez vous. Alors, pourquoi ne pas explorer et d\u00e9couvrir les tr\u00e9sors cach\u00e9s lors de votre sejour ? Vos choix peuvent r\u00e9ellement faire la diff\u00e9rence, et vous constaterez que votre communaut\u00e9 en est plus riche.<\/p>\n\n\t\t<\/div>\n\t<\/div>\n<\/div><\/div><\/div><\/div><div class=\"vc_row-full-width vc_clearfix\"><\/div>\n<\/div>","protected":false},"excerpt":{"rendered":"Soutenez les restaurants et les commerces locaux &nbsp; Nous souhaitons vous encourager et vous motiver \u00e0 soutenir les restaurants et les commerces locaux de votre communaut\u00e9. En choisissant de d\u00eener dans des restaurants locaux et de faire vos achats dans des magasins de quartier, vous ne savourez pas seulement des saveurs uniques et d\u00e9couvrez des [...]","protected":false},"author":7,"featured_media":11336,"parent":0,"menu_order":0,"comment_status":"closed","ping_status":"closed","template":"","meta":{"_acf_changed":false,"inline_featured_image":false,"footnotes":""},"categories":[50],"tags":[],"class_list":["post-10920","page","type-page","status-publish","has-post-thumbnail","hentry","category-eco"],"acf":[],"yoast_head":"<!-- This site is optimized with the Yoast SEO plugin v27.3 - https:\/\/yoast.com\/product\/yoast-seo-wordpress\/ -->\n<title>Supporting local Restaurants and shops<\/title>\n<meta name=\"description\" content=\"We are committed to safeguarding and conserving the natural and human resources of the communities for the enjoyment of current and future generations, both for tourists and locals.\" \/>\n<meta name=\"robots\" content=\"index, follow, max-snippet:-1, max-image-preview:large, max-video-preview:-1\" \/>\n<link rel=\"canonical\" href=\"https:\/\/madtoursandevents.com\/fr\/supporting-local-restaurants-and-shops\/\" \/>\n<meta property=\"og:locale\" content=\"fr_FR\" \/>\n<meta property=\"og:type\" content=\"article\" \/>\n<meta property=\"og:title\" content=\"Supporting local Restaurants and shops\" \/>\n<meta property=\"og:description\" content=\"We are committed to safeguarding and conserving the natural and human resources of the communities for the enjoyment of current and future generations, both for tourists and locals.\" \/>\n<meta property=\"og:url\" content=\"https:\/\/madtoursandevents.com\/fr\/supporting-local-restaurants-and-shops\/\" \/>\n<meta property=\"og:site_name\" content=\"Mad Tours &amp; Events\" \/>\n<meta property=\"article:publisher\" content=\"https:\/\/www.facebook.com\/madnewyorkcitytours\" \/>\n<meta property=\"article:modified_time\" content=\"2025-12-09T16:13:53+00:00\" \/>\n<meta property=\"og:image\" content=\"https:\/\/madtoursandevents.com\/wp-content\/uploads\/2024\/04\/SupportLocal-FEATURE01b.jpg\" \/>\n\t<meta property=\"og:image:width\" content=\"500\" \/>\n\t<meta property=\"og:image:height\" content=\"667\" \/>\n\t<meta property=\"og:image:type\" content=\"image\/jpeg\" \/>\n<meta name=\"twitter:card\" content=\"summary_large_image\" \/>\n<meta name=\"twitter:site\" content=\"@madfuntours\" \/>\n<meta name=\"twitter:label1\" content=\"Dur\u00e9e de lecture estim\u00e9e\" \/>\n\t<meta name=\"twitter:data1\" content=\"5 minutes\" \/>\n<script type=\"application\/ld+json\" class=\"yoast-schema-graph\">{\"@context\":\"https:\\\/\\\/schema.org\",\"@graph\":[{\"@type\":\"WebPage\",\"@id\":\"https:\\\/\\\/madtoursandevents.com\\\/supporting-local-restaurants-and-shops\\\/\",\"url\":\"https:\\\/\\\/madtoursandevents.com\\\/supporting-local-restaurants-and-shops\\\/\",\"name\":\"Supporting local Restaurants and shops\",\"isPartOf\":{\"@id\":\"https:\\\/\\\/madtoursandevents.com\\\/#website\"},\"primaryImageOfPage\":{\"@id\":\"https:\\\/\\\/madtoursandevents.com\\\/supporting-local-restaurants-and-shops\\\/#primaryimage\"},\"image\":{\"@id\":\"https:\\\/\\\/madtoursandevents.com\\\/supporting-local-restaurants-and-shops\\\/#primaryimage\"},\"thumbnailUrl\":\"https:\\\/\\\/madtoursandevents.com\\\/wp-content\\\/uploads\\\/2024\\\/04\\\/SupportLocal-FEATURE01b.jpg\",\"datePublished\":\"2024-01-04T08:29:00+00:00\",\"dateModified\":\"2025-12-09T16:13:53+00:00\",\"description\":\"We are committed to safeguarding and conserving the natural and human resources of the communities for the enjoyment of current and future generations, both for tourists and locals.\",\"breadcrumb\":{\"@id\":\"https:\\\/\\\/madtoursandevents.com\\\/supporting-local-restaurants-and-shops\\\/#breadcrumb\"},\"inLanguage\":\"fr-FR\",\"potentialAction\":[{\"@type\":\"ReadAction\",\"target\":[\"https:\\\/\\\/madtoursandevents.com\\\/supporting-local-restaurants-and-shops\\\/\"]}]},{\"@type\":\"ImageObject\",\"inLanguage\":\"fr-FR\",\"@id\":\"https:\\\/\\\/madtoursandevents.com\\\/supporting-local-restaurants-and-shops\\\/#primaryimage\",\"url\":\"https:\\\/\\\/madtoursandevents.com\\\/wp-content\\\/uploads\\\/2024\\\/04\\\/SupportLocal-FEATURE01b.jpg\",\"contentUrl\":\"https:\\\/\\\/madtoursandevents.com\\\/wp-content\\\/uploads\\\/2024\\\/04\\\/SupportLocal-FEATURE01b.jpg\",\"width\":500,\"height\":667},{\"@type\":\"BreadcrumbList\",\"@id\":\"https:\\\/\\\/madtoursandevents.com\\\/supporting-local-restaurants-and-shops\\\/#breadcrumb\",\"itemListElement\":[{\"@type\":\"ListItem\",\"position\":1,\"name\":\"Home\",\"item\":\"https:\\\/\\\/madtoursandevents.com\\\/\"},{\"@type\":\"ListItem\",\"position\":2,\"name\":\"Supporting local Restaurants and shops\"}]},{\"@type\":\"WebSite\",\"@id\":\"https:\\\/\\\/madtoursandevents.com\\\/#website\",\"url\":\"https:\\\/\\\/madtoursandevents.com\\\/\",\"name\":\"Mad Tours & Events\",\"description\":\"\",\"publisher\":{\"@id\":\"https:\\\/\\\/madtoursandevents.com\\\/#organization\"},\"potentialAction\":[{\"@type\":\"SearchAction\",\"target\":{\"@type\":\"EntryPoint\",\"urlTemplate\":\"https:\\\/\\\/madtoursandevents.com\\\/?s={search_term_string}\"},\"query-input\":{\"@type\":\"PropertyValueSpecification\",\"valueRequired\":true,\"valueName\":\"search_term_string\"}}],\"inLanguage\":\"fr-FR\"},{\"@type\":\"Organization\",\"@id\":\"https:\\\/\\\/madtoursandevents.com\\\/#organization\",\"name\":\"Mad Tours & Events\",\"url\":\"https:\\\/\\\/madtoursandevents.com\\\/\",\"logo\":{\"@type\":\"ImageObject\",\"inLanguage\":\"fr-FR\",\"@id\":\"https:\\\/\\\/madtoursandevents.com\\\/#\\\/schema\\\/logo\\\/image\\\/\",\"url\":\"https:\\\/\\\/madtoursandevents.com\\\/wp-content\\\/uploads\\\/2021\\\/08\\\/Logo.png\",\"contentUrl\":\"https:\\\/\\\/madtoursandevents.com\\\/wp-content\\\/uploads\\\/2021\\\/08\\\/Logo.png\",\"width\":204,\"height\":55,\"caption\":\"Mad Tours & Events\"},\"image\":{\"@id\":\"https:\\\/\\\/madtoursandevents.com\\\/#\\\/schema\\\/logo\\\/image\\\/\"},\"sameAs\":[\"https:\\\/\\\/www.facebook.com\\\/madnewyorkcitytours\",\"https:\\\/\\\/x.com\\\/madfuntours\"]}]}<\/script>\n<!-- \/ Yoast SEO plugin. -->","yoast_head_json":{"title":"Soutien aux communit\u00e9s locales","description":"We are committed to safeguarding and conserving the natural and human resources of the communities for the enjoyment of current and future generations, both for tourists and locals.","robots":{"index":"index","follow":"follow","max-snippet":"max-snippet:-1","max-image-preview":"max-image-preview:large","max-video-preview":"max-video-preview:-1"},"canonical":"https:\/\/madtoursandevents.com\/fr\/supporting-local-restaurants-and-shops\/","og_locale":"fr_FR","og_type":"article","og_title":"Supporting local Restaurants and shops","og_description":"We are committed to safeguarding and conserving the natural and human resources of the communities for the enjoyment of current and future generations, both for tourists and locals.","og_url":"https:\/\/madtoursandevents.com\/fr\/supporting-local-restaurants-and-shops\/","og_site_name":"Mad Tours &amp; Events","article_publisher":"https:\/\/www.facebook.com\/madnewyorkcitytours","article_modified_time":"2025-12-09T16:13:53+00:00","og_image":[{"width":500,"height":667,"url":"https:\/\/madtoursandevents.com\/wp-content\/uploads\/2024\/04\/SupportLocal-FEATURE01b.jpg","type":"image\/jpeg"}],"twitter_card":"summary_large_image","twitter_site":"@madfuntours","twitter_misc":{"Dur\u00e9e de lecture estim\u00e9e":"5 minutes"},"schema":{"@context":"https:\/\/schema.org","@graph":[{"@type":"WebPage","@id":"https:\/\/madtoursandevents.com\/supporting-local-restaurants-and-shops\/","url":"https:\/\/madtoursandevents.com\/supporting-local-restaurants-and-shops\/","name":"Soutien aux communit\u00e9s locales","isPartOf":{"@id":"https:\/\/madtoursandevents.com\/#website"},"primaryImageOfPage":{"@id":"https:\/\/madtoursandevents.com\/supporting-local-restaurants-and-shops\/#primaryimage"},"image":{"@id":"https:\/\/madtoursandevents.com\/supporting-local-restaurants-and-shops\/#primaryimage"},"thumbnailUrl":"https:\/\/madtoursandevents.com\/wp-content\/uploads\/2024\/04\/SupportLocal-FEATURE01b.jpg","datePublished":"2024-01-04T08:29:00+00:00","dateModified":"2025-12-09T16:13:53+00:00","description":"We are committed to safeguarding and conserving the natural and human resources of the communities for the enjoyment of current and future generations, both for tourists and locals.","breadcrumb":{"@id":"https:\/\/madtoursandevents.com\/supporting-local-restaurants-and-shops\/#breadcrumb"},"inLanguage":"fr-FR","potentialAction":[{"@type":"ReadAction","target":["https:\/\/madtoursandevents.com\/supporting-local-restaurants-and-shops\/"]}]},{"@type":"ImageObject","inLanguage":"fr-FR","@id":"https:\/\/madtoursandevents.com\/supporting-local-restaurants-and-shops\/#primaryimage","url":"https:\/\/madtoursandevents.com\/wp-content\/uploads\/2024\/04\/SupportLocal-FEATURE01b.jpg","contentUrl":"https:\/\/madtoursandevents.com\/wp-content\/uploads\/2024\/04\/SupportLocal-FEATURE01b.jpg","width":500,"height":667},{"@type":"BreadcrumbList","@id":"https:\/\/madtoursandevents.com\/supporting-local-restaurants-and-shops\/#breadcrumb","itemListElement":[{"@type":"ListItem","position":1,"name":"Home","item":"https:\/\/madtoursandevents.com\/"},{"@type":"ListItem","position":2,"name":"Supporting local Restaurants and shops"}]},{"@type":"WebSite","@id":"https:\/\/madtoursandevents.com\/#website","url":"https:\/\/madtoursandevents.com\/","name":"Mad Tours & Events","description":"","publisher":{"@id":"https:\/\/madtoursandevents.com\/#organization"},"potentialAction":[{"@type":"SearchAction","target":{"@type":"EntryPoint","urlTemplate":"https:\/\/madtoursandevents.com\/?s={search_term_string}"},"query-input":{"@type":"PropertyValueSpecification","valueRequired":true,"valueName":"search_term_string"}}],"inLanguage":"fr-FR"},{"@type":"Organization","@id":"https:\/\/madtoursandevents.com\/#organization","name":"Mad Tours & Events","url":"https:\/\/madtoursandevents.com\/","logo":{"@type":"ImageObject","inLanguage":"fr-FR","@id":"https:\/\/madtoursandevents.com\/#\/schema\/logo\/image\/","url":"https:\/\/madtoursandevents.com\/wp-content\/uploads\/2021\/08\/Logo.png","contentUrl":"https:\/\/madtoursandevents.com\/wp-content\/uploads\/2021\/08\/Logo.png","width":204,"height":55,"caption":"Mad Tours & Events"},"image":{"@id":"https:\/\/madtoursandevents.com\/#\/schema\/logo\/image\/"},"sameAs":["https:\/\/www.facebook.com\/madnewyorkcitytours","https:\/\/x.com\/madfuntours"]}]}},"_links":{"self":[{"href":"https:\/\/madtoursandevents.com\/fr\/wp-json\/wp\/v2\/pages\/10920","targetHints":{"allow":["GET"]}}],"collection":[{"href":"https:\/\/madtoursandevents.com\/fr\/wp-json\/wp\/v2\/pages"}],"about":[{"href":"https:\/\/madtoursandevents.com\/fr\/wp-json\/wp\/v2\/types\/page"}],"author":[{"embeddable":true,"href":"https:\/\/madtoursandevents.com\/fr\/wp-json\/wp\/v2\/users\/7"}],"replies":[{"embeddable":true,"href":"https:\/\/madtoursandevents.com\/fr\/wp-json\/wp\/v2\/comments?post=10920"}],"version-history":[{"count":6,"href":"https:\/\/madtoursandevents.com\/fr\/wp-json\/wp\/v2\/pages\/10920\/revisions"}],"predecessor-version":[{"id":13464,"href":"https:\/\/madtoursandevents.com\/fr\/wp-json\/wp\/v2\/pages\/10920\/revisions\/13464"}],"wp:featuredmedia":[{"embeddable":true,"href":"https:\/\/madtoursandevents.com\/fr\/wp-json\/wp\/v2\/media\/11336"}],"wp:attachment":[{"href":"https:\/\/madtoursandevents.com\/fr\/wp-json\/wp\/v2\/media?parent=10920"}],"wp:term":[{"taxonomy":"category","embeddable":true,"href":"https:\/\/madtoursandevents.com\/fr\/wp-json\/wp\/v2\/categories?post=10920"},{"taxonomy":"post_tag","embeddable":true,"href":"https:\/\/madtoursandevents.com\/fr\/wp-json\/wp\/v2\/tags?post=10920"}],"curies":[{"name":"wp","href":"https:\/\/api.w.org\/{rel}","templated":true}]}}