{"id":10880,"date":"2024-01-04T07:00:41","date_gmt":"2024-01-04T07:00:41","guid":{"rendered":"https:\/\/madtoursandevents.com\/?page_id=10880"},"modified":"2025-12-09T16:36:57","modified_gmt":"2025-12-09T16:36:57","slug":"health-and-safety-in-the-united-states","status":"publish","type":"page","link":"https:\/\/madtoursandevents.com\/fr\/health-and-safety-in-the-united-states\/","title":{"rendered":"SANT\u00c9 ET S\u00c9CURIT\u00c9 AUX \u00c9TATS-UNIS"},"content":{"rendered":"<div class=\"wpb-content-wrapper\"><div id=\"sus-banner-row\" data-vc-full-width=\"true\" data-vc-full-width-temp=\"true\" data-vc-full-width-init=\"false\" data-vc-stretch-content=\"true\" class=\"vc_row wpb_row vc_row-fluid slider-rev mtt-title-img-row vc_row-no-padding\"><div class=\"mtt-title-img-col wpb_column vc_column_container vc_col-sm-12\"><div class=\"vc_column-inner\"><div class=\"wpb_wrapper\">\n\t<div id=\"sus-banner\" class=\"wpb_single_image wpb_content_element vc_align_left wpb_content_element vc_custom_1704351493403  mtt-title-img\">\n\t\t\n\t\t<figure class=\"wpb_wrapper vc_figure\">\n\t\t\t<div class=\"vc_single_image-wrapper   vc_box_border_grey\"><img loading=\"lazy\" decoding=\"async\" width=\"1400\" height=\"450\" src=\"https:\/\/madtoursandevents.com\/wp-content\/uploads\/2024\/01\/HealthSafetyUS-Banner.jpg\" class=\"vc_single_image-img attachment-full\" alt=\"\" title=\"HealthSafetyUS-Banner\" srcset=\"https:\/\/madtoursandevents.com\/wp-content\/uploads\/2024\/01\/HealthSafetyUS-Banner.jpg 1400w, https:\/\/madtoursandevents.com\/wp-content\/uploads\/2024\/01\/HealthSafetyUS-Banner-300x96.jpg 300w, https:\/\/madtoursandevents.com\/wp-content\/uploads\/2024\/01\/HealthSafetyUS-Banner-1024x329.jpg 1024w, https:\/\/madtoursandevents.com\/wp-content\/uploads\/2024\/01\/HealthSafetyUS-Banner-768x247.jpg 768w, https:\/\/madtoursandevents.com\/wp-content\/uploads\/2024\/01\/HealthSafetyUS-Banner-18x6.jpg 18w, https:\/\/madtoursandevents.com\/wp-content\/uploads\/2024\/01\/HealthSafetyUS-Banner-600x193.jpg 600w, https:\/\/madtoursandevents.com\/wp-content\/uploads\/2024\/01\/HealthSafetyUS-Banner-100x32.jpg 100w\" sizes=\"auto, (max-width: 1400px) 100vw, 1400px\" \/><\/div>\n\t\t<\/figure>\n\t<\/div>\n<\/div><\/div><\/div><\/div><div class=\"vc_row-full-width vc_clearfix\"><\/div><div class=\"vc_row wpb_row vc_row-fluid main-dropdown-img dtt-dropdown-img\"><div class=\"wpb_column vc_column_container vc_col-sm-12\"><div class=\"vc_column-inner\"><div class=\"wpb_wrapper\">\n\t<div id=\"down-arrow-icon\" class=\"wpb_single_image wpb_content_element vc_align_center wpb_content_element  sus-down-arrow\">\n\t\t\n\t\t<figure class=\"wpb_wrapper vc_figure\">\n\t\t\t<a href=\"#sec1\" target=\"_self\" class=\"vc_single_image-wrapper   vc_box_border_grey\"><img loading=\"lazy\" decoding=\"async\" width=\"94\" height=\"94\" src=\"https:\/\/madtoursandevents.com\/wp-content\/uploads\/2021\/08\/main-drop-arrow.png\" class=\"vc_single_image-img attachment-full\" alt=\"purple down Arrow Icon in Small Size\" title=\"main-drop-arrow\" \/><\/a>\n\t\t<\/figure>\n\t<\/div>\n<\/div><\/div><\/div><\/div><div class=\"vc_row wpb_row vc_row-fluid\"><div class=\"wpb_column vc_column_container vc_col-sm-12\"><div class=\"vc_column-inner\"><div class=\"wpb_wrapper\">\n\t<div  class=\"wpb_single_image wpb_content_element vc_align_center wpb_content_element  3lines\">\n\t\t\n\t\t<figure class=\"wpb_wrapper vc_figure\">\n\t\t\t<div class=\"vc_single_image-wrapper   vc_box_border_grey\"><img loading=\"lazy\" decoding=\"async\" width=\"121\" height=\"14\" src=\"https:\/\/madtoursandevents.com\/wp-content\/uploads\/2021\/08\/All-Lines.png\" class=\"vc_single_image-img attachment-full\" alt=\"Three orange color link with no background\" title=\"All Lines\" \/><\/div>\n\t\t<\/figure>\n\t<\/div>\n<\/div><\/div><\/div><\/div><div id=\"sec1\" data-vc-full-width=\"true\" data-vc-full-width-temp=\"true\" data-vc-full-width-init=\"false\" class=\"vc_row wpb_row vc_row-fluid dtt-cvd-bg dtt-cv-bg\"><div class=\"dtt-cv-p wpb_column vc_column_container vc_col-sm-12\"><div class=\"vc_column-inner\"><div class=\"wpb_wrapper\">\n\t<div class=\"wpb_text_column wpb_content_element\" >\n\t\t<div class=\"wpb_wrapper\">\n\t\t\t<h2 id=\"sus-desc-title\" style=\"font-weight: 400; text-align: center;\"><strong>SANT\u00c9 ET S\u00c9CURIT\u00c9 AUX \u00c9TATS-UNIS<\/strong><\/h2>\n<p><strong><img loading=\"lazy\" decoding=\"async\" class=\"health-safety-us-img wp-image-10882 alignright\" src=\"https:\/\/madtoursandevents.com\/wp-content\/uploads\/2024\/01\/HealthSafetyUS-Image01-300x185.png\" alt=\"\" width=\"500\" height=\"308\" srcset=\"https:\/\/madtoursandevents.com\/wp-content\/uploads\/2024\/01\/HealthSafetyUS-Image01-300x185.png 300w, https:\/\/madtoursandevents.com\/wp-content\/uploads\/2024\/01\/HealthSafetyUS-Image01-768x473.png 768w, https:\/\/madtoursandevents.com\/wp-content\/uploads\/2024\/01\/HealthSafetyUS-Image01-18x12.png 18w, https:\/\/madtoursandevents.com\/wp-content\/uploads\/2024\/01\/HealthSafetyUS-Image01-600x369.png 600w, https:\/\/madtoursandevents.com\/wp-content\/uploads\/2024\/01\/HealthSafetyUS-Image01-100x62.png 100w, https:\/\/madtoursandevents.com\/wp-content\/uploads\/2024\/01\/HealthSafetyUS-Image01.png 780w\" sizes=\"auto, (max-width: 500px) 100vw, 500px\" \/><\/strong><\/p>\n<p>\u00catre pr\u00eat est la marque d&#8217;un bon voyage, en particulier en ce qui concerne votre sant\u00e9 et votre s\u00e9curit\u00e9. Bien que nous esp\u00e9rions que votre visite aux \u00c9tats-Unis se d\u00e9roule en toute s\u00e9curit\u00e9 et sans accidents, des incidents impr\u00e9vus peuvent survenir pendant vos d\u00e9placements. Si vous \u00eates confront\u00e9 \u00e0 une urgence lors de votre s\u00e9jour aux \u00c9tats-Unis, le pays dispose d&#8217;un vaste et sophistiqu\u00e9 syst\u00e8me d&#8217;intervention d&#8217;urgence. En cas de maladie pendant votre voyage, les \u00c9tats-Unis offrent de nombreuses options facilement accessibles pour une assistance m\u00e9dicale \u00e0 court et \u00e0 long terme, ainsi qu&#8217;une s\u00e9lection de plans d&#8217;assurance voyage pour vous assurer une couverture en cas d&#8217;urgence. Les \u00c9tats-Unis b\u00e9n\u00e9ficient d&#8217;une norme \u00e9lev\u00e9e en mati\u00e8re de soins de sant\u00e9, mais il est essentiel d&#8217;avoir une assurance voyage ad\u00e9quate pour couvrir d&#8217;\u00e9ventuelles urgences m\u00e9dicales. Gardez \u00e0 l&#8217;esprit que les soins de sant\u00e9 peuvent \u00eatre co\u00fbteux, il est donc crucial de comprendre votre couverture d&#8217;assurance. Il est \u00e9galement conseill\u00e9 de rester inform\u00e9 des directives sanitaires locales et des exigences en mati\u00e8re de vaccinations, notamment \u00e0 la lumi\u00e8re de crises sanitaires en cours.<\/p>\n<p>&nbsp;<\/p>\n<p>Lors de vos d\u00e9placements, maintenez de bonnes pratiques d&#8217;hygi\u00e8ne, telles que le lavage fr\u00e9quent des mains et l&#8217;utilisation de d\u00e9sinfectants pour les mains. Soyez conscient de votre environnement, gardez un \u0153il sur vos effets personnels et \u00e9vitez de marcher seul dans des zones peu famili\u00e8res ou mal \u00e9clair\u00e9es, surtout la nuit. De plus, respectez les lois et r\u00e9glementations locales, telles que les limites de vitesse et l&#8217;utilisation de la ceinture de s\u00e9curit\u00e9, pour assurer votre s\u00e9curit\u00e9 sur la route. Prendre ces pr\u00e9cautions contribuera \u00e0 garantir une exp\u00e9rience s\u00fbre et agr\u00e9able lors de votre visite aux \u00c9tats-Unis.<\/p>\n<p>&nbsp;<\/p>\n<p>Pour garantir que votre visite aux \u00c9tats-Unis soit s\u00fbre et heureuse, voici un bref guide sur la sant\u00e9 et la s\u00e9curit\u00e9 aux \u00c9tats-Unis :<\/p>\n<p style=\"font-weight: 400;\"><b><span lang=\"EN-PH\">Options de soins m\u00e9dicaux pour les voyageurs aux \u00c9tats-Unis<\/span><\/b><\/p>\n<p style=\"font-weight: 400;\">Il existe de nombreuses options si vous avez besoin de soins m\u00e9dicaux pendant vos d\u00e9placements aux \u00c9tats-Unis. Avant de partir, v\u00e9rifiez aupr\u00e8s de votre assureur maladie si vous \u00eates couvert pendant vos d\u00e9placements aux \u00c9tats-Unis. Si c&#8217;est le cas, assurez-vous d&#8217;avoir votre carte d&#8217;assurance avec vous. Sinon, envisagez d&#8217;acheter une assurance sant\u00e9 temporaire ou de voyage qui vous couvrira pendant vos d\u00e9placements. Les co\u00fbts des soins de sant\u00e9 peuvent \u00eatre \u00e9lev\u00e9s si vous n&#8217;\u00eates pas suffisamment couvert. V\u00e9rifiez \u00e9galement si votre assureur prend en charge l&#8217;\u00e9vacuation m\u00e9dicale en cas de besoin de transport m\u00e9dical pour rentrer chez vous.<\/p>\n<p>&nbsp;<\/p>\n<ul style=\"font-weight: 400;\">\n<li><b><span lang=\"EN-PH\">H\u00f4pitaux<\/span><\/b><\/li>\n<\/ul>\n<p style=\"font-weight: 400;\">Toutes les grandes villes et villes ont un ou plusieurs h\u00f4pitaux. Assurez-vous de conna\u00eetre le nom des h\u00f4pitaux dans les zones o\u00f9 vous voyagez. Les bureaux d&#8217;accueil de la plupart des \u00e9tablissements hoteliers ou vous sejournez devraient avoir une liste des h\u00f4pitaux locaux.<\/p>\n<p>&nbsp;<\/p>\n<ul style=\"font-weight: 400;\">\n<li><b><span lang=\"EN-PH\">Cliniques de sant\u00e9 et centres d&#8217;urgence<\/span><\/b><\/li>\n<\/ul>\n<p style=\"font-weight: 400;\">Les cliniques de sant\u00e9 et les centres d&#8217;urgence sont con\u00e7us pour aider les patients atteints de maladies ou de blessures non mortelles. De nombreuses pharmacies disposent \u00e9galement de cliniques sans rendez-vous dirig\u00e9es par des professionnels de la sant\u00e9. Le personnel de l&#8217;h\u00f4tel ou votre h\u00f4te peut souvent vous orienter vers de tels centres de sant\u00e9.<\/p>\n<hr \/>\n<p>&nbsp;<\/p>\n<p style=\"font-weight: 400;\"><b><span lang=\"EN-PH\">Options d&#8217;intervention d&#8217;urgence pour les visiteurs<\/span><\/b><\/p>\n<p>&nbsp;<\/p>\n<ul>\n<li style=\"font-weight: 400;\"><b><span lang=\"EN-PH\">Catastrophes naturelles<\/span><\/b><\/li>\n<\/ul>\n<p style=\"font-weight: 400;\">En cas de catastrophe naturelle, telle qu&#8217;une inondation, une tornade, un ouragan ou un tremblement de terre, les \u00c9tats-Unis disposent d&#8217;un syst\u00e8me complexe de gestion des urgences impliquant les gouvernements f\u00e9d\u00e9ral, \u00e9tatique et local. Le site Web du D\u00e9partement de la sant\u00e9 et des services sociaux des \u00c9tats-Unis fournit des informations en cas de catastrophe naturelle ou d&#8217;urgence de sant\u00e9 publique.<\/p>\n<p>&nbsp;<\/p>\n<ul>\n<li style=\"font-weight: 400;\"><b><span lang=\"EN-PH\">Urgences<\/span><\/b><\/li>\n<\/ul>\n<p style=\"font-weight: 400;\">Aux \u00c9tats-Unis, le 911 est le num\u00e9ro d&#8217;urgence universel et peut \u00eatre compos\u00e9 gratuitement depuis n&#8217;importe quel t\u00e9l\u00e9phone. Les op\u00e9rateurs du 911 sont form\u00e9s pour alerter les intervenants d&#8217;urgence \u2014 la police, les pompiers et les ambulanciers \u2014 si n\u00e9cessaire. N&#8217;h\u00e9sitez pas \u00e0 appeler le 911 en cas d&#8217;urgence m\u00e9dicale. Ce num\u00e9ro est \u00e9galement utilis\u00e9 pour des urgences telles que des accidents de voiture, des crimes en cours et des incendies. Vous pouvez demander des services de traduction linguistique si vous ne parlez pas anglais. Vous ne pouvez pas envoyer de SMS au 911 pour signaler une urgence ; vous devez appeler. Cliquez ici pour plus d&#8217;informations. \u2022 Notifications d&#8217;urgence Renseignez-vous aupr\u00e8s de votre h\u00f4te ou \u00e9coutez les m\u00e9dias locaux pour les mises \u00e0 jour d&#8217;urgence. Certaines compagnies de t\u00e9l\u00e9phonie mobile fournissent des alertes d&#8217;urgence pour informer les clients des menaces \u00e0 la s\u00e9curit\u00e9 publique telles que des conditions m\u00e9t\u00e9orologiques graves et des d\u00e9versements chimiques, ainsi que des alertes Amber pour les enfants enlev\u00e9s. Renseignez-vous aupr\u00e8s de votre op\u00e9rateur de t\u00e9l\u00e9phonie mobile pour voir si des mises \u00e0 jour d&#8217;urgence sont disponibles lorsque vous voyagez \u00e0 l&#8217;\u00e9tranger.<\/p>\n<p>&nbsp;<\/p>\n<p style=\"font-weight: 400;\"><strong>Num\u00e9ros de t\u00e9l\u00e9phone importants<\/strong><\/p>\n<ul>\n<li style=\"font-weight: 400;\">Urgence (Police\/Pompiers\/Ambulance) : 911<\/li>\n<li style=\"font-weight: 400;\">Assistance annuaire t\u00e9l\u00e9phonique local : 411 ou 311<\/li>\n<li style=\"font-weight: 400;\">Trafic\/Travaux sur les autoroutes : 511<\/li>\n<\/ul>\n\n\t\t<\/div>\n\t<\/div>\n<\/div><\/div><\/div><\/div><div class=\"vc_row-full-width vc_clearfix\"><\/div>\n<\/div>","protected":false},"excerpt":{"rendered":"SANT\u00c9 ET S\u00c9CURIT\u00c9 AUX \u00c9TATS-UNIS \u00catre pr\u00eat est la marque d'un bon voyage, en particulier en ce qui concerne votre sant\u00e9 et votre s\u00e9curit\u00e9. Bien que nous esp\u00e9rions que votre visite aux \u00c9tats-Unis se d\u00e9roule en toute s\u00e9curit\u00e9 et sans accidents, des incidents impr\u00e9vus peuvent survenir pendant vos d\u00e9placements. Si vous \u00eates confront\u00e9 \u00e0 une [...]","protected":false},"author":7,"featured_media":0,"parent":0,"menu_order":0,"comment_status":"closed","ping_status":"closed","template":"","meta":{"_acf_changed":false,"inline_featured_image":false,"footnotes":""},"categories":[],"tags":[],"class_list":["post-10880","page","type-page","status-publish","hentry"],"acf":[],"yoast_head":"<!-- This site is optimized with the Yoast SEO plugin v27.3 - https:\/\/yoast.com\/product\/yoast-seo-wordpress\/ -->\n<title>HEALTH AND SAFETY IN THE UNITED STATES<\/title>\n<meta name=\"description\" content=\"We are committed to safeguarding and conserving the natural and human resources of the communities for the enjoyment of current and future generations, both for tourists and locals.\" \/>\n<meta name=\"robots\" content=\"index, follow, max-snippet:-1, max-image-preview:large, max-video-preview:-1\" \/>\n<link rel=\"canonical\" href=\"https:\/\/madtoursandevents.com\/fr\/health-and-safety-in-the-united-states\/\" \/>\n<meta property=\"og:locale\" content=\"fr_FR\" \/>\n<meta property=\"og:type\" content=\"article\" \/>\n<meta property=\"og:title\" content=\"HEALTH AND SAFETY IN THE UNITED STATES\" \/>\n<meta property=\"og:description\" content=\"We are committed to safeguarding and conserving the natural and human resources of the communities for the enjoyment of current and future generations, both for tourists and locals.\" \/>\n<meta property=\"og:url\" content=\"https:\/\/madtoursandevents.com\/fr\/health-and-safety-in-the-united-states\/\" \/>\n<meta property=\"og:site_name\" content=\"Mad Tours &amp; Events\" \/>\n<meta property=\"article:publisher\" content=\"https:\/\/www.facebook.com\/madnewyorkcitytours\" \/>\n<meta property=\"article:modified_time\" content=\"2025-12-09T16:36:57+00:00\" \/>\n<meta property=\"og:image\" content=\"https:\/\/madtoursandevents.com\/wp-content\/uploads\/2024\/01\/HealthSafetyUS-Image01-300x185.png\" \/>\n<meta name=\"twitter:card\" content=\"summary_large_image\" \/>\n<meta name=\"twitter:site\" content=\"@madfuntours\" \/>\n<meta name=\"twitter:label1\" content=\"Dur\u00e9e de lecture estim\u00e9e\" \/>\n\t<meta name=\"twitter:data1\" content=\"14 minutes\" \/>\n<script type=\"application\/ld+json\" class=\"yoast-schema-graph\">{\"@context\":\"https:\\\/\\\/schema.org\",\"@graph\":[{\"@type\":\"WebPage\",\"@id\":\"https:\\\/\\\/madtoursandevents.com\\\/health-and-safety-in-the-united-states\\\/\",\"url\":\"https:\\\/\\\/madtoursandevents.com\\\/health-and-safety-in-the-united-states\\\/\",\"name\":\"HEALTH AND SAFETY IN THE UNITED STATES\",\"isPartOf\":{\"@id\":\"https:\\\/\\\/madtoursandevents.com\\\/#website\"},\"primaryImageOfPage\":{\"@id\":\"https:\\\/\\\/madtoursandevents.com\\\/health-and-safety-in-the-united-states\\\/#primaryimage\"},\"image\":{\"@id\":\"https:\\\/\\\/madtoursandevents.com\\\/health-and-safety-in-the-united-states\\\/#primaryimage\"},\"thumbnailUrl\":\"https:\\\/\\\/madtoursandevents.com\\\/wp-content\\\/uploads\\\/2024\\\/01\\\/HealthSafetyUS-Image01-300x185.png\",\"datePublished\":\"2024-01-04T07:00:41+00:00\",\"dateModified\":\"2025-12-09T16:36:57+00:00\",\"description\":\"We are committed to safeguarding and conserving the natural and human resources of the communities for the enjoyment of current and future generations, both for tourists and locals.\",\"breadcrumb\":{\"@id\":\"https:\\\/\\\/madtoursandevents.com\\\/health-and-safety-in-the-united-states\\\/#breadcrumb\"},\"inLanguage\":\"fr-FR\",\"potentialAction\":[{\"@type\":\"ReadAction\",\"target\":[\"https:\\\/\\\/madtoursandevents.com\\\/health-and-safety-in-the-united-states\\\/\"]}]},{\"@type\":\"ImageObject\",\"inLanguage\":\"fr-FR\",\"@id\":\"https:\\\/\\\/madtoursandevents.com\\\/health-and-safety-in-the-united-states\\\/#primaryimage\",\"url\":\"https:\\\/\\\/madtoursandevents.com\\\/wp-content\\\/uploads\\\/2024\\\/01\\\/HealthSafetyUS-Image01-300x185.png\",\"contentUrl\":\"https:\\\/\\\/madtoursandevents.com\\\/wp-content\\\/uploads\\\/2024\\\/01\\\/HealthSafetyUS-Image01-300x185.png\"},{\"@type\":\"BreadcrumbList\",\"@id\":\"https:\\\/\\\/madtoursandevents.com\\\/health-and-safety-in-the-united-states\\\/#breadcrumb\",\"itemListElement\":[{\"@type\":\"ListItem\",\"position\":1,\"name\":\"Home\",\"item\":\"https:\\\/\\\/madtoursandevents.com\\\/\"},{\"@type\":\"ListItem\",\"position\":2,\"name\":\"HEALTH AND SAFETY IN THE UNITED STATES\"}]},{\"@type\":\"WebSite\",\"@id\":\"https:\\\/\\\/madtoursandevents.com\\\/#website\",\"url\":\"https:\\\/\\\/madtoursandevents.com\\\/\",\"name\":\"Mad Tours & Events\",\"description\":\"\",\"publisher\":{\"@id\":\"https:\\\/\\\/madtoursandevents.com\\\/#organization\"},\"potentialAction\":[{\"@type\":\"SearchAction\",\"target\":{\"@type\":\"EntryPoint\",\"urlTemplate\":\"https:\\\/\\\/madtoursandevents.com\\\/?s={search_term_string}\"},\"query-input\":{\"@type\":\"PropertyValueSpecification\",\"valueRequired\":true,\"valueName\":\"search_term_string\"}}],\"inLanguage\":\"fr-FR\"},{\"@type\":\"Organization\",\"@id\":\"https:\\\/\\\/madtoursandevents.com\\\/#organization\",\"name\":\"Mad Tours & Events\",\"url\":\"https:\\\/\\\/madtoursandevents.com\\\/\",\"logo\":{\"@type\":\"ImageObject\",\"inLanguage\":\"fr-FR\",\"@id\":\"https:\\\/\\\/madtoursandevents.com\\\/#\\\/schema\\\/logo\\\/image\\\/\",\"url\":\"https:\\\/\\\/madtoursandevents.com\\\/wp-content\\\/uploads\\\/2021\\\/08\\\/Logo.png\",\"contentUrl\":\"https:\\\/\\\/madtoursandevents.com\\\/wp-content\\\/uploads\\\/2021\\\/08\\\/Logo.png\",\"width\":204,\"height\":55,\"caption\":\"Mad Tours & Events\"},\"image\":{\"@id\":\"https:\\\/\\\/madtoursandevents.com\\\/#\\\/schema\\\/logo\\\/image\\\/\"},\"sameAs\":[\"https:\\\/\\\/www.facebook.com\\\/madnewyorkcitytours\",\"https:\\\/\\\/x.com\\\/madfuntours\"]}]}<\/script>\n<!-- \/ Yoast SEO plugin. -->","yoast_head_json":{"title":"SANT\u00c9 ET S\u00c9CURIT\u00c9 AUX \u00c9TATS-UNIS","description":"We are committed to safeguarding and conserving the natural and human resources of the communities for the enjoyment of current and future generations, both for tourists and locals.","robots":{"index":"index","follow":"follow","max-snippet":"max-snippet:-1","max-image-preview":"max-image-preview:large","max-video-preview":"max-video-preview:-1"},"canonical":"https:\/\/madtoursandevents.com\/fr\/health-and-safety-in-the-united-states\/","og_locale":"fr_FR","og_type":"article","og_title":"HEALTH AND SAFETY IN THE UNITED STATES","og_description":"We are committed to safeguarding and conserving the natural and human resources of the communities for the enjoyment of current and future generations, both for tourists and locals.","og_url":"https:\/\/madtoursandevents.com\/fr\/health-and-safety-in-the-united-states\/","og_site_name":"Mad Tours &amp; Events","article_publisher":"https:\/\/www.facebook.com\/madnewyorkcitytours","article_modified_time":"2025-12-09T16:36:57+00:00","og_image":[{"url":"https:\/\/madtoursandevents.com\/wp-content\/uploads\/2024\/01\/HealthSafetyUS-Image01-300x185.png","type":"","width":"","height":""}],"twitter_card":"summary_large_image","twitter_site":"@madfuntours","twitter_misc":{"Dur\u00e9e de lecture estim\u00e9e":"14 minutes"},"schema":{"@context":"https:\/\/schema.org","@graph":[{"@type":"WebPage","@id":"https:\/\/madtoursandevents.com\/health-and-safety-in-the-united-states\/","url":"https:\/\/madtoursandevents.com\/health-and-safety-in-the-united-states\/","name":"SANT\u00c9 ET S\u00c9CURIT\u00c9 AUX \u00c9TATS-UNIS","isPartOf":{"@id":"https:\/\/madtoursandevents.com\/#website"},"primaryImageOfPage":{"@id":"https:\/\/madtoursandevents.com\/health-and-safety-in-the-united-states\/#primaryimage"},"image":{"@id":"https:\/\/madtoursandevents.com\/health-and-safety-in-the-united-states\/#primaryimage"},"thumbnailUrl":"https:\/\/madtoursandevents.com\/wp-content\/uploads\/2024\/01\/HealthSafetyUS-Image01-300x185.png","datePublished":"2024-01-04T07:00:41+00:00","dateModified":"2025-12-09T16:36:57+00:00","description":"We are committed to safeguarding and conserving the natural and human resources of the communities for the enjoyment of current and future generations, both for tourists and locals.","breadcrumb":{"@id":"https:\/\/madtoursandevents.com\/health-and-safety-in-the-united-states\/#breadcrumb"},"inLanguage":"fr-FR","potentialAction":[{"@type":"ReadAction","target":["https:\/\/madtoursandevents.com\/health-and-safety-in-the-united-states\/"]}]},{"@type":"ImageObject","inLanguage":"fr-FR","@id":"https:\/\/madtoursandevents.com\/health-and-safety-in-the-united-states\/#primaryimage","url":"https:\/\/madtoursandevents.com\/wp-content\/uploads\/2024\/01\/HealthSafetyUS-Image01-300x185.png","contentUrl":"https:\/\/madtoursandevents.com\/wp-content\/uploads\/2024\/01\/HealthSafetyUS-Image01-300x185.png"},{"@type":"BreadcrumbList","@id":"https:\/\/madtoursandevents.com\/health-and-safety-in-the-united-states\/#breadcrumb","itemListElement":[{"@type":"ListItem","position":1,"name":"Home","item":"https:\/\/madtoursandevents.com\/"},{"@type":"ListItem","position":2,"name":"HEALTH AND SAFETY IN THE UNITED STATES"}]},{"@type":"WebSite","@id":"https:\/\/madtoursandevents.com\/#website","url":"https:\/\/madtoursandevents.com\/","name":"Mad Tours & Events","description":"","publisher":{"@id":"https:\/\/madtoursandevents.com\/#organization"},"potentialAction":[{"@type":"SearchAction","target":{"@type":"EntryPoint","urlTemplate":"https:\/\/madtoursandevents.com\/?s={search_term_string}"},"query-input":{"@type":"PropertyValueSpecification","valueRequired":true,"valueName":"search_term_string"}}],"inLanguage":"fr-FR"},{"@type":"Organization","@id":"https:\/\/madtoursandevents.com\/#organization","name":"Mad Tours & Events","url":"https:\/\/madtoursandevents.com\/","logo":{"@type":"ImageObject","inLanguage":"fr-FR","@id":"https:\/\/madtoursandevents.com\/#\/schema\/logo\/image\/","url":"https:\/\/madtoursandevents.com\/wp-content\/uploads\/2021\/08\/Logo.png","contentUrl":"https:\/\/madtoursandevents.com\/wp-content\/uploads\/2021\/08\/Logo.png","width":204,"height":55,"caption":"Mad Tours & Events"},"image":{"@id":"https:\/\/madtoursandevents.com\/#\/schema\/logo\/image\/"},"sameAs":["https:\/\/www.facebook.com\/madnewyorkcitytours","https:\/\/x.com\/madfuntours"]}]}},"_links":{"self":[{"href":"https:\/\/madtoursandevents.com\/fr\/wp-json\/wp\/v2\/pages\/10880","targetHints":{"allow":["GET"]}}],"collection":[{"href":"https:\/\/madtoursandevents.com\/fr\/wp-json\/wp\/v2\/pages"}],"about":[{"href":"https:\/\/madtoursandevents.com\/fr\/wp-json\/wp\/v2\/types\/page"}],"author":[{"embeddable":true,"href":"https:\/\/madtoursandevents.com\/fr\/wp-json\/wp\/v2\/users\/7"}],"replies":[{"embeddable":true,"href":"https:\/\/madtoursandevents.com\/fr\/wp-json\/wp\/v2\/comments?post=10880"}],"version-history":[{"count":16,"href":"https:\/\/madtoursandevents.com\/fr\/wp-json\/wp\/v2\/pages\/10880\/revisions"}],"predecessor-version":[{"id":13472,"href":"https:\/\/madtoursandevents.com\/fr\/wp-json\/wp\/v2\/pages\/10880\/revisions\/13472"}],"wp:attachment":[{"href":"https:\/\/madtoursandevents.com\/fr\/wp-json\/wp\/v2\/media?parent=10880"}],"wp:term":[{"taxonomy":"category","embeddable":true,"href":"https:\/\/madtoursandevents.com\/fr\/wp-json\/wp\/v2\/categories?post=10880"},{"taxonomy":"post_tag","embeddable":true,"href":"https:\/\/madtoursandevents.com\/fr\/wp-json\/wp\/v2\/tags?post=10880"}],"curies":[{"name":"wp","href":"https:\/\/api.w.org\/{rel}","templated":true}]}}