{"id":304,"date":"2021-08-17T12:24:36","date_gmt":"2021-08-17T12:24:36","guid":{"rendered":"https:\/\/madtoursandevents.com\/?page_id=304"},"modified":"2025-04-10T02:59:09","modified_gmt":"2025-04-10T02:59:09","slug":"travel-responsibly-safety-protocol","status":"publish","type":"page","link":"https:\/\/madtoursandevents.com\/es\/travel-responsibly-safety-protocol\/","title":{"rendered":"Travel responsibly &#038; Safety Protocol"},"content":{"rendered":"<div class=\"wpb-content-wrapper\"><div data-vc-full-width=\"true\" data-vc-full-width-temp=\"true\" data-vc-full-width-init=\"false\" data-vc-stretch-content=\"true\" class=\"vc_row wpb_row vc_row-fluid slider-rev mtt-title-img-row vc_row-no-padding\"><div class=\"mtt-title-img-col wpb_column vc_column_container vc_col-sm-12\"><div class=\"vc_column-inner\"><div class=\"wpb_wrapper\">\n\t<div  class=\"wpb_single_image wpb_content_element vc_align_left wpb_content_element  mtt-title-img\">\n\t\t\n\t\t<figure class=\"wpb_wrapper vc_figure\">\n\t\t\t<div class=\"vc_single_image-wrapper   vc_box_border_grey\"><img loading=\"lazy\" decoding=\"async\" width=\"1400\" height=\"450\" src=\"https:\/\/madtoursandevents.com\/wp-content\/uploads\/2021\/08\/covid.jpg\" class=\"vc_single_image-img attachment-full\" alt=\"\" title=\"covid\" srcset=\"https:\/\/madtoursandevents.com\/wp-content\/uploads\/2021\/08\/covid.jpg 1400w, https:\/\/madtoursandevents.com\/wp-content\/uploads\/2021\/08\/covid-600x193.jpg 600w, https:\/\/madtoursandevents.com\/wp-content\/uploads\/2021\/08\/covid-300x96.jpg 300w, https:\/\/madtoursandevents.com\/wp-content\/uploads\/2021\/08\/covid-1024x329.jpg 1024w, https:\/\/madtoursandevents.com\/wp-content\/uploads\/2021\/08\/covid-768x247.jpg 768w\" sizes=\"auto, (max-width: 1400px) 100vw, 1400px\" \/><\/div>\n\t\t<\/figure>\n\t<\/div>\n<\/div><\/div><\/div><\/div><div class=\"vc_row-full-width vc_clearfix\"><\/div><div class=\"vc_row wpb_row vc_row-fluid main-dropdown-img dtt-dropdown-img\"><div class=\"wpb_column vc_column_container vc_col-sm-12\"><div class=\"vc_column-inner\"><div class=\"wpb_wrapper\">\n\t<div id=\"down-arrow-icon\" class=\"wpb_single_image wpb_content_element vc_align_center wpb_content_element\">\n\t\t\n\t\t<figure class=\"wpb_wrapper vc_figure\">\n\t\t\t<a href=\"#sec1\" target=\"_self\" class=\"vc_single_image-wrapper   vc_box_border_grey\"><img loading=\"lazy\" decoding=\"async\" width=\"94\" height=\"94\" src=\"https:\/\/madtoursandevents.com\/wp-content\/uploads\/2021\/08\/main-drop-arrow.png\" class=\"vc_single_image-img attachment-full\" alt=\"purple down Arrow Icon in Small Size\" title=\"main-drop-arrow\" \/><\/a>\n\t\t<\/figure>\n\t<\/div>\n<\/div><\/div><\/div><\/div><div class=\"vc_row wpb_row vc_row-fluid\"><div class=\"wpb_column vc_column_container vc_col-sm-12\"><div class=\"vc_column-inner\"><div class=\"wpb_wrapper\">\n\t<div  class=\"wpb_single_image wpb_content_element vc_align_center wpb_content_element\">\n\t\t\n\t\t<figure class=\"wpb_wrapper vc_figure\">\n\t\t\t<div class=\"vc_single_image-wrapper   vc_box_border_grey\"><img loading=\"lazy\" decoding=\"async\" width=\"121\" height=\"14\" src=\"https:\/\/madtoursandevents.com\/wp-content\/uploads\/2021\/08\/All-Lines.png\" class=\"vc_single_image-img attachment-full\" alt=\"Three orange color link with no background\" title=\"All Lines\" \/><\/div>\n\t\t<\/figure>\n\t<\/div>\n<\/div><\/div><\/div><\/div><div id=\"sec1\" data-vc-full-width=\"true\" data-vc-full-width-temp=\"true\" data-vc-full-width-init=\"false\" class=\"vc_row wpb_row vc_row-fluid dtt-cvd-bg dtt-cv-bg\"><div class=\"dtt-cv-p wpb_column vc_column_container vc_col-sm-12\"><div class=\"vc_column-inner\"><div class=\"wpb_wrapper\">\n\t<div class=\"wpb_text_column wpb_content_element dtr-eng\" >\n\t\t<div class=\"wpb_wrapper\">\n\t\t\t<p>Los viajes espont\u00e1neos no son los mejores durante una pandemia. D\u00e9jenos ayudarle a planificar las vacaciones m\u00e1s seguras. Si descubrimos que la pandemia se est\u00e1 extendiendo en el lugar al que debe ir, expresaremos nuestra preocupaci\u00f3n y trabajaremos contigo en otra ciudad o moveremos las fechas si lo deseas.<\/p>\n<p><b>Protocolo Covid 19<\/b><\/p>\n<p>Estamos seleccionando socios que siguen directrices estrictas y tienen el mismo objetivo de mantenerle seguro mientras viaja con nosotros. Todos nuestros distribuidores est\u00e1n obligados a seguir las directrices de los CDC para su protecci\u00f3n.<\/p>\n<p><b>Protocolos de seguridad mejorados<\/b><\/p>\n<p>Dondequiera que vayamos, practicaremos medidas de distanciamiento social y llevaremos m\u00e1scaras cuando estemos cerca de extra\u00f1os, en lugares p\u00fablicos y al aire libre cuando haya multitudes o cuando no sea posible el distanciamiento social de acuerdo con la normativa estatal.<\/p>\n<p><b>H\u00e1gase la prueba<\/b><\/p>\n<p>Dependiendo del tipo de viaje que vayas a realizar y de si vas a estar en contacto con otras personas fuera de tu territorio, considera la posibilidad de hacerte la prueba COVID-19 antes de irte y al volver a casa.<\/p>\n<p><b>Recomendaciones para unas vacaciones responsables<\/b><\/p>\n<p>Dondequiera que vaya, practicaremos medidas de distanciamiento social y usaremos m\u00e1scaras en presencia de extra\u00f1os, en interiores en lugares p\u00fablicos y en exteriores en multitudes o cuando el distanciamiento social no sea posible seg\u00fan la normativa de cada estado.<\/p>\n<p><b>H\u00e1gase la prueba<\/b><\/p>\n<p>Las peque\u00f1as empresas prefieren el pago con tarjeta de cr\u00e9dito o d\u00e9bito en este momento, para evitar el manejo de dinero.<\/p>\n<p><b>Ten paciencia y propina bien<\/b><\/p>\n<p>Tenga respeto y empat\u00eda por los profesionales de la hosteler\u00eda que intentan ofrecerle una experiencia memorable en estos tiempos dif\u00edciles. Les debes a ellos hacer todo lo posible para mantenerlos a salvo.<\/p>\n<p><b>Siga las reglas de las comunidades que visita<\/b><\/p>\n<p>Compruebe si hay actualizaciones locales o regionales mientras est\u00e1 de viaje y una vez que regrese a casa<\/p>\n<p><b>Tama\u00f1o de grupo peque\u00f1o<\/b><\/p>\n<p>Nuestros MAD Tours est\u00e1n limitados a entre 10 y 15 participantes dependiendo de la actividad o tour seleccionado en todas nuestras ciudades. Esto es para que te sientas m\u00e1s c\u00f3modo viajando con nosotros y para facilitar el distanciamiento social.<\/p>\n\n\t\t<\/div>\n\t<\/div>\n<\/div><\/div><\/div><\/div><div class=\"vc_row-full-width vc_clearfix\"><\/div>\n<\/div>","protected":false},"excerpt":{"rendered":"Spontaneous trips are not the best to do during a pandemic so let us help you plan the safest vacation. If we see that is spreading where you are supposed to visit, we will share with you our concern and either work with you in another city or move the dates if you wish. Here [...]","protected":false},"author":1,"featured_media":0,"parent":0,"menu_order":0,"comment_status":"closed","ping_status":"closed","template":"","meta":{"_acf_changed":false,"inline_featured_image":false,"footnotes":""},"categories":[],"tags":[],"class_list":["post-304","page","type-page","status-publish","hentry"],"acf":[],"yoast_head":"<!-- This site is optimized with the Yoast SEO plugin v27.3 - https:\/\/yoast.com\/product\/yoast-seo-wordpress\/ -->\n<title>Guidelines for COVID 19 - Mad Tours &amp; Events<\/title>\n<meta name=\"description\" content=\"Stay safe in your travels by following the guidelines for COVID 19. Visit Mad Tours &amp; Events for more information. Contact us.\" \/>\n<meta name=\"robots\" content=\"index, follow, max-snippet:-1, max-image-preview:large, max-video-preview:-1\" \/>\n<link rel=\"canonical\" href=\"https:\/\/madtoursandevents.com\/es\/travel-responsibly-safety-protocol\/\" \/>\n<meta property=\"og:locale\" content=\"es_ES\" \/>\n<meta property=\"og:type\" content=\"article\" \/>\n<meta property=\"og:title\" content=\"Guidelines for COVID 19 - Mad Tours &amp; Events\" \/>\n<meta property=\"og:description\" content=\"Stay safe in your travels by following the guidelines for COVID 19. Visit Mad Tours &amp; Events for more information. Contact us.\" \/>\n<meta property=\"og:url\" content=\"https:\/\/madtoursandevents.com\/es\/travel-responsibly-safety-protocol\/\" \/>\n<meta property=\"og:site_name\" content=\"Mad Tours &amp; Events\" \/>\n<meta property=\"article:publisher\" content=\"https:\/\/www.facebook.com\/madnewyorkcitytours\" \/>\n<meta property=\"article:modified_time\" content=\"2025-04-10T02:59:09+00:00\" \/>\n<meta name=\"twitter:card\" content=\"summary_large_image\" \/>\n<meta name=\"twitter:site\" content=\"@madfuntours\" \/>\n<meta name=\"twitter:label1\" content=\"Tiempo de lectura\" \/>\n\t<meta name=\"twitter:data1\" content=\"5 minutos\" \/>\n<script type=\"application\/ld+json\" class=\"yoast-schema-graph\">{\"@context\":\"https:\\\/\\\/schema.org\",\"@graph\":[{\"@type\":\"WebPage\",\"@id\":\"https:\\\/\\\/madtoursandevents.com\\\/travel-responsibly-safety-protocol\\\/\",\"url\":\"https:\\\/\\\/madtoursandevents.com\\\/travel-responsibly-safety-protocol\\\/\",\"name\":\"Guidelines for COVID 19 - Mad Tours & Events\",\"isPartOf\":{\"@id\":\"https:\\\/\\\/madtoursandevents.com\\\/#website\"},\"datePublished\":\"2021-08-17T12:24:36+00:00\",\"dateModified\":\"2025-04-10T02:59:09+00:00\",\"description\":\"Stay safe in your travels by following the guidelines for COVID 19. Visit Mad Tours & Events for more information. Contact us.\",\"breadcrumb\":{\"@id\":\"https:\\\/\\\/madtoursandevents.com\\\/travel-responsibly-safety-protocol\\\/#breadcrumb\"},\"inLanguage\":\"es\",\"potentialAction\":[{\"@type\":\"ReadAction\",\"target\":[\"https:\\\/\\\/madtoursandevents.com\\\/travel-responsibly-safety-protocol\\\/\"]}]},{\"@type\":\"BreadcrumbList\",\"@id\":\"https:\\\/\\\/madtoursandevents.com\\\/travel-responsibly-safety-protocol\\\/#breadcrumb\",\"itemListElement\":[{\"@type\":\"ListItem\",\"position\":1,\"name\":\"Home\",\"item\":\"https:\\\/\\\/madtoursandevents.com\\\/\"},{\"@type\":\"ListItem\",\"position\":2,\"name\":\"Travel responsibly &#038; Safety Protocol\"}]},{\"@type\":\"WebSite\",\"@id\":\"https:\\\/\\\/madtoursandevents.com\\\/#website\",\"url\":\"https:\\\/\\\/madtoursandevents.com\\\/\",\"name\":\"Mad Tours & Events\",\"description\":\"\",\"publisher\":{\"@id\":\"https:\\\/\\\/madtoursandevents.com\\\/#organization\"},\"potentialAction\":[{\"@type\":\"SearchAction\",\"target\":{\"@type\":\"EntryPoint\",\"urlTemplate\":\"https:\\\/\\\/madtoursandevents.com\\\/?s={search_term_string}\"},\"query-input\":{\"@type\":\"PropertyValueSpecification\",\"valueRequired\":true,\"valueName\":\"search_term_string\"}}],\"inLanguage\":\"es\"},{\"@type\":\"Organization\",\"@id\":\"https:\\\/\\\/madtoursandevents.com\\\/#organization\",\"name\":\"Mad Tours & Events\",\"url\":\"https:\\\/\\\/madtoursandevents.com\\\/\",\"logo\":{\"@type\":\"ImageObject\",\"inLanguage\":\"es\",\"@id\":\"https:\\\/\\\/madtoursandevents.com\\\/#\\\/schema\\\/logo\\\/image\\\/\",\"url\":\"https:\\\/\\\/madtoursandevents.com\\\/wp-content\\\/uploads\\\/2021\\\/08\\\/Logo.png\",\"contentUrl\":\"https:\\\/\\\/madtoursandevents.com\\\/wp-content\\\/uploads\\\/2021\\\/08\\\/Logo.png\",\"width\":204,\"height\":55,\"caption\":\"Mad Tours & Events\"},\"image\":{\"@id\":\"https:\\\/\\\/madtoursandevents.com\\\/#\\\/schema\\\/logo\\\/image\\\/\"},\"sameAs\":[\"https:\\\/\\\/www.facebook.com\\\/madnewyorkcitytours\",\"https:\\\/\\\/x.com\\\/madfuntours\"]}]}<\/script>\n<!-- \/ Yoast SEO plugin. -->","yoast_head_json":{"title":"Guidelines for COVID 19 - Mad Tours & Events","description":"Stay safe in your travels by following the guidelines for COVID 19. Visit Mad Tours & Events for more information. Contact us.","robots":{"index":"index","follow":"follow","max-snippet":"max-snippet:-1","max-image-preview":"max-image-preview:large","max-video-preview":"max-video-preview:-1"},"canonical":"https:\/\/madtoursandevents.com\/es\/travel-responsibly-safety-protocol\/","og_locale":"es_ES","og_type":"article","og_title":"Guidelines for COVID 19 - Mad Tours & Events","og_description":"Stay safe in your travels by following the guidelines for COVID 19. Visit Mad Tours & Events for more information. Contact us.","og_url":"https:\/\/madtoursandevents.com\/es\/travel-responsibly-safety-protocol\/","og_site_name":"Mad Tours &amp; Events","article_publisher":"https:\/\/www.facebook.com\/madnewyorkcitytours","article_modified_time":"2025-04-10T02:59:09+00:00","twitter_card":"summary_large_image","twitter_site":"@madfuntours","twitter_misc":{"Tiempo de lectura":"5 minutos"},"schema":{"@context":"https:\/\/schema.org","@graph":[{"@type":"WebPage","@id":"https:\/\/madtoursandevents.com\/travel-responsibly-safety-protocol\/","url":"https:\/\/madtoursandevents.com\/travel-responsibly-safety-protocol\/","name":"Guidelines for COVID 19 - Mad Tours & Events","isPartOf":{"@id":"https:\/\/madtoursandevents.com\/#website"},"datePublished":"2021-08-17T12:24:36+00:00","dateModified":"2025-04-10T02:59:09+00:00","description":"Stay safe in your travels by following the guidelines for COVID 19. Visit Mad Tours & Events for more information. Contact us.","breadcrumb":{"@id":"https:\/\/madtoursandevents.com\/travel-responsibly-safety-protocol\/#breadcrumb"},"inLanguage":"es","potentialAction":[{"@type":"ReadAction","target":["https:\/\/madtoursandevents.com\/travel-responsibly-safety-protocol\/"]}]},{"@type":"BreadcrumbList","@id":"https:\/\/madtoursandevents.com\/travel-responsibly-safety-protocol\/#breadcrumb","itemListElement":[{"@type":"ListItem","position":1,"name":"Home","item":"https:\/\/madtoursandevents.com\/"},{"@type":"ListItem","position":2,"name":"Travel responsibly &#038; Safety Protocol"}]},{"@type":"WebSite","@id":"https:\/\/madtoursandevents.com\/#website","url":"https:\/\/madtoursandevents.com\/","name":"Mad Tours & Events","description":"","publisher":{"@id":"https:\/\/madtoursandevents.com\/#organization"},"potentialAction":[{"@type":"SearchAction","target":{"@type":"EntryPoint","urlTemplate":"https:\/\/madtoursandevents.com\/?s={search_term_string}"},"query-input":{"@type":"PropertyValueSpecification","valueRequired":true,"valueName":"search_term_string"}}],"inLanguage":"es"},{"@type":"Organization","@id":"https:\/\/madtoursandevents.com\/#organization","name":"Mad Tours & Events","url":"https:\/\/madtoursandevents.com\/","logo":{"@type":"ImageObject","inLanguage":"es","@id":"https:\/\/madtoursandevents.com\/#\/schema\/logo\/image\/","url":"https:\/\/madtoursandevents.com\/wp-content\/uploads\/2021\/08\/Logo.png","contentUrl":"https:\/\/madtoursandevents.com\/wp-content\/uploads\/2021\/08\/Logo.png","width":204,"height":55,"caption":"Mad Tours & Events"},"image":{"@id":"https:\/\/madtoursandevents.com\/#\/schema\/logo\/image\/"},"sameAs":["https:\/\/www.facebook.com\/madnewyorkcitytours","https:\/\/x.com\/madfuntours"]}]}},"_links":{"self":[{"href":"https:\/\/madtoursandevents.com\/es\/wp-json\/wp\/v2\/pages\/304","targetHints":{"allow":["GET"]}}],"collection":[{"href":"https:\/\/madtoursandevents.com\/es\/wp-json\/wp\/v2\/pages"}],"about":[{"href":"https:\/\/madtoursandevents.com\/es\/wp-json\/wp\/v2\/types\/page"}],"author":[{"embeddable":true,"href":"https:\/\/madtoursandevents.com\/es\/wp-json\/wp\/v2\/users\/1"}],"replies":[{"embeddable":true,"href":"https:\/\/madtoursandevents.com\/es\/wp-json\/wp\/v2\/comments?post=304"}],"version-history":[{"count":4,"href":"https:\/\/madtoursandevents.com\/es\/wp-json\/wp\/v2\/pages\/304\/revisions"}],"predecessor-version":[{"id":11940,"href":"https:\/\/madtoursandevents.com\/es\/wp-json\/wp\/v2\/pages\/304\/revisions\/11940"}],"wp:attachment":[{"href":"https:\/\/madtoursandevents.com\/es\/wp-json\/wp\/v2\/media?parent=304"}],"wp:term":[{"taxonomy":"category","embeddable":true,"href":"https:\/\/madtoursandevents.com\/es\/wp-json\/wp\/v2\/categories?post=304"},{"taxonomy":"post_tag","embeddable":true,"href":"https:\/\/madtoursandevents.com\/es\/wp-json\/wp\/v2\/tags?post=304"}],"curies":[{"name":"wp","href":"https:\/\/api.w.org\/{rel}","templated":true}]}}