{"id":274,"date":"2021-08-16T18:53:09","date_gmt":"2021-08-16T18:53:09","guid":{"rendered":"https:\/\/madtoursandevents.com\/?page_id=274"},"modified":"2026-04-08T04:37:34","modified_gmt":"2026-04-08T04:37:34","slug":"our-ethics","status":"publish","type":"page","link":"https:\/\/madtoursandevents.com\/es\/our-ethics\/","title":{"rendered":"Nuestra \u00c9tica"},"content":{"rendered":"<div class=\"wpb-content-wrapper\"><div data-vc-full-width=\"true\" data-vc-full-width-temp=\"true\" data-vc-full-width-init=\"false\" data-vc-stretch-content=\"true\" class=\"vc_row wpb_row vc_row-fluid slider-rev mtt-title-img-row vc_row-no-padding\"><div class=\"mtt-title-img-col wpb_column vc_column_container vc_col-sm-12\"><div class=\"vc_column-inner\"><div class=\"wpb_wrapper\">\n\t<div id=\"our-ethics-image\" class=\"wpb_single_image wpb_content_element vc_align_left wpb_content_element  mtt-title-img\">\n\t\t\n\t\t<figure class=\"wpb_wrapper vc_figure\">\n\t\t\t<div class=\"vc_single_image-wrapper   vc_box_border_grey\"><img loading=\"lazy\" decoding=\"async\" width=\"1400\" height=\"450\" src=\"https:\/\/madtoursandevents.com\/wp-content\/uploads\/2021\/10\/our_ethics_inner_img.jpg\" class=\"vc_single_image-img attachment-full\" alt=\"A sign boards with something written on it\" title=\"our_ethics_inner_img\" srcset=\"https:\/\/madtoursandevents.com\/wp-content\/uploads\/2021\/10\/our_ethics_inner_img.jpg 1400w, https:\/\/madtoursandevents.com\/wp-content\/uploads\/2021\/10\/our_ethics_inner_img-600x193.jpg 600w, https:\/\/madtoursandevents.com\/wp-content\/uploads\/2021\/10\/our_ethics_inner_img-300x96.jpg 300w, https:\/\/madtoursandevents.com\/wp-content\/uploads\/2021\/10\/our_ethics_inner_img-1024x329.jpg 1024w, https:\/\/madtoursandevents.com\/wp-content\/uploads\/2021\/10\/our_ethics_inner_img-768x247.jpg 768w, https:\/\/madtoursandevents.com\/wp-content\/uploads\/2021\/10\/our_ethics_inner_img-18x6.jpg 18w\" sizes=\"auto, (max-width: 1400px) 100vw, 1400px\" \/><\/div>\n\t\t<\/figure>\n\t<\/div>\n<\/div><\/div><\/div><\/div><div class=\"vc_row-full-width vc_clearfix\"><\/div><div class=\"vc_row wpb_row vc_row-fluid main-dropdown-img dtt-dropdown-img\"><div class=\"wpb_column vc_column_container vc_col-sm-12\"><div class=\"vc_column-inner\"><div class=\"wpb_wrapper\">\n\t<div id=\"down-arrow-icon\" class=\"wpb_single_image wpb_content_element vc_align_center wpb_content_element\">\n\t\t\n\t\t<figure class=\"wpb_wrapper vc_figure\">\n\t\t\t<a href=\"#sec1\" target=\"_self\" class=\"vc_single_image-wrapper   vc_box_border_grey\"><img loading=\"lazy\" decoding=\"async\" width=\"94\" height=\"94\" src=\"https:\/\/madtoursandevents.com\/wp-content\/uploads\/2021\/08\/main-drop-arrow.png\" class=\"vc_single_image-img attachment-full\" alt=\"purple down Arrow Icon in Small Size\" title=\"main-drop-arrow\" \/><\/a>\n\t\t<\/figure>\n\t<\/div>\n<\/div><\/div><\/div><\/div><div data-vc-full-width=\"true\" data-vc-full-width-temp=\"true\" data-vc-full-width-init=\"false\" class=\"vc_row wpb_row vc_row-fluid dtt-oet-bg\"><div class=\"dtt-oe-con wpb_column vc_column_container vc_col-sm-12\"><div class=\"vc_column-inner\"><div class=\"wpb_wrapper\">\n\t<div class=\"wpb_text_column wpb_content_element dtr-eng\" id=\"eng-text\">\n\t\t<div class=\"wpb_wrapper\">\n\t\t\t<p>Nuestro mayor compromiso es la inclusi\u00f3n humana, no s\u00f3lo con nuestros clientes sino tambi\u00e9n con todos nuestros proveedores de servicios, teniendo en cuenta su religi\u00f3n, su cultura, su nacionalidad o etnia, su discapacidad, \u00a1y todo ello respetando sus tradiciones!  Tambi\u00e9n practicamos el turismo responsable y estos dos valores son el n\u00facleo de nuestra agencia. Trabajamos respetando los intereses locales, pero tambi\u00e9n cuidando de ser respetuosos con las costumbres y culturas de nuestros socios que descubrir\u00e1 durante su pr\u00f3xima estancia.<\/p>\n<p>A lo largo del a\u00f1o 2020-2021, hemos llevado a cabo una reflexi\u00f3n colectiva sobre el Proyecto Humano con todos nuestros empleados, clientes y proveedores de servicios. Este trabajo nos ha llevado a querer expresar m\u00e1s reconocimiento hacia nuestros clientes y proveedores de servicios, a establecer m\u00e1s \u00e9tica, a establecer relaciones m\u00e1s verdaderas y abiertas, a mostrar m\u00e1s flexibilidad y a mostrar m\u00e1s confianza a nuestros empleados. Nuestra ambici\u00f3n es poner el elemento humano en la empresa, el elemento humano en nuestros eventos, el elemento humano siempre en primera l\u00ednea con nuestros clientes.<\/p>\n<p>Estamos reafirmando nuestra profesi\u00f3n de creadores de ambiente, de vacaciones y de eventos, una profesi\u00f3n de la cual estamos orgullosos y que nos apasiona. Pero sobre todo, deseamos ser una agencia diferente, \u00fanica e integradora, un socio de confianza que le arrancar\u00e1 una sonrisa en cuanto se ponga en contacto con nosotros.<\/p>\n<p style=\"text-align: center;\"><b>Nuestros valores<\/b><br \/>\nENTUSIASMO - CREATIVIDAD - \u00c9TICA - GENEROSIDAD - SENTIDO DEL HUMOR - ALEGR\u00cdA DE VIVIR - HONESTIDAD<\/p>\n\n\t\t<\/div>\n\t<\/div>\n\n\t<div class=\"wpb_text_column wpb_content_element dtr-fr\" >\n\t\t<div class=\"wpb_wrapper\">\n\t\t\t<p>Notre engagement majeur est l\u2019inclusion humaine que ce soit avec notre client\u00e8le mais aussi avec tous nos prestataires, en prenant en compte de votre religion, votre culture, votre nationalit\u00e9 ou ethnie, votre handicap, et tout cela dans le respect de vos traditions!\u00a0 Nous pratiquons aussi un tourisme responsable et ces deux valeurs sont au c\u0153ur de notre agence. Nous travaillons dans l&#8217;int\u00e9r\u00eats de nos prestataires locaux en veillant aussi \u00e0 suivre leurs coutumes et cultures\u00a0 que vous d\u00e9couvrirez lors de votre prochain s\u00e9jour.<\/p>\n<p>Tout au long de l\u2019ann\u00e9e 2020-2021 nous avons men\u00e9 une r\u00e9flexion collective autour du Projet Humain. Ce travail nous a men\u00e9 \u00e0 vouloir exprimer plus de reconnaissance envers vous, en instaurant plus d\u2019\u00e9thique, \u00e9tablir des relations plus ouvertes, faire preuve de plus de flexibilit\u00e9 et t\u00e9moigner plus de confiance envers nos collaborateurs. Notre ambition est de mettre de l\u2019humain dans l\u2019entreprise, de l\u2019humain dans nos \u00e9v\u00e9nements, l&#8217;humain toujours en premi\u00e8re ligne avec nos clients avec la cr\u00e9ation de notre agence.<\/p>\n<p>Nous r\u00e9affirmons notre m\u00e9tier de cr\u00e9ateur d&#8217;ambiance, de s\u00e9jours et d&#8217;\u00e9v\u00e9nements, un m\u00e9tier dont nous sommes fiers et qui nous passionne.\u00a0 Mais nous souhaitons surtout \u00eatre une agence diff\u00e9rente, unique, un partenaire de confiance qui vous donnera le sourire d\u00e8s que vous nous contactez!<\/p>\n<p>&nbsp;<\/p>\n<p style=\"text-align: center;\"><strong>Nos Valeurs<\/strong><\/p>\n<p style=\"text-align: center;\"><strong>ENTHOUSIASME &#8211; CR\u00c9ATIVIT\u00c9 &#8211; \u00c9THIQUE &#8211; G\u00c9N\u00c9ROSIT\u00c9 &#8211; SENS DE L\u2019HUMOUR &#8211; JOIE DE VIVRE &#8211; HONNETE<\/strong><\/p>\n<p><strong>\u00a0<\/strong><\/p>\n\n\t\t<\/div>\n\t<\/div>\n<\/div><\/div><\/div><\/div><div class=\"vc_row-full-width vc_clearfix\"><\/div>\n<\/div>","protected":false},"excerpt":{"rendered":"Our major commitment is human inclusion, not only with our clients but also with all our service providers, taking into account your belief, your culture, your nationality, or your handicaps. We want to practice more responsible tourism and these two values are at the heart of our agency. We work hands in hands with our [...]","protected":false},"author":1,"featured_media":0,"parent":0,"menu_order":0,"comment_status":"closed","ping_status":"closed","template":"","meta":{"_acf_changed":false,"inline_featured_image":false,"footnotes":""},"categories":[],"tags":[],"class_list":["post-274","page","type-page","status-publish","hentry"],"acf":[],"yoast_head":"<!-- This site is optimized with the Yoast SEO plugin v27.3 - https:\/\/yoast.com\/product\/yoast-seo-wordpress\/ -->\n<title>Our Ethics - Mad Tours &amp; Events<\/title>\n<meta name=\"description\" content=\"Learn about the values we uphold at Mad Tours &amp; Events. We consider your belief, culture, nationality, or handicaps.\" \/>\n<meta name=\"robots\" content=\"index, follow, max-snippet:-1, max-image-preview:large, max-video-preview:-1\" \/>\n<link rel=\"canonical\" href=\"https:\/\/madtoursandevents.com\/es\/our-ethics\/\" \/>\n<meta property=\"og:locale\" content=\"es_ES\" \/>\n<meta property=\"og:type\" content=\"article\" \/>\n<meta property=\"og:title\" content=\"Our Ethics - Mad Tours &amp; Events\" \/>\n<meta property=\"og:description\" content=\"Learn about the values we uphold at Mad Tours &amp; Events. We consider your belief, culture, nationality, or handicaps.\" \/>\n<meta property=\"og:url\" content=\"https:\/\/madtoursandevents.com\/es\/our-ethics\/\" \/>\n<meta property=\"og:site_name\" content=\"Mad Tours &amp; Events\" \/>\n<meta property=\"article:publisher\" content=\"https:\/\/www.facebook.com\/madnewyorkcitytours\" \/>\n<meta property=\"article:modified_time\" content=\"2026-04-08T04:37:34+00:00\" \/>\n<meta name=\"twitter:card\" content=\"summary_large_image\" \/>\n<meta name=\"twitter:site\" content=\"@madfuntours\" \/>\n<meta name=\"twitter:label1\" content=\"Tiempo de lectura\" \/>\n\t<meta name=\"twitter:data1\" content=\"3 minutos\" \/>\n<script type=\"application\/ld+json\" class=\"yoast-schema-graph\">{\"@context\":\"https:\\\/\\\/schema.org\",\"@graph\":[{\"@type\":\"WebPage\",\"@id\":\"https:\\\/\\\/madtoursandevents.com\\\/our-ethics\\\/\",\"url\":\"https:\\\/\\\/madtoursandevents.com\\\/our-ethics\\\/\",\"name\":\"Our Ethics - Mad Tours &amp; Events\",\"isPartOf\":{\"@id\":\"https:\\\/\\\/madtoursandevents.com\\\/#website\"},\"datePublished\":\"2021-08-16T18:53:09+00:00\",\"dateModified\":\"2026-04-08T04:37:34+00:00\",\"description\":\"Learn about the values we uphold at Mad Tours & Events. We consider your belief, culture, nationality, or handicaps.\",\"breadcrumb\":{\"@id\":\"https:\\\/\\\/madtoursandevents.com\\\/our-ethics\\\/#breadcrumb\"},\"inLanguage\":\"es\",\"potentialAction\":[{\"@type\":\"ReadAction\",\"target\":[\"https:\\\/\\\/madtoursandevents.com\\\/our-ethics\\\/\"]}]},{\"@type\":\"BreadcrumbList\",\"@id\":\"https:\\\/\\\/madtoursandevents.com\\\/our-ethics\\\/#breadcrumb\",\"itemListElement\":[{\"@type\":\"ListItem\",\"position\":1,\"name\":\"Home\",\"item\":\"https:\\\/\\\/madtoursandevents.com\\\/\"},{\"@type\":\"ListItem\",\"position\":2,\"name\":\"Our Ethics\"}]},{\"@type\":\"WebSite\",\"@id\":\"https:\\\/\\\/madtoursandevents.com\\\/#website\",\"url\":\"https:\\\/\\\/madtoursandevents.com\\\/\",\"name\":\"Mad Tours & Events\",\"description\":\"\",\"publisher\":{\"@id\":\"https:\\\/\\\/madtoursandevents.com\\\/#organization\"},\"potentialAction\":[{\"@type\":\"SearchAction\",\"target\":{\"@type\":\"EntryPoint\",\"urlTemplate\":\"https:\\\/\\\/madtoursandevents.com\\\/?s={search_term_string}\"},\"query-input\":{\"@type\":\"PropertyValueSpecification\",\"valueRequired\":true,\"valueName\":\"search_term_string\"}}],\"inLanguage\":\"es\"},{\"@type\":\"Organization\",\"@id\":\"https:\\\/\\\/madtoursandevents.com\\\/#organization\",\"name\":\"Mad Tours & Events\",\"url\":\"https:\\\/\\\/madtoursandevents.com\\\/\",\"logo\":{\"@type\":\"ImageObject\",\"inLanguage\":\"es\",\"@id\":\"https:\\\/\\\/madtoursandevents.com\\\/#\\\/schema\\\/logo\\\/image\\\/\",\"url\":\"https:\\\/\\\/madtoursandevents.com\\\/wp-content\\\/uploads\\\/2021\\\/08\\\/Logo.png\",\"contentUrl\":\"https:\\\/\\\/madtoursandevents.com\\\/wp-content\\\/uploads\\\/2021\\\/08\\\/Logo.png\",\"width\":204,\"height\":55,\"caption\":\"Mad Tours & Events\"},\"image\":{\"@id\":\"https:\\\/\\\/madtoursandevents.com\\\/#\\\/schema\\\/logo\\\/image\\\/\"},\"sameAs\":[\"https:\\\/\\\/www.facebook.com\\\/madnewyorkcitytours\",\"https:\\\/\\\/x.com\\\/madfuntours\"]}]}<\/script>\n<!-- \/ Yoast SEO plugin. -->","yoast_head_json":{"title":"Our Ethics - Mad Tours &amp; Events","description":"Learn about the values we uphold at Mad Tours & Events. We consider your belief, culture, nationality, or handicaps.","robots":{"index":"index","follow":"follow","max-snippet":"max-snippet:-1","max-image-preview":"max-image-preview:large","max-video-preview":"max-video-preview:-1"},"canonical":"https:\/\/madtoursandevents.com\/es\/our-ethics\/","og_locale":"es_ES","og_type":"article","og_title":"Our Ethics - Mad Tours &amp; Events","og_description":"Learn about the values we uphold at Mad Tours & Events. We consider your belief, culture, nationality, or handicaps.","og_url":"https:\/\/madtoursandevents.com\/es\/our-ethics\/","og_site_name":"Mad Tours &amp; Events","article_publisher":"https:\/\/www.facebook.com\/madnewyorkcitytours","article_modified_time":"2026-04-08T04:37:34+00:00","twitter_card":"summary_large_image","twitter_site":"@madfuntours","twitter_misc":{"Tiempo de lectura":"3 minutos"},"schema":{"@context":"https:\/\/schema.org","@graph":[{"@type":"WebPage","@id":"https:\/\/madtoursandevents.com\/our-ethics\/","url":"https:\/\/madtoursandevents.com\/our-ethics\/","name":"Our Ethics - Mad Tours &amp; Events","isPartOf":{"@id":"https:\/\/madtoursandevents.com\/#website"},"datePublished":"2021-08-16T18:53:09+00:00","dateModified":"2026-04-08T04:37:34+00:00","description":"Learn about the values we uphold at Mad Tours & Events. We consider your belief, culture, nationality, or handicaps.","breadcrumb":{"@id":"https:\/\/madtoursandevents.com\/our-ethics\/#breadcrumb"},"inLanguage":"es","potentialAction":[{"@type":"ReadAction","target":["https:\/\/madtoursandevents.com\/our-ethics\/"]}]},{"@type":"BreadcrumbList","@id":"https:\/\/madtoursandevents.com\/our-ethics\/#breadcrumb","itemListElement":[{"@type":"ListItem","position":1,"name":"Home","item":"https:\/\/madtoursandevents.com\/"},{"@type":"ListItem","position":2,"name":"Our Ethics"}]},{"@type":"WebSite","@id":"https:\/\/madtoursandevents.com\/#website","url":"https:\/\/madtoursandevents.com\/","name":"Mad Tours & Events","description":"","publisher":{"@id":"https:\/\/madtoursandevents.com\/#organization"},"potentialAction":[{"@type":"SearchAction","target":{"@type":"EntryPoint","urlTemplate":"https:\/\/madtoursandevents.com\/?s={search_term_string}"},"query-input":{"@type":"PropertyValueSpecification","valueRequired":true,"valueName":"search_term_string"}}],"inLanguage":"es"},{"@type":"Organization","@id":"https:\/\/madtoursandevents.com\/#organization","name":"Mad Tours & Events","url":"https:\/\/madtoursandevents.com\/","logo":{"@type":"ImageObject","inLanguage":"es","@id":"https:\/\/madtoursandevents.com\/#\/schema\/logo\/image\/","url":"https:\/\/madtoursandevents.com\/wp-content\/uploads\/2021\/08\/Logo.png","contentUrl":"https:\/\/madtoursandevents.com\/wp-content\/uploads\/2021\/08\/Logo.png","width":204,"height":55,"caption":"Mad Tours & Events"},"image":{"@id":"https:\/\/madtoursandevents.com\/#\/schema\/logo\/image\/"},"sameAs":["https:\/\/www.facebook.com\/madnewyorkcitytours","https:\/\/x.com\/madfuntours"]}]}},"_links":{"self":[{"href":"https:\/\/madtoursandevents.com\/es\/wp-json\/wp\/v2\/pages\/274","targetHints":{"allow":["GET"]}}],"collection":[{"href":"https:\/\/madtoursandevents.com\/es\/wp-json\/wp\/v2\/pages"}],"about":[{"href":"https:\/\/madtoursandevents.com\/es\/wp-json\/wp\/v2\/types\/page"}],"author":[{"embeddable":true,"href":"https:\/\/madtoursandevents.com\/es\/wp-json\/wp\/v2\/users\/1"}],"replies":[{"embeddable":true,"href":"https:\/\/madtoursandevents.com\/es\/wp-json\/wp\/v2\/comments?post=274"}],"version-history":[{"count":4,"href":"https:\/\/madtoursandevents.com\/es\/wp-json\/wp\/v2\/pages\/274\/revisions"}],"predecessor-version":[{"id":13932,"href":"https:\/\/madtoursandevents.com\/es\/wp-json\/wp\/v2\/pages\/274\/revisions\/13932"}],"wp:attachment":[{"href":"https:\/\/madtoursandevents.com\/es\/wp-json\/wp\/v2\/media?parent=274"}],"wp:term":[{"taxonomy":"category","embeddable":true,"href":"https:\/\/madtoursandevents.com\/es\/wp-json\/wp\/v2\/categories?post=274"},{"taxonomy":"post_tag","embeddable":true,"href":"https:\/\/madtoursandevents.com\/es\/wp-json\/wp\/v2\/tags?post=274"}],"curies":[{"name":"wp","href":"https:\/\/api.w.org\/{rel}","templated":true}]}}