{"id":13374,"date":"2025-10-23T16:10:27","date_gmt":"2025-10-23T16:10:27","guid":{"rendered":"https:\/\/madtoursandevents.com\/?page_id=13374"},"modified":"2026-04-08T11:32:33","modified_gmt":"2026-04-08T11:32:33","slug":"compensacion-del-impacto-de-carbono","status":"publish","type":"page","link":"https:\/\/madtoursandevents.com\/es\/carbon-impact-offset-program\/","title":{"rendered":"Compensaci\u00f3n del Impacto de Carbono"},"content":{"rendered":"<div class=\"wpb-content-wrapper\"><div id=\"sus-banner-row\" data-vc-full-width=\"true\" data-vc-full-width-temp=\"true\" data-vc-full-width-init=\"false\" data-vc-stretch-content=\"true\" class=\"vc_row wpb_row vc_row-fluid slider-rev mtt-title-img-row vc_row-no-padding\"><div class=\"mtt-title-img-col wpb_column vc_column_container vc_col-sm-12\"><div class=\"vc_column-inner\"><div class=\"wpb_wrapper\">\n\t<div id=\"sus-banner\" class=\"wpb_single_image wpb_content_element vc_align_left wpb_content_element vc_custom_1761235471117  mtt-title-img\">\n\t\t\n\t\t<figure class=\"wpb_wrapper vc_figure\">\n\t\t\t<div class=\"vc_single_image-wrapper   vc_box_border_grey\"><img loading=\"lazy\" decoding=\"async\" width=\"1400\" height=\"450\" src=\"https:\/\/madtoursandevents.com\/wp-content\/uploads\/2025\/10\/CarbonImpact-Banner.jpg\" class=\"vc_single_image-img attachment-full\" alt=\"\" title=\"CarbonImpact-Banner\" srcset=\"https:\/\/madtoursandevents.com\/wp-content\/uploads\/2025\/10\/CarbonImpact-Banner.jpg 1400w, https:\/\/madtoursandevents.com\/wp-content\/uploads\/2025\/10\/CarbonImpact-Banner-300x96.jpg 300w, https:\/\/madtoursandevents.com\/wp-content\/uploads\/2025\/10\/CarbonImpact-Banner-1024x329.jpg 1024w, https:\/\/madtoursandevents.com\/wp-content\/uploads\/2025\/10\/CarbonImpact-Banner-768x247.jpg 768w, https:\/\/madtoursandevents.com\/wp-content\/uploads\/2025\/10\/CarbonImpact-Banner-18x6.jpg 18w, https:\/\/madtoursandevents.com\/wp-content\/uploads\/2025\/10\/CarbonImpact-Banner-600x193.jpg 600w, https:\/\/madtoursandevents.com\/wp-content\/uploads\/2025\/10\/CarbonImpact-Banner-100x32.jpg 100w\" sizes=\"auto, (max-width: 1400px) 100vw, 1400px\" \/><\/div>\n\t\t<\/figure>\n\t<\/div>\n<\/div><\/div><\/div><\/div><div class=\"vc_row-full-width vc_clearfix\"><\/div><div class=\"vc_row wpb_row vc_row-fluid main-dropdown-img dtt-dropdown-img\"><div class=\"wpb_column vc_column_container vc_col-sm-12\"><div class=\"vc_column-inner\"><div class=\"wpb_wrapper\">\n\t<div id=\"down-arrow-icon\" class=\"wpb_single_image wpb_content_element vc_align_center wpb_content_element  sus-down-arrow\">\n\t\t\n\t\t<figure class=\"wpb_wrapper vc_figure\">\n\t\t\t<a href=\"#sec1\" target=\"_self\" class=\"vc_single_image-wrapper   vc_box_border_grey\"><img loading=\"lazy\" decoding=\"async\" width=\"94\" height=\"94\" src=\"https:\/\/madtoursandevents.com\/wp-content\/uploads\/2021\/08\/main-drop-arrow.png\" class=\"vc_single_image-img attachment-full\" alt=\"purple down Arrow Icon in Small Size\" title=\"main-drop-arrow\" \/><\/a>\n\t\t<\/figure>\n\t<\/div>\n<\/div><\/div><\/div><\/div><div class=\"vc_row wpb_row vc_row-fluid\"><div class=\"wpb_column vc_column_container vc_col-sm-12\"><div class=\"vc_column-inner\"><div class=\"wpb_wrapper\">\n\t<div  class=\"wpb_single_image wpb_content_element vc_align_center wpb_content_element  3lines\">\n\t\t\n\t\t<figure class=\"wpb_wrapper vc_figure\">\n\t\t\t<div class=\"vc_single_image-wrapper   vc_box_border_grey\"><img loading=\"lazy\" decoding=\"async\" width=\"121\" height=\"14\" src=\"https:\/\/madtoursandevents.com\/wp-content\/uploads\/2021\/08\/All-Lines.png\" class=\"vc_single_image-img attachment-full\" alt=\"Three orange color link with no background\" title=\"All Lines\" \/><\/div>\n\t\t<\/figure>\n\t<\/div>\n<\/div><\/div><\/div><\/div><div id=\"sec1\" data-vc-full-width=\"true\" data-vc-full-width-temp=\"true\" data-vc-full-width-init=\"false\" class=\"vc_row wpb_row vc_row-fluid dtt-cvd-bg dtt-cv-bg\"><div class=\"dtt-cv-p wpb_column vc_column_container vc_col-sm-12\"><div class=\"vc_column-inner\"><div class=\"wpb_wrapper\">\n\t<div class=\"wpb_text_column wpb_content_element dtr-es\" id=\"sus-description\">\n\t\t<div class=\"wpb_wrapper\">\n\t\t\t<p><strong><img loading=\"lazy\" decoding=\"async\" class=\"sust-img alignright wp-image-10726\" src=\"https:\/\/madtoursandevents.com\/wp-content\/uploads\/2025\/10\/Carbon-Impact-IMG-01.png\" alt=\"\" width=\"750\" height=\"499\" \/><\/strong><\/p>\n<p>&nbsp;<\/p>\n<h4 style=\"font-weight: 400;\"><strong>Compensaci\u00f3n del Impacto de Carbono<\/strong><\/h4>\n<p>&nbsp;<\/p>\n<p style=\"font-weight: 400;\"><span style=\"text-decoration: underline;\"><strong>Viajes Conscientes con Mad Tours and Events<\/strong><\/span><\/p>\n<p>&nbsp;<\/p>\n<p style=\"font-weight: 400;\">En\u00a0<strong>MAD Tours and Events<\/strong>, nos comprometemos a crear viajes extraordinarios que tambi\u00e9n respeten nuestro planeta. Cada detalle, desde el dise\u00f1o del itinerario hasta las asociaciones locales, est\u00e1 cuidadosamente planificado para reducir su huella ambiental y de carbono.<\/p>\n<p>&nbsp;<\/p>\n<p style=\"font-weight: 400;\">Tomamos decisiones conscientes, como minimizar los desechos no reciclables, priorizar alimentos locales y org\u00e1nicos, y seleccionar alojamientos y empaques ecol\u00f3gicos en nuestros destinos. Siempre que sea posible, optimizamos los itinerarios para limitar vuelos cortos y fomentar modos de transporte m\u00e1s sostenibles.<\/p>\n<p>&nbsp;<\/p>\n<p style=\"font-weight: 400;\">Reconocemos tambi\u00e9n que el transporte a\u00e9reo internacional sigue siendo uno de los mayores contribuyentes a las emisiones globales de carbono. Por eso animamos a todos nuestros viajeros a compensar el impacto de carbono de sus vuelos, un paso sencillo y econ\u00f3mico que contribuye a un futuro m\u00e1s limpio y sostenible.<\/p>\n<p>&nbsp;<\/p>\n<p style=\"font-weight: 400;\"><span style=\"text-decoration: underline;\"><strong>C\u00f3mo Funciona la Compensaci\u00f3n de Carbono<\/strong><\/span><\/p>\n<p style=\"font-weight: 400;\">En\u00a0<strong>MAD Tours and Events<\/strong>, creemos que cada viajero puede ayudar a proteger nuestro planeta. Los vuelos producen inevitablemente gases de efecto invernadero, principalmente di\u00f3xido de carbono (CO\u2082), que contribuyen al calentamiento global. Aunque estas emisiones no se pueden eliminar completamente, pueden compensarse mediante la compensaci\u00f3n de carbono.<\/p>\n<p>&nbsp;<\/p>\n<p style=\"font-weight: 400;\">La compensaci\u00f3n de carbono consiste en calcular las emisiones de CO\u2082 generadas por sus vuelos y transformarlas en una contribuci\u00f3n econ\u00f3mica que respalde proyectos ambientales certificados. Estas iniciativas buscan reducir o capturar las emisiones en otros lugares, generando un impacto ambiental positivo.<\/p>\n<p>&nbsp;<\/p>\n<p style=\"font-weight: 400;\">Por ejemplo, las contribuciones pueden financiar proyectos de reforestaci\u00f3n y preservaci\u00f3n de bosques, que mantienen \u201csumideros de carbono\u201d naturales que absorben y almacenan CO\u2082. Otros programas de compensaci\u00f3n invierten en energ\u00edas renovables, tecnolog\u00edas limpias o soluciones de eficiencia energ\u00e9tica, beneficiando a comunidades locales y apoyando el desarrollo sostenible.<\/p>\n<p>&nbsp;<\/p>\n<p style=\"font-weight: 400;\">Al compensar su huella de carbono, contribuye a que cada viaje con Mad Tours and Events sea parte de un esfuerzo global hacia un viaje responsable y regenerativo.<\/p>\n<p>&nbsp;<\/p>\n<p style=\"font-weight: 400;\"><span style=\"text-decoration: underline;\"><strong>C\u00f3mo Puede Compensar su Vuelo<\/strong><\/span><\/p>\n<p style=\"font-weight: 400;\">En\u00a0<strong>MAD Tours and Events<\/strong>, animamos a nuestros viajeros a hacer un esfuerzo consciente para compensar la huella de carbono de sus vuelos. La compensaci\u00f3n es una forma sencilla y eficaz de equilibrar las emisiones producidas por los vuelos, apoyando proyectos verificados ambientales y comunitarios en todo el mundo.<\/p>\n<p>&nbsp;<\/p>\n<p style=\"font-weight: 400;\">Existen varias maneras de compensar sus emisiones, y la clave es elegir un programa cre\u00edble y transparente. Algunas aerol\u00edneas ofrecen calculadoras de carbono u opciones de compensaci\u00f3n al reservar, pero si esta opci\u00f3n no est\u00e1 disponible o desea elegir personalmente el tipo de proyecto a apoyar, recomendamos compensar directamente a trav\u00e9s de Gold Standard, uno de los organismos de certificaci\u00f3n m\u00e1s confiables a nivel mundial.<\/p>\n<p>&nbsp;<\/p>\n<p style=\"font-weight: 400;\">Fundado por una coalici\u00f3n de ONG, Gold Standard apoya proyectos de alto impacto que no solo reducen las emisiones de CO\u2082, sino que tambi\u00e9n generan beneficios sociales y ambientales duraderos para las comunidades locales. Algunos ejemplos incluyen iniciativas de regeneraci\u00f3n forestal y programas de cocinas limpias, mejorando la calidad del aire y las condiciones de vida.<\/p>\n<p>&nbsp;<\/p>\n<p style=\"font-weight: 400;\"><strong>La compensaci\u00f3n de su vuelo es r\u00e1pida y sencilla:<\/strong><\/p>\n<p>&nbsp;<\/p>\n<ol style=\"font-weight: 400;\">\n<li>Seleccione un proyecto certificado por Gold Standard que desee apoyar.<\/li>\n<li>Estime la cantidad de CO\u2082 que desea compensar.<\/li>\n<li>Realice su contribuci\u00f3n directamente en l\u00ednea.<\/li>\n<\/ol>\n<p>&nbsp;<\/p>\n<p style=\"font-weight: 400;\"><strong>Referencia:<\/strong><\/p>\n<p>&nbsp;<\/p>\n<ul style=\"font-weight: 400;\">\n<li>Un vuelo ida y vuelta entre Europa y la costa Este de EE.\u202fUU. produce aproximadamente 1,6 a 2 toneladas de CO\u2082 por pasajero.<\/li>\n<li>Un vuelo ida y vuelta entre Europa y la costa Oeste de EE.\u202fUU. emite alrededor de 2,5 a 4 toneladas de CO\u2082 por pasajero.<\/li>\n<\/ul>\n<p>&nbsp;<\/p>\n<p style=\"font-weight: 400;\">Tambi\u00e9n puede explorar plataformas asociadas que gestionan proyectos certificados por Gold Standard y ofrecen calculadoras de emisiones confiables, como:<\/p>\n<ul style=\"font-weight: 400;\">\n<li><strong>Verra (Verified Carbon Standard \u2013 VCS)<\/strong>:\u00a0<a href=\"https:\/\/verra.org\/programs\/verified-carbon-standard\/\" data-saferedirecturl=\"https:\/\/www.google.com\/url?q=https:\/\/verra.org\/programs\/verified-carbon-standard\/&amp;source=gmail&amp;ust=1761020116219000&amp;usg=AOvVaw0P2ByaSQRNwSRgL9XZVis6\">verra.org<\/a><\/li>\n<li><strong>Atmosfair<\/strong>:\u00a0<a href=\"https:\/\/www.atmosfair.de\/en\/\" data-saferedirecturl=\"https:\/\/www.google.com\/url?q=https:\/\/www.atmosfair.de\/en\/&amp;source=gmail&amp;ust=1761020116219000&amp;usg=AOvVaw1WQ3gZK2fjwq171MgwQ1LL\">atmosfair.de<\/a><\/li>\n<li><strong>TerraPass<\/strong>:\u00a0<a href=\"https:\/\/terrapass.com\/\" data-saferedirecturl=\"https:\/\/www.google.com\/url?q=https:\/\/terrapass.com&amp;source=gmail&amp;ust=1761020116219000&amp;usg=AOvVaw04KNXYQFLyUH9ht5FNdSfm\">terrapass.com<\/a><\/li>\n<li><strong>myclimate<\/strong>:\u00a0<a href=\"https:\/\/www.myclimate.org\/\" data-saferedirecturl=\"https:\/\/www.google.com\/url?q=https:\/\/www.myclimate.org\/&amp;source=gmail&amp;ust=1761020116219000&amp;usg=AOvVaw39-WFacaLHXWLJr7drYETi\">myclimate.org<\/a><\/li>\n<\/ul>\n<p>&nbsp;<\/p>\n<p style=\"font-weight: 400;\">Al compensar su vuelo, ayuda a garantizar que cada viaje con\u00a0<strong>MAD Tours and Events<\/strong>\u00a0contribuya a un planeta m\u00e1s limpio y sostenible, convirtiendo los viajes en una fuerza de cambio positivo.<\/p>\n\n\t\t<\/div>\n\t<\/div>\n<\/div><\/div><\/div><\/div><div class=\"vc_row-full-width vc_clearfix\"><\/div>\n<\/div>","protected":false},"excerpt":{"rendered":"&nbsp; Compensaci\u00f3n del Impacto de Carbono &nbsp; Viajes Conscientes con Mad Tours and Events &nbsp; En\u00a0MAD Tours and Events, nos comprometemos a crear viajes extraordinarios que tambi\u00e9n respeten nuestro planeta. Cada detalle, desde el dise\u00f1o del itinerario hasta las asociaciones locales, est\u00e1 cuidadosamente planificado para reducir su huella ambiental y de carbono. &nbsp; Tomamos decisiones [...]","protected":false},"author":7,"featured_media":13873,"parent":0,"menu_order":0,"comment_status":"closed","ping_status":"closed","template":"","meta":{"_acf_changed":false,"inline_featured_image":false,"footnotes":""},"categories":[50],"tags":[],"class_list":["post-13374","page","type-page","status-publish","has-post-thumbnail","hentry","category-eco"],"acf":[],"yoast_head":"<!-- This site is optimized with the Yoast SEO plugin v27.3 - https:\/\/yoast.com\/product\/yoast-seo-wordpress\/ -->\n<title>Carbon Impact Offset Program<\/title>\n<meta name=\"description\" content=\"At MAD Tours and Events, we are committed to creating extraordinary journeys that also respect our planet. Every detail from itinerary design to local partnerships, is thoughtfully curated to reduce both your environmental and carbon footprint.\" \/>\n<meta name=\"robots\" content=\"index, follow, max-snippet:-1, max-image-preview:large, max-video-preview:-1\" \/>\n<link rel=\"canonical\" href=\"https:\/\/madtoursandevents.com\/es\/compensacion-del-impacto-de-carbono\/\" \/>\n<meta property=\"og:locale\" content=\"es_ES\" \/>\n<meta property=\"og:type\" content=\"article\" \/>\n<meta property=\"og:title\" content=\"Carbon Impact Offset Program\" \/>\n<meta property=\"og:description\" content=\"At MAD Tours and Events, we are committed to creating extraordinary journeys that also respect our planet. Every detail from itinerary design to local partnerships, is thoughtfully curated to reduce both your environmental and carbon footprint.\" \/>\n<meta property=\"og:url\" content=\"https:\/\/madtoursandevents.com\/es\/compensacion-del-impacto-de-carbono\/\" \/>\n<meta property=\"og:site_name\" content=\"Mad Tours &amp; Events\" \/>\n<meta property=\"article:publisher\" content=\"https:\/\/www.facebook.com\/madnewyorkcitytours\" \/>\n<meta property=\"article:modified_time\" content=\"2026-04-08T11:32:33+00:00\" \/>\n<meta property=\"og:image\" content=\"https:\/\/madtoursandevents.com\/wp-content\/uploads\/2026\/04\/Carbon-Impact-FEATURE01.jpg\" \/>\n\t<meta property=\"og:image:width\" content=\"1271\" \/>\n\t<meta property=\"og:image:height\" content=\"1696\" \/>\n\t<meta property=\"og:image:type\" content=\"image\/jpeg\" \/>\n<meta name=\"twitter:card\" content=\"summary_large_image\" \/>\n<meta name=\"twitter:site\" content=\"@madfuntours\" \/>\n<meta name=\"twitter:label1\" content=\"Tiempo de lectura\" \/>\n\t<meta name=\"twitter:data1\" content=\"14 minutos\" \/>\n<script type=\"application\/ld+json\" class=\"yoast-schema-graph\">{\"@context\":\"https:\\\/\\\/schema.org\",\"@graph\":[{\"@type\":\"WebPage\",\"@id\":\"https:\\\/\\\/madtoursandevents.com\\\/carbon-impact-offset-program\\\/\",\"url\":\"https:\\\/\\\/madtoursandevents.com\\\/carbon-impact-offset-program\\\/\",\"name\":\"Carbon Impact Offset Program\",\"isPartOf\":{\"@id\":\"https:\\\/\\\/madtoursandevents.com\\\/#website\"},\"primaryImageOfPage\":{\"@id\":\"https:\\\/\\\/madtoursandevents.com\\\/carbon-impact-offset-program\\\/#primaryimage\"},\"image\":{\"@id\":\"https:\\\/\\\/madtoursandevents.com\\\/carbon-impact-offset-program\\\/#primaryimage\"},\"thumbnailUrl\":\"https:\\\/\\\/madtoursandevents.com\\\/wp-content\\\/uploads\\\/2026\\\/04\\\/Carbon-Impact-FEATURE01.jpg\",\"datePublished\":\"2025-10-23T16:10:27+00:00\",\"dateModified\":\"2026-04-08T11:32:33+00:00\",\"description\":\"At MAD Tours and Events, we are committed to creating extraordinary journeys that also respect our planet. Every detail from itinerary design to local partnerships, is thoughtfully curated to reduce both your environmental and carbon footprint.\",\"breadcrumb\":{\"@id\":\"https:\\\/\\\/madtoursandevents.com\\\/carbon-impact-offset-program\\\/#breadcrumb\"},\"inLanguage\":\"es\",\"potentialAction\":[{\"@type\":\"ReadAction\",\"target\":[\"https:\\\/\\\/madtoursandevents.com\\\/carbon-impact-offset-program\\\/\"]}]},{\"@type\":\"ImageObject\",\"inLanguage\":\"es\",\"@id\":\"https:\\\/\\\/madtoursandevents.com\\\/carbon-impact-offset-program\\\/#primaryimage\",\"url\":\"https:\\\/\\\/madtoursandevents.com\\\/wp-content\\\/uploads\\\/2026\\\/04\\\/Carbon-Impact-FEATURE01.jpg\",\"contentUrl\":\"https:\\\/\\\/madtoursandevents.com\\\/wp-content\\\/uploads\\\/2026\\\/04\\\/Carbon-Impact-FEATURE01.jpg\",\"width\":1271,\"height\":1696},{\"@type\":\"BreadcrumbList\",\"@id\":\"https:\\\/\\\/madtoursandevents.com\\\/carbon-impact-offset-program\\\/#breadcrumb\",\"itemListElement\":[{\"@type\":\"ListItem\",\"position\":1,\"name\":\"Home\",\"item\":\"https:\\\/\\\/madtoursandevents.com\\\/\"},{\"@type\":\"ListItem\",\"position\":2,\"name\":\"CARBON IMPACT OFFSET PROGRAM\"}]},{\"@type\":\"WebSite\",\"@id\":\"https:\\\/\\\/madtoursandevents.com\\\/#website\",\"url\":\"https:\\\/\\\/madtoursandevents.com\\\/\",\"name\":\"Mad Tours & Events\",\"description\":\"\",\"publisher\":{\"@id\":\"https:\\\/\\\/madtoursandevents.com\\\/#organization\"},\"potentialAction\":[{\"@type\":\"SearchAction\",\"target\":{\"@type\":\"EntryPoint\",\"urlTemplate\":\"https:\\\/\\\/madtoursandevents.com\\\/?s={search_term_string}\"},\"query-input\":{\"@type\":\"PropertyValueSpecification\",\"valueRequired\":true,\"valueName\":\"search_term_string\"}}],\"inLanguage\":\"es\"},{\"@type\":\"Organization\",\"@id\":\"https:\\\/\\\/madtoursandevents.com\\\/#organization\",\"name\":\"Mad Tours & Events\",\"url\":\"https:\\\/\\\/madtoursandevents.com\\\/\",\"logo\":{\"@type\":\"ImageObject\",\"inLanguage\":\"es\",\"@id\":\"https:\\\/\\\/madtoursandevents.com\\\/#\\\/schema\\\/logo\\\/image\\\/\",\"url\":\"https:\\\/\\\/madtoursandevents.com\\\/wp-content\\\/uploads\\\/2021\\\/08\\\/Logo.png\",\"contentUrl\":\"https:\\\/\\\/madtoursandevents.com\\\/wp-content\\\/uploads\\\/2021\\\/08\\\/Logo.png\",\"width\":204,\"height\":55,\"caption\":\"Mad Tours & Events\"},\"image\":{\"@id\":\"https:\\\/\\\/madtoursandevents.com\\\/#\\\/schema\\\/logo\\\/image\\\/\"},\"sameAs\":[\"https:\\\/\\\/www.facebook.com\\\/madnewyorkcitytours\",\"https:\\\/\\\/x.com\\\/madfuntours\"]}]}<\/script>\n<!-- \/ Yoast SEO plugin. -->","yoast_head_json":{"title":"Compensation de l\u2019Impact Carbone","description":"At MAD Tours and Events, we are committed to creating extraordinary journeys that also respect our planet. Every detail from itinerary design to local partnerships, is thoughtfully curated to reduce both your environmental and carbon footprint.","robots":{"index":"index","follow":"follow","max-snippet":"max-snippet:-1","max-image-preview":"max-image-preview:large","max-video-preview":"max-video-preview:-1"},"canonical":"https:\/\/madtoursandevents.com\/es\/compensacion-del-impacto-de-carbono\/","og_locale":"es_ES","og_type":"article","og_title":"Carbon Impact Offset Program","og_description":"At MAD Tours and Events, we are committed to creating extraordinary journeys that also respect our planet. Every detail from itinerary design to local partnerships, is thoughtfully curated to reduce both your environmental and carbon footprint.","og_url":"https:\/\/madtoursandevents.com\/es\/compensacion-del-impacto-de-carbono\/","og_site_name":"Mad Tours &amp; Events","article_publisher":"https:\/\/www.facebook.com\/madnewyorkcitytours","article_modified_time":"2026-04-08T11:32:33+00:00","og_image":[{"width":1271,"height":1696,"url":"https:\/\/madtoursandevents.com\/wp-content\/uploads\/2026\/04\/Carbon-Impact-FEATURE01.jpg","type":"image\/jpeg"}],"twitter_card":"summary_large_image","twitter_site":"@madfuntours","twitter_misc":{"Tiempo de lectura":"14 minutos"},"schema":{"@context":"https:\/\/schema.org","@graph":[{"@type":"WebPage","@id":"https:\/\/madtoursandevents.com\/carbon-impact-offset-program\/","url":"https:\/\/madtoursandevents.com\/carbon-impact-offset-program\/","name":"Compensation de l\u2019Impact Carbone","isPartOf":{"@id":"https:\/\/madtoursandevents.com\/#website"},"primaryImageOfPage":{"@id":"https:\/\/madtoursandevents.com\/carbon-impact-offset-program\/#primaryimage"},"image":{"@id":"https:\/\/madtoursandevents.com\/carbon-impact-offset-program\/#primaryimage"},"thumbnailUrl":"https:\/\/madtoursandevents.com\/wp-content\/uploads\/2026\/04\/Carbon-Impact-FEATURE01.jpg","datePublished":"2025-10-23T16:10:27+00:00","dateModified":"2026-04-08T11:32:33+00:00","description":"At MAD Tours and Events, we are committed to creating extraordinary journeys that also respect our planet. Every detail from itinerary design to local partnerships, is thoughtfully curated to reduce both your environmental and carbon footprint.","breadcrumb":{"@id":"https:\/\/madtoursandevents.com\/carbon-impact-offset-program\/#breadcrumb"},"inLanguage":"es","potentialAction":[{"@type":"ReadAction","target":["https:\/\/madtoursandevents.com\/carbon-impact-offset-program\/"]}]},{"@type":"ImageObject","inLanguage":"es","@id":"https:\/\/madtoursandevents.com\/carbon-impact-offset-program\/#primaryimage","url":"https:\/\/madtoursandevents.com\/wp-content\/uploads\/2026\/04\/Carbon-Impact-FEATURE01.jpg","contentUrl":"https:\/\/madtoursandevents.com\/wp-content\/uploads\/2026\/04\/Carbon-Impact-FEATURE01.jpg","width":1271,"height":1696},{"@type":"BreadcrumbList","@id":"https:\/\/madtoursandevents.com\/carbon-impact-offset-program\/#breadcrumb","itemListElement":[{"@type":"ListItem","position":1,"name":"Home","item":"https:\/\/madtoursandevents.com\/"},{"@type":"ListItem","position":2,"name":"CARBON IMPACT OFFSET PROGRAM"}]},{"@type":"WebSite","@id":"https:\/\/madtoursandevents.com\/#website","url":"https:\/\/madtoursandevents.com\/","name":"Mad Tours & Events","description":"","publisher":{"@id":"https:\/\/madtoursandevents.com\/#organization"},"potentialAction":[{"@type":"SearchAction","target":{"@type":"EntryPoint","urlTemplate":"https:\/\/madtoursandevents.com\/?s={search_term_string}"},"query-input":{"@type":"PropertyValueSpecification","valueRequired":true,"valueName":"search_term_string"}}],"inLanguage":"es"},{"@type":"Organization","@id":"https:\/\/madtoursandevents.com\/#organization","name":"Mad Tours & Events","url":"https:\/\/madtoursandevents.com\/","logo":{"@type":"ImageObject","inLanguage":"es","@id":"https:\/\/madtoursandevents.com\/#\/schema\/logo\/image\/","url":"https:\/\/madtoursandevents.com\/wp-content\/uploads\/2021\/08\/Logo.png","contentUrl":"https:\/\/madtoursandevents.com\/wp-content\/uploads\/2021\/08\/Logo.png","width":204,"height":55,"caption":"Mad Tours & Events"},"image":{"@id":"https:\/\/madtoursandevents.com\/#\/schema\/logo\/image\/"},"sameAs":["https:\/\/www.facebook.com\/madnewyorkcitytours","https:\/\/x.com\/madfuntours"]}]}},"_links":{"self":[{"href":"https:\/\/madtoursandevents.com\/es\/wp-json\/wp\/v2\/pages\/13374","targetHints":{"allow":["GET"]}}],"collection":[{"href":"https:\/\/madtoursandevents.com\/es\/wp-json\/wp\/v2\/pages"}],"about":[{"href":"https:\/\/madtoursandevents.com\/es\/wp-json\/wp\/v2\/types\/page"}],"author":[{"embeddable":true,"href":"https:\/\/madtoursandevents.com\/es\/wp-json\/wp\/v2\/users\/7"}],"replies":[{"embeddable":true,"href":"https:\/\/madtoursandevents.com\/es\/wp-json\/wp\/v2\/comments?post=13374"}],"version-history":[{"count":12,"href":"https:\/\/madtoursandevents.com\/es\/wp-json\/wp\/v2\/pages\/13374\/revisions"}],"predecessor-version":[{"id":13462,"href":"https:\/\/madtoursandevents.com\/es\/wp-json\/wp\/v2\/pages\/13374\/revisions\/13462"}],"wp:featuredmedia":[{"embeddable":true,"href":"https:\/\/madtoursandevents.com\/es\/wp-json\/wp\/v2\/media\/13873"}],"wp:attachment":[{"href":"https:\/\/madtoursandevents.com\/es\/wp-json\/wp\/v2\/media?parent=13374"}],"wp:term":[{"taxonomy":"category","embeddable":true,"href":"https:\/\/madtoursandevents.com\/es\/wp-json\/wp\/v2\/categories?post=13374"},{"taxonomy":"post_tag","embeddable":true,"href":"https:\/\/madtoursandevents.com\/es\/wp-json\/wp\/v2\/tags?post=13374"}],"curies":[{"name":"wp","href":"https:\/\/api.w.org\/{rel}","templated":true}]}}