{"id":1180,"date":"2021-09-21T20:28:27","date_gmt":"2021-09-21T20:28:27","guid":{"rendered":"https:\/\/madtoursandevents.com\/?page_id=1180"},"modified":"2025-04-10T03:02:24","modified_gmt":"2025-04-10T03:02:24","slug":"things-to-know","status":"publish","type":"page","link":"https:\/\/madtoursandevents.com\/es\/things-to-know\/","title":{"rendered":"Lo que debe saber"},"content":{"rendered":"<div class=\"wpb-content-wrapper\"><div data-vc-full-width=\"true\" data-vc-full-width-temp=\"true\" data-vc-full-width-init=\"false\" data-vc-stretch-content=\"true\" class=\"vc_row wpb_row vc_row-fluid slider-rev mtt-title-img-row vc_row-no-padding\"><div class=\"mtt-title-img-col wpb_column vc_column_container vc_col-sm-12\"><div class=\"vc_column-inner\"><div class=\"wpb_wrapper\">\n\t<div id=\"things-to-know-image\" class=\"wpb_single_image wpb_content_element vc_align_left wpb_content_element  mtt-title-img\">\n\t\t\n\t\t<figure class=\"wpb_wrapper vc_figure\">\n\t\t\t<div class=\"vc_single_image-wrapper   vc_box_border_grey\"><img loading=\"lazy\" decoding=\"async\" width=\"1400\" height=\"450\" src=\"https:\/\/madtoursandevents.com\/wp-content\/uploads\/2021\/10\/things-to-consider-inner-bg.jpg\" class=\"vc_single_image-img attachment-full\" alt=\"\" title=\"things-to-consider-inner-bg\" srcset=\"https:\/\/madtoursandevents.com\/wp-content\/uploads\/2021\/10\/things-to-consider-inner-bg.jpg 1400w, https:\/\/madtoursandevents.com\/wp-content\/uploads\/2021\/10\/things-to-consider-inner-bg-600x193.jpg 600w, https:\/\/madtoursandevents.com\/wp-content\/uploads\/2021\/10\/things-to-consider-inner-bg-300x96.jpg 300w, https:\/\/madtoursandevents.com\/wp-content\/uploads\/2021\/10\/things-to-consider-inner-bg-1024x329.jpg 1024w, https:\/\/madtoursandevents.com\/wp-content\/uploads\/2021\/10\/things-to-consider-inner-bg-768x247.jpg 768w, https:\/\/madtoursandevents.com\/wp-content\/uploads\/2021\/10\/things-to-consider-inner-bg-18x6.jpg 18w\" sizes=\"auto, (max-width: 1400px) 100vw, 1400px\" \/><\/div>\n\t\t<\/figure>\n\t<\/div>\n<\/div><\/div><\/div><\/div><div class=\"vc_row-full-width vc_clearfix\"><\/div><div class=\"vc_row wpb_row vc_row-fluid main-dropdown-img dtt-dropdown-img\"><div class=\"wpb_column vc_column_container vc_col-sm-12\"><div class=\"vc_column-inner\"><div class=\"wpb_wrapper\">\n\t<div id=\"down-arrow-icon\" class=\"wpb_single_image wpb_content_element vc_align_center wpb_content_element\">\n\t\t\n\t\t<figure class=\"wpb_wrapper vc_figure\">\n\t\t\t<a href=\"#sec1\" target=\"_self\" class=\"vc_single_image-wrapper   vc_box_border_grey\"><img loading=\"lazy\" decoding=\"async\" width=\"94\" height=\"94\" src=\"https:\/\/madtoursandevents.com\/wp-content\/uploads\/2021\/08\/main-drop-arrow.png\" class=\"vc_single_image-img attachment-full\" alt=\"purple down Arrow Icon in Small Size\" title=\"main-drop-arrow\" \/><\/a>\n\t\t<\/figure>\n\t<\/div>\n<\/div><\/div><\/div><\/div><div class=\"vc_row wpb_row vc_row-fluid\"><div class=\"wpb_column vc_column_container vc_col-sm-12\"><div class=\"vc_column-inner\"><div class=\"wpb_wrapper\">\n\t<div  class=\"wpb_single_image wpb_content_element vc_align_center wpb_content_element  things-to-know-red-lines\">\n\t\t\n\t\t<figure class=\"wpb_wrapper vc_figure\">\n\t\t\t<div class=\"vc_single_image-wrapper   vc_box_border_grey\"><img loading=\"lazy\" decoding=\"async\" width=\"121\" height=\"14\" src=\"https:\/\/madtoursandevents.com\/wp-content\/uploads\/2021\/08\/All-Lines.png\" class=\"vc_single_image-img attachment-full\" alt=\"Three orange color link with no background\" title=\"All Lines\" \/><\/div>\n\t\t<\/figure>\n\t<\/div>\n<\/div><\/div><\/div><\/div><section class=\"vc_section things-to-know-section-1 vc_custom_1632943314456 vc_section-has-fill\"><div class=\"vc_row wpb_row vc_row-fluid dtr-eng\"><div class=\"dtr-eng wpb_column vc_column_container vc_col-sm-12\"><div class=\"vc_column-inner\"><div class=\"wpb_wrapper\">\n\t<div class=\"wpb_text_column wpb_content_element dtr-eng\" >\n\t\t<div class=\"wpb_wrapper\">\n\t\t\t<h3>Informaci\u00f3n pr\u00e1ctica<\/h3>\n\n\t\t<\/div>\n\t<\/div>\n<\/div><\/div><\/div><\/div><\/section><section data-vc-full-width=\"true\" data-vc-full-width-temp=\"true\" data-vc-full-width-init=\"false\" class=\"vc_section things-to-know-section-1 vc_custom_1632771849592 vc_section-has-fill\"><div class=\"vc_row wpb_row vc_row-fluid dtr-eng\"><div class=\"dtr-eng wpb_column vc_column_container vc_col-sm-12\"><div class=\"vc_column-inner\"><div class=\"wpb_wrapper\">\n\t<div class=\"wpb_text_column wpb_content_element tdr-eng\" >\n\t\t<div class=\"wpb_wrapper\">\n\t\t\t<h4>DIVISA Y TIPO DE CAMBIO<\/h4>\n<p>La unidad monetaria es el d\u00f3lar estadounidense (US $), la \u00fanica moneda aceptada en los Estados Unidos. La cantidad m\u00e1xima de dinero en efectivo que se puede llevar al viajar a EE.UU. es de 10.000 d\u00f3lares. Lo mejor es cambiar algo de cambio a d\u00f3lares antes de salir, y luego sacar dinero in situ con una tarjeta de cr\u00e9dito. Hay cajeros autom\u00e1ticos en todas partes.<\/p>\n\n\t\t<\/div>\n\t<\/div>\n\n\t<div class=\"wpb_text_column wpb_content_element tdr-eng\" >\n\t\t<div class=\"wpb_wrapper\">\n\t\t\t<h4>tarjeta de cr\u00e9dito<\/h4>\n<p>Esta es la forma m\u00e1s f\u00e1cil y econ\u00f3mica de pagar, ya que el tipo de cambio es mejor que si se hace en el momento. Lleve consigo su pasaporte, a veces se lo exigen. Las tarjetas m\u00e1s comunes son Mastercard, Visa y, por supuesto, American Express. Como el c\u00f3digo secreto no est\u00e1 en vigor en los Estados Unidos, hay que firmar cada transacci\u00f3n.<\/p>\n<p>En Estados Unidos, la tarjeta de cr\u00e9dito es una herramienta indispensable, casi obligatoria incluso, los americanos pagan todo con tarjeta, incluso por 5 d\u00f3lares.<\/p>\n\n\t\t<\/div>\n\t<\/div>\n\n\t<div class=\"wpb_text_column wpb_content_element tdr-eng\" >\n\t\t<div class=\"wpb_wrapper\">\n\t\t\t<h4>Idiomas<\/h4>\n<p>La Constituci\u00f3n estadounidense no estipula ninguna lengua oficial. Sin embargo, est\u00e1 claro que el ingl\u00e9s es la lengua m\u00e1s hablada en Estados Unidos (80% de la poblaci\u00f3n), con el espa\u00f1ol en segundo lugar (12%), seguido del chino.<\/p>\n\n\t\t<\/div>\n\t<\/div>\n\n\t<div class=\"wpb_text_column wpb_content_element tdr-eng\" >\n\t\t<div class=\"wpb_wrapper\">\n\t\t\t<h4>Electricidad<\/h4>\n<p>Las normas de las instalaciones el\u00e9ctricas no son las mismas que en Estados Unidos, as\u00ed que recuerde llevar un adaptador el\u00e9ctrico en su equipaje. Ser\u00e1 esencial para recargar su tel\u00e9fono m\u00f3vil, c\u00e1mara u ordenador. En efecto, en Estados Unidos la corriente el\u00e9ctrica es de 110 voltios \/ 60 Hz. Los enchufes en Estados Unidos tienen 2 clavijas planas, a menudo con una tercera clavija redonda para la toma de tierra.<\/p>\n\n\t\t<\/div>\n\t<\/div>\n\n\t<div class=\"wpb_text_column wpb_content_element tdr-eng\" >\n\t\t<div class=\"wpb_wrapper\">\n\t\t\t<h4>Telecomunicaciones<\/h4>\n<p>To call abroad from the United States with your cell phone: dial 00 followed by the country and city code + the number of your correspondent (be careful of the time difference). Aside from the iPhone, most cell phones in the United States use a CDMA network, rather than GSM. Make sure that your operator is compatible. An international extension is necessary to call from your cell phone, and the cost of the communications is expensive.<\/p>\n\n\t\t<\/div>\n\t<\/div>\n\n\t<div class=\"wpb_text_column wpb_content_element tdr-eng\" >\n\t\t<div class=\"wpb_wrapper\">\n\t\t\t<h4>Impuestos<\/h4>\n<p>En EE.UU., los precios se cotizan siempre sin impuestos, tanto en las tiendas, donde los impuestos se a\u00f1aden en la caja, como en los hoteles, restaurantes, bares... Cada estado y cada ciudad es libre de fijar sus propios impuestos.<\/p>\n\n\t\t<\/div>\n\t<\/div>\n\n\t<div class=\"wpb_text_column wpb_content_element tdr-eng\" >\n\t\t<div class=\"wpb_wrapper\">\n\t\t\t<h4>Consejos<\/h4>\n<p>Es importante saber que en Estados Unidos el servicio no est\u00e1 incluido y constituye el salario del camarero. La \"propina\" oscila entre el 15% y el 20% del importe de la cuenta. Si paga con tarjeta de cr\u00e9dito, indique en la casilla correspondiente el importe de la propina que desea dejar y haga usted mismo la cuenta. En los bares, deje entre 1 y 2 d\u00f3lares por cada bebida servida. En el hotel, se suele dar una propina directamente a los porteros que asciende a 2 $ por maleta. En el caso de la camarera, se deja una propina de 3 $ por d\u00eda en la mesa de la habitaci\u00f3n al salir. En los taxis, se acostumbra a dejar una propina del 15% al 20%.<\/p>\n\n\t\t<\/div>\n\t<\/div>\n\n\t<div class=\"wpb_text_column wpb_content_element tdr-eng\" >\n\t\t<div class=\"wpb_wrapper\">\n\t\t\t<h4>para el guia y conductor<\/h4>\n<p>Es costumbre dejar una propina al final del viaje a los gu\u00edas y conductores que le habr\u00e1n acompa\u00f1ado durante su estancia. Por supuesto, esto se deja a su discreci\u00f3n. A t\u00edtulo indicativo, la base com\u00fanmente adoptada para el gu\u00eda es de 5 d\u00f3lares por d\u00eda y por persona; para los conductores, de 2 a 3 d\u00f3lares por d\u00eda y por persona.<\/p>\n\n\t\t<\/div>\n\t<\/div>\n\n\t<div class=\"wpb_text_column wpb_content_element tdr-eng\" >\n\t\t<div class=\"wpb_wrapper\">\n\t\t\t<h4>Tabaco<\/h4>\n<p>Est\u00e1 prohibido fumar (e incluso vapear) en todos los lugares p\u00fablicos cerrados (restaurantes, bares, discotecas, museos, transportes...) y al aire libre en parques, playas de la ciudad y algunas zonas peatonales. La multa es de 50 d\u00f3lares. El objetivo de esta restricci\u00f3n es respirar mejor y vivir m\u00e1s tiempo. La edad legal para comprar cigarrillos (incluidos los electr\u00f3nicos) es de 21 a\u00f1os.<\/p>\n\n\t\t<\/div>\n\t<\/div>\n\n\t<div class=\"wpb_text_column wpb_content_element tdr-eng\" >\n\t\t<div class=\"wpb_wrapper\">\n\t\t\t<h4>C\u00f3mo moverse por Nueva York<\/h4>\n<p><strong>The subway:<\/strong> los neoyorquinos pasan mucho tiempo en el transporte, especialmente en el seguro y tranquilo metro. La red es amplia y eficaz, y funciona las 24 horas del d\u00eda. La tarifa b\u00e1sica de un viaje es de 2,75 d\u00f3lares, independientemente de la distancia. Las tarjetas magn\u00e9ticas pueden adquirirse dentro de las estaciones, en las m\u00e1quinas de MetroCard o en las taquillas. Para llegar al norte de la ciudad, tome el tren Uptown, hacia el sur hasta Downtown. Algunas paradas no van en la misma direcci\u00f3n, pero suelen estar a ambos lados de la calle. Tambi\u00e9n es importante comprobar la letra o el n\u00famero de l\u00ednea del tren, ya que los trenes pueden ir a diferentes lugares desde el mismo and\u00e9n.<\/p>\n<p><strong>El taxi amarillo:<\/strong> Son amarillos en Manhattan y verde lima en otras zonas. Hay muchos y no tendr\u00e1 problemas para encontrarlos, excepto de 16:00 a 18:00 (hora punta). En el techo del taxi hay tres bombillas. Si la del medio est\u00e1 encendida, el taxi est\u00e1 libre, basta con llamarlo con la mano. Si la del medio est\u00e1 apagada, el taxi est\u00e1 ocupado. Si s\u00f3lo est\u00e1n encendidas las luces laterales, est\u00e1 fuera de servicio, es decir, que ha terminado su servicio pero puede llevarle si el viaje es de vuelta. Los precios est\u00e1n regulados. Todos los taxis est\u00e1n equipados con terminales para tarjetas de cr\u00e9dito. Al final del trayecto, basta con seleccionar el m\u00e9todo de pago en la pantalla (efectivo o tarjeta de cr\u00e9dito) y seguir las instrucciones. No olvide la propina del 20%.<\/p>\n\n\t\t<\/div>\n\t<\/div>\n\n\t<div class=\"wpb_text_column wpb_content_element tdr-eng\" >\n\t\t<div class=\"wpb_wrapper\">\n\t\t\t<h4>Fotos &amp; C\u00e1mara<\/h4>\n<p>En algunos edificios religiosos, oficiales o tur\u00edsticos, est\u00e1 permitido fotografiar o filmar en el exterior. Pero nunca dentro, bajo pena de multa. Respete las instrucciones indicadas en los carteles.<\/p>\n\n\t\t<\/div>\n\t<\/div>\n\n\t<div class=\"wpb_text_column wpb_content_element dtr-eng\" >\n\t\t<div class=\"wpb_wrapper\">\n\t\t\t<h4>Customs &amp; Return<\/h4>\n<p>Recuerde que el exceso de peso del equipaje ser\u00e1 gravado por la compa\u00f1\u00eda a\u00e9rea a su regreso. En algunos pa\u00edses, est\u00e1 exento de pagar impuestos en la aduana por todas sus compras hasta una determinada cantidad por persona. Esta cantidad no puede ser acumulada por varias personas para el mismo art\u00edculo. Lleve consigo las facturas de las compras que haya realizado, en caso de control por parte de los aduaneros. Consulte la normativa de su pa\u00eds.<\/p>\n\n\t\t<\/div>\n\t<\/div>\n<\/div><\/div><\/div><\/div><\/section><div class=\"vc_row-full-width vc_clearfix\"><\/div>\n<\/div>","protected":false},"excerpt":{"rendered":"Practical information Currency &amp; Exchange rate The unit of currency is the US Dollar (US $), the only currency accepted in the USA. The maximum amount of cash you are allowed to take with you when traveling to the USA is $10,000 USD. It is best to change some change into dollars before you leave, [...]","protected":false},"author":1,"featured_media":0,"parent":0,"menu_order":0,"comment_status":"closed","ping_status":"closed","template":"","meta":{"_acf_changed":false,"inline_featured_image":false,"footnotes":""},"categories":[],"tags":[],"class_list":["post-1180","page","type-page","status-publish","hentry"],"acf":[],"yoast_head":"<!-- This site is optimized with the Yoast SEO plugin v27.3 - https:\/\/yoast.com\/product\/yoast-seo-wordpress\/ -->\n<title>Things to know - Mad Tours &amp; Events<\/title>\n<meta name=\"description\" content=\"Learn about travel requirements and things you need to prepare. Read our list at Mad Tours &amp; Events before your trip.\" \/>\n<meta name=\"robots\" content=\"index, follow, max-snippet:-1, max-image-preview:large, max-video-preview:-1\" \/>\n<link rel=\"canonical\" href=\"https:\/\/madtoursandevents.com\/es\/things-to-know\/\" \/>\n<meta property=\"og:locale\" content=\"es_ES\" \/>\n<meta property=\"og:type\" content=\"article\" \/>\n<meta property=\"og:title\" content=\"Things to know - Mad Tours &amp; Events\" \/>\n<meta property=\"og:description\" content=\"Learn about travel requirements and things you need to prepare. Read our list at Mad Tours &amp; Events before your trip.\" \/>\n<meta property=\"og:url\" content=\"https:\/\/madtoursandevents.com\/es\/things-to-know\/\" \/>\n<meta property=\"og:site_name\" content=\"Mad Tours &amp; Events\" \/>\n<meta property=\"article:publisher\" content=\"https:\/\/www.facebook.com\/madnewyorkcitytours\" \/>\n<meta property=\"article:modified_time\" content=\"2025-04-10T03:02:24+00:00\" \/>\n<meta name=\"twitter:card\" content=\"summary_large_image\" \/>\n<meta name=\"twitter:site\" content=\"@madfuntours\" \/>\n<meta name=\"twitter:label1\" content=\"Tiempo de lectura\" \/>\n\t<meta name=\"twitter:data1\" content=\"14 minutos\" \/>\n<script type=\"application\/ld+json\" class=\"yoast-schema-graph\">{\"@context\":\"https:\\\/\\\/schema.org\",\"@graph\":[{\"@type\":\"WebPage\",\"@id\":\"https:\\\/\\\/madtoursandevents.com\\\/things-to-know\\\/\",\"url\":\"https:\\\/\\\/madtoursandevents.com\\\/things-to-know\\\/\",\"name\":\"Things to know - Mad Tours &amp; Events\",\"isPartOf\":{\"@id\":\"https:\\\/\\\/madtoursandevents.com\\\/#website\"},\"datePublished\":\"2021-09-21T20:28:27+00:00\",\"dateModified\":\"2025-04-10T03:02:24+00:00\",\"description\":\"Learn about travel requirements and things you need to prepare. Read our list at Mad Tours & Events before your trip.\",\"breadcrumb\":{\"@id\":\"https:\\\/\\\/madtoursandevents.com\\\/things-to-know\\\/#breadcrumb\"},\"inLanguage\":\"es\",\"potentialAction\":[{\"@type\":\"ReadAction\",\"target\":[\"https:\\\/\\\/madtoursandevents.com\\\/things-to-know\\\/\"]}]},{\"@type\":\"BreadcrumbList\",\"@id\":\"https:\\\/\\\/madtoursandevents.com\\\/things-to-know\\\/#breadcrumb\",\"itemListElement\":[{\"@type\":\"ListItem\",\"position\":1,\"name\":\"Home\",\"item\":\"https:\\\/\\\/madtoursandevents.com\\\/\"},{\"@type\":\"ListItem\",\"position\":2,\"name\":\"Things to know\"}]},{\"@type\":\"WebSite\",\"@id\":\"https:\\\/\\\/madtoursandevents.com\\\/#website\",\"url\":\"https:\\\/\\\/madtoursandevents.com\\\/\",\"name\":\"Mad Tours & Events\",\"description\":\"\",\"publisher\":{\"@id\":\"https:\\\/\\\/madtoursandevents.com\\\/#organization\"},\"potentialAction\":[{\"@type\":\"SearchAction\",\"target\":{\"@type\":\"EntryPoint\",\"urlTemplate\":\"https:\\\/\\\/madtoursandevents.com\\\/?s={search_term_string}\"},\"query-input\":{\"@type\":\"PropertyValueSpecification\",\"valueRequired\":true,\"valueName\":\"search_term_string\"}}],\"inLanguage\":\"es\"},{\"@type\":\"Organization\",\"@id\":\"https:\\\/\\\/madtoursandevents.com\\\/#organization\",\"name\":\"Mad Tours & Events\",\"url\":\"https:\\\/\\\/madtoursandevents.com\\\/\",\"logo\":{\"@type\":\"ImageObject\",\"inLanguage\":\"es\",\"@id\":\"https:\\\/\\\/madtoursandevents.com\\\/#\\\/schema\\\/logo\\\/image\\\/\",\"url\":\"https:\\\/\\\/madtoursandevents.com\\\/wp-content\\\/uploads\\\/2021\\\/08\\\/Logo.png\",\"contentUrl\":\"https:\\\/\\\/madtoursandevents.com\\\/wp-content\\\/uploads\\\/2021\\\/08\\\/Logo.png\",\"width\":204,\"height\":55,\"caption\":\"Mad Tours & Events\"},\"image\":{\"@id\":\"https:\\\/\\\/madtoursandevents.com\\\/#\\\/schema\\\/logo\\\/image\\\/\"},\"sameAs\":[\"https:\\\/\\\/www.facebook.com\\\/madnewyorkcitytours\",\"https:\\\/\\\/x.com\\\/madfuntours\"]}]}<\/script>\n<!-- \/ Yoast SEO plugin. -->","yoast_head_json":{"title":"Things to know - Mad Tours &amp; Events","description":"Learn about travel requirements and things you need to prepare. Read our list at Mad Tours & Events before your trip.","robots":{"index":"index","follow":"follow","max-snippet":"max-snippet:-1","max-image-preview":"max-image-preview:large","max-video-preview":"max-video-preview:-1"},"canonical":"https:\/\/madtoursandevents.com\/es\/things-to-know\/","og_locale":"es_ES","og_type":"article","og_title":"Things to know - Mad Tours &amp; Events","og_description":"Learn about travel requirements and things you need to prepare. Read our list at Mad Tours & Events before your trip.","og_url":"https:\/\/madtoursandevents.com\/es\/things-to-know\/","og_site_name":"Mad Tours &amp; Events","article_publisher":"https:\/\/www.facebook.com\/madnewyorkcitytours","article_modified_time":"2025-04-10T03:02:24+00:00","twitter_card":"summary_large_image","twitter_site":"@madfuntours","twitter_misc":{"Tiempo de lectura":"14 minutos"},"schema":{"@context":"https:\/\/schema.org","@graph":[{"@type":"WebPage","@id":"https:\/\/madtoursandevents.com\/things-to-know\/","url":"https:\/\/madtoursandevents.com\/things-to-know\/","name":"Things to know - Mad Tours &amp; Events","isPartOf":{"@id":"https:\/\/madtoursandevents.com\/#website"},"datePublished":"2021-09-21T20:28:27+00:00","dateModified":"2025-04-10T03:02:24+00:00","description":"Learn about travel requirements and things you need to prepare. Read our list at Mad Tours & Events before your trip.","breadcrumb":{"@id":"https:\/\/madtoursandevents.com\/things-to-know\/#breadcrumb"},"inLanguage":"es","potentialAction":[{"@type":"ReadAction","target":["https:\/\/madtoursandevents.com\/things-to-know\/"]}]},{"@type":"BreadcrumbList","@id":"https:\/\/madtoursandevents.com\/things-to-know\/#breadcrumb","itemListElement":[{"@type":"ListItem","position":1,"name":"Home","item":"https:\/\/madtoursandevents.com\/"},{"@type":"ListItem","position":2,"name":"Things to know"}]},{"@type":"WebSite","@id":"https:\/\/madtoursandevents.com\/#website","url":"https:\/\/madtoursandevents.com\/","name":"Mad Tours & Events","description":"","publisher":{"@id":"https:\/\/madtoursandevents.com\/#organization"},"potentialAction":[{"@type":"SearchAction","target":{"@type":"EntryPoint","urlTemplate":"https:\/\/madtoursandevents.com\/?s={search_term_string}"},"query-input":{"@type":"PropertyValueSpecification","valueRequired":true,"valueName":"search_term_string"}}],"inLanguage":"es"},{"@type":"Organization","@id":"https:\/\/madtoursandevents.com\/#organization","name":"Mad Tours & Events","url":"https:\/\/madtoursandevents.com\/","logo":{"@type":"ImageObject","inLanguage":"es","@id":"https:\/\/madtoursandevents.com\/#\/schema\/logo\/image\/","url":"https:\/\/madtoursandevents.com\/wp-content\/uploads\/2021\/08\/Logo.png","contentUrl":"https:\/\/madtoursandevents.com\/wp-content\/uploads\/2021\/08\/Logo.png","width":204,"height":55,"caption":"Mad Tours & Events"},"image":{"@id":"https:\/\/madtoursandevents.com\/#\/schema\/logo\/image\/"},"sameAs":["https:\/\/www.facebook.com\/madnewyorkcitytours","https:\/\/x.com\/madfuntours"]}]}},"_links":{"self":[{"href":"https:\/\/madtoursandevents.com\/es\/wp-json\/wp\/v2\/pages\/1180","targetHints":{"allow":["GET"]}}],"collection":[{"href":"https:\/\/madtoursandevents.com\/es\/wp-json\/wp\/v2\/pages"}],"about":[{"href":"https:\/\/madtoursandevents.com\/es\/wp-json\/wp\/v2\/types\/page"}],"author":[{"embeddable":true,"href":"https:\/\/madtoursandevents.com\/es\/wp-json\/wp\/v2\/users\/1"}],"replies":[{"embeddable":true,"href":"https:\/\/madtoursandevents.com\/es\/wp-json\/wp\/v2\/comments?post=1180"}],"version-history":[{"count":8,"href":"https:\/\/madtoursandevents.com\/es\/wp-json\/wp\/v2\/pages\/1180\/revisions"}],"predecessor-version":[{"id":11941,"href":"https:\/\/madtoursandevents.com\/es\/wp-json\/wp\/v2\/pages\/1180\/revisions\/11941"}],"wp:attachment":[{"href":"https:\/\/madtoursandevents.com\/es\/wp-json\/wp\/v2\/media?parent=1180"}],"wp:term":[{"taxonomy":"category","embeddable":true,"href":"https:\/\/madtoursandevents.com\/es\/wp-json\/wp\/v2\/categories?post=1180"},{"taxonomy":"post_tag","embeddable":true,"href":"https:\/\/madtoursandevents.com\/es\/wp-json\/wp\/v2\/tags?post=1180"}],"curies":[{"name":"wp","href":"https:\/\/api.w.org\/{rel}","templated":true}]}}