{"id":11050,"date":"2024-01-04T17:35:37","date_gmt":"2024-01-04T17:35:37","guid":{"rendered":"https:\/\/madtoursandevents.com\/?page_id=11050"},"modified":"2025-12-09T16:42:48","modified_gmt":"2025-12-09T16:42:48","slug":"what-to-pack-for-a-road-trip","status":"publish","type":"page","link":"https:\/\/madtoursandevents.com\/es\/what-to-pack-for-a-road-trip\/","title":{"rendered":"\u00bfQu\u00e9 hay que llevar para un roadtrip?"},"content":{"rendered":"<div class=\"wpb-content-wrapper\"><div id=\"sus-banner-row\" data-vc-full-width=\"true\" data-vc-full-width-temp=\"true\" data-vc-full-width-init=\"false\" data-vc-stretch-content=\"true\" class=\"vc_row wpb_row vc_row-fluid slider-rev mtt-title-img-row vc_row-no-padding\"><div class=\"mtt-title-img-col wpb_column vc_column_container vc_col-sm-12\"><div class=\"vc_column-inner\"><div class=\"wpb_wrapper\">\n\t<div id=\"sus-banner\" class=\"wpb_single_image wpb_content_element vc_align_left wpb_content_element vc_custom_1704389482947  mtt-title-img\">\n\t\t\n\t\t<figure class=\"wpb_wrapper vc_figure\">\n\t\t\t<div class=\"vc_single_image-wrapper   vc_box_border_grey\"><img loading=\"lazy\" decoding=\"async\" width=\"1400\" height=\"450\" src=\"https:\/\/madtoursandevents.com\/wp-content\/uploads\/2024\/01\/WhattoPack-Banner.jpg\" class=\"vc_single_image-img attachment-full\" alt=\"\" title=\"WhattoPack-Banner\" srcset=\"https:\/\/madtoursandevents.com\/wp-content\/uploads\/2024\/01\/WhattoPack-Banner.jpg 1400w, https:\/\/madtoursandevents.com\/wp-content\/uploads\/2024\/01\/WhattoPack-Banner-300x96.jpg 300w, https:\/\/madtoursandevents.com\/wp-content\/uploads\/2024\/01\/WhattoPack-Banner-1024x329.jpg 1024w, https:\/\/madtoursandevents.com\/wp-content\/uploads\/2024\/01\/WhattoPack-Banner-768x247.jpg 768w, https:\/\/madtoursandevents.com\/wp-content\/uploads\/2024\/01\/WhattoPack-Banner-18x6.jpg 18w, https:\/\/madtoursandevents.com\/wp-content\/uploads\/2024\/01\/WhattoPack-Banner-600x193.jpg 600w, https:\/\/madtoursandevents.com\/wp-content\/uploads\/2024\/01\/WhattoPack-Banner-100x32.jpg 100w\" sizes=\"auto, (max-width: 1400px) 100vw, 1400px\" \/><\/div>\n\t\t<\/figure>\n\t<\/div>\n<\/div><\/div><\/div><\/div><div class=\"vc_row-full-width vc_clearfix\"><\/div><div class=\"vc_row wpb_row vc_row-fluid main-dropdown-img dtt-dropdown-img\"><div class=\"wpb_column vc_column_container vc_col-sm-12\"><div class=\"vc_column-inner\"><div class=\"wpb_wrapper\">\n\t<div id=\"down-arrow-icon\" class=\"wpb_single_image wpb_content_element vc_align_center wpb_content_element  sus-down-arrow\">\n\t\t\n\t\t<figure class=\"wpb_wrapper vc_figure\">\n\t\t\t<a href=\"#sec1\" target=\"_self\" class=\"vc_single_image-wrapper   vc_box_border_grey\"><img loading=\"lazy\" decoding=\"async\" width=\"94\" height=\"94\" src=\"https:\/\/madtoursandevents.com\/wp-content\/uploads\/2021\/08\/main-drop-arrow.png\" class=\"vc_single_image-img attachment-full\" alt=\"purple down Arrow Icon in Small Size\" title=\"main-drop-arrow\" \/><\/a>\n\t\t<\/figure>\n\t<\/div>\n<\/div><\/div><\/div><\/div><div class=\"vc_row wpb_row vc_row-fluid\"><div class=\"wpb_column vc_column_container vc_col-sm-12\"><div class=\"vc_column-inner\"><div class=\"wpb_wrapper\">\n\t<div  class=\"wpb_single_image wpb_content_element vc_align_center wpb_content_element  3lines\">\n\t\t\n\t\t<figure class=\"wpb_wrapper vc_figure\">\n\t\t\t<div class=\"vc_single_image-wrapper   vc_box_border_grey\"><img loading=\"lazy\" decoding=\"async\" width=\"121\" height=\"14\" src=\"https:\/\/madtoursandevents.com\/wp-content\/uploads\/2021\/08\/All-Lines.png\" class=\"vc_single_image-img attachment-full\" alt=\"Three orange color link with no background\" title=\"All Lines\" \/><\/div>\n\t\t<\/figure>\n\t<\/div>\n<\/div><\/div><\/div><\/div><div id=\"sec1\" data-vc-full-width=\"true\" data-vc-full-width-temp=\"true\" data-vc-full-width-init=\"false\" class=\"vc_row wpb_row vc_row-fluid dtt-cvd-bg dtt-cv-bg\"><div class=\"dtt-cv-p wpb_column vc_column_container vc_col-sm-12\"><div class=\"vc_column-inner\"><div class=\"wpb_wrapper\">\n\t<div class=\"wpb_text_column wpb_content_element\" >\n\t\t<div class=\"wpb_wrapper\">\n\t\t\t<h2 id=\"sus-desc-title\" style=\"font-weight: 400; text-align: center;\"><span style=\"font-weight: 400;\">\u00bf<\/span><b>Qu\u00e9 hay que llevar para un roadtrip?<\/b><\/h2>\n<h3 style=\"font-weight: 400; text-align: center;\"><span style=\"font-weight: 400;\">Debes asegurarte de que est\u00e1s bien preparado para cualquier viaje, ya sea de unos d\u00edas o de una semana.<\/span><\/h3>\n<p>&nbsp;<\/p>\n<p><strong><img loading=\"lazy\" decoding=\"async\" class=\"what-to-pack-img alignnone wp-image-11052\" src=\"https:\/\/madtoursandevents.com\/wp-content\/uploads\/2024\/01\/WhattoPack-Image01-300x223.png\" alt=\"\" width=\"500\" height=\"372\" srcset=\"https:\/\/madtoursandevents.com\/wp-content\/uploads\/2024\/01\/WhattoPack-Image01-300x223.png 300w, https:\/\/madtoursandevents.com\/wp-content\/uploads\/2024\/01\/WhattoPack-Image01-16x12.png 16w, https:\/\/madtoursandevents.com\/wp-content\/uploads\/2024\/01\/WhattoPack-Image01-600x447.png 600w, https:\/\/madtoursandevents.com\/wp-content\/uploads\/2024\/01\/WhattoPack-Image01-100x74.png 100w, https:\/\/madtoursandevents.com\/wp-content\/uploads\/2024\/01\/WhattoPack-Image01.png 645w\" sizes=\"auto, (max-width: 500px) 100vw, 500px\" \/><\/strong><\/p>\n<ul>\n<li style=\"font-weight: 400;\" aria-level=\"1\"><b>Botella de agua<\/b><span style=\"font-weight: 400;\"> &#8211; Es f\u00e1cil deshidratarse viajando y comiendo aperitivos salados, as\u00ed que llena tu botella de agua cada vez que puedas.<\/span><\/li>\n<li style=\"font-weight: 400;\" aria-level=\"1\"><b>Nevera<\/b><span style=\"font-weight: 400;\"> &#8211; Ahorra dinero llevando tus propios tentempi\u00e9s y manteni\u00e9ndolos frescos en la nevera. Tambi\u00e9n es \u00fatil si compras comida por el camino y no te la acabas, pero necesitas mantenerla fr\u00eda.\u00a0<\/span><\/li>\n<li style=\"font-weight: 400;\" aria-level=\"1\"><b>Taza de caf\u00e9<\/b><span style=\"font-weight: 400;\"> &#8211; La taza de caf\u00e9 es esencial para tomar una taza de caf\u00e9 cada ma\u00f1ana, pero todos esos vasos de papel que te dan en las cafeter\u00edas pueden resultar realmente caros.\u00a0<\/span><\/li>\n<li style=\"font-weight: 400;\" aria-level=\"1\"><b>Gafas de sol polarizadas<\/b><span style=\"font-weight: 400;\"> &#8211; En la carretera puede haber mucha luz dependiendo del reflejo del sol, as\u00ed que prot\u00e9gete y ten un buen par de gafas de sol.\u00a0<\/span><\/li>\n<li style=\"font-weight: 400;\" aria-level=\"1\"><b>Crema solar<\/b><span style=\"font-weight: 400;\"> &#8211; Necesitar\u00e1s crema solar cuando est\u00e9s explorando, pero tambi\u00e9n es importante aplic\u00e1rtela cuando est\u00e9s en el coche. Dependiendo de la hora del d\u00eda, un lado de la cara y un brazo pueden estar expuestos durante horas.<\/span><\/li>\n<li style=\"font-weight: 400;\" aria-level=\"1\"><b>Spray antimosquitos<\/b><span style=\"font-weight: 400;\"> &#8211; Este spray protege a\u00fan mejor la piel, sobre todo contra mosquitos y jejenes. Intenta ser consciente del clima en el que vas a conducir y parar, ya que esto puede influir en el tipo de spray antimosquitos que necesitas utilizar.<\/span><\/li>\n<li style=\"font-weight: 400;\" aria-level=\"1\"><b>Cargador port\u00e1til de smartphone<\/b><span style=\"font-weight: 400;\">: esencial para viajar a cualquier parte. Son geniales para asegurarte de que nunca te quedas sin bater\u00eda mientras haces fotos y actualizas las redes sociales para compartirlas con tus amigos en casa.<\/span><\/li>\n<li style=\"font-weight: 400;\" aria-level=\"1\"><b>Adaptador de enchufe universal:<\/b><span style=\"font-weight: 400;\"> los enchufes de EE.UU. son muy diferentes a los de Europa, e incluso los pa\u00edses europeos tienen enchufes diferentes. Piensa en todos los dispositivos que necesitar\u00e1s cargar: tu tel\u00e9fono m\u00f3vil internacional, la c\u00e1mara, la tableta, etc\u00e9tera. Un adaptador universal ser\u00e1 un elemento esencial en tu lista de equipaje, sobre todo si piensas visitar distintos pa\u00edses durante tu viaje.<\/span><\/li>\n<li style=\"font-weight: 400;\" aria-level=\"1\"><b>C\u00e1mara<\/b><span style=\"font-weight: 400;\"> &#8211; La c\u00e1mara es otra de las cosas importantes que hay que llevar en un viaje por carretera. Poder hacer fotos en cualquier momento es parte de la raz\u00f3n de ser de los viajes por carretera.<\/span><\/li>\n<li style=\"font-weight: 400;\" aria-level=\"1\"><b>Desinfectante de manos<\/b><span style=\"font-weight: 400;\"> &#8211; Nunca se sabe cu\u00e1ndo se acaba el jab\u00f3n en la gasolinera en la que necesitas parar desesperadamente para ir al ba\u00f1o. Gu\u00e1rdalo en la guantera para tenerlo a mano.<\/span><\/li>\n<li style=\"font-weight: 400;\" aria-level=\"1\"><b>Funda segura para el tel\u00e9fono<\/b><span style=\"font-weight: 400;\">: probablemente utilizar\u00e1s mucho el tel\u00e9fono durante los viajes por carretera, por lo que te recomendamos encarecidamente que inviertas en una funda segura para protegerlo durante el trayecto. Una funda impermeable es imprescindible cuando se viaja en coche. Lo mejor de todo es que la mayor\u00eda de estas fundas tambi\u00e9n son resistentes a los golpes y a la arena, lo que garantiza que tu tel\u00e9fono no sufrir\u00e1 da\u00f1os por la arenilla o una ca\u00edda fuerte. Queremos que est\u00e9s seguro con lo que podr\u00eda ser tu GPS, tu c\u00e1mara y tus contactos con familiares y amigos en casa.<\/span><\/li>\n<li style=\"font-weight: 400;\" aria-level=\"1\"><b>Chubasquero<\/b><span style=\"font-weight: 400;\">: siempre debe tener a mano un chubasquero ligero por si cae un chaparr\u00f3n repentino. Incluso en lugares donde no llueve mucho puede caer de repente, y no querr\u00e1s quedarte atrapado en el coche. Un chubasquero te permite seguir explorando la zona.\u00a0<\/span><\/li>\n<li style=\"font-weight: 400;\" aria-level=\"1\"><b>Botiqu\u00edn de primeros auxilios<\/b><span style=\"font-weight: 400;\"> &#8211; Aunque no queremos pensar en necesitar un botiqu\u00edn de primeros auxilios en nuestras aventuras, a menudo es mejor estar preparado que quedarse atrapado en una situaci\u00f3n que no podemos solucionar. Si a\u00f1ades un botiqu\u00edn de primeros auxilios a tus art\u00edculos esenciales de viaje, podr\u00e1s protegerte a ti y a los tuyos pase lo que pase.<\/span><\/li>\n<li style=\"font-weight: 400;\" aria-level=\"1\"><b>Refrigerios<\/b><span style=\"font-weight: 400;\"> &#8211; Los viajes por carretera pueden resultar caros, sobre todo si te detienes cada hora m\u00e1s o menos para comprar refrigerios en tiendas locales o gasolineras. Le recomendamos que prepare su viaje a\u00f1adiendo tentempi\u00e9s comprados de antemano a sus art\u00edculos esenciales de viaje. De este modo, no tendr\u00e1 que parar una y otra vez y a\u00f1adir tiempo (\u00a1y gasolina y kil\u00f3metros!) a su viaje. Alivia los est\u00f3magos revueltos comprando tentempi\u00e9s para el viaje, \u00a1as\u00ed los tendr\u00e1s en el coche y f\u00e1cilmente accesibles!<\/span><\/li>\n<li style=\"font-weight: 400;\" aria-level=\"1\"><b>Juegos de viaje<\/b><span style=\"font-weight: 400;\"> &#8211; Estos juegos de viaje suelen ser compactos y aptos para toda la familia, por lo que son f\u00e1ciles de a\u00f1adir a la lista de la maleta de viaje, ya que no ocupan mucho espacio y pueden mantenerte entretenido mientras cruzas fronteras o esperas en el tr\u00e1fico interestatal.<\/span><\/li>\n<li style=\"font-weight: 400;\" aria-level=\"1\"><b>Mantas y almohadas de viaje:<\/b><span style=\"font-weight: 400;\"> si a\u00f1ade una manta y una almohada a su lista de equipaje de viaje, se asegurar\u00e1 de estar c\u00f3modo, independientemente de d\u00f3nde se encuentre o de la duraci\u00f3n del viaje. Estos art\u00edculos tambi\u00e9n resultan muy \u00fatiles cuando haces una parada: \u00a1siempre tendr\u00e1s una manta y una almohada extra a mano!<\/span><\/li>\n<li style=\"font-weight: 400;\" aria-level=\"1\"><b>Mapas en papel:<\/b><span style=\"font-weight: 400;\"> aunque muchos de nosotros confiamos en nuestros tel\u00e9fonos, Google Maps o GPS para guiarnos en nuestro viaje, los mapas en papel son algo que quiz\u00e1s quieras considerar a\u00f1adir a tus art\u00edculos esenciales de viaje por carretera. No siempre hay un servicio de venta fiable, y si es necesario hacer desv\u00edos y paradas inesperadas, \u00a1un mapa en papel puede ser realmente \u00fatil!\u00a0<\/span><\/li>\n<li style=\"font-weight: 400;\" aria-level=\"1\"><b>Calzado c\u00f3modo &#8211;<\/b><span style=\"font-weight: 400;\"> Atarse y volver a atarse los zapatos cada vez que se para en un viaje en coche es frustrante y lleva mucho tiempo. Tampoco querr\u00e1s marcar los asientos del coche con tus zapatillas, as\u00ed que es una buena idea invertir en un par de zapatillas. De este modo, no importa d\u00f3nde ni cu\u00e1ndo vayas, todo lo que tienes que hacer es calzarte unas zapatillas y estar\u00e1s listo para salir. Es r\u00e1pido, f\u00e1cil y, a menudo, c\u00f3modo.<\/span><\/li>\n<li style=\"font-weight: 400;\" aria-level=\"1\"><b>Calcetines de compresi\u00f3n<\/b><span style=\"font-weight: 400;\"> &#8211; Durante los viajes largos en coche, no puedes levantarte y caminar sin m\u00e1s. Invertir en un par de calcetines que ayuden a reducir la hinchaz\u00f3n y favorezcan la circulaci\u00f3n es una forma estupenda de proteger las piernas durante el viaje.\u00a0<\/span><\/li>\n<li style=\"font-weight: 400;\" aria-level=\"1\"><b>Papel higi\u00e9nico o toallitas h\u00famedas<\/b><span style=\"font-weight: 400;\"> &#8211; Lo bueno de a\u00f1adir papel higi\u00e9nico o toallitas h\u00famedas a la lista de la maleta es que sirven para m\u00e1s de una cosa: tanto si tienes los dedos pegajosos por los tentempi\u00e9s como si necesitas una ducha r\u00e1pida o una toallita sobre la marcha, o si realmente necesitas usarlos para ir al ba\u00f1o, \u00a1est\u00e1n ah\u00ed para ayudarte!\u00a0<\/span><\/li>\n<\/ul>\n<p><b>Carn\u00e9 de conducir, matr\u00edcula y justificante del seguro<\/b><span style=\"font-weight: 400;\"> &#8211; Aunque parezca intuitivo meter en la maleta el carn\u00e9 de conducir, la matr\u00edcula y el seguro, no los olvides: \u00a1son elementos esenciales para el viaje! No querr\u00e1s que te paren o acabar en el arc\u00e9n sin tus datos. Tener varias copias y llevarlas en el coche o incluso contigo cuando viajes puede ahorrarte muchos disgustos. Incluso puedes asegurarte de que el manual de tu coche est\u00e1 en el salpicadero, \u00a1por si se enciende una luz y no se apaga!<\/span><\/p>\n\n\t\t<\/div>\n\t<\/div>\n<\/div><\/div><\/div><\/div><div class=\"vc_row-full-width vc_clearfix\"><\/div>\n<\/div>","protected":false},"excerpt":{"rendered":"\u00bfQu\u00e9 hay que llevar para un roadtrip? Debes asegurarte de que est\u00e1s bien preparado para cualquier viaje, ya sea de unos d\u00edas o de una semana. &nbsp; Botella de agua - Es f\u00e1cil deshidratarse viajando y comiendo aperitivos salados, as\u00ed que llena tu botella de agua cada vez que puedas. Nevera - Ahorra dinero llevando [...]","protected":false},"author":7,"featured_media":0,"parent":0,"menu_order":0,"comment_status":"closed","ping_status":"closed","template":"","meta":{"_acf_changed":false,"inline_featured_image":false,"footnotes":""},"categories":[],"tags":[],"class_list":["post-11050","page","type-page","status-publish","hentry"],"acf":[],"yoast_head":"<!-- This site is optimized with the Yoast SEO plugin v27.3 - https:\/\/yoast.com\/product\/yoast-seo-wordpress\/ -->\n<title>Driving Tips and Rules<\/title>\n<meta name=\"description\" content=\"We are committed to safeguarding and conserving the natural and human resources of the communities for the enjoyment of current and future generations, both for tourists and locals.\" \/>\n<meta name=\"robots\" content=\"index, follow, max-snippet:-1, max-image-preview:large, max-video-preview:-1\" \/>\n<link rel=\"canonical\" href=\"https:\/\/madtoursandevents.com\/es\/what-to-pack-for-a-road-trip\/\" \/>\n<meta property=\"og:locale\" content=\"es_ES\" \/>\n<meta property=\"og:type\" content=\"article\" \/>\n<meta property=\"og:title\" content=\"Driving Tips and Rules\" \/>\n<meta property=\"og:description\" content=\"We are committed to safeguarding and conserving the natural and human resources of the communities for the enjoyment of current and future generations, both for tourists and locals.\" \/>\n<meta property=\"og:url\" content=\"https:\/\/madtoursandevents.com\/es\/what-to-pack-for-a-road-trip\/\" \/>\n<meta property=\"og:site_name\" content=\"Mad Tours &amp; Events\" \/>\n<meta property=\"article:publisher\" content=\"https:\/\/www.facebook.com\/madnewyorkcitytours\" \/>\n<meta property=\"article:modified_time\" content=\"2025-12-09T16:42:48+00:00\" \/>\n<meta property=\"og:image\" content=\"https:\/\/madtoursandevents.com\/wp-content\/uploads\/2024\/01\/WhattoPack-Image01-300x223.png\" \/>\n<meta name=\"twitter:card\" content=\"summary_large_image\" \/>\n<meta name=\"twitter:site\" content=\"@madfuntours\" \/>\n<meta name=\"twitter:label1\" content=\"Tiempo de lectura\" \/>\n\t<meta name=\"twitter:data1\" content=\"22 minutos\" \/>\n<script type=\"application\/ld+json\" class=\"yoast-schema-graph\">{\"@context\":\"https:\\\/\\\/schema.org\",\"@graph\":[{\"@type\":\"WebPage\",\"@id\":\"https:\\\/\\\/madtoursandevents.com\\\/what-to-pack-for-a-road-trip\\\/\",\"url\":\"https:\\\/\\\/madtoursandevents.com\\\/what-to-pack-for-a-road-trip\\\/\",\"name\":\"Driving Tips and Rules\",\"isPartOf\":{\"@id\":\"https:\\\/\\\/madtoursandevents.com\\\/#website\"},\"primaryImageOfPage\":{\"@id\":\"https:\\\/\\\/madtoursandevents.com\\\/what-to-pack-for-a-road-trip\\\/#primaryimage\"},\"image\":{\"@id\":\"https:\\\/\\\/madtoursandevents.com\\\/what-to-pack-for-a-road-trip\\\/#primaryimage\"},\"thumbnailUrl\":\"https:\\\/\\\/madtoursandevents.com\\\/wp-content\\\/uploads\\\/2024\\\/01\\\/WhattoPack-Image01-300x223.png\",\"datePublished\":\"2024-01-04T17:35:37+00:00\",\"dateModified\":\"2025-12-09T16:42:48+00:00\",\"description\":\"We are committed to safeguarding and conserving the natural and human resources of the communities for the enjoyment of current and future generations, both for tourists and locals.\",\"breadcrumb\":{\"@id\":\"https:\\\/\\\/madtoursandevents.com\\\/what-to-pack-for-a-road-trip\\\/#breadcrumb\"},\"inLanguage\":\"es\",\"potentialAction\":[{\"@type\":\"ReadAction\",\"target\":[\"https:\\\/\\\/madtoursandevents.com\\\/what-to-pack-for-a-road-trip\\\/\"]}]},{\"@type\":\"ImageObject\",\"inLanguage\":\"es\",\"@id\":\"https:\\\/\\\/madtoursandevents.com\\\/what-to-pack-for-a-road-trip\\\/#primaryimage\",\"url\":\"https:\\\/\\\/madtoursandevents.com\\\/wp-content\\\/uploads\\\/2024\\\/01\\\/WhattoPack-Image01-300x223.png\",\"contentUrl\":\"https:\\\/\\\/madtoursandevents.com\\\/wp-content\\\/uploads\\\/2024\\\/01\\\/WhattoPack-Image01-300x223.png\"},{\"@type\":\"BreadcrumbList\",\"@id\":\"https:\\\/\\\/madtoursandevents.com\\\/what-to-pack-for-a-road-trip\\\/#breadcrumb\",\"itemListElement\":[{\"@type\":\"ListItem\",\"position\":1,\"name\":\"Home\",\"item\":\"https:\\\/\\\/madtoursandevents.com\\\/\"},{\"@type\":\"ListItem\",\"position\":2,\"name\":\"What to Pack for a Road Trip\"}]},{\"@type\":\"WebSite\",\"@id\":\"https:\\\/\\\/madtoursandevents.com\\\/#website\",\"url\":\"https:\\\/\\\/madtoursandevents.com\\\/\",\"name\":\"Mad Tours & Events\",\"description\":\"\",\"publisher\":{\"@id\":\"https:\\\/\\\/madtoursandevents.com\\\/#organization\"},\"potentialAction\":[{\"@type\":\"SearchAction\",\"target\":{\"@type\":\"EntryPoint\",\"urlTemplate\":\"https:\\\/\\\/madtoursandevents.com\\\/?s={search_term_string}\"},\"query-input\":{\"@type\":\"PropertyValueSpecification\",\"valueRequired\":true,\"valueName\":\"search_term_string\"}}],\"inLanguage\":\"es\"},{\"@type\":\"Organization\",\"@id\":\"https:\\\/\\\/madtoursandevents.com\\\/#organization\",\"name\":\"Mad Tours & Events\",\"url\":\"https:\\\/\\\/madtoursandevents.com\\\/\",\"logo\":{\"@type\":\"ImageObject\",\"inLanguage\":\"es\",\"@id\":\"https:\\\/\\\/madtoursandevents.com\\\/#\\\/schema\\\/logo\\\/image\\\/\",\"url\":\"https:\\\/\\\/madtoursandevents.com\\\/wp-content\\\/uploads\\\/2021\\\/08\\\/Logo.png\",\"contentUrl\":\"https:\\\/\\\/madtoursandevents.com\\\/wp-content\\\/uploads\\\/2021\\\/08\\\/Logo.png\",\"width\":204,\"height\":55,\"caption\":\"Mad Tours & Events\"},\"image\":{\"@id\":\"https:\\\/\\\/madtoursandevents.com\\\/#\\\/schema\\\/logo\\\/image\\\/\"},\"sameAs\":[\"https:\\\/\\\/www.facebook.com\\\/madnewyorkcitytours\",\"https:\\\/\\\/x.com\\\/madfuntours\"]}]}<\/script>\n<!-- \/ Yoast SEO plugin. -->","yoast_head_json":{"title":"Consejos y normas de conducci\u00f3n","description":"We are committed to safeguarding and conserving the natural and human resources of the communities for the enjoyment of current and future generations, both for tourists and locals.","robots":{"index":"index","follow":"follow","max-snippet":"max-snippet:-1","max-image-preview":"max-image-preview:large","max-video-preview":"max-video-preview:-1"},"canonical":"https:\/\/madtoursandevents.com\/es\/what-to-pack-for-a-road-trip\/","og_locale":"es_ES","og_type":"article","og_title":"Driving Tips and Rules","og_description":"We are committed to safeguarding and conserving the natural and human resources of the communities for the enjoyment of current and future generations, both for tourists and locals.","og_url":"https:\/\/madtoursandevents.com\/es\/what-to-pack-for-a-road-trip\/","og_site_name":"Mad Tours &amp; Events","article_publisher":"https:\/\/www.facebook.com\/madnewyorkcitytours","article_modified_time":"2025-12-09T16:42:48+00:00","og_image":[{"url":"https:\/\/madtoursandevents.com\/wp-content\/uploads\/2024\/01\/WhattoPack-Image01-300x223.png","type":"","width":"","height":""}],"twitter_card":"summary_large_image","twitter_site":"@madfuntours","twitter_misc":{"Tiempo de lectura":"22 minutos"},"schema":{"@context":"https:\/\/schema.org","@graph":[{"@type":"WebPage","@id":"https:\/\/madtoursandevents.com\/what-to-pack-for-a-road-trip\/","url":"https:\/\/madtoursandevents.com\/what-to-pack-for-a-road-trip\/","name":"Consejos y normas de conducci\u00f3n","isPartOf":{"@id":"https:\/\/madtoursandevents.com\/#website"},"primaryImageOfPage":{"@id":"https:\/\/madtoursandevents.com\/what-to-pack-for-a-road-trip\/#primaryimage"},"image":{"@id":"https:\/\/madtoursandevents.com\/what-to-pack-for-a-road-trip\/#primaryimage"},"thumbnailUrl":"https:\/\/madtoursandevents.com\/wp-content\/uploads\/2024\/01\/WhattoPack-Image01-300x223.png","datePublished":"2024-01-04T17:35:37+00:00","dateModified":"2025-12-09T16:42:48+00:00","description":"We are committed to safeguarding and conserving the natural and human resources of the communities for the enjoyment of current and future generations, both for tourists and locals.","breadcrumb":{"@id":"https:\/\/madtoursandevents.com\/what-to-pack-for-a-road-trip\/#breadcrumb"},"inLanguage":"es","potentialAction":[{"@type":"ReadAction","target":["https:\/\/madtoursandevents.com\/what-to-pack-for-a-road-trip\/"]}]},{"@type":"ImageObject","inLanguage":"es","@id":"https:\/\/madtoursandevents.com\/what-to-pack-for-a-road-trip\/#primaryimage","url":"https:\/\/madtoursandevents.com\/wp-content\/uploads\/2024\/01\/WhattoPack-Image01-300x223.png","contentUrl":"https:\/\/madtoursandevents.com\/wp-content\/uploads\/2024\/01\/WhattoPack-Image01-300x223.png"},{"@type":"BreadcrumbList","@id":"https:\/\/madtoursandevents.com\/what-to-pack-for-a-road-trip\/#breadcrumb","itemListElement":[{"@type":"ListItem","position":1,"name":"Home","item":"https:\/\/madtoursandevents.com\/"},{"@type":"ListItem","position":2,"name":"What to Pack for a Road Trip"}]},{"@type":"WebSite","@id":"https:\/\/madtoursandevents.com\/#website","url":"https:\/\/madtoursandevents.com\/","name":"Mad Tours & Events","description":"","publisher":{"@id":"https:\/\/madtoursandevents.com\/#organization"},"potentialAction":[{"@type":"SearchAction","target":{"@type":"EntryPoint","urlTemplate":"https:\/\/madtoursandevents.com\/?s={search_term_string}"},"query-input":{"@type":"PropertyValueSpecification","valueRequired":true,"valueName":"search_term_string"}}],"inLanguage":"es"},{"@type":"Organization","@id":"https:\/\/madtoursandevents.com\/#organization","name":"Mad Tours & Events","url":"https:\/\/madtoursandevents.com\/","logo":{"@type":"ImageObject","inLanguage":"es","@id":"https:\/\/madtoursandevents.com\/#\/schema\/logo\/image\/","url":"https:\/\/madtoursandevents.com\/wp-content\/uploads\/2021\/08\/Logo.png","contentUrl":"https:\/\/madtoursandevents.com\/wp-content\/uploads\/2021\/08\/Logo.png","width":204,"height":55,"caption":"Mad Tours & Events"},"image":{"@id":"https:\/\/madtoursandevents.com\/#\/schema\/logo\/image\/"},"sameAs":["https:\/\/www.facebook.com\/madnewyorkcitytours","https:\/\/x.com\/madfuntours"]}]}},"_links":{"self":[{"href":"https:\/\/madtoursandevents.com\/es\/wp-json\/wp\/v2\/pages\/11050","targetHints":{"allow":["GET"]}}],"collection":[{"href":"https:\/\/madtoursandevents.com\/es\/wp-json\/wp\/v2\/pages"}],"about":[{"href":"https:\/\/madtoursandevents.com\/es\/wp-json\/wp\/v2\/types\/page"}],"author":[{"embeddable":true,"href":"https:\/\/madtoursandevents.com\/es\/wp-json\/wp\/v2\/users\/7"}],"replies":[{"embeddable":true,"href":"https:\/\/madtoursandevents.com\/es\/wp-json\/wp\/v2\/comments?post=11050"}],"version-history":[{"count":8,"href":"https:\/\/madtoursandevents.com\/es\/wp-json\/wp\/v2\/pages\/11050\/revisions"}],"predecessor-version":[{"id":13475,"href":"https:\/\/madtoursandevents.com\/es\/wp-json\/wp\/v2\/pages\/11050\/revisions\/13475"}],"wp:attachment":[{"href":"https:\/\/madtoursandevents.com\/es\/wp-json\/wp\/v2\/media?parent=11050"}],"wp:term":[{"taxonomy":"category","embeddable":true,"href":"https:\/\/madtoursandevents.com\/es\/wp-json\/wp\/v2\/categories?post=11050"},{"taxonomy":"post_tag","embeddable":true,"href":"https:\/\/madtoursandevents.com\/es\/wp-json\/wp\/v2\/tags?post=11050"}],"curies":[{"name":"wp","href":"https:\/\/api.w.org\/{rel}","templated":true}]}}