{"id":10880,"date":"2024-01-04T07:00:41","date_gmt":"2024-01-04T07:00:41","guid":{"rendered":"https:\/\/madtoursandevents.com\/?page_id=10880"},"modified":"2025-12-09T16:36:57","modified_gmt":"2025-12-09T16:36:57","slug":"health-and-safety-in-the-united-states","status":"publish","type":"page","link":"https:\/\/madtoursandevents.com\/es\/health-and-safety-in-the-united-states\/","title":{"rendered":"SALUD Y SEGURIDAD EN ESTADOS UNIDOS"},"content":{"rendered":"<div class=\"wpb-content-wrapper\"><div id=\"sus-banner-row\" data-vc-full-width=\"true\" data-vc-full-width-temp=\"true\" data-vc-full-width-init=\"false\" data-vc-stretch-content=\"true\" class=\"vc_row wpb_row vc_row-fluid slider-rev mtt-title-img-row vc_row-no-padding\"><div class=\"mtt-title-img-col wpb_column vc_column_container vc_col-sm-12\"><div class=\"vc_column-inner\"><div class=\"wpb_wrapper\">\n\t<div id=\"sus-banner\" class=\"wpb_single_image wpb_content_element vc_align_left wpb_content_element vc_custom_1704351493403  mtt-title-img\">\n\t\t\n\t\t<figure class=\"wpb_wrapper vc_figure\">\n\t\t\t<div class=\"vc_single_image-wrapper   vc_box_border_grey\"><img loading=\"lazy\" decoding=\"async\" width=\"1400\" height=\"450\" src=\"https:\/\/madtoursandevents.com\/wp-content\/uploads\/2024\/01\/HealthSafetyUS-Banner.jpg\" class=\"vc_single_image-img attachment-full\" alt=\"\" title=\"HealthSafetyUS-Banner\" srcset=\"https:\/\/madtoursandevents.com\/wp-content\/uploads\/2024\/01\/HealthSafetyUS-Banner.jpg 1400w, https:\/\/madtoursandevents.com\/wp-content\/uploads\/2024\/01\/HealthSafetyUS-Banner-300x96.jpg 300w, https:\/\/madtoursandevents.com\/wp-content\/uploads\/2024\/01\/HealthSafetyUS-Banner-1024x329.jpg 1024w, https:\/\/madtoursandevents.com\/wp-content\/uploads\/2024\/01\/HealthSafetyUS-Banner-768x247.jpg 768w, https:\/\/madtoursandevents.com\/wp-content\/uploads\/2024\/01\/HealthSafetyUS-Banner-18x6.jpg 18w, https:\/\/madtoursandevents.com\/wp-content\/uploads\/2024\/01\/HealthSafetyUS-Banner-600x193.jpg 600w, https:\/\/madtoursandevents.com\/wp-content\/uploads\/2024\/01\/HealthSafetyUS-Banner-100x32.jpg 100w\" sizes=\"auto, (max-width: 1400px) 100vw, 1400px\" \/><\/div>\n\t\t<\/figure>\n\t<\/div>\n<\/div><\/div><\/div><\/div><div class=\"vc_row-full-width vc_clearfix\"><\/div><div class=\"vc_row wpb_row vc_row-fluid main-dropdown-img dtt-dropdown-img\"><div class=\"wpb_column vc_column_container vc_col-sm-12\"><div class=\"vc_column-inner\"><div class=\"wpb_wrapper\">\n\t<div id=\"down-arrow-icon\" class=\"wpb_single_image wpb_content_element vc_align_center wpb_content_element  sus-down-arrow\">\n\t\t\n\t\t<figure class=\"wpb_wrapper vc_figure\">\n\t\t\t<a href=\"#sec1\" target=\"_self\" class=\"vc_single_image-wrapper   vc_box_border_grey\"><img loading=\"lazy\" decoding=\"async\" width=\"94\" height=\"94\" src=\"https:\/\/madtoursandevents.com\/wp-content\/uploads\/2021\/08\/main-drop-arrow.png\" class=\"vc_single_image-img attachment-full\" alt=\"purple down Arrow Icon in Small Size\" title=\"main-drop-arrow\" \/><\/a>\n\t\t<\/figure>\n\t<\/div>\n<\/div><\/div><\/div><\/div><div class=\"vc_row wpb_row vc_row-fluid\"><div class=\"wpb_column vc_column_container vc_col-sm-12\"><div class=\"vc_column-inner\"><div class=\"wpb_wrapper\">\n\t<div  class=\"wpb_single_image wpb_content_element vc_align_center wpb_content_element  3lines\">\n\t\t\n\t\t<figure class=\"wpb_wrapper vc_figure\">\n\t\t\t<div class=\"vc_single_image-wrapper   vc_box_border_grey\"><img loading=\"lazy\" decoding=\"async\" width=\"121\" height=\"14\" src=\"https:\/\/madtoursandevents.com\/wp-content\/uploads\/2021\/08\/All-Lines.png\" class=\"vc_single_image-img attachment-full\" alt=\"Three orange color link with no background\" title=\"All Lines\" \/><\/div>\n\t\t<\/figure>\n\t<\/div>\n<\/div><\/div><\/div><\/div><div id=\"sec1\" data-vc-full-width=\"true\" data-vc-full-width-temp=\"true\" data-vc-full-width-init=\"false\" class=\"vc_row wpb_row vc_row-fluid dtt-cvd-bg dtt-cv-bg\"><div class=\"dtt-cv-p wpb_column vc_column_container vc_col-sm-12\"><div class=\"vc_column-inner\"><div class=\"wpb_wrapper\">\n\t<div class=\"wpb_text_column wpb_content_element\" >\n\t\t<div class=\"wpb_wrapper\">\n\t\t\t<h2 id=\"sus-desc-title\" style=\"font-weight: 400; text-align: center;\"><strong>SALUD Y SEGURIDAD EN ESTADOS UNIDOS<\/strong><\/h2>\n<p><strong><img loading=\"lazy\" decoding=\"async\" class=\"health-safety-us-img wp-image-10882 alignright\" src=\"https:\/\/madtoursandevents.com\/wp-content\/uploads\/2024\/01\/HealthSafetyUS-Image01-300x185.png\" alt=\"\" width=\"500\" height=\"308\" srcset=\"https:\/\/madtoursandevents.com\/wp-content\/uploads\/2024\/01\/HealthSafetyUS-Image01-300x185.png 300w, https:\/\/madtoursandevents.com\/wp-content\/uploads\/2024\/01\/HealthSafetyUS-Image01-768x473.png 768w, https:\/\/madtoursandevents.com\/wp-content\/uploads\/2024\/01\/HealthSafetyUS-Image01-18x12.png 18w, https:\/\/madtoursandevents.com\/wp-content\/uploads\/2024\/01\/HealthSafetyUS-Image01-600x369.png 600w, https:\/\/madtoursandevents.com\/wp-content\/uploads\/2024\/01\/HealthSafetyUS-Image01-100x62.png 100w, https:\/\/madtoursandevents.com\/wp-content\/uploads\/2024\/01\/HealthSafetyUS-Image01.png 780w\" sizes=\"auto, (max-width: 500px) 100vw, 500px\" \/><\/strong><\/p>\n<p><span style=\"font-weight: 400;\">Estar preparado es el distintivo de un buen viaje, especialmente en lo que se refiere a su salud y seguridad. Aunque esperamos que su visita a EE.UU. sea segura y sin accidentes, pueden ocurrir incidentes imprevistos durante el viaje. Si se encontrara con una emergencia durante su visita a EE.UU., el pa\u00eds cuenta con un amplio y sofisticado sistema de respuesta a emergencias.<\/span><\/p>\n<p>&nbsp;<\/p>\n<p><span style=\"font-weight: 400;\">Si cae enfermo durante su viaje, Estados Unidos ofrece muchas opciones de f\u00e1cil acceso para asistencia m\u00e9dica a corto y largo plazo, as\u00ed como una selecci\u00f3n de planes de seguro para viajeros que le garantizan cobertura en caso de emergencia.<\/span><\/p>\n<p>&nbsp;<\/p>\n<p><span style=\"font-weight: 400;\">Estados Unidos presume de un alto nivel de asistencia sanitaria, pero es esencial contar con un seguro de viaje adecuado para cubrir cualquier urgencia m\u00e9dica. Tenga en cuenta que la asistencia sanitaria puede ser cara, por lo que conocer la cobertura de su seguro es crucial. Tambi\u00e9n es aconsejable mantenerse informado sobre las directrices sanitarias locales y los requisitos de vacunaci\u00f3n, sobre todo si se producen crisis sanitarias.<\/span><\/p>\n<p>&nbsp;<\/p>\n<p><span style=\"font-weight: 400;\">Cuando viaje, mantenga buenas pr\u00e1cticas de higiene, como lavarse las manos con frecuencia y utilizar desinfectantes. Preste atenci\u00f3n a su entorno, vigile sus pertenencias y evite caminar solo por zonas desconocidas o mal iluminadas, sobre todo de noche. Adem\u00e1s, respete las leyes y normativas locales, como los l\u00edmites de velocidad y el uso del cintur\u00f3n de seguridad, para garantizar su seguridad en la carretera. Tomar estas precauciones le garantizar\u00e1 una experiencia segura y agradable durante su visita a Estados Unidos.<\/span><\/p>\n<p>&nbsp;<\/p>\n<p><span style=\"font-weight: 400;\">Para garantizar que su visita a Estados Unidos sea segura y feliz, he aqu\u00ed una breve gu\u00eda sobre salud y seguridad en Estados Unidos:<\/span><\/p>\n<p>&nbsp;<\/p>\n<p><span style=\"font-weight: 400;\">El n\u00famero de emergencias es el 911<\/span><\/p>\n<p>&nbsp;<\/p>\n<p><span style=\"font-weight: 400;\">Opciones de atenci\u00f3n m\u00e9dica para los viajeros a EE.UU.<\/span><\/p>\n<p>&nbsp;<\/p>\n<p><span style=\"font-weight: 400;\">Hay muchas opciones si necesita atenci\u00f3n m\u00e9dica mientras viaja por EE.UU. Antes de salir de casa, compruebe con su proveedor de seguro m\u00e9dico si est\u00e1 cubierto mientras viaja por EE.UU. En caso afirmativo, aseg\u00farese de llevar consigo la tarjeta del seguro. Si no es as\u00ed, considere la posibilidad de contratar un seguro m\u00e9dico temporal o de viaje que le cubra durante sus desplazamientos. Los gastos sanitarios pueden resultar caros si no est\u00e1 adecuadamente cubierto. Compruebe tambi\u00e9n si su proveedor de seguros cubre la evacuaci\u00f3n m\u00e9dica en caso de que necesiten llevarle a casa mediante transporte m\u00e9dico.<\/span><\/p>\n<p><b>Hospitales<\/b><\/p>\n<p><span style=\"font-weight: 400;\">Todas las ciudades y pueblos importantes tienen uno o varios hospitales. Aseg\u00farese de conocer el nombre de los hospitales de las zonas a las que viaja. En la recepci\u00f3n de la mayor\u00eda de los alojamientos deber\u00eda haber una lista de los hospitales locales.\u00a0<\/span><\/p>\n<p><b>Cl\u00ednicas y centros de urgencias<\/b><\/p>\n<p><span style=\"font-weight: 400;\">Las cl\u00ednicas de salud y los centros de atenci\u00f3n urgente est\u00e1n dise\u00f1ados para ayudar a los pacientes con enfermedades o lesiones que no ponen en peligro la vida. Muchas farmacias cuentan tambi\u00e9n con consultas sin cita previa atendidas por profesionales m\u00e9dicos. El personal del hotel o su anfitri\u00f3n pueden indicarle d\u00f3nde se encuentran estos centros.<\/span><\/p>\n<p><span style=\"font-weight: 400;\">Opciones de respuesta ante emergencias para visitantes<\/span><\/p>\n<p><b>Cat\u00e1strofes naturales<\/b><\/p>\n<p><span style=\"font-weight: 400;\">En caso de cat\u00e1strofe natural, como una inundaci\u00f3n, un tornado, un hurac\u00e1n o un terremoto, Estados Unidos cuenta con un intrincado sistema de gesti\u00f3n de emergencias en el que participan las administraciones federal, estatal y local. El sitio web del Departamento de Salud y Servicios Humanos de Estados Unidos ofrece informaci\u00f3n en caso de cat\u00e1strofe natural o emergencia de salud p\u00fablica. &#8211; Emergencias En Estados Unidos, el 911 es el n\u00famero universal de emergencias y puede marcarse gratuitamente desde cualquier tel\u00e9fono. Los operadores del 911 est\u00e1n formados para alertar a los servicios de emergencia -polic\u00eda, bomberos y ambulancias- en caso necesario. No tema llamar al 911 en caso de urgencia m\u00e9dica. Este n\u00famero tambi\u00e9n se utiliza para emergencias como accidentes de tr\u00e1fico, delitos en curso e incendios. Puede solicitar servicios de traducci\u00f3n si no habla ingl\u00e9s. No puede enviar un mensaje de texto al 911 para informar de una emergencia; debe llamar.<\/span><\/p>\n<p><b>Notificaciones de emergencia<\/b><\/p>\n<p><span style=\"font-weight: 400;\">Consulta con tu anfitri\u00f3n o escucha los medios de comunicaci\u00f3n locales para enterarte de las novedades sobre emergencias. Algunas compa\u00f1\u00edas de telefon\u00eda m\u00f3vil proporcionan alertas de emergencia para notificar a los clientes amenazas a la seguridad p\u00fablica, como condiciones meteorol\u00f3gicas adversas y vertidos qu\u00edmicos, y Alertas \u00c1mbar para ni\u00f1os secuestrados. Consulte con su compa\u00f1\u00eda de telefon\u00eda m\u00f3vil si dispone de actualizaciones de emergencia cuando viaje al extranjero. Importante<\/span><\/p>\n<p><b>N\u00fameros de tel\u00e9fono<\/b><\/p>\n<ul>\n<li><span style=\"font-weight: 400;\">Emergencias (Polic\u00eda\/Bomberos\/Ambulancias): 911<\/span><\/li>\n<li><span style=\"font-weight: 400;\">Asistencia telef\u00f3nica local: 411<\/span><\/li>\n<li><span style=\"font-weight: 400;\">Tr\u00e1fico\/Construcci\u00f3n en autopistas: 511\u201d<\/span><\/li>\n<\/ul>\n\n\t\t<\/div>\n\t<\/div>\n<\/div><\/div><\/div><\/div><div class=\"vc_row-full-width vc_clearfix\"><\/div>\n<\/div>","protected":false},"excerpt":{"rendered":"SALUD Y SEGURIDAD EN ESTADOS UNIDOS Estar preparado es el distintivo de un buen viaje, especialmente en lo que se refiere a su salud y seguridad. Aunque esperamos que su visita a EE.UU. sea segura y sin accidentes, pueden ocurrir incidentes imprevistos durante el viaje. Si se encontrara con una emergencia durante su visita a [...]","protected":false},"author":7,"featured_media":0,"parent":0,"menu_order":0,"comment_status":"closed","ping_status":"closed","template":"","meta":{"_acf_changed":false,"inline_featured_image":false,"footnotes":""},"categories":[],"tags":[],"class_list":["post-10880","page","type-page","status-publish","hentry"],"acf":[],"yoast_head":"<!-- This site is optimized with the Yoast SEO plugin v27.3 - https:\/\/yoast.com\/product\/yoast-seo-wordpress\/ -->\n<title>HEALTH AND SAFETY IN THE UNITED STATES<\/title>\n<meta name=\"description\" content=\"We are committed to safeguarding and conserving the natural and human resources of the communities for the enjoyment of current and future generations, both for tourists and locals.\" \/>\n<meta name=\"robots\" content=\"index, follow, max-snippet:-1, max-image-preview:large, max-video-preview:-1\" \/>\n<link rel=\"canonical\" href=\"https:\/\/madtoursandevents.com\/es\/health-and-safety-in-the-united-states\/\" \/>\n<meta property=\"og:locale\" content=\"es_ES\" \/>\n<meta property=\"og:type\" content=\"article\" \/>\n<meta property=\"og:title\" content=\"HEALTH AND SAFETY IN THE UNITED STATES\" \/>\n<meta property=\"og:description\" content=\"We are committed to safeguarding and conserving the natural and human resources of the communities for the enjoyment of current and future generations, both for tourists and locals.\" \/>\n<meta property=\"og:url\" content=\"https:\/\/madtoursandevents.com\/es\/health-and-safety-in-the-united-states\/\" \/>\n<meta property=\"og:site_name\" content=\"Mad Tours &amp; Events\" \/>\n<meta property=\"article:publisher\" content=\"https:\/\/www.facebook.com\/madnewyorkcitytours\" \/>\n<meta property=\"article:modified_time\" content=\"2025-12-09T16:36:57+00:00\" \/>\n<meta property=\"og:image\" content=\"https:\/\/madtoursandevents.com\/wp-content\/uploads\/2024\/01\/HealthSafetyUS-Image01-300x185.png\" \/>\n<meta name=\"twitter:card\" content=\"summary_large_image\" \/>\n<meta name=\"twitter:site\" content=\"@madfuntours\" \/>\n<meta name=\"twitter:label1\" content=\"Tiempo de lectura\" \/>\n\t<meta name=\"twitter:data1\" content=\"14 minutos\" \/>\n<script type=\"application\/ld+json\" class=\"yoast-schema-graph\">{\"@context\":\"https:\\\/\\\/schema.org\",\"@graph\":[{\"@type\":\"WebPage\",\"@id\":\"https:\\\/\\\/madtoursandevents.com\\\/health-and-safety-in-the-united-states\\\/\",\"url\":\"https:\\\/\\\/madtoursandevents.com\\\/health-and-safety-in-the-united-states\\\/\",\"name\":\"HEALTH AND SAFETY IN THE UNITED STATES\",\"isPartOf\":{\"@id\":\"https:\\\/\\\/madtoursandevents.com\\\/#website\"},\"primaryImageOfPage\":{\"@id\":\"https:\\\/\\\/madtoursandevents.com\\\/health-and-safety-in-the-united-states\\\/#primaryimage\"},\"image\":{\"@id\":\"https:\\\/\\\/madtoursandevents.com\\\/health-and-safety-in-the-united-states\\\/#primaryimage\"},\"thumbnailUrl\":\"https:\\\/\\\/madtoursandevents.com\\\/wp-content\\\/uploads\\\/2024\\\/01\\\/HealthSafetyUS-Image01-300x185.png\",\"datePublished\":\"2024-01-04T07:00:41+00:00\",\"dateModified\":\"2025-12-09T16:36:57+00:00\",\"description\":\"We are committed to safeguarding and conserving the natural and human resources of the communities for the enjoyment of current and future generations, both for tourists and locals.\",\"breadcrumb\":{\"@id\":\"https:\\\/\\\/madtoursandevents.com\\\/health-and-safety-in-the-united-states\\\/#breadcrumb\"},\"inLanguage\":\"es\",\"potentialAction\":[{\"@type\":\"ReadAction\",\"target\":[\"https:\\\/\\\/madtoursandevents.com\\\/health-and-safety-in-the-united-states\\\/\"]}]},{\"@type\":\"ImageObject\",\"inLanguage\":\"es\",\"@id\":\"https:\\\/\\\/madtoursandevents.com\\\/health-and-safety-in-the-united-states\\\/#primaryimage\",\"url\":\"https:\\\/\\\/madtoursandevents.com\\\/wp-content\\\/uploads\\\/2024\\\/01\\\/HealthSafetyUS-Image01-300x185.png\",\"contentUrl\":\"https:\\\/\\\/madtoursandevents.com\\\/wp-content\\\/uploads\\\/2024\\\/01\\\/HealthSafetyUS-Image01-300x185.png\"},{\"@type\":\"BreadcrumbList\",\"@id\":\"https:\\\/\\\/madtoursandevents.com\\\/health-and-safety-in-the-united-states\\\/#breadcrumb\",\"itemListElement\":[{\"@type\":\"ListItem\",\"position\":1,\"name\":\"Home\",\"item\":\"https:\\\/\\\/madtoursandevents.com\\\/\"},{\"@type\":\"ListItem\",\"position\":2,\"name\":\"HEALTH AND SAFETY IN THE UNITED STATES\"}]},{\"@type\":\"WebSite\",\"@id\":\"https:\\\/\\\/madtoursandevents.com\\\/#website\",\"url\":\"https:\\\/\\\/madtoursandevents.com\\\/\",\"name\":\"Mad Tours & Events\",\"description\":\"\",\"publisher\":{\"@id\":\"https:\\\/\\\/madtoursandevents.com\\\/#organization\"},\"potentialAction\":[{\"@type\":\"SearchAction\",\"target\":{\"@type\":\"EntryPoint\",\"urlTemplate\":\"https:\\\/\\\/madtoursandevents.com\\\/?s={search_term_string}\"},\"query-input\":{\"@type\":\"PropertyValueSpecification\",\"valueRequired\":true,\"valueName\":\"search_term_string\"}}],\"inLanguage\":\"es\"},{\"@type\":\"Organization\",\"@id\":\"https:\\\/\\\/madtoursandevents.com\\\/#organization\",\"name\":\"Mad Tours & Events\",\"url\":\"https:\\\/\\\/madtoursandevents.com\\\/\",\"logo\":{\"@type\":\"ImageObject\",\"inLanguage\":\"es\",\"@id\":\"https:\\\/\\\/madtoursandevents.com\\\/#\\\/schema\\\/logo\\\/image\\\/\",\"url\":\"https:\\\/\\\/madtoursandevents.com\\\/wp-content\\\/uploads\\\/2021\\\/08\\\/Logo.png\",\"contentUrl\":\"https:\\\/\\\/madtoursandevents.com\\\/wp-content\\\/uploads\\\/2021\\\/08\\\/Logo.png\",\"width\":204,\"height\":55,\"caption\":\"Mad Tours & Events\"},\"image\":{\"@id\":\"https:\\\/\\\/madtoursandevents.com\\\/#\\\/schema\\\/logo\\\/image\\\/\"},\"sameAs\":[\"https:\\\/\\\/www.facebook.com\\\/madnewyorkcitytours\",\"https:\\\/\\\/x.com\\\/madfuntours\"]}]}<\/script>\n<!-- \/ Yoast SEO plugin. -->","yoast_head_json":{"title":"SALUD Y SEGURIDAD EN ESTADOS UNIDOS","description":"We are committed to safeguarding and conserving the natural and human resources of the communities for the enjoyment of current and future generations, both for tourists and locals.","robots":{"index":"index","follow":"follow","max-snippet":"max-snippet:-1","max-image-preview":"max-image-preview:large","max-video-preview":"max-video-preview:-1"},"canonical":"https:\/\/madtoursandevents.com\/es\/health-and-safety-in-the-united-states\/","og_locale":"es_ES","og_type":"article","og_title":"HEALTH AND SAFETY IN THE UNITED STATES","og_description":"We are committed to safeguarding and conserving the natural and human resources of the communities for the enjoyment of current and future generations, both for tourists and locals.","og_url":"https:\/\/madtoursandevents.com\/es\/health-and-safety-in-the-united-states\/","og_site_name":"Mad Tours &amp; Events","article_publisher":"https:\/\/www.facebook.com\/madnewyorkcitytours","article_modified_time":"2025-12-09T16:36:57+00:00","og_image":[{"url":"https:\/\/madtoursandevents.com\/wp-content\/uploads\/2024\/01\/HealthSafetyUS-Image01-300x185.png","type":"","width":"","height":""}],"twitter_card":"summary_large_image","twitter_site":"@madfuntours","twitter_misc":{"Tiempo de lectura":"14 minutos"},"schema":{"@context":"https:\/\/schema.org","@graph":[{"@type":"WebPage","@id":"https:\/\/madtoursandevents.com\/health-and-safety-in-the-united-states\/","url":"https:\/\/madtoursandevents.com\/health-and-safety-in-the-united-states\/","name":"SALUD Y SEGURIDAD EN ESTADOS UNIDOS","isPartOf":{"@id":"https:\/\/madtoursandevents.com\/#website"},"primaryImageOfPage":{"@id":"https:\/\/madtoursandevents.com\/health-and-safety-in-the-united-states\/#primaryimage"},"image":{"@id":"https:\/\/madtoursandevents.com\/health-and-safety-in-the-united-states\/#primaryimage"},"thumbnailUrl":"https:\/\/madtoursandevents.com\/wp-content\/uploads\/2024\/01\/HealthSafetyUS-Image01-300x185.png","datePublished":"2024-01-04T07:00:41+00:00","dateModified":"2025-12-09T16:36:57+00:00","description":"We are committed to safeguarding and conserving the natural and human resources of the communities for the enjoyment of current and future generations, both for tourists and locals.","breadcrumb":{"@id":"https:\/\/madtoursandevents.com\/health-and-safety-in-the-united-states\/#breadcrumb"},"inLanguage":"es","potentialAction":[{"@type":"ReadAction","target":["https:\/\/madtoursandevents.com\/health-and-safety-in-the-united-states\/"]}]},{"@type":"ImageObject","inLanguage":"es","@id":"https:\/\/madtoursandevents.com\/health-and-safety-in-the-united-states\/#primaryimage","url":"https:\/\/madtoursandevents.com\/wp-content\/uploads\/2024\/01\/HealthSafetyUS-Image01-300x185.png","contentUrl":"https:\/\/madtoursandevents.com\/wp-content\/uploads\/2024\/01\/HealthSafetyUS-Image01-300x185.png"},{"@type":"BreadcrumbList","@id":"https:\/\/madtoursandevents.com\/health-and-safety-in-the-united-states\/#breadcrumb","itemListElement":[{"@type":"ListItem","position":1,"name":"Home","item":"https:\/\/madtoursandevents.com\/"},{"@type":"ListItem","position":2,"name":"HEALTH AND SAFETY IN THE UNITED STATES"}]},{"@type":"WebSite","@id":"https:\/\/madtoursandevents.com\/#website","url":"https:\/\/madtoursandevents.com\/","name":"Mad Tours & Events","description":"","publisher":{"@id":"https:\/\/madtoursandevents.com\/#organization"},"potentialAction":[{"@type":"SearchAction","target":{"@type":"EntryPoint","urlTemplate":"https:\/\/madtoursandevents.com\/?s={search_term_string}"},"query-input":{"@type":"PropertyValueSpecification","valueRequired":true,"valueName":"search_term_string"}}],"inLanguage":"es"},{"@type":"Organization","@id":"https:\/\/madtoursandevents.com\/#organization","name":"Mad Tours & Events","url":"https:\/\/madtoursandevents.com\/","logo":{"@type":"ImageObject","inLanguage":"es","@id":"https:\/\/madtoursandevents.com\/#\/schema\/logo\/image\/","url":"https:\/\/madtoursandevents.com\/wp-content\/uploads\/2021\/08\/Logo.png","contentUrl":"https:\/\/madtoursandevents.com\/wp-content\/uploads\/2021\/08\/Logo.png","width":204,"height":55,"caption":"Mad Tours & Events"},"image":{"@id":"https:\/\/madtoursandevents.com\/#\/schema\/logo\/image\/"},"sameAs":["https:\/\/www.facebook.com\/madnewyorkcitytours","https:\/\/x.com\/madfuntours"]}]}},"_links":{"self":[{"href":"https:\/\/madtoursandevents.com\/es\/wp-json\/wp\/v2\/pages\/10880","targetHints":{"allow":["GET"]}}],"collection":[{"href":"https:\/\/madtoursandevents.com\/es\/wp-json\/wp\/v2\/pages"}],"about":[{"href":"https:\/\/madtoursandevents.com\/es\/wp-json\/wp\/v2\/types\/page"}],"author":[{"embeddable":true,"href":"https:\/\/madtoursandevents.com\/es\/wp-json\/wp\/v2\/users\/7"}],"replies":[{"embeddable":true,"href":"https:\/\/madtoursandevents.com\/es\/wp-json\/wp\/v2\/comments?post=10880"}],"version-history":[{"count":16,"href":"https:\/\/madtoursandevents.com\/es\/wp-json\/wp\/v2\/pages\/10880\/revisions"}],"predecessor-version":[{"id":13472,"href":"https:\/\/madtoursandevents.com\/es\/wp-json\/wp\/v2\/pages\/10880\/revisions\/13472"}],"wp:attachment":[{"href":"https:\/\/madtoursandevents.com\/es\/wp-json\/wp\/v2\/media?parent=10880"}],"wp:term":[{"taxonomy":"category","embeddable":true,"href":"https:\/\/madtoursandevents.com\/es\/wp-json\/wp\/v2\/categories?post=10880"},{"taxonomy":"post_tag","embeddable":true,"href":"https:\/\/madtoursandevents.com\/es\/wp-json\/wp\/v2\/tags?post=10880"}],"curies":[{"name":"wp","href":"https:\/\/api.w.org\/{rel}","templated":true}]}}