{"id":465,"date":"2021-08-20T15:23:37","date_gmt":"2021-08-20T15:23:37","guid":{"rendered":"https:\/\/madtoursandevents.com\/?page_id=465"},"modified":"2025-12-08T16:06:54","modified_gmt":"2025-12-08T16:06:54","slug":"our-philosophy","status":"publish","type":"page","link":"https:\/\/madtoursandevents.com\/de\/our-philosophy\/","title":{"rendered":"UNSERE PHILOSOPHIE"},"content":{"rendered":"<div class=\"wpb-content-wrapper\"><div data-vc-full-width=\"true\" data-vc-full-width-temp=\"true\" data-vc-full-width-init=\"false\" data-vc-stretch-content=\"true\" class=\"vc_row wpb_row vc_row-fluid slider-rev mtt-title-img-row vc_row-no-padding\"><div class=\"mtt-title-img-col wpb_column vc_column_container vc_col-sm-12\"><div class=\"vc_column-inner\"><div class=\"wpb_wrapper\">\n\t<div  class=\"wpb_single_image wpb_content_element vc_align_left wpb_content_element  mtt-title-img\">\n\t\t\n\t\t<figure class=\"wpb_wrapper vc_figure\">\n\t\t\t<div class=\"vc_single_image-wrapper   vc_box_border_grey\"><img loading=\"lazy\" decoding=\"async\" width=\"1400\" height=\"450\" src=\"https:\/\/madtoursandevents.com\/wp-content\/uploads\/2021\/10\/our_philosophy_inner_img2.jpg\" class=\"vc_single_image-img attachment-full\" alt=\"A screen with some icon in blue color\" title=\"our_philosophy_inner_img2\" srcset=\"https:\/\/madtoursandevents.com\/wp-content\/uploads\/2021\/10\/our_philosophy_inner_img2.jpg 1400w, https:\/\/madtoursandevents.com\/wp-content\/uploads\/2021\/10\/our_philosophy_inner_img2-600x193.jpg 600w, https:\/\/madtoursandevents.com\/wp-content\/uploads\/2021\/10\/our_philosophy_inner_img2-300x96.jpg 300w, https:\/\/madtoursandevents.com\/wp-content\/uploads\/2021\/10\/our_philosophy_inner_img2-1024x329.jpg 1024w, https:\/\/madtoursandevents.com\/wp-content\/uploads\/2021\/10\/our_philosophy_inner_img2-768x247.jpg 768w, https:\/\/madtoursandevents.com\/wp-content\/uploads\/2021\/10\/our_philosophy_inner_img2-18x6.jpg 18w\" sizes=\"auto, (max-width: 1400px) 100vw, 1400px\" \/><\/div>\n\t\t<\/figure>\n\t<\/div>\n<\/div><\/div><\/div><\/div><div class=\"vc_row-full-width vc_clearfix\"><\/div><div class=\"vc_row wpb_row vc_row-fluid main-dropdown-img dtt-dropdown-img\"><div class=\"wpb_column vc_column_container vc_col-sm-12\"><div class=\"vc_column-inner\"><div class=\"wpb_wrapper\">\n\t<div id=\"down-arrow-icon\" class=\"wpb_single_image wpb_content_element vc_align_center wpb_content_element\">\n\t\t\n\t\t<figure class=\"wpb_wrapper vc_figure\">\n\t\t\t<a href=\"#sec1\" target=\"_self\" class=\"vc_single_image-wrapper   vc_box_border_grey\"><img loading=\"lazy\" decoding=\"async\" width=\"94\" height=\"94\" src=\"https:\/\/madtoursandevents.com\/wp-content\/uploads\/2021\/08\/main-drop-arrow.png\" class=\"vc_single_image-img attachment-full\" alt=\"purple down Arrow Icon in Small Size\" title=\"main-drop-arrow\" \/><\/a>\n\t\t<\/figure>\n\t<\/div>\n<\/div><\/div><\/div><\/div><div id=\"sec1\" data-vc-full-width=\"true\" data-vc-full-width-temp=\"true\" data-vc-full-width-init=\"false\" class=\"vc_row wpb_row vc_row-fluid tt-pp-bg1-row\"><div class=\"dtt-std3-col1 dtt-op-sec1 wpb_column vc_column_container vc_col-sm-12\"><div class=\"vc_column-inner\"><div class=\"wpb_wrapper\">\n\t<div class=\"wpb_text_column wpb_content_element dtr-eng\" >\n\t\t<div class=\"wpb_wrapper\">\n\t\t\t<h1 class=\"dtt-cp-m-head\">UNSERE<\/h1>\n<h1 class=\"dtt-cp-m-head2\">Mission <img decoding=\"async\" src=\"https:\/\/madtoursandevents.com\/wp-content\/uploads\/2021\/08\/All-Lines12312.png\" \/><\/h1>\n<p><img loading=\"lazy\" decoding=\"async\" class=\"our-philosophy-img wp-image-470 size-full alignright\" src=\"https:\/\/madtoursandevents.com\/wp-content\/uploads\/2021\/08\/Img11231234.png\" alt=\"\" width=\"471\" height=\"551\" srcset=\"https:\/\/madtoursandevents.com\/wp-content\/uploads\/2021\/08\/Img11231234.png 471w, https:\/\/madtoursandevents.com\/wp-content\/uploads\/2021\/08\/Img11231234-256x300.png 256w\" sizes=\"auto, (max-width: 471px) 100vw, 471px\" \/><\/p>\n<p><span style=\"font-weight: 400;\">MAD Tours and Events (MAD) bedeutet nicht nur \u201everr\u00fcckt\u201c, sondern auch \u201eabseits der Trampelpfade\u201c. Wir wollten, dass unsere Touren sich von anderen unterscheiden \u2013 vor allem aber, dass sie mit guter Laune, Lebensfreude und der M\u00f6glichkeit verbunden sind, ein ungew\u00f6hnliches New York, ein romantisches San Francisco oder ein Los Angeles unter den Sternen zu entdecken.\nSie werden St\u00e4dte sehen, die Sie aus unz\u00e4hligen Filmen und Fernsehserien kennen \u2013 selbst wenn Sie zum ersten Mal hier sind, wird sich alles vertraut anf\u00fchlen.<br><br>\n\nMAD Tours and Events wurde aus dem Wunsch und der Leidenschaft heraus geboren, Ihnen unsere St\u00e4dte in all ihrer Pracht, in all ihrem Spa\u00df und ihrer Verr\u00fccktheit, aber auch in all ihren Unterschieden zu zeigen. Wir wollten unsere Leidenschaft nicht nur auf New York City beschr\u00e4nken, sondern sie auch auf andere St\u00e4dte ausdehnen, damit Ihre Traumreise wahr wird!<\/span><\/p>\n<p><span style=\"font-weight: 400;\">Unser Unternehmen wurde mit dem alleinigen Ziel gegr\u00fcndet, Sie bei der Gestaltung und Umsetzung all Ihrer Veranstaltungen und Aufenthalte zu begleiten.\nWir arbeiten an Produkteinf\u00fchrungen, Seminaren, Konferenzen, Teambuildings, Mitarbeiterfeiern, Themen-, Kultur- oder Sportreisen, internationalen Reisen, privaten oder sportlichen Veranstaltungen sowie Incentive-Reisen und bieten dar\u00fcber hinaus einen Concierge-Service an.<br><br>\n\nWir verf\u00fcgen \u00fcber ein gro\u00dfartiges Team, das Logistik mit dem Au\u00dfergew\u00f6hnlichen verbindet, Ihre Ideen versteht und zum Leben erweckt. Wir setzen uns daf\u00fcr ein, die kreativsten und innovativsten L\u00f6sungen zu finden, Konzepte an Ihre Ziele, die Unternehmenskultur, Ihr Budget und den gew\u00e4hlten Ort anzupassen \u2013 um Sie zu \u00fcberraschen, zu begeistern und unvergessliche Momente zu schaffen, die f\u00fcr immer in Erinnerung bleiben.\u00a0\u00a0<\/span><\/p>\n<p style=\"text-align: center;\"><strong>Vorstellen, Tr\u00e4umen, Erfinden, Kreieren &amp; Gestalten, Ausarbeiten, Produzieren, Umsetzen, Verwirklichen, Dann Verbinden, Zusammenbringen, Unterhalten, Belohnen und Genie\u00dfen<\/strong><\/p>\n\n\t\t<\/div>\n\t<\/div>\n<\/div><\/div><\/div><\/div><div class=\"vc_row-full-width vc_clearfix\"><\/div><div data-vc-full-width=\"true\" data-vc-full-width-temp=\"true\" data-vc-full-width-init=\"false\" class=\"vc_row wpb_row vc_row-fluid dtt-std4-row dtt-op-row4\"><div class=\"dtt-std4-col1 wpb_column vc_column_container vc_col-sm-12\"><div class=\"vc_column-inner\"><div class=\"wpb_wrapper\">\n\t<div class=\"wpb_text_column wpb_content_element dtr-eng\" id=\"our-vision-text\">\n\t\t<div class=\"wpb_wrapper\">\n\t\t\t<p><img decoding=\"async\" class=\"dtt-pp-img-cld\" src=\"\/wp-content\/uploads\/2021\/08\/60a82c6cf7fda046b291e6b2c78ea531.png\" \/><br \/>\n<img decoding=\"async\" class=\"dtt-pp-img-shp\" src=\"\/wp-content\/uploads\/2021\/08\/Shape4123123.png\" \/><\/p>\n<h1 class=\"dtt-cp-m-head\" style=\"text-align: center;\">UNSERE<\/h1>\n<h1 class=\"dtt-cp-m-head2\" style=\"text-align: center;\">Vision<\/h1>\n<div class=\"dtt-vsp-img-row\"><img decoding=\"async\" class=\"aligncenter\" src=\"\/wp-content\/uploads\/2021\/08\/All-Lines.png\" \/><\/div>\n<p><span style=\"font-weight: 400;\">Wof\u00fcr wir leben, ist, Sie das Au\u00dfergew\u00f6hnliche erleben zu lassen \u2013 mit Emotionen, Freude und Empfindungen, die zu Ihnen passen und unvergesslich bleiben, indem wir Ihren Ideen Leben einhauchen, das Drehbuch Ihrer Veranstaltungen nach Ihrer Vision gestalten und vorbereiten!\u00a0<\/span><\/p>\n<p><span style=\"font-weight: 400;\">Das Au\u00dfergew\u00f6hnliche liegt bei uns \u2013 und wir werden es mit Ihnen teilen! L\u00f6sungen gibt es immer, wir m\u00fcssen sie nur gemeinsam finden. Es gibt kein Projekt, das zu klein oder zu gro\u00df ist.<\/span><\/p>\n<p><span style=\"font-weight: 400;\">Kontaktieren Sie uns f\u00fcr au\u00dfergew\u00f6hnliche, innovative und unkonventionelle Projekte mit einer besonderen Originalit\u00e4t, die Ihre Pers\u00f6nlichkeit widerspiegeln. Wir schlagen Ihnen exklusive Ideen vor, indem wir unsere k\u00fcnstlerische Expertise und unser Know-how in Ihren Dienst stellen und Ihnen eine Reihe organisatorischer und logistischer L\u00f6sungen anbieten, die auf Ihre Anforderungen, Ihr Budget und Ihre W\u00fcnsche zugeschnitten sind.<\/span><\/p>\n<p><span style=\"font-weight: 400;\">Unser reaktionsschnelles , kreatives und aufmerksames Team steht Ihnen in enger Zusammenarbeit mit Ihrem Team in allen Phasen Ihres Projekts und bei all Ihren Anliegen zur Verf\u00fcgung. Wir bieten Ihnen originelle und neue Konzepte, die hochwertige Dienstleistungen mit Innovation verbinden, damit Ihre Kunden, Freunde oder Familie eine au\u00dfergew\u00f6hnliche Erfahrung in Erinnerung behalten.<br><br>\n\nUnser Ziel ist eine einfache und klare Kommunikation sowie der Einsatz unseres Wissens als Gestalter von Ereignissen und Atmosph\u00e4ren, um GEMEINSAM Ihre Vision aufzubauen \u2013 mit unserer Unterst\u00fctzung und einem dynamischen Management bei der Umsetzung Ihrer Projekte vor Ort.<\/span><\/p>\n\n\t\t<\/div>\n\t<\/div>\n<\/div><\/div><\/div><\/div><div class=\"vc_row-full-width vc_clearfix\"><\/div><div class=\"vc_row wpb_row vc_row-fluid dtt-op-last-row dtr-eng\"><div class=\"dtt-op-last-r-col wpb_column vc_column_container vc_col-sm-12\"><div class=\"vc_column-inner\"><div class=\"wpb_wrapper\">\n\t<div class=\"wpb_text_column wpb_content_element content\" >\n\t\t<div class=\"wpb_wrapper\">\n\t\t\t<h1 class=\"dtt-ch-h4\" style=\"text-align: center;\">WIR LIEBEN ES, MENSCHEN ZUSAMMENZUBRINGEN<\/h1>\n<p class=\"dtt-ch-p4\" style=\"text-align: center;\"><img loading=\"lazy\" decoding=\"async\" class=\"alignnone size-full wp-image-489\" src=\"https:\/\/madtoursandevents.com\/wp-content\/uploads\/2021\/08\/All-Lines1413123.png\" alt=\"\" width=\"121\" height=\"14\" \/><\/p>\n<p class=\"dtt-op-lspara\" style=\"color: white; text-align: center;\"><span style=\"font-weight: 400;\">Zuh\u00f6ren, Transparenz, Vertrauen und Humor sind f\u00fcr uns wichtige Werte, die wir mit Stolz pflegen, um stets die professionellsten Beziehungen aufrechtzuerhalten.\nWir freuen uns, Ihre Aufenthalte und Veranstaltungen in den Vereinigten Staaten zu organisieren.\nVon der einfachen Beratung bis zur vollst\u00e4ndigen Organisation Ihrer Veranstaltung \u2013 wir sind das Team an Ihrer Seite, um gemeinsam erfolgreich zu sein.<\/span><\/p>\n\n\t\t<\/div>\n\t<\/div>\n<\/div><\/div><\/div><\/div>\n<\/div>","protected":false},"excerpt":{"rendered":"Our Mission MAD Tours and Events (MAD) means madness but also a bit off the beaten track.\u00a0 We wanted our tours to be different from the others but above all to be sprinkled with good humor, joie de vivre and at the same time to have the opportunity to show an unusual New York, a [...]","protected":false},"author":1,"featured_media":0,"parent":0,"menu_order":0,"comment_status":"closed","ping_status":"closed","template":"","meta":{"_acf_changed":false,"inline_featured_image":false,"footnotes":""},"categories":[],"tags":[],"class_list":["post-465","page","type-page","status-publish","hentry"],"acf":[],"yoast_head":"<!-- This site is optimized with the Yoast SEO plugin v27.3 - https:\/\/yoast.com\/product\/yoast-seo-wordpress\/ -->\n<title>Our Philosophy - Mad Tours &amp; Events<\/title>\n<meta name=\"description\" content=\"Learn about our philosophy at Mad Tours &amp; Events when it comes to planning your dream trip! Visit our website today.\" \/>\n<meta name=\"robots\" content=\"index, follow, max-snippet:-1, max-image-preview:large, max-video-preview:-1\" \/>\n<link rel=\"canonical\" href=\"https:\/\/madtoursandevents.com\/de\/our-philosophy\/\" \/>\n<meta property=\"og:locale\" content=\"de_DE\" \/>\n<meta property=\"og:type\" content=\"article\" \/>\n<meta property=\"og:title\" content=\"Our Philosophy - Mad Tours &amp; Events\" \/>\n<meta property=\"og:description\" content=\"Learn about our philosophy at Mad Tours &amp; Events when it comes to planning your dream trip! Visit our website today.\" \/>\n<meta property=\"og:url\" content=\"https:\/\/madtoursandevents.com\/de\/our-philosophy\/\" \/>\n<meta property=\"og:site_name\" content=\"Mad Tours &amp; Events\" \/>\n<meta property=\"article:publisher\" content=\"https:\/\/www.facebook.com\/madnewyorkcitytours\" \/>\n<meta property=\"article:modified_time\" content=\"2025-12-08T16:06:54+00:00\" \/>\n<meta property=\"og:image\" content=\"https:\/\/madtoursandevents.com\/wp-content\/uploads\/2021\/08\/All-Lines12312.png\" \/>\n<meta name=\"twitter:card\" content=\"summary_large_image\" \/>\n<meta name=\"twitter:site\" content=\"@madfuntours\" \/>\n<meta name=\"twitter:label1\" content=\"Gesch\u00e4tzte Lesezeit\" \/>\n\t<meta name=\"twitter:data1\" content=\"8\u00a0Minuten\" \/>\n<script type=\"application\/ld+json\" class=\"yoast-schema-graph\">{\"@context\":\"https:\\\/\\\/schema.org\",\"@graph\":[{\"@type\":\"WebPage\",\"@id\":\"https:\\\/\\\/madtoursandevents.com\\\/our-philosophy\\\/\",\"url\":\"https:\\\/\\\/madtoursandevents.com\\\/our-philosophy\\\/\",\"name\":\"Our Philosophy - Mad Tours &amp; Events\",\"isPartOf\":{\"@id\":\"https:\\\/\\\/madtoursandevents.com\\\/#website\"},\"primaryImageOfPage\":{\"@id\":\"https:\\\/\\\/madtoursandevents.com\\\/our-philosophy\\\/#primaryimage\"},\"image\":{\"@id\":\"https:\\\/\\\/madtoursandevents.com\\\/our-philosophy\\\/#primaryimage\"},\"thumbnailUrl\":\"https:\\\/\\\/madtoursandevents.com\\\/wp-content\\\/uploads\\\/2021\\\/08\\\/All-Lines12312.png\",\"datePublished\":\"2021-08-20T15:23:37+00:00\",\"dateModified\":\"2025-12-08T16:06:54+00:00\",\"description\":\"Learn about our philosophy at Mad Tours & Events when it comes to planning your dream trip! Visit our website today.\",\"breadcrumb\":{\"@id\":\"https:\\\/\\\/madtoursandevents.com\\\/our-philosophy\\\/#breadcrumb\"},\"inLanguage\":\"de\",\"potentialAction\":[{\"@type\":\"ReadAction\",\"target\":[\"https:\\\/\\\/madtoursandevents.com\\\/our-philosophy\\\/\"]}]},{\"@type\":\"ImageObject\",\"inLanguage\":\"de\",\"@id\":\"https:\\\/\\\/madtoursandevents.com\\\/our-philosophy\\\/#primaryimage\",\"url\":\"https:\\\/\\\/madtoursandevents.com\\\/wp-content\\\/uploads\\\/2021\\\/08\\\/All-Lines12312.png\",\"contentUrl\":\"https:\\\/\\\/madtoursandevents.com\\\/wp-content\\\/uploads\\\/2021\\\/08\\\/All-Lines12312.png\"},{\"@type\":\"BreadcrumbList\",\"@id\":\"https:\\\/\\\/madtoursandevents.com\\\/our-philosophy\\\/#breadcrumb\",\"itemListElement\":[{\"@type\":\"ListItem\",\"position\":1,\"name\":\"Home\",\"item\":\"https:\\\/\\\/madtoursandevents.com\\\/\"},{\"@type\":\"ListItem\",\"position\":2,\"name\":\"Our Philosophy\"}]},{\"@type\":\"WebSite\",\"@id\":\"https:\\\/\\\/madtoursandevents.com\\\/#website\",\"url\":\"https:\\\/\\\/madtoursandevents.com\\\/\",\"name\":\"Mad Tours & Events\",\"description\":\"\",\"publisher\":{\"@id\":\"https:\\\/\\\/madtoursandevents.com\\\/#organization\"},\"potentialAction\":[{\"@type\":\"SearchAction\",\"target\":{\"@type\":\"EntryPoint\",\"urlTemplate\":\"https:\\\/\\\/madtoursandevents.com\\\/?s={search_term_string}\"},\"query-input\":{\"@type\":\"PropertyValueSpecification\",\"valueRequired\":true,\"valueName\":\"search_term_string\"}}],\"inLanguage\":\"de\"},{\"@type\":\"Organization\",\"@id\":\"https:\\\/\\\/madtoursandevents.com\\\/#organization\",\"name\":\"Mad Tours & Events\",\"url\":\"https:\\\/\\\/madtoursandevents.com\\\/\",\"logo\":{\"@type\":\"ImageObject\",\"inLanguage\":\"de\",\"@id\":\"https:\\\/\\\/madtoursandevents.com\\\/#\\\/schema\\\/logo\\\/image\\\/\",\"url\":\"https:\\\/\\\/madtoursandevents.com\\\/wp-content\\\/uploads\\\/2021\\\/08\\\/Logo.png\",\"contentUrl\":\"https:\\\/\\\/madtoursandevents.com\\\/wp-content\\\/uploads\\\/2021\\\/08\\\/Logo.png\",\"width\":204,\"height\":55,\"caption\":\"Mad Tours & Events\"},\"image\":{\"@id\":\"https:\\\/\\\/madtoursandevents.com\\\/#\\\/schema\\\/logo\\\/image\\\/\"},\"sameAs\":[\"https:\\\/\\\/www.facebook.com\\\/madnewyorkcitytours\",\"https:\\\/\\\/x.com\\\/madfuntours\"]}]}<\/script>\n<!-- \/ Yoast SEO plugin. -->","yoast_head_json":{"title":"Our Philosophy - Mad Tours &amp; Events","description":"Learn about our philosophy at Mad Tours & Events when it comes to planning your dream trip! Visit our website today.","robots":{"index":"index","follow":"follow","max-snippet":"max-snippet:-1","max-image-preview":"max-image-preview:large","max-video-preview":"max-video-preview:-1"},"canonical":"https:\/\/madtoursandevents.com\/de\/our-philosophy\/","og_locale":"de_DE","og_type":"article","og_title":"Our Philosophy - Mad Tours &amp; Events","og_description":"Learn about our philosophy at Mad Tours & Events when it comes to planning your dream trip! Visit our website today.","og_url":"https:\/\/madtoursandevents.com\/de\/our-philosophy\/","og_site_name":"Mad Tours &amp; Events","article_publisher":"https:\/\/www.facebook.com\/madnewyorkcitytours","article_modified_time":"2025-12-08T16:06:54+00:00","og_image":[{"url":"https:\/\/madtoursandevents.com\/wp-content\/uploads\/2021\/08\/All-Lines12312.png","type":"","width":"","height":""}],"twitter_card":"summary_large_image","twitter_site":"@madfuntours","twitter_misc":{"Gesch\u00e4tzte Lesezeit":"8\u00a0Minuten"},"schema":{"@context":"https:\/\/schema.org","@graph":[{"@type":"WebPage","@id":"https:\/\/madtoursandevents.com\/our-philosophy\/","url":"https:\/\/madtoursandevents.com\/our-philosophy\/","name":"Our Philosophy - Mad Tours &amp; Events","isPartOf":{"@id":"https:\/\/madtoursandevents.com\/#website"},"primaryImageOfPage":{"@id":"https:\/\/madtoursandevents.com\/our-philosophy\/#primaryimage"},"image":{"@id":"https:\/\/madtoursandevents.com\/our-philosophy\/#primaryimage"},"thumbnailUrl":"https:\/\/madtoursandevents.com\/wp-content\/uploads\/2021\/08\/All-Lines12312.png","datePublished":"2021-08-20T15:23:37+00:00","dateModified":"2025-12-08T16:06:54+00:00","description":"Learn about our philosophy at Mad Tours & Events when it comes to planning your dream trip! Visit our website today.","breadcrumb":{"@id":"https:\/\/madtoursandevents.com\/our-philosophy\/#breadcrumb"},"inLanguage":"de","potentialAction":[{"@type":"ReadAction","target":["https:\/\/madtoursandevents.com\/our-philosophy\/"]}]},{"@type":"ImageObject","inLanguage":"de","@id":"https:\/\/madtoursandevents.com\/our-philosophy\/#primaryimage","url":"https:\/\/madtoursandevents.com\/wp-content\/uploads\/2021\/08\/All-Lines12312.png","contentUrl":"https:\/\/madtoursandevents.com\/wp-content\/uploads\/2021\/08\/All-Lines12312.png"},{"@type":"BreadcrumbList","@id":"https:\/\/madtoursandevents.com\/our-philosophy\/#breadcrumb","itemListElement":[{"@type":"ListItem","position":1,"name":"Home","item":"https:\/\/madtoursandevents.com\/"},{"@type":"ListItem","position":2,"name":"Our Philosophy"}]},{"@type":"WebSite","@id":"https:\/\/madtoursandevents.com\/#website","url":"https:\/\/madtoursandevents.com\/","name":"Mad Tours & Events","description":"","publisher":{"@id":"https:\/\/madtoursandevents.com\/#organization"},"potentialAction":[{"@type":"SearchAction","target":{"@type":"EntryPoint","urlTemplate":"https:\/\/madtoursandevents.com\/?s={search_term_string}"},"query-input":{"@type":"PropertyValueSpecification","valueRequired":true,"valueName":"search_term_string"}}],"inLanguage":"de"},{"@type":"Organization","@id":"https:\/\/madtoursandevents.com\/#organization","name":"Mad Tours & Events","url":"https:\/\/madtoursandevents.com\/","logo":{"@type":"ImageObject","inLanguage":"de","@id":"https:\/\/madtoursandevents.com\/#\/schema\/logo\/image\/","url":"https:\/\/madtoursandevents.com\/wp-content\/uploads\/2021\/08\/Logo.png","contentUrl":"https:\/\/madtoursandevents.com\/wp-content\/uploads\/2021\/08\/Logo.png","width":204,"height":55,"caption":"Mad Tours & Events"},"image":{"@id":"https:\/\/madtoursandevents.com\/#\/schema\/logo\/image\/"},"sameAs":["https:\/\/www.facebook.com\/madnewyorkcitytours","https:\/\/x.com\/madfuntours"]}]}},"_links":{"self":[{"href":"https:\/\/madtoursandevents.com\/de\/wp-json\/wp\/v2\/pages\/465","targetHints":{"allow":["GET"]}}],"collection":[{"href":"https:\/\/madtoursandevents.com\/de\/wp-json\/wp\/v2\/pages"}],"about":[{"href":"https:\/\/madtoursandevents.com\/de\/wp-json\/wp\/v2\/types\/page"}],"author":[{"embeddable":true,"href":"https:\/\/madtoursandevents.com\/de\/wp-json\/wp\/v2\/users\/1"}],"replies":[{"embeddable":true,"href":"https:\/\/madtoursandevents.com\/de\/wp-json\/wp\/v2\/comments?post=465"}],"version-history":[{"count":3,"href":"https:\/\/madtoursandevents.com\/de\/wp-json\/wp\/v2\/pages\/465\/revisions"}],"predecessor-version":[{"id":13450,"href":"https:\/\/madtoursandevents.com\/de\/wp-json\/wp\/v2\/pages\/465\/revisions\/13450"}],"wp:attachment":[{"href":"https:\/\/madtoursandevents.com\/de\/wp-json\/wp\/v2\/media?parent=465"}],"wp:term":[{"taxonomy":"category","embeddable":true,"href":"https:\/\/madtoursandevents.com\/de\/wp-json\/wp\/v2\/categories?post=465"},{"taxonomy":"post_tag","embeddable":true,"href":"https:\/\/madtoursandevents.com\/de\/wp-json\/wp\/v2\/tags?post=465"}],"curies":[{"name":"wp","href":"https:\/\/api.w.org\/{rel}","templated":true}]}}