{"id":304,"date":"2021-08-17T12:24:36","date_gmt":"2021-08-17T12:24:36","guid":{"rendered":"https:\/\/madtoursandevents.com\/?page_id=304"},"modified":"2025-04-10T02:59:09","modified_gmt":"2025-04-10T02:59:09","slug":"travel-responsibly-safety-protocol","status":"publish","type":"page","link":"https:\/\/madtoursandevents.com\/de\/travel-responsibly-safety-protocol\/","title":{"rendered":"Verantwortungsbewusstes Reisen &amp; Sicherheitsprotokoll"},"content":{"rendered":"<div class=\"wpb-content-wrapper\"><div data-vc-full-width=\"true\" data-vc-full-width-temp=\"true\" data-vc-full-width-init=\"false\" data-vc-stretch-content=\"true\" class=\"vc_row wpb_row vc_row-fluid slider-rev mtt-title-img-row vc_row-no-padding\"><div class=\"mtt-title-img-col wpb_column vc_column_container vc_col-sm-12\"><div class=\"vc_column-inner\"><div class=\"wpb_wrapper\">\n\t<div  class=\"wpb_single_image wpb_content_element vc_align_left wpb_content_element  mtt-title-img\">\n\t\t\n\t\t<figure class=\"wpb_wrapper vc_figure\">\n\t\t\t<div class=\"vc_single_image-wrapper   vc_box_border_grey\"><img loading=\"lazy\" decoding=\"async\" width=\"1400\" height=\"450\" src=\"https:\/\/madtoursandevents.com\/wp-content\/uploads\/2021\/08\/covid.jpg\" class=\"vc_single_image-img attachment-full\" alt=\"\" title=\"covid\" srcset=\"https:\/\/madtoursandevents.com\/wp-content\/uploads\/2021\/08\/covid.jpg 1400w, https:\/\/madtoursandevents.com\/wp-content\/uploads\/2021\/08\/covid-600x193.jpg 600w, https:\/\/madtoursandevents.com\/wp-content\/uploads\/2021\/08\/covid-300x96.jpg 300w, https:\/\/madtoursandevents.com\/wp-content\/uploads\/2021\/08\/covid-1024x329.jpg 1024w, https:\/\/madtoursandevents.com\/wp-content\/uploads\/2021\/08\/covid-768x247.jpg 768w\" sizes=\"auto, (max-width: 1400px) 100vw, 1400px\" \/><\/div>\n\t\t<\/figure>\n\t<\/div>\n<\/div><\/div><\/div><\/div><div class=\"vc_row-full-width vc_clearfix\"><\/div><div class=\"vc_row wpb_row vc_row-fluid main-dropdown-img dtt-dropdown-img\"><div class=\"wpb_column vc_column_container vc_col-sm-12\"><div class=\"vc_column-inner\"><div class=\"wpb_wrapper\">\n\t<div id=\"down-arrow-icon\" class=\"wpb_single_image wpb_content_element vc_align_center wpb_content_element\">\n\t\t\n\t\t<figure class=\"wpb_wrapper vc_figure\">\n\t\t\t<a href=\"#sec1\" target=\"_self\" class=\"vc_single_image-wrapper   vc_box_border_grey\"><img loading=\"lazy\" decoding=\"async\" width=\"94\" height=\"94\" src=\"https:\/\/madtoursandevents.com\/wp-content\/uploads\/2021\/08\/main-drop-arrow.png\" class=\"vc_single_image-img attachment-full\" alt=\"purple down Arrow Icon in Small Size\" title=\"main-drop-arrow\" \/><\/a>\n\t\t<\/figure>\n\t<\/div>\n<\/div><\/div><\/div><\/div><div class=\"vc_row wpb_row vc_row-fluid\"><div class=\"wpb_column vc_column_container vc_col-sm-12\"><div class=\"vc_column-inner\"><div class=\"wpb_wrapper\">\n\t<div  class=\"wpb_single_image wpb_content_element vc_align_center wpb_content_element\">\n\t\t\n\t\t<figure class=\"wpb_wrapper vc_figure\">\n\t\t\t<div class=\"vc_single_image-wrapper   vc_box_border_grey\"><img loading=\"lazy\" decoding=\"async\" width=\"121\" height=\"14\" src=\"https:\/\/madtoursandevents.com\/wp-content\/uploads\/2021\/08\/All-Lines.png\" class=\"vc_single_image-img attachment-full\" alt=\"Three orange color link with no background\" title=\"All Lines\" \/><\/div>\n\t\t<\/figure>\n\t<\/div>\n<\/div><\/div><\/div><\/div><div id=\"sec1\" data-vc-full-width=\"true\" data-vc-full-width-temp=\"true\" data-vc-full-width-init=\"false\" class=\"vc_row wpb_row vc_row-fluid dtt-cvd-bg dtt-cv-bg\"><div class=\"dtt-cv-p wpb_column vc_column_container vc_col-sm-12\"><div class=\"vc_column-inner\"><div class=\"wpb_wrapper\">\n\t<div class=\"wpb_text_column wpb_content_element dtr-eng\" >\n\t\t<div class=\"wpb_wrapper\">\n\t\t\t<p>Spontane Reisen sind w\u00e4hrend einer Pandemie nicht empfehlenswert, daher helfen wir Ihnen gerne dabei, einen m\u00f6glichst sicheren Urlaub zu planen. Wenn wir feststellen, dass sich das Virus an Ihrem Reiseziel ausbreitet, teilen wir Ihnen unsere Bedenken mit und suchen gemeinsam mit Ihnen nach einer Alternative in einer anderen Stadt oder verschieben die Reisedaten auf Ihren Wunsch hin. Hier sind einige Empfehlungen f\u00fcr einen verantwortungsbewussten Urlaub.<\/p>\n<p><b>Verbesserte Sicherheitsprotokolle<\/b><\/p>\n<p>Wir w\u00e4hlen Partner aus, die strenge Richtlinien befolgen und das gleiche Ziel verfolgen, n\u00e4mlich Ihre Sicherheit w\u00e4hrend der Reise mit uns zu gew\u00e4hrleisten. Alle unsere Lieferanten sind verpflichtet, die CDC-Richtlinien zu Ihrem Schutz zu befolgen.<\/p>\n<p><b>Verantwortungsbewusstes Reisen<\/b><\/p>\n<p>Wo auch immer Sie hingehen, wir werden Ma\u00dfnahmen zur sozialen Distanzierung einhalten und Masken tragen, wenn wir uns in der N\u00e4he von Fremden befinden, in \u00f6ffentlichen Innenr\u00e4umen und im Freien in Menschenmengen oder an Orten, an denen soziale Distanzierung gem\u00e4\u00df den staatlichen Vorschriften nicht m\u00f6glich ist.<\/p>\n<p><b>Lassen Sie sich testen<\/b><\/p>\n<p>Je nach Art Ihrer \u00dcbernachtungsreise und wenn Sie in engen Kontakt mit anderen Personen au\u00dferhalb Ihrer Blase kommen, sollten Sie in Betracht ziehen, sich vor Ihrer Abreise und nach Ihrer R\u00fcckkehr einem COVID-19-Test zu unterziehen.<\/p>\n<p><b>Bereiten Sie sich auf Unvorhergesehenes vor \u2013 und packen Sie entsprechend<\/b><\/p>\n<p>Nehmen Sie zus\u00e4tzliche Masken, Handdesinfektionsmittel und Reinigungst\u00fccher mit. Es ist besser, \u00fcbervorbereitet zu sein als untervorbereitet.<\/p>\n<p><b>Unterst\u00fctzen Sie lokale Unternehmen auf Schritt und Tritt<\/b><\/p>\n<p>Kleine Unternehmen bevorzugen derzeit Zahlungen mit Kredit- oder Debitkarte, um den Umgang mit Bargeld zu vermeiden.<\/p>\n<p><b>Seien Sie geduldig und geben Sie gutes Trinkgeld<\/b><\/p>\n<p>Haben Sie Respekt und Einf\u00fchlungsverm\u00f6gen f\u00fcr die Mitarbeiter im Gastgewerbe, die Ihnen in diesen schwierigen Zeiten ein unvergessliches Erlebnis bieten m\u00f6chten. Sie sind es ihnen schuldig, Ihr Bestes zu tun, um ihre Sicherheit zu gew\u00e4hrleisten.<\/p>\n<p><b>Befolgen Sie die Regeln der Gemeinden, die Sie besuchen<\/b><\/p>\n<p>Informieren Sie sich unterwegs und nach Ihrer R\u00fcckkehr \u00fcber lokale oder regionale Neuigkeiten<\/p>\n<p><b>Kleine Gruppengr\u00f6\u00dfe<\/b><\/p>\n<p>Unsere MAD-Touren sind je nach Aktivit\u00e4t oder ausgew\u00e4hlter Tour in allen unseren St\u00e4dten auf 10 bis 15 Teilnehmer begrenzt. Damit m\u00f6chten wir Ihnen ein angenehmes Reiseerlebnis bieten und die Einhaltung der Abstandsregeln erleichtern.<\/p>\n\n\t\t<\/div>\n\t<\/div>\n<\/div><\/div><\/div><\/div><div class=\"vc_row-full-width vc_clearfix\"><\/div>\n<\/div>","protected":false},"excerpt":{"rendered":"Spontaneous trips are not the best to do during a pandemic so let us help you plan the safest vacation. If we see that is spreading where you are supposed to visit, we will share with you our concern and either work with you in another city or move the dates if you wish. Here [...]","protected":false},"author":1,"featured_media":0,"parent":0,"menu_order":0,"comment_status":"closed","ping_status":"closed","template":"","meta":{"_acf_changed":false,"inline_featured_image":false,"footnotes":""},"categories":[],"tags":[],"class_list":["post-304","page","type-page","status-publish","hentry"],"acf":[],"yoast_head":"<!-- This site is optimized with the Yoast SEO plugin v27.3 - https:\/\/yoast.com\/product\/yoast-seo-wordpress\/ -->\n<title>Guidelines for COVID 19 - Mad Tours &amp; Events<\/title>\n<meta name=\"description\" content=\"Stay safe in your travels by following the guidelines for COVID 19. Visit Mad Tours &amp; Events for more information. Contact us.\" \/>\n<meta name=\"robots\" content=\"index, follow, max-snippet:-1, max-image-preview:large, max-video-preview:-1\" \/>\n<link rel=\"canonical\" href=\"https:\/\/madtoursandevents.com\/de\/travel-responsibly-safety-protocol\/\" \/>\n<meta property=\"og:locale\" content=\"de_DE\" \/>\n<meta property=\"og:type\" content=\"article\" \/>\n<meta property=\"og:title\" content=\"Guidelines for COVID 19 - Mad Tours &amp; Events\" \/>\n<meta property=\"og:description\" content=\"Stay safe in your travels by following the guidelines for COVID 19. Visit Mad Tours &amp; Events for more information. Contact us.\" \/>\n<meta property=\"og:url\" content=\"https:\/\/madtoursandevents.com\/de\/travel-responsibly-safety-protocol\/\" \/>\n<meta property=\"og:site_name\" content=\"Mad Tours &amp; Events\" \/>\n<meta property=\"article:publisher\" content=\"https:\/\/www.facebook.com\/madnewyorkcitytours\" \/>\n<meta property=\"article:modified_time\" content=\"2025-04-10T02:59:09+00:00\" \/>\n<meta name=\"twitter:card\" content=\"summary_large_image\" \/>\n<meta name=\"twitter:site\" content=\"@madfuntours\" \/>\n<meta name=\"twitter:label1\" content=\"Gesch\u00e4tzte Lesezeit\" \/>\n\t<meta name=\"twitter:data1\" content=\"5\u00a0Minuten\" \/>\n<script type=\"application\/ld+json\" class=\"yoast-schema-graph\">{\"@context\":\"https:\\\/\\\/schema.org\",\"@graph\":[{\"@type\":\"WebPage\",\"@id\":\"https:\\\/\\\/madtoursandevents.com\\\/travel-responsibly-safety-protocol\\\/\",\"url\":\"https:\\\/\\\/madtoursandevents.com\\\/travel-responsibly-safety-protocol\\\/\",\"name\":\"Guidelines for COVID 19 - Mad Tours & Events\",\"isPartOf\":{\"@id\":\"https:\\\/\\\/madtoursandevents.com\\\/#website\"},\"datePublished\":\"2021-08-17T12:24:36+00:00\",\"dateModified\":\"2025-04-10T02:59:09+00:00\",\"description\":\"Stay safe in your travels by following the guidelines for COVID 19. Visit Mad Tours & Events for more information. Contact us.\",\"breadcrumb\":{\"@id\":\"https:\\\/\\\/madtoursandevents.com\\\/travel-responsibly-safety-protocol\\\/#breadcrumb\"},\"inLanguage\":\"de\",\"potentialAction\":[{\"@type\":\"ReadAction\",\"target\":[\"https:\\\/\\\/madtoursandevents.com\\\/travel-responsibly-safety-protocol\\\/\"]}]},{\"@type\":\"BreadcrumbList\",\"@id\":\"https:\\\/\\\/madtoursandevents.com\\\/travel-responsibly-safety-protocol\\\/#breadcrumb\",\"itemListElement\":[{\"@type\":\"ListItem\",\"position\":1,\"name\":\"Home\",\"item\":\"https:\\\/\\\/madtoursandevents.com\\\/\"},{\"@type\":\"ListItem\",\"position\":2,\"name\":\"Travel responsibly &#038; Safety Protocol\"}]},{\"@type\":\"WebSite\",\"@id\":\"https:\\\/\\\/madtoursandevents.com\\\/#website\",\"url\":\"https:\\\/\\\/madtoursandevents.com\\\/\",\"name\":\"Mad Tours & Events\",\"description\":\"\",\"publisher\":{\"@id\":\"https:\\\/\\\/madtoursandevents.com\\\/#organization\"},\"potentialAction\":[{\"@type\":\"SearchAction\",\"target\":{\"@type\":\"EntryPoint\",\"urlTemplate\":\"https:\\\/\\\/madtoursandevents.com\\\/?s={search_term_string}\"},\"query-input\":{\"@type\":\"PropertyValueSpecification\",\"valueRequired\":true,\"valueName\":\"search_term_string\"}}],\"inLanguage\":\"de\"},{\"@type\":\"Organization\",\"@id\":\"https:\\\/\\\/madtoursandevents.com\\\/#organization\",\"name\":\"Mad Tours & Events\",\"url\":\"https:\\\/\\\/madtoursandevents.com\\\/\",\"logo\":{\"@type\":\"ImageObject\",\"inLanguage\":\"de\",\"@id\":\"https:\\\/\\\/madtoursandevents.com\\\/#\\\/schema\\\/logo\\\/image\\\/\",\"url\":\"https:\\\/\\\/madtoursandevents.com\\\/wp-content\\\/uploads\\\/2021\\\/08\\\/Logo.png\",\"contentUrl\":\"https:\\\/\\\/madtoursandevents.com\\\/wp-content\\\/uploads\\\/2021\\\/08\\\/Logo.png\",\"width\":204,\"height\":55,\"caption\":\"Mad Tours & Events\"},\"image\":{\"@id\":\"https:\\\/\\\/madtoursandevents.com\\\/#\\\/schema\\\/logo\\\/image\\\/\"},\"sameAs\":[\"https:\\\/\\\/www.facebook.com\\\/madnewyorkcitytours\",\"https:\\\/\\\/x.com\\\/madfuntours\"]}]}<\/script>\n<!-- \/ Yoast SEO plugin. -->","yoast_head_json":{"title":"Guidelines for COVID 19 - Mad Tours & Events","description":"Stay safe in your travels by following the guidelines for COVID 19. Visit Mad Tours & Events for more information. Contact us.","robots":{"index":"index","follow":"follow","max-snippet":"max-snippet:-1","max-image-preview":"max-image-preview:large","max-video-preview":"max-video-preview:-1"},"canonical":"https:\/\/madtoursandevents.com\/de\/travel-responsibly-safety-protocol\/","og_locale":"de_DE","og_type":"article","og_title":"Guidelines for COVID 19 - Mad Tours & Events","og_description":"Stay safe in your travels by following the guidelines for COVID 19. Visit Mad Tours & Events for more information. Contact us.","og_url":"https:\/\/madtoursandevents.com\/de\/travel-responsibly-safety-protocol\/","og_site_name":"Mad Tours &amp; Events","article_publisher":"https:\/\/www.facebook.com\/madnewyorkcitytours","article_modified_time":"2025-04-10T02:59:09+00:00","twitter_card":"summary_large_image","twitter_site":"@madfuntours","twitter_misc":{"Gesch\u00e4tzte Lesezeit":"5\u00a0Minuten"},"schema":{"@context":"https:\/\/schema.org","@graph":[{"@type":"WebPage","@id":"https:\/\/madtoursandevents.com\/travel-responsibly-safety-protocol\/","url":"https:\/\/madtoursandevents.com\/travel-responsibly-safety-protocol\/","name":"Guidelines for COVID 19 - Mad Tours & Events","isPartOf":{"@id":"https:\/\/madtoursandevents.com\/#website"},"datePublished":"2021-08-17T12:24:36+00:00","dateModified":"2025-04-10T02:59:09+00:00","description":"Stay safe in your travels by following the guidelines for COVID 19. Visit Mad Tours & Events for more information. Contact us.","breadcrumb":{"@id":"https:\/\/madtoursandevents.com\/travel-responsibly-safety-protocol\/#breadcrumb"},"inLanguage":"de","potentialAction":[{"@type":"ReadAction","target":["https:\/\/madtoursandevents.com\/travel-responsibly-safety-protocol\/"]}]},{"@type":"BreadcrumbList","@id":"https:\/\/madtoursandevents.com\/travel-responsibly-safety-protocol\/#breadcrumb","itemListElement":[{"@type":"ListItem","position":1,"name":"Home","item":"https:\/\/madtoursandevents.com\/"},{"@type":"ListItem","position":2,"name":"Travel responsibly &#038; Safety Protocol"}]},{"@type":"WebSite","@id":"https:\/\/madtoursandevents.com\/#website","url":"https:\/\/madtoursandevents.com\/","name":"Mad Tours & Events","description":"","publisher":{"@id":"https:\/\/madtoursandevents.com\/#organization"},"potentialAction":[{"@type":"SearchAction","target":{"@type":"EntryPoint","urlTemplate":"https:\/\/madtoursandevents.com\/?s={search_term_string}"},"query-input":{"@type":"PropertyValueSpecification","valueRequired":true,"valueName":"search_term_string"}}],"inLanguage":"de"},{"@type":"Organization","@id":"https:\/\/madtoursandevents.com\/#organization","name":"Mad Tours & Events","url":"https:\/\/madtoursandevents.com\/","logo":{"@type":"ImageObject","inLanguage":"de","@id":"https:\/\/madtoursandevents.com\/#\/schema\/logo\/image\/","url":"https:\/\/madtoursandevents.com\/wp-content\/uploads\/2021\/08\/Logo.png","contentUrl":"https:\/\/madtoursandevents.com\/wp-content\/uploads\/2021\/08\/Logo.png","width":204,"height":55,"caption":"Mad Tours & Events"},"image":{"@id":"https:\/\/madtoursandevents.com\/#\/schema\/logo\/image\/"},"sameAs":["https:\/\/www.facebook.com\/madnewyorkcitytours","https:\/\/x.com\/madfuntours"]}]}},"_links":{"self":[{"href":"https:\/\/madtoursandevents.com\/de\/wp-json\/wp\/v2\/pages\/304","targetHints":{"allow":["GET"]}}],"collection":[{"href":"https:\/\/madtoursandevents.com\/de\/wp-json\/wp\/v2\/pages"}],"about":[{"href":"https:\/\/madtoursandevents.com\/de\/wp-json\/wp\/v2\/types\/page"}],"author":[{"embeddable":true,"href":"https:\/\/madtoursandevents.com\/de\/wp-json\/wp\/v2\/users\/1"}],"replies":[{"embeddable":true,"href":"https:\/\/madtoursandevents.com\/de\/wp-json\/wp\/v2\/comments?post=304"}],"version-history":[{"count":4,"href":"https:\/\/madtoursandevents.com\/de\/wp-json\/wp\/v2\/pages\/304\/revisions"}],"predecessor-version":[{"id":11940,"href":"https:\/\/madtoursandevents.com\/de\/wp-json\/wp\/v2\/pages\/304\/revisions\/11940"}],"wp:attachment":[{"href":"https:\/\/madtoursandevents.com\/de\/wp-json\/wp\/v2\/media?parent=304"}],"wp:term":[{"taxonomy":"category","embeddable":true,"href":"https:\/\/madtoursandevents.com\/de\/wp-json\/wp\/v2\/categories?post=304"},{"taxonomy":"post_tag","embeddable":true,"href":"https:\/\/madtoursandevents.com\/de\/wp-json\/wp\/v2\/tags?post=304"}],"curies":[{"name":"wp","href":"https:\/\/api.w.org\/{rel}","templated":true}]}}