{"id":274,"date":"2021-08-16T18:53:09","date_gmt":"2021-08-16T18:53:09","guid":{"rendered":"https:\/\/madtoursandevents.com\/?page_id=274"},"modified":"2026-04-08T04:37:34","modified_gmt":"2026-04-08T04:37:34","slug":"our-ethics","status":"publish","type":"page","link":"https:\/\/madtoursandevents.com\/de\/our-ethics\/","title":{"rendered":"Unsere Ethik"},"content":{"rendered":"<div class=\"wpb-content-wrapper\"><div data-vc-full-width=\"true\" data-vc-full-width-temp=\"true\" data-vc-full-width-init=\"false\" data-vc-stretch-content=\"true\" class=\"vc_row wpb_row vc_row-fluid slider-rev mtt-title-img-row vc_row-no-padding\"><div class=\"mtt-title-img-col wpb_column vc_column_container vc_col-sm-12\"><div class=\"vc_column-inner\"><div class=\"wpb_wrapper\">\n\t<div id=\"our-ethics-image\" class=\"wpb_single_image wpb_content_element vc_align_left wpb_content_element  mtt-title-img\">\n\t\t\n\t\t<figure class=\"wpb_wrapper vc_figure\">\n\t\t\t<div class=\"vc_single_image-wrapper   vc_box_border_grey\"><img loading=\"lazy\" decoding=\"async\" width=\"1400\" height=\"450\" src=\"https:\/\/madtoursandevents.com\/wp-content\/uploads\/2021\/10\/our_ethics_inner_img.jpg\" class=\"vc_single_image-img attachment-full\" alt=\"A sign boards with something written on it\" title=\"our_ethics_inner_img\" srcset=\"https:\/\/madtoursandevents.com\/wp-content\/uploads\/2021\/10\/our_ethics_inner_img.jpg 1400w, https:\/\/madtoursandevents.com\/wp-content\/uploads\/2021\/10\/our_ethics_inner_img-600x193.jpg 600w, https:\/\/madtoursandevents.com\/wp-content\/uploads\/2021\/10\/our_ethics_inner_img-300x96.jpg 300w, https:\/\/madtoursandevents.com\/wp-content\/uploads\/2021\/10\/our_ethics_inner_img-1024x329.jpg 1024w, https:\/\/madtoursandevents.com\/wp-content\/uploads\/2021\/10\/our_ethics_inner_img-768x247.jpg 768w, https:\/\/madtoursandevents.com\/wp-content\/uploads\/2021\/10\/our_ethics_inner_img-18x6.jpg 18w\" sizes=\"auto, (max-width: 1400px) 100vw, 1400px\" \/><\/div>\n\t\t<\/figure>\n\t<\/div>\n<\/div><\/div><\/div><\/div><div class=\"vc_row-full-width vc_clearfix\"><\/div><div class=\"vc_row wpb_row vc_row-fluid main-dropdown-img dtt-dropdown-img\"><div class=\"wpb_column vc_column_container vc_col-sm-12\"><div class=\"vc_column-inner\"><div class=\"wpb_wrapper\">\n\t<div id=\"down-arrow-icon\" class=\"wpb_single_image wpb_content_element vc_align_center wpb_content_element\">\n\t\t\n\t\t<figure class=\"wpb_wrapper vc_figure\">\n\t\t\t<a href=\"#sec1\" target=\"_self\" class=\"vc_single_image-wrapper   vc_box_border_grey\"><img loading=\"lazy\" decoding=\"async\" width=\"94\" height=\"94\" src=\"https:\/\/madtoursandevents.com\/wp-content\/uploads\/2021\/08\/main-drop-arrow.png\" class=\"vc_single_image-img attachment-full\" alt=\"purple down Arrow Icon in Small Size\" title=\"main-drop-arrow\" \/><\/a>\n\t\t<\/figure>\n\t<\/div>\n<\/div><\/div><\/div><\/div><div data-vc-full-width=\"true\" data-vc-full-width-temp=\"true\" data-vc-full-width-init=\"false\" class=\"vc_row wpb_row vc_row-fluid dtt-oet-bg\"><div class=\"dtt-oe-con wpb_column vc_column_container vc_col-sm-12\"><div class=\"vc_column-inner\"><div class=\"wpb_wrapper\">\n\t<div class=\"wpb_text_column wpb_content_element dtr-eng\" id=\"eng-text\">\n\t\t<div class=\"wpb_wrapper\">\n\t\t\t<p>Unser gr\u00f6\u00dftes Engagement gilt der menschlichen Inklusion \u2013 nicht nur gegen\u00fcber unseren Kunden, sondern auch gegen\u00fcber all unseren Dienstleistern, unter Ber\u00fccksichtigung ihres Glaubens, ihrer Kultur, ihrer Nationalit\u00e4t oder eventueller Beeintr\u00e4chtigungen.\nWir m\u00f6chten verantwortungsbewussteren Tourismus praktizieren, und diese beiden Werte stehen bei unserer Argentur im Mittelpunkt.\nWir arbeiten Hand in Hand mit unseren lokalen Partnern, was eine Verbindung schafft, von der unsere Kunden w\u00e4hrend ihres n\u00e4chsten Aufenthalts profitieren.\nDas bedeutet auch, dass wir daran arbeiten, negative soziale, wirtschaftliche und \u00f6kologische Auswirkungen zu minimieren.\nWir f\u00fchren offene Gespr\u00e4che mit den Einheimischen \u00fcber Entscheidungen, die ihr kulturelles Erbe und den Schutz ihrer Umwelt beeinflussen k\u00f6nnten.\nBei MAD Tours sind wir stolz darauf, auch kulturelle Sensibilit\u00e4t zu f\u00f6rdern, Respekt zwischen Touristen und Gastgebern zu ermutigen und Stolz sowie Selbstvertrauen aufzubauen.<\/p>\n<p>In den Jahren 2020\u20132021 haben wir eine gemeinsame Reflexion \u00fcber das Human Project durchgef\u00fchrt.\nDiese Arbeit hat bei uns dazu gef\u00fchrt, Ihnen gegen\u00fcber  mehr Dankbarkeit auszudr\u00fccken \u2013 indem wir mehr Ethik etablieren, offene Beziehungen aufbauen, gr\u00f6\u00dfere Flexibilit\u00e4t und mehr Vertrauen gegen\u00fcber unseren Partnern schaffen.\nUnser Ziel ist es, den menschlichen Aspekt in unserem Unternehmen, in unseren Veranstaltungen und vor allem in den Beziehungen zu unseren Kunden stets im Vordergrund unserer Argentur zu behalten!<\/p>\n<p>Wir erf\u00fcllen unseren Anspruch, besondere Atmosph\u00e4re, unvergessliche Urlaubserlebnisse und professionelle Events, mit Stolz und Leidenschaft, entstehen zu lassen.\nAber vor allem m\u00f6chten wir eine andere, einzigartige und inklusive Agentur sein \u2013 ein vertrauensvoller Partner, der Ihnen ein L\u00e4cheln schenkt, sobald Sie mit uns in Kontakt treten!<\/p>\n<p style=\"text-align: center;\"><b>UNSERE WERTE<\/b><br \/>\nBEGEISTERUNG \u2013 KREATIVIT\u00c4T \u2013 ETHIK \u2013 GROSSZ\u00dcGIGKEIT \u2013 HUMOR \u2013 LEBENSFREUDE \u2013 EHRLICHKEIT<\/p>\n\n\t\t<\/div>\n\t<\/div>\n<\/div><\/div><\/div><\/div><div class=\"vc_row-full-width vc_clearfix\"><\/div>\n<\/div>","protected":false},"excerpt":{"rendered":"Our major commitment is human inclusion, not only with our clients but also with all our service providers, taking into account your belief, your culture, your nationality, or your handicaps. We want to practice more responsible tourism and these two values are at the heart of our agency. We work hands in hands with our [...]","protected":false},"author":1,"featured_media":0,"parent":0,"menu_order":0,"comment_status":"closed","ping_status":"closed","template":"","meta":{"_acf_changed":false,"inline_featured_image":false,"footnotes":""},"categories":[],"tags":[],"class_list":["post-274","page","type-page","status-publish","hentry"],"acf":[],"yoast_head":"<!-- This site is optimized with the Yoast SEO plugin v27.3 - https:\/\/yoast.com\/product\/yoast-seo-wordpress\/ -->\n<title>Our Ethics - Mad Tours &amp; Events<\/title>\n<meta name=\"description\" content=\"Learn about the values we uphold at Mad Tours &amp; Events. We consider your belief, culture, nationality, or handicaps.\" \/>\n<meta name=\"robots\" content=\"index, follow, max-snippet:-1, max-image-preview:large, max-video-preview:-1\" \/>\n<link rel=\"canonical\" href=\"https:\/\/madtoursandevents.com\/de\/our-ethics\/\" \/>\n<meta property=\"og:locale\" content=\"de_DE\" \/>\n<meta property=\"og:type\" content=\"article\" \/>\n<meta property=\"og:title\" content=\"Our Ethics - Mad Tours &amp; Events\" \/>\n<meta property=\"og:description\" content=\"Learn about the values we uphold at Mad Tours &amp; Events. We consider your belief, culture, nationality, or handicaps.\" \/>\n<meta property=\"og:url\" content=\"https:\/\/madtoursandevents.com\/de\/our-ethics\/\" \/>\n<meta property=\"og:site_name\" content=\"Mad Tours &amp; Events\" \/>\n<meta property=\"article:publisher\" content=\"https:\/\/www.facebook.com\/madnewyorkcitytours\" \/>\n<meta property=\"article:modified_time\" content=\"2026-04-08T04:37:34+00:00\" \/>\n<meta name=\"twitter:card\" content=\"summary_large_image\" \/>\n<meta name=\"twitter:site\" content=\"@madfuntours\" \/>\n<meta name=\"twitter:label1\" content=\"Gesch\u00e4tzte Lesezeit\" \/>\n\t<meta name=\"twitter:data1\" content=\"3\u00a0Minuten\" \/>\n<script type=\"application\/ld+json\" class=\"yoast-schema-graph\">{\"@context\":\"https:\\\/\\\/schema.org\",\"@graph\":[{\"@type\":\"WebPage\",\"@id\":\"https:\\\/\\\/madtoursandevents.com\\\/our-ethics\\\/\",\"url\":\"https:\\\/\\\/madtoursandevents.com\\\/our-ethics\\\/\",\"name\":\"Our Ethics - Mad Tours &amp; Events\",\"isPartOf\":{\"@id\":\"https:\\\/\\\/madtoursandevents.com\\\/#website\"},\"datePublished\":\"2021-08-16T18:53:09+00:00\",\"dateModified\":\"2026-04-08T04:37:34+00:00\",\"description\":\"Learn about the values we uphold at Mad Tours & Events. We consider your belief, culture, nationality, or handicaps.\",\"breadcrumb\":{\"@id\":\"https:\\\/\\\/madtoursandevents.com\\\/our-ethics\\\/#breadcrumb\"},\"inLanguage\":\"de\",\"potentialAction\":[{\"@type\":\"ReadAction\",\"target\":[\"https:\\\/\\\/madtoursandevents.com\\\/our-ethics\\\/\"]}]},{\"@type\":\"BreadcrumbList\",\"@id\":\"https:\\\/\\\/madtoursandevents.com\\\/our-ethics\\\/#breadcrumb\",\"itemListElement\":[{\"@type\":\"ListItem\",\"position\":1,\"name\":\"Home\",\"item\":\"https:\\\/\\\/madtoursandevents.com\\\/\"},{\"@type\":\"ListItem\",\"position\":2,\"name\":\"Our Ethics\"}]},{\"@type\":\"WebSite\",\"@id\":\"https:\\\/\\\/madtoursandevents.com\\\/#website\",\"url\":\"https:\\\/\\\/madtoursandevents.com\\\/\",\"name\":\"Mad Tours & Events\",\"description\":\"\",\"publisher\":{\"@id\":\"https:\\\/\\\/madtoursandevents.com\\\/#organization\"},\"potentialAction\":[{\"@type\":\"SearchAction\",\"target\":{\"@type\":\"EntryPoint\",\"urlTemplate\":\"https:\\\/\\\/madtoursandevents.com\\\/?s={search_term_string}\"},\"query-input\":{\"@type\":\"PropertyValueSpecification\",\"valueRequired\":true,\"valueName\":\"search_term_string\"}}],\"inLanguage\":\"de\"},{\"@type\":\"Organization\",\"@id\":\"https:\\\/\\\/madtoursandevents.com\\\/#organization\",\"name\":\"Mad Tours & Events\",\"url\":\"https:\\\/\\\/madtoursandevents.com\\\/\",\"logo\":{\"@type\":\"ImageObject\",\"inLanguage\":\"de\",\"@id\":\"https:\\\/\\\/madtoursandevents.com\\\/#\\\/schema\\\/logo\\\/image\\\/\",\"url\":\"https:\\\/\\\/madtoursandevents.com\\\/wp-content\\\/uploads\\\/2021\\\/08\\\/Logo.png\",\"contentUrl\":\"https:\\\/\\\/madtoursandevents.com\\\/wp-content\\\/uploads\\\/2021\\\/08\\\/Logo.png\",\"width\":204,\"height\":55,\"caption\":\"Mad Tours & Events\"},\"image\":{\"@id\":\"https:\\\/\\\/madtoursandevents.com\\\/#\\\/schema\\\/logo\\\/image\\\/\"},\"sameAs\":[\"https:\\\/\\\/www.facebook.com\\\/madnewyorkcitytours\",\"https:\\\/\\\/x.com\\\/madfuntours\"]}]}<\/script>\n<!-- \/ Yoast SEO plugin. -->","yoast_head_json":{"title":"Our Ethics - Mad Tours &amp; Events","description":"Learn about the values we uphold at Mad Tours & Events. We consider your belief, culture, nationality, or handicaps.","robots":{"index":"index","follow":"follow","max-snippet":"max-snippet:-1","max-image-preview":"max-image-preview:large","max-video-preview":"max-video-preview:-1"},"canonical":"https:\/\/madtoursandevents.com\/de\/our-ethics\/","og_locale":"de_DE","og_type":"article","og_title":"Our Ethics - Mad Tours &amp; Events","og_description":"Learn about the values we uphold at Mad Tours & Events. We consider your belief, culture, nationality, or handicaps.","og_url":"https:\/\/madtoursandevents.com\/de\/our-ethics\/","og_site_name":"Mad Tours &amp; Events","article_publisher":"https:\/\/www.facebook.com\/madnewyorkcitytours","article_modified_time":"2026-04-08T04:37:34+00:00","twitter_card":"summary_large_image","twitter_site":"@madfuntours","twitter_misc":{"Gesch\u00e4tzte Lesezeit":"3\u00a0Minuten"},"schema":{"@context":"https:\/\/schema.org","@graph":[{"@type":"WebPage","@id":"https:\/\/madtoursandevents.com\/our-ethics\/","url":"https:\/\/madtoursandevents.com\/our-ethics\/","name":"Our Ethics - Mad Tours &amp; Events","isPartOf":{"@id":"https:\/\/madtoursandevents.com\/#website"},"datePublished":"2021-08-16T18:53:09+00:00","dateModified":"2026-04-08T04:37:34+00:00","description":"Learn about the values we uphold at Mad Tours & Events. We consider your belief, culture, nationality, or handicaps.","breadcrumb":{"@id":"https:\/\/madtoursandevents.com\/our-ethics\/#breadcrumb"},"inLanguage":"de","potentialAction":[{"@type":"ReadAction","target":["https:\/\/madtoursandevents.com\/our-ethics\/"]}]},{"@type":"BreadcrumbList","@id":"https:\/\/madtoursandevents.com\/our-ethics\/#breadcrumb","itemListElement":[{"@type":"ListItem","position":1,"name":"Home","item":"https:\/\/madtoursandevents.com\/"},{"@type":"ListItem","position":2,"name":"Our Ethics"}]},{"@type":"WebSite","@id":"https:\/\/madtoursandevents.com\/#website","url":"https:\/\/madtoursandevents.com\/","name":"Mad Tours & Events","description":"","publisher":{"@id":"https:\/\/madtoursandevents.com\/#organization"},"potentialAction":[{"@type":"SearchAction","target":{"@type":"EntryPoint","urlTemplate":"https:\/\/madtoursandevents.com\/?s={search_term_string}"},"query-input":{"@type":"PropertyValueSpecification","valueRequired":true,"valueName":"search_term_string"}}],"inLanguage":"de"},{"@type":"Organization","@id":"https:\/\/madtoursandevents.com\/#organization","name":"Mad Tours & Events","url":"https:\/\/madtoursandevents.com\/","logo":{"@type":"ImageObject","inLanguage":"de","@id":"https:\/\/madtoursandevents.com\/#\/schema\/logo\/image\/","url":"https:\/\/madtoursandevents.com\/wp-content\/uploads\/2021\/08\/Logo.png","contentUrl":"https:\/\/madtoursandevents.com\/wp-content\/uploads\/2021\/08\/Logo.png","width":204,"height":55,"caption":"Mad Tours & Events"},"image":{"@id":"https:\/\/madtoursandevents.com\/#\/schema\/logo\/image\/"},"sameAs":["https:\/\/www.facebook.com\/madnewyorkcitytours","https:\/\/x.com\/madfuntours"]}]}},"_links":{"self":[{"href":"https:\/\/madtoursandevents.com\/de\/wp-json\/wp\/v2\/pages\/274","targetHints":{"allow":["GET"]}}],"collection":[{"href":"https:\/\/madtoursandevents.com\/de\/wp-json\/wp\/v2\/pages"}],"about":[{"href":"https:\/\/madtoursandevents.com\/de\/wp-json\/wp\/v2\/types\/page"}],"author":[{"embeddable":true,"href":"https:\/\/madtoursandevents.com\/de\/wp-json\/wp\/v2\/users\/1"}],"replies":[{"embeddable":true,"href":"https:\/\/madtoursandevents.com\/de\/wp-json\/wp\/v2\/comments?post=274"}],"version-history":[{"count":4,"href":"https:\/\/madtoursandevents.com\/de\/wp-json\/wp\/v2\/pages\/274\/revisions"}],"predecessor-version":[{"id":13932,"href":"https:\/\/madtoursandevents.com\/de\/wp-json\/wp\/v2\/pages\/274\/revisions\/13932"}],"wp:attachment":[{"href":"https:\/\/madtoursandevents.com\/de\/wp-json\/wp\/v2\/media?parent=274"}],"wp:term":[{"taxonomy":"category","embeddable":true,"href":"https:\/\/madtoursandevents.com\/de\/wp-json\/wp\/v2\/categories?post=274"},{"taxonomy":"post_tag","embeddable":true,"href":"https:\/\/madtoursandevents.com\/de\/wp-json\/wp\/v2\/tags?post=274"}],"curies":[{"name":"wp","href":"https:\/\/api.w.org\/{rel}","templated":true}]}}