{"id":13701,"date":"2026-01-27T13:43:48","date_gmt":"2026-01-27T13:43:48","guid":{"rendered":"https:\/\/madtoursandevents.com\/?page_id=13701"},"modified":"2026-04-07T04:06:47","modified_gmt":"2026-04-07T04:06:47","slug":"sustainability-progress-report","status":"publish","type":"page","link":"https:\/\/madtoursandevents.com\/de\/sustainability-progress-report\/","title":{"rendered":"Fortschrittsbericht zur Nachhaltigkeit"},"content":{"rendered":"<div class=\"wpb-content-wrapper\"><div id=\"sus-banner-row\" data-vc-full-width=\"true\" data-vc-full-width-temp=\"true\" data-vc-full-width-init=\"false\" data-vc-stretch-content=\"true\" class=\"vc_row wpb_row vc_row-fluid slider-rev mtt-title-img-row vc_row-no-padding\"><div class=\"mtt-title-img-col wpb_column vc_column_container vc_col-sm-12\"><div class=\"vc_column-inner\"><div class=\"wpb_wrapper\">\n\t<div id=\"sus-banner\" class=\"wpb_single_image wpb_content_element vc_align_left wpb_content_element vc_custom_1769521249478  mtt-title-img\">\n\t\t\n\t\t<figure class=\"wpb_wrapper vc_figure\">\n\t\t\t<div class=\"vc_single_image-wrapper   vc_box_border_grey\"><img loading=\"lazy\" decoding=\"async\" width=\"1400\" height=\"450\" src=\"https:\/\/madtoursandevents.com\/wp-content\/uploads\/2026\/01\/Sustainability-Progress-Report-Banner.jpg\" class=\"vc_single_image-img attachment-full\" alt=\"\" title=\"Sustainability-Progress-Report-Banner\" srcset=\"https:\/\/madtoursandevents.com\/wp-content\/uploads\/2026\/01\/Sustainability-Progress-Report-Banner.jpg 1400w, https:\/\/madtoursandevents.com\/wp-content\/uploads\/2026\/01\/Sustainability-Progress-Report-Banner-300x96.jpg 300w, https:\/\/madtoursandevents.com\/wp-content\/uploads\/2026\/01\/Sustainability-Progress-Report-Banner-1024x329.jpg 1024w, https:\/\/madtoursandevents.com\/wp-content\/uploads\/2026\/01\/Sustainability-Progress-Report-Banner-768x247.jpg 768w, https:\/\/madtoursandevents.com\/wp-content\/uploads\/2026\/01\/Sustainability-Progress-Report-Banner-18x6.jpg 18w, https:\/\/madtoursandevents.com\/wp-content\/uploads\/2026\/01\/Sustainability-Progress-Report-Banner-600x193.jpg 600w, https:\/\/madtoursandevents.com\/wp-content\/uploads\/2026\/01\/Sustainability-Progress-Report-Banner-100x32.jpg 100w\" sizes=\"auto, (max-width: 1400px) 100vw, 1400px\" \/><\/div>\n\t\t<\/figure>\n\t<\/div>\n<\/div><\/div><\/div><\/div><div class=\"vc_row-full-width vc_clearfix\"><\/div><div class=\"vc_row wpb_row vc_row-fluid main-dropdown-img dtt-dropdown-img\"><div class=\"wpb_column vc_column_container vc_col-sm-12\"><div class=\"vc_column-inner\"><div class=\"wpb_wrapper\">\n\t<div id=\"down-arrow-icon\" class=\"wpb_single_image wpb_content_element vc_align_center wpb_content_element  sus-down-arrow\">\n\t\t\n\t\t<figure class=\"wpb_wrapper vc_figure\">\n\t\t\t<a href=\"#sec1\" target=\"_self\" class=\"vc_single_image-wrapper   vc_box_border_grey\"><img loading=\"lazy\" decoding=\"async\" width=\"94\" height=\"94\" src=\"https:\/\/madtoursandevents.com\/wp-content\/uploads\/2021\/08\/main-drop-arrow.png\" class=\"vc_single_image-img attachment-full\" alt=\"purple down Arrow Icon in Small Size\" title=\"main-drop-arrow\" \/><\/a>\n\t\t<\/figure>\n\t<\/div>\n<\/div><\/div><\/div><\/div><div class=\"vc_row wpb_row vc_row-fluid\"><div class=\"wpb_column vc_column_container vc_col-sm-12\"><div class=\"vc_column-inner\"><div class=\"wpb_wrapper\">\n\t<div  class=\"wpb_single_image wpb_content_element vc_align_center wpb_content_element  3lines\">\n\t\t\n\t\t<figure class=\"wpb_wrapper vc_figure\">\n\t\t\t<div class=\"vc_single_image-wrapper   vc_box_border_grey\"><img loading=\"lazy\" decoding=\"async\" width=\"121\" height=\"14\" src=\"https:\/\/madtoursandevents.com\/wp-content\/uploads\/2021\/08\/All-Lines.png\" class=\"vc_single_image-img attachment-full\" alt=\"Three orange color link with no background\" title=\"All Lines\" \/><\/div>\n\t\t<\/figure>\n\t<\/div>\n<\/div><\/div><\/div><\/div><div id=\"sec1\" data-vc-full-width=\"true\" data-vc-full-width-temp=\"true\" data-vc-full-width-init=\"false\" class=\"vc_row wpb_row vc_row-fluid dtt-cvd-bg dtt-cv-bg\"><div class=\"dtt-cv-p wpb_column vc_column_container vc_col-sm-12\"><div class=\"vc_column-inner\"><div class=\"wpb_wrapper\">\n\t<div class=\"wpb_text_column wpb_content_element\" id=\"complain-description-eng\">\n\t\t<div class=\"wpb_wrapper\">\n\t\t\t<p><strong><img loading=\"lazy\" decoding=\"async\" class=\"sus-progress-img alignright wp-image-11032\" src=\"https:\/\/madtoursandevents.com\/wp-content\/uploads\/2026\/01\/renewable-energy-7143344_1920.jpg\" alt=\"\" width=\"640\" height=\"427\" \/><\/strong><\/p>\n<h2><b>Fortschrittsbericht zur Nachhaltigkeit<\/b><b><\/b><\/h2>\n<div>\n<p>MAD Tours &amp; Events ist ein kleines Unternehmen, das haupts\u00e4chlich mit Freelancern, lokalen Reiseleitern und unabh\u00e4ngigen Dienstleistern arbeitet. Nachhaltigkeit ist in die Gestaltung der Reiserouten, die Auswahl der Lieferanten, die Kommunikation mit den Kunden sowie die Zusammenarbeit mit Partnern integriert, mit besonderem Fokus auf umweltvertr\u00e4glichen Tourismus, gesellschaftliches Engagement und kontinuierliche Verbesserung.<\/p>\n<\/div>\n<p>&nbsp;<\/p>\n<h4><b>1. Klimaverantwortung und Sensibilisierung f\u00fcr CO\u2082-Emissionen<\/b><\/h4>\n<p>&nbsp;<\/p>\n<div><\/div>\n<div><\/div>\n<div><b>Einf\u00fchrung eines CO\u2082-Beitrags<\/b><\/div>\n<div>Im Jahr 2024 f\u00fchrte MAD Tours &amp; Events einen\u00a0<b>CO\u2082-Beitrag ein, der auf alle Kunden angewendet wird<\/b>. Diese Initiative soll das Bewusstsein f\u00fcr die Umweltauswirkungen von Reisen st\u00e4rken und Umwelt- sowie Naturschutzma\u00dfnahmen in den von uns angebotenen Destinationen unterst\u00fctzen.<\/div>\n<p>&nbsp;<\/p>\n<div>Der Beitrag ist systematisch in den Angeboten enthalten und Teil eines ganzheitlichen Ansatzes f\u00fcr verantwortungsvollen Tourismus und gemeinsame Verantwortung.<\/div>\n<p>&nbsp;<\/p>\n<div><\/div>\n<div><\/div>\n<div><\/div>\n<h4><b>2. Unterst\u00fctzung von Umwelt und Biodiversit\u00e4t<\/b><\/h4>\n<p>&nbsp;<\/p>\n<div><\/div>\n<div><\/div>\n<div><b>Spenden an Umweltorganisationen<br \/>\n<\/b>As part of our carbon contribution and carbon offset strategy, MAD Tours &amp; Events directs collected funds to carefully selected environmental and biodiversity projects aligned with the destinations in which we operate. The organizations supported are chosen based on their credibility, measurable environmental impact, and relevance to climate mitigation and ecosystem protection.<\/div>\n<div>\n<p>&nbsp;<\/p>\n<p>In den Jahren 2024 und 2025 unterst\u00fctzte MAD Tours &amp; Events den Schutz von Umwelt und Biodiversit\u00e4t durch gezielte Spenden an Organisationen, die mit unseren Reisezielen im Einklang stehen:<\/p>\n<\/div>\n<p>&nbsp;<\/p>\n<div><\/div>\n<ul>\n<li>\n<div role=\"presentation\"><b>Hawaii Wildlife Fund<\/b>, der sich f\u00fcr den Schutz der Meeresfauna, den K\u00fcstenschutz und Umweltbildung einsetzt.<\/div>\n<\/li>\n<li>\n<div role=\"presentation\"><b>Trees New York<\/b>, der urbane Aufforstung, Klimaanpassung und Umweltbildung in New York f\u00f6rdert.<\/div>\n<\/li>\n<\/ul>\n<p>&nbsp;<\/p>\n<div>Diese Beitr\u00e4ge unterstreichen unser Engagement f\u00fcr nat\u00fcrliche \u00d6kosysteme ebenso wie f\u00fcr urbane Biodiversit\u00e4t in den von unseren Kunden besuchten Regionen.<\/div>\n<p>&nbsp;<\/p>\n<div><\/div>\n<div><\/div>\n<div><\/div>\n<h4><b>3. Kompetenzaufbau und Nachhaltigkeitsschulungen<\/b><\/h4>\n<p>&nbsp;<\/p>\n<div><\/div>\n<div><\/div>\n<div><b>Entwicklung des MAD Tours Sustainability Training<\/b><\/div>\n<div>Im Jahr 2024 entwickelte MAD Tours &amp; Events ein\u00a0<b>eigenes internes Schulungsmodul zur Nachhaltigkeit<\/b>, das auf die Bed\u00fcrfnisse eines flexiblen und \u00fcberschaubaren Reiseunternehmens zugeschnitten ist.<\/div>\n<p>&nbsp;<\/p>\n<div><\/div>\n<div><\/div>\n<div>Die Schulung umfasst unter anderem:<\/div>\n<p>&nbsp;<\/p>\n<ul>\n<li>\n<div role=\"presentation\">Verantwortungsvolle Routenplanung<\/div>\n<\/li>\n<li>\n<div role=\"presentation\">Umweltfreundliche Verhaltensweisen w\u00e4hrend der Touren<\/div>\n<\/li>\n<li>\n<div role=\"presentation\">Respekt gegen\u00fcber lokalen Gemeinschaften und Kulturen<\/div>\n<\/li>\n<li>\n<div role=\"presentation\">Schutz der Tierwelt und Prinzipien des ethischen Tourismus<\/div>\n<\/li>\n<li>\n<div role=\"presentation\">Klare und transparente Kommunikation mit den Kunden<\/div>\n<\/li>\n<\/ul>\n<div><\/div>\n<div>Diese Schulung sorgt f\u00fcr interne Konsistenz und wird bei Bedarf mit Partnern und Mitarbeitenden geteilt.<\/div>\n<p>&nbsp;<\/p>\n<div><\/div>\n<div><\/div>\n<div><b>Einbindung der Reiseleiter in Travelife-Schulungen<\/b><\/div>\n<p>&nbsp;<\/p>\n<div><\/div>\n<div><\/div>\n<div>Im Rahmen unserer Lieferantenpartnerschaften werden lokale Reiseleiter und Partner ermutigt,\u00a0<b>an den Nachhaltigkeitsschulungen von Travelife teilzunehmen<\/b>. Dadurch wird die Ausrichtung an international anerkannten Standards sichergestellt und verantwortungsvolles Handeln vor Ort gest\u00e4rkt.<\/div>\n<p>&nbsp;<\/p>\n<div><\/div>\n<div><\/div>\n<div>Da die meisten von MAD Tours &amp; Events angebotenen\u00a0<b>Erlebnisse Stadtf\u00fchrungen zu Fu\u00df oder Aktivit\u00e4ten in kleinen Gruppen unter Leitung lokaler Guides sind<\/b>, hat diese Schulung einen direkten und praktischen Einfluss auf das Kundenerlebnis und die Nachhaltigkeitsleistung.<\/div>\n<p>&nbsp;<\/p>\n<div><\/div>\n<div><\/div>\n<div><\/div>\n<h4><b>4. Nachhaltige Unterkunftsstrategie<\/b><\/h4>\n<p>&nbsp;<\/p>\n<div><\/div>\n<div><b>Priorisierung nachhaltiger Unterk\u00fcnfte<\/b><\/div>\n<p>&nbsp;<\/p>\n<div>Im Laufe der Jahre 2024 und 2025 verst\u00e4rkte MAD Tours &amp; Events seinen Fokus auf die Identifizierung, Auswahl und F\u00f6rderung\u00a0<b>nachhaltiger und zertifizierter<\/b>, Unterk\u00fcnfte, sofern diese verf\u00fcgbar und f\u00fcr die jeweiligen Reiserouten geeignet sind.<\/div>\n<p>&nbsp;<\/p>\n<div><\/div>\n<div><\/div>\n<div>Zu den wichtigsten Ma\u00dfnahmen geh\u00f6ren:<\/div>\n<p>&nbsp;<\/p>\n<ul>\n<li>\n<div role=\"presentation\">Aktive Suche nach Hotels mit Umweltzertifizierungen oder nachweislich nachhaltigen Praktiken<\/div>\n<\/li>\n<li>\n<div role=\"presentation\">Klare Kennzeichnung nachhaltiger Unterk\u00fcnfte in den Reiserouten durch spezielle Hinweise und Symbole (z. B. \ud83c\udf31)\u00a0<img loading=\"lazy\" decoding=\"async\" class=\"an1\" draggable=\"false\" src=\"https:\/\/fonts.gstatic.com\/s\/e\/notoemoji\/16.0\/1f331\/72.png\" alt=\"\ud83c\udf31\" width=\"33\" height=\"33\" data-emoji=\"\ud83c\udf31\" aria-label=\"\ud83c\udf31\" \/>)<\/div>\n<\/li>\n<li>\n<div role=\"presentation\">Kontinuierliche Aktualisierung der Unterkunftsoptionen, einschlie\u00dflich innovativer Betriebe wie dem\u00a0<b>Populus Hotel in Denver<\/b>, das als erstes klimapositive Hotel in den USA anerkannt ist<\/div>\n<\/li>\n<\/ul>\n<div><\/div>\n<div>Auch wenn genaue Prozentzahlen noch konsolidiert werden, werden nachhaltige Unterk\u00fcnfte systematisch angeboten und als bevorzugte Option hervorgehoben.<\/div>\n<p>&nbsp;<\/p>\n<div><\/div>\n<div><\/div>\n<div><\/div>\n<h4><b>5. Verantwortungsvolle Betriebsf\u00fchrung und Kundeneinbindung<\/b><\/h4>\n<p>&nbsp;<\/p>\n<div>Parallel zu den oben genannten Initiativen unterst\u00fctzt MAD Tours &amp; Events Nachhaltigkeit weiterhin durch:<\/div>\n<p>&nbsp;<\/p>\n<div><\/div>\n<ul>\n<li>\n<div role=\"presentation\">Bevorzugung von Stadtrundg\u00e4ngen zu Fu\u00df, \u00f6ffentlichen Verkehrsmitteln und emissionsarmen Mobilit\u00e4tsl\u00f6sungen in den Reiserouten<\/div>\n<\/li>\n<li>\n<div role=\"presentation\">Zusammenarbeit mit unabh\u00e4ngigen lokalen Reiseleitern und kleinen Dienstleistern<\/div>\n<\/li>\n<li>\n<div role=\"presentation\">Bereitstellung digitaler Reisedokumente und Feedback-Tools per QR-Code, einschlie\u00dflich nachhaltigkeitsbezogener Fragen<\/div>\n<\/li>\n<li>\n<div role=\"presentation\">F\u00f6rderung verantwortungsvollen Reiseverhaltens durch Kommunikation vor der Reise und vor Ort<\/div>\n<\/li>\n<\/ul>\n<div><\/div>\n<div>Diese Ma\u00dfnahmen st\u00e4rken Nachhaltigkeit in jeder Phase der Customer Journey.<\/div>\n<p>&nbsp;<\/p>\n<div><\/div>\n<div><\/div>\n<div><\/div>\n<h4><b>6. Fazit und kontinuierliche Verbesserung<\/b><\/h4>\n<p>&nbsp;<\/p>\n<div>Zwischen 2024 und 2025 hat MAD Tours &amp; Events die Struktur und Sichtbarkeit seiner Nachhaltigkeitsma\u00dfnahmen deutlich gest\u00e4rkt. Die Einf\u00fchrung eines CO\u2082-Beitrags, Umweltspenden, die Entwicklung einer eigenen Schulung, die Einbindung der Guides in Travelife-Programme sowie der verst\u00e4rkte Fokus auf nachhaltige Unterk\u00fcnfte belegen ein klares und messbares Engagement f\u00fcr verantwortungsvollen Tourismus.<\/div>\n<p>&nbsp;<\/p>\n<div><\/div>\n<div><\/div>\n<div>Da Nachhaltigkeit ein fortlaufender Prozess ist, verpflichtet sich MAD Tours &amp; Events zu kontinuierlicher Verbesserung, Transparenz und der Ausrichtung an anerkannten internationalen Standards.<\/div>\n<p>&nbsp;<\/p>\n<div><\/div>\n<div><\/div>\n<div><\/div>\n<div><b>Berichtszeitraum: 2024<\/b><\/div>\n<div><b>Berichtszeitraum: 2025<\/b><\/div>\n\n\t\t<\/div>\n\t<\/div>\n<\/div><\/div><\/div><\/div><div class=\"vc_row-full-width vc_clearfix\"><\/div>\n<\/div>","protected":false},"excerpt":{"rendered":"Sustainability Progress Report MAD Tours &amp; Events operates as a small office based company, working primarily with freelancers, local guides, and independent suppliers. Sustainability is integrated into itinerary design, supplier selection, client communication, and partner collaboration, with a focus on low-impact travel, community engagement, and continuous improvement. &nbsp; 1. Climate responsibility and carbon awareness &nbsp; [...]","protected":false},"author":7,"featured_media":13872,"parent":0,"menu_order":0,"comment_status":"closed","ping_status":"closed","template":"","meta":{"_acf_changed":false,"inline_featured_image":false,"footnotes":""},"categories":[50],"tags":[],"class_list":["post-13701","page","type-page","status-publish","has-post-thumbnail","hentry","category-eco"],"acf":[],"yoast_head":"<!-- This site is optimized with the Yoast SEO plugin v27.3 - https:\/\/yoast.com\/product\/yoast-seo-wordpress\/ -->\n<title>Sustainability Progress Report<\/title>\n<meta name=\"description\" content=\"We are committed to safeguarding and conserving the natural and human resources of the communities for the enjoyment of current and future generations, both for tourists and locals.\" \/>\n<meta name=\"robots\" content=\"index, follow, max-snippet:-1, max-image-preview:large, max-video-preview:-1\" \/>\n<link rel=\"canonical\" href=\"https:\/\/madtoursandevents.com\/de\/sustainability-progress-report\/\" \/>\n<meta property=\"og:locale\" content=\"de_DE\" \/>\n<meta property=\"og:type\" content=\"article\" \/>\n<meta property=\"og:title\" content=\"Sustainability Progress Report\" \/>\n<meta property=\"og:description\" content=\"We are committed to safeguarding and conserving the natural and human resources of the communities for the enjoyment of current and future generations, both for tourists and locals.\" \/>\n<meta property=\"og:url\" content=\"https:\/\/madtoursandevents.com\/de\/sustainability-progress-report\/\" \/>\n<meta property=\"og:site_name\" content=\"Mad Tours &amp; Events\" \/>\n<meta property=\"article:publisher\" content=\"https:\/\/www.facebook.com\/madnewyorkcitytours\" \/>\n<meta property=\"article:modified_time\" content=\"2026-04-07T04:06:47+00:00\" \/>\n<meta property=\"og:image\" content=\"https:\/\/madtoursandevents.com\/wp-content\/uploads\/2026\/04\/SusPROGRESS-REPORT-FEATURE01.jpg\" \/>\n\t<meta property=\"og:image:width\" content=\"1271\" \/>\n\t<meta property=\"og:image:height\" content=\"1696\" \/>\n\t<meta property=\"og:image:type\" content=\"image\/jpeg\" \/>\n<meta name=\"twitter:card\" content=\"summary_large_image\" \/>\n<meta name=\"twitter:site\" content=\"@madfuntours\" \/>\n<meta name=\"twitter:label1\" content=\"Gesch\u00e4tzte Lesezeit\" \/>\n\t<meta name=\"twitter:data1\" content=\"5\u00a0Minuten\" \/>\n<script type=\"application\/ld+json\" class=\"yoast-schema-graph\">{\"@context\":\"https:\\\/\\\/schema.org\",\"@graph\":[{\"@type\":\"WebPage\",\"@id\":\"https:\\\/\\\/madtoursandevents.com\\\/sustainability-progress-report\\\/\",\"url\":\"https:\\\/\\\/madtoursandevents.com\\\/sustainability-progress-report\\\/\",\"name\":\"Sustainability Progress Report\",\"isPartOf\":{\"@id\":\"https:\\\/\\\/madtoursandevents.com\\\/#website\"},\"primaryImageOfPage\":{\"@id\":\"https:\\\/\\\/madtoursandevents.com\\\/sustainability-progress-report\\\/#primaryimage\"},\"image\":{\"@id\":\"https:\\\/\\\/madtoursandevents.com\\\/sustainability-progress-report\\\/#primaryimage\"},\"thumbnailUrl\":\"https:\\\/\\\/madtoursandevents.com\\\/wp-content\\\/uploads\\\/2026\\\/04\\\/SusPROGRESS-REPORT-FEATURE01.jpg\",\"datePublished\":\"2026-01-27T13:43:48+00:00\",\"dateModified\":\"2026-04-07T04:06:47+00:00\",\"description\":\"We are committed to safeguarding and conserving the natural and human resources of the communities for the enjoyment of current and future generations, both for tourists and locals.\",\"breadcrumb\":{\"@id\":\"https:\\\/\\\/madtoursandevents.com\\\/sustainability-progress-report\\\/#breadcrumb\"},\"inLanguage\":\"de\",\"potentialAction\":[{\"@type\":\"ReadAction\",\"target\":[\"https:\\\/\\\/madtoursandevents.com\\\/sustainability-progress-report\\\/\"]}]},{\"@type\":\"ImageObject\",\"inLanguage\":\"de\",\"@id\":\"https:\\\/\\\/madtoursandevents.com\\\/sustainability-progress-report\\\/#primaryimage\",\"url\":\"https:\\\/\\\/madtoursandevents.com\\\/wp-content\\\/uploads\\\/2026\\\/04\\\/SusPROGRESS-REPORT-FEATURE01.jpg\",\"contentUrl\":\"https:\\\/\\\/madtoursandevents.com\\\/wp-content\\\/uploads\\\/2026\\\/04\\\/SusPROGRESS-REPORT-FEATURE01.jpg\",\"width\":1271,\"height\":1696},{\"@type\":\"BreadcrumbList\",\"@id\":\"https:\\\/\\\/madtoursandevents.com\\\/sustainability-progress-report\\\/#breadcrumb\",\"itemListElement\":[{\"@type\":\"ListItem\",\"position\":1,\"name\":\"Home\",\"item\":\"https:\\\/\\\/madtoursandevents.com\\\/\"},{\"@type\":\"ListItem\",\"position\":2,\"name\":\"Sustainability Progress Report\"}]},{\"@type\":\"WebSite\",\"@id\":\"https:\\\/\\\/madtoursandevents.com\\\/#website\",\"url\":\"https:\\\/\\\/madtoursandevents.com\\\/\",\"name\":\"Mad Tours & Events\",\"description\":\"\",\"publisher\":{\"@id\":\"https:\\\/\\\/madtoursandevents.com\\\/#organization\"},\"potentialAction\":[{\"@type\":\"SearchAction\",\"target\":{\"@type\":\"EntryPoint\",\"urlTemplate\":\"https:\\\/\\\/madtoursandevents.com\\\/?s={search_term_string}\"},\"query-input\":{\"@type\":\"PropertyValueSpecification\",\"valueRequired\":true,\"valueName\":\"search_term_string\"}}],\"inLanguage\":\"de\"},{\"@type\":\"Organization\",\"@id\":\"https:\\\/\\\/madtoursandevents.com\\\/#organization\",\"name\":\"Mad Tours & Events\",\"url\":\"https:\\\/\\\/madtoursandevents.com\\\/\",\"logo\":{\"@type\":\"ImageObject\",\"inLanguage\":\"de\",\"@id\":\"https:\\\/\\\/madtoursandevents.com\\\/#\\\/schema\\\/logo\\\/image\\\/\",\"url\":\"https:\\\/\\\/madtoursandevents.com\\\/wp-content\\\/uploads\\\/2021\\\/08\\\/Logo.png\",\"contentUrl\":\"https:\\\/\\\/madtoursandevents.com\\\/wp-content\\\/uploads\\\/2021\\\/08\\\/Logo.png\",\"width\":204,\"height\":55,\"caption\":\"Mad Tours & Events\"},\"image\":{\"@id\":\"https:\\\/\\\/madtoursandevents.com\\\/#\\\/schema\\\/logo\\\/image\\\/\"},\"sameAs\":[\"https:\\\/\\\/www.facebook.com\\\/madnewyorkcitytours\",\"https:\\\/\\\/x.com\\\/madfuntours\"]}]}<\/script>\n<!-- \/ Yoast SEO plugin. -->","yoast_head_json":{"title":"Fortschrittsbericht zur Nachhaltigkeit","description":"We are committed to safeguarding and conserving the natural and human resources of the communities for the enjoyment of current and future generations, both for tourists and locals.","robots":{"index":"index","follow":"follow","max-snippet":"max-snippet:-1","max-image-preview":"max-image-preview:large","max-video-preview":"max-video-preview:-1"},"canonical":"https:\/\/madtoursandevents.com\/de\/sustainability-progress-report\/","og_locale":"de_DE","og_type":"article","og_title":"Sustainability Progress Report","og_description":"We are committed to safeguarding and conserving the natural and human resources of the communities for the enjoyment of current and future generations, both for tourists and locals.","og_url":"https:\/\/madtoursandevents.com\/de\/sustainability-progress-report\/","og_site_name":"Mad Tours &amp; Events","article_publisher":"https:\/\/www.facebook.com\/madnewyorkcitytours","article_modified_time":"2026-04-07T04:06:47+00:00","og_image":[{"width":1271,"height":1696,"url":"https:\/\/madtoursandevents.com\/wp-content\/uploads\/2026\/04\/SusPROGRESS-REPORT-FEATURE01.jpg","type":"image\/jpeg"}],"twitter_card":"summary_large_image","twitter_site":"@madfuntours","twitter_misc":{"Gesch\u00e4tzte Lesezeit":"5\u00a0Minuten"},"schema":{"@context":"https:\/\/schema.org","@graph":[{"@type":"WebPage","@id":"https:\/\/madtoursandevents.com\/sustainability-progress-report\/","url":"https:\/\/madtoursandevents.com\/sustainability-progress-report\/","name":"Fortschrittsbericht zur Nachhaltigkeit","isPartOf":{"@id":"https:\/\/madtoursandevents.com\/#website"},"primaryImageOfPage":{"@id":"https:\/\/madtoursandevents.com\/sustainability-progress-report\/#primaryimage"},"image":{"@id":"https:\/\/madtoursandevents.com\/sustainability-progress-report\/#primaryimage"},"thumbnailUrl":"https:\/\/madtoursandevents.com\/wp-content\/uploads\/2026\/04\/SusPROGRESS-REPORT-FEATURE01.jpg","datePublished":"2026-01-27T13:43:48+00:00","dateModified":"2026-04-07T04:06:47+00:00","description":"We are committed to safeguarding and conserving the natural and human resources of the communities for the enjoyment of current and future generations, both for tourists and locals.","breadcrumb":{"@id":"https:\/\/madtoursandevents.com\/sustainability-progress-report\/#breadcrumb"},"inLanguage":"de","potentialAction":[{"@type":"ReadAction","target":["https:\/\/madtoursandevents.com\/sustainability-progress-report\/"]}]},{"@type":"ImageObject","inLanguage":"de","@id":"https:\/\/madtoursandevents.com\/sustainability-progress-report\/#primaryimage","url":"https:\/\/madtoursandevents.com\/wp-content\/uploads\/2026\/04\/SusPROGRESS-REPORT-FEATURE01.jpg","contentUrl":"https:\/\/madtoursandevents.com\/wp-content\/uploads\/2026\/04\/SusPROGRESS-REPORT-FEATURE01.jpg","width":1271,"height":1696},{"@type":"BreadcrumbList","@id":"https:\/\/madtoursandevents.com\/sustainability-progress-report\/#breadcrumb","itemListElement":[{"@type":"ListItem","position":1,"name":"Home","item":"https:\/\/madtoursandevents.com\/"},{"@type":"ListItem","position":2,"name":"Sustainability Progress Report"}]},{"@type":"WebSite","@id":"https:\/\/madtoursandevents.com\/#website","url":"https:\/\/madtoursandevents.com\/","name":"Mad Tours & Events","description":"","publisher":{"@id":"https:\/\/madtoursandevents.com\/#organization"},"potentialAction":[{"@type":"SearchAction","target":{"@type":"EntryPoint","urlTemplate":"https:\/\/madtoursandevents.com\/?s={search_term_string}"},"query-input":{"@type":"PropertyValueSpecification","valueRequired":true,"valueName":"search_term_string"}}],"inLanguage":"de"},{"@type":"Organization","@id":"https:\/\/madtoursandevents.com\/#organization","name":"Mad Tours & Events","url":"https:\/\/madtoursandevents.com\/","logo":{"@type":"ImageObject","inLanguage":"de","@id":"https:\/\/madtoursandevents.com\/#\/schema\/logo\/image\/","url":"https:\/\/madtoursandevents.com\/wp-content\/uploads\/2021\/08\/Logo.png","contentUrl":"https:\/\/madtoursandevents.com\/wp-content\/uploads\/2021\/08\/Logo.png","width":204,"height":55,"caption":"Mad Tours & Events"},"image":{"@id":"https:\/\/madtoursandevents.com\/#\/schema\/logo\/image\/"},"sameAs":["https:\/\/www.facebook.com\/madnewyorkcitytours","https:\/\/x.com\/madfuntours"]}]}},"_links":{"self":[{"href":"https:\/\/madtoursandevents.com\/de\/wp-json\/wp\/v2\/pages\/13701","targetHints":{"allow":["GET"]}}],"collection":[{"href":"https:\/\/madtoursandevents.com\/de\/wp-json\/wp\/v2\/pages"}],"about":[{"href":"https:\/\/madtoursandevents.com\/de\/wp-json\/wp\/v2\/types\/page"}],"author":[{"embeddable":true,"href":"https:\/\/madtoursandevents.com\/de\/wp-json\/wp\/v2\/users\/7"}],"replies":[{"embeddable":true,"href":"https:\/\/madtoursandevents.com\/de\/wp-json\/wp\/v2\/comments?post=13701"}],"version-history":[{"count":20,"href":"https:\/\/madtoursandevents.com\/de\/wp-json\/wp\/v2\/pages\/13701\/revisions"}],"predecessor-version":[{"id":13896,"href":"https:\/\/madtoursandevents.com\/de\/wp-json\/wp\/v2\/pages\/13701\/revisions\/13896"}],"wp:featuredmedia":[{"embeddable":true,"href":"https:\/\/madtoursandevents.com\/de\/wp-json\/wp\/v2\/media\/13872"}],"wp:attachment":[{"href":"https:\/\/madtoursandevents.com\/de\/wp-json\/wp\/v2\/media?parent=13701"}],"wp:term":[{"taxonomy":"category","embeddable":true,"href":"https:\/\/madtoursandevents.com\/de\/wp-json\/wp\/v2\/categories?post=13701"},{"taxonomy":"post_tag","embeddable":true,"href":"https:\/\/madtoursandevents.com\/de\/wp-json\/wp\/v2\/tags?post=13701"}],"curies":[{"name":"wp","href":"https:\/\/api.w.org\/{rel}","templated":true}]}}