{"id":13322,"date":"2025-10-14T16:11:40","date_gmt":"2025-10-14T16:11:40","guid":{"rendered":"https:\/\/madtoursandevents.com\/?page_id=13322"},"modified":"2026-04-01T21:43:38","modified_gmt":"2026-04-01T21:43:38","slug":"sustainable-travel","status":"publish","type":"page","link":"https:\/\/madtoursandevents.com\/de\/sustainable-travel\/","title":{"rendered":"NACHHALTIGES REISEN"},"content":{"rendered":"<div class=\"wpb-content-wrapper\"><div id=\"sus-banner-row\" data-vc-full-width=\"true\" data-vc-full-width-temp=\"true\" data-vc-full-width-init=\"false\" data-vc-stretch-content=\"true\" class=\"vc_row wpb_row vc_row-fluid slider-rev mtt-title-img-row vc_row-no-padding\"><div class=\"mtt-title-img-col wpb_column vc_column_container vc_col-sm-12\"><div class=\"vc_column-inner\"><div class=\"wpb_wrapper\">\n\t<div id=\"sus-banner\" class=\"wpb_single_image wpb_content_element vc_align_left wpb_content_element vc_custom_1760458222642  mtt-title-img\">\n\t\t\n\t\t<figure class=\"wpb_wrapper vc_figure\">\n\t\t\t<div class=\"vc_single_image-wrapper   vc_box_border_grey\"><img loading=\"lazy\" decoding=\"async\" width=\"1400\" height=\"450\" src=\"https:\/\/madtoursandevents.com\/wp-content\/uploads\/2025\/10\/Sustainable-Travel-Header.jpg\" class=\"vc_single_image-img attachment-full\" alt=\"\" title=\"Sustainable-Travel-Header\" srcset=\"https:\/\/madtoursandevents.com\/wp-content\/uploads\/2025\/10\/Sustainable-Travel-Header.jpg 1400w, https:\/\/madtoursandevents.com\/wp-content\/uploads\/2025\/10\/Sustainable-Travel-Header-300x96.jpg 300w, https:\/\/madtoursandevents.com\/wp-content\/uploads\/2025\/10\/Sustainable-Travel-Header-1024x329.jpg 1024w, https:\/\/madtoursandevents.com\/wp-content\/uploads\/2025\/10\/Sustainable-Travel-Header-768x247.jpg 768w, https:\/\/madtoursandevents.com\/wp-content\/uploads\/2025\/10\/Sustainable-Travel-Header-18x6.jpg 18w, https:\/\/madtoursandevents.com\/wp-content\/uploads\/2025\/10\/Sustainable-Travel-Header-600x193.jpg 600w, https:\/\/madtoursandevents.com\/wp-content\/uploads\/2025\/10\/Sustainable-Travel-Header-100x32.jpg 100w\" sizes=\"auto, (max-width: 1400px) 100vw, 1400px\" \/><\/div>\n\t\t<\/figure>\n\t<\/div>\n<\/div><\/div><\/div><\/div><div class=\"vc_row-full-width vc_clearfix\"><\/div><div class=\"vc_row wpb_row vc_row-fluid main-dropdown-img dtt-dropdown-img\"><div class=\"wpb_column vc_column_container vc_col-sm-12\"><div class=\"vc_column-inner\"><div class=\"wpb_wrapper\">\n\t<div id=\"down-arrow-icon\" class=\"wpb_single_image wpb_content_element vc_align_center wpb_content_element  sus-down-arrow\">\n\t\t\n\t\t<figure class=\"wpb_wrapper vc_figure\">\n\t\t\t<a href=\"#sec1\" target=\"_self\" class=\"vc_single_image-wrapper   vc_box_border_grey\"><img loading=\"lazy\" decoding=\"async\" width=\"94\" height=\"94\" src=\"https:\/\/madtoursandevents.com\/wp-content\/uploads\/2021\/08\/main-drop-arrow.png\" class=\"vc_single_image-img attachment-full\" alt=\"purple down Arrow Icon in Small Size\" title=\"main-drop-arrow\" \/><\/a>\n\t\t<\/figure>\n\t<\/div>\n<\/div><\/div><\/div><\/div><div class=\"vc_row wpb_row vc_row-fluid\"><div class=\"wpb_column vc_column_container vc_col-sm-12\"><div class=\"vc_column-inner\"><div class=\"wpb_wrapper\">\n\t<div  class=\"wpb_single_image wpb_content_element vc_align_center wpb_content_element  3lines\">\n\t\t\n\t\t<figure class=\"wpb_wrapper vc_figure\">\n\t\t\t<div class=\"vc_single_image-wrapper   vc_box_border_grey\"><img loading=\"lazy\" decoding=\"async\" width=\"121\" height=\"14\" src=\"https:\/\/madtoursandevents.com\/wp-content\/uploads\/2021\/08\/All-Lines.png\" class=\"vc_single_image-img attachment-full\" alt=\"Three orange color link with no background\" title=\"All Lines\" \/><\/div>\n\t\t<\/figure>\n\t<\/div>\n<\/div><\/div><\/div><\/div><div id=\"sec1\" data-vc-full-width=\"true\" data-vc-full-width-temp=\"true\" data-vc-full-width-init=\"false\" class=\"vc_row wpb_row vc_row-fluid dtt-cvd-bg dtt-cv-bg\"><div class=\"dtt-cv-p wpb_column vc_column_container vc_col-sm-6\"><div class=\"vc_column-inner\"><div class=\"wpb_wrapper\">\n\t<div class=\"wpb_text_column wpb_content_element\" id=\"sus-description\">\n\t\t<div class=\"wpb_wrapper\">\n\t\t\t<h4 style=\"font-weight: 400; text-align: left;\"><b><i>Verantwortungsvoll erkunden, vollst\u00e4ndig erleben<\/i><\/b><\/h4>\n<p>&nbsp;<\/p>\n<p style=\"font-weight: 400;\">Bei\u00a0<strong>Mad Tours &amp; Events<\/strong>, glauben wir, dass\u00a0<strong>Reisen luxuri\u00f6s, unvergesslich und verantwortungsvoll sein kann.<\/strong>.  Nachhaltiges Reisen bedeutet nicht nur, die Umweltbelastung zu minimieren \u2014 es geht\u00a0<strong>darum,  authentisch in die lokale Kultur einzutauchen, Gemeinschaften zu unterst\u00fctzen und \u00fcberall, wo man reist, einen positiven Fu\u00dfabdruck<\/strong>\u00a0zu hinterlassen.<\/p>\n<p>&nbsp;<\/p>\n<p style=\"font-weight: 400;\">Unser Team erstellt\u00a0<strong>durchdachte Reiserouten in den gesamten USA<\/strong>, die Komfort, Abenteuer und umweltbewusste Praktiken kombinieren.\nOb Familienurlaub, romantisches Retreat oder Incentive-Reise f\u00fcr Unternehmen \u2013 wir sorgen daf\u00fcr, dass\u00a0<strong>Ihre Reise ethisch, bereichernd und unvergesslich ist.<\/strong>.<\/p>\n<p>&nbsp;<\/p>\n<p>&nbsp;<\/p>\n<h5 style=\"font-weight: 400;\"><span style=\"text-decoration: underline;\"><strong>Unsere Angebote f\u00fcr nachhaltiges Reisen<\/strong><\/span><\/h5>\n<p>&nbsp;<\/p>\n<p style=\"font-weight: 400;\">Wir bieten eine\u00a0<strong>Vielzahl verantwortungsvoller Erlebnisse<\/strong>\u00a0, die es Ihnen erm\u00f6glichen, die USA zu erkunden, ohne auf Komfort oder Qualit\u00e4t zu verzichten:<\/p>\n<p>&nbsp;<\/p>\n<ul style=\"font-weight: 400;\">\n<li><strong>Umweltfreundliche Unterk\u00fcnfte:<\/strong>\u00a0\u00dcbernachten Sie in Boutique-Hotels, Luxus-Lodges und Resorts, die f\u00fcr Nachhaltigkeit zertifiziert sind.\nJede Unterkunft legt Wert auf erneuerbare Energien, Abfallreduzierung, Wassereinsparung und lokal beschaffte Materialien, sodass Ihr\u00a0<strong>Aufenthalt komfortabel und umweltbewusst ist.<\/strong>.<\/li>\n<li><strong>Verantwortungsvolle Tier- und Naturtouren:<\/strong>\u00a0Erkunden Sie pr\u00e4chtige Nationalparks, Wildtierschutzgebiete und gesch\u00fctzte Reservate mit Guides, die in ethischer\u00a0<strong>Tierbeobachtung und Naturschutzpraktiken geschult sind.<\/strong>Vom Kajakfahren durch Mangroven in Florida bis hin zum Beobachten von B\u00e4ren in Yellowstone \u2013 Ihre Abenteuer sind darauf ausgelegt, Einfl\u00fcsse zu\u00a0<strong>minimieren und Lernen zu maximieren.<\/strong>.<\/li>\n<li><strong>Farm-to-Table Kulinarische Reisen:<\/strong>\u00a0Erleben Sie die USA durch\u00a0<strong>lokal erzeugte, saisonale und nachhaltige K\u00fcche.<\/strong>.  Von artisanalem K\u00e4se in Vermont bis zu frischen Meeresfr\u00fcchten im Pazifischen Nordwesten \u2013 unsere kulinarischen Erlebnisse unterst\u00fctzen\u00a0<strong>lokale Bauern und Produzenten<\/strong>\u00a0und bieten gleichzeitig Gourmet-Gen\u00fcsse.<\/li>\n<li><strong>Kulturelles &amp; gemeinschaftliches Engagement:<\/strong>\u00a0Interagieren Sie direkt mit indigenen Gemeinschaften, lokalen Handwerkern und kleinen Unternehmen.\nNehmen Sie teil an Workshops, Kulturtouren und\u00a0<strong>Heritage-Programmen, die Traditionen ehren und die lokale Bev\u00f6lkerung wirtschaftlich unterst\u00fctzen.<\/strong>.<\/li>\n<li><strong>Kohlenstoffbewusste Mobilit\u00e4t:<\/strong>\u00a0Reduzieren Sie Ihren CO\u2082-Fu\u00dfabdruck mit umweltfreundlichen Transportoptionen, einschlie\u00dflich Hybrid- oder Elektrofahrzeugen, Gruppentransfers und geringer Umweltbelastung.\nWir gestalten Reisepl\u00e4ne, die Erlebnisse\u00a0<strong>maximieren und Emissionen minimieren.<\/strong>.<\/li>\n<li><strong>Abenteuer mit Bedacht:<\/strong>\u00a0Wandern, radeln, paddeln oder schnorcheln Sie verantwortungsbewusst.\nAlle Abenteuer sind\u00a0<strong>darauf ausgelegt, nat\u00fcrliche Lebensr\u00e4ume zu sch\u00fctzen<\/strong>\u00a0und gleichzeitig Entdeckung, Spannung und Naturverbundenheit zu bieten.<\/li>\n<\/ul>\n<p style=\"font-weight: 400;\"><strong>Warum Mad Tours &amp; Events f\u00fcr nachhaltiges Reisen w\u00e4hlen<\/strong><\/p>\n<p style=\"font-weight: 400;\">Nachhaltig zu reisen mit Mad Tours &amp; Events ist\u00a0<strong>m\u00fchelos, luxuri\u00f6s und sinnvoll:<\/strong>:<\/p>\n<p>&nbsp;<\/p>\n<ul style=\"font-weight: 400;\">\n<li><strong>Ma\u00dfgeschneiderte Eco-Reiserouten:<\/strong>\u00a0Jede Reise wird auf Ihre\u00a0<strong>Interessen, Ihr Tempo und Ihre Nachhaltigkeitspriorit\u00e4ten zugeschnitten<\/strong>, egal ob private Familienreise oder Unternehmensgruppe.<\/li>\n<li><strong>Fachkundige Guides:<\/strong>\u00a0Unsere lokalen Guides sind in\u00a0<strong>Umweltbewusstsein und kultureller Sensibilit\u00e4t<\/strong>, geschult, sodass Ihre Erlebnisse\u00a0<strong>bildend, sicher und authentisch sind.<\/strong>.<\/li>\n<li><strong>H\u00f6chster Komfort:<\/strong>\u00a0Eco-Lodges mit atemberaubender Aussicht bis zu Boutique-Hotels mit Premium-Ausstattung,\u00a0<strong>Ihr Komfort bleibt oberste Priorit\u00e4t.<\/strong>.<\/li>\n<li><strong>Unterst\u00fctzung lokaler Gemeinschaften:<\/strong>\u00a0Jede Tour, Mahlzeit und Aktivit\u00e4t ist so gestaltet, dass sie\u00a0<strong>direkt den lokalen Menschen und Unternehmen zugutekommt<\/strong>, Traditionen erh\u00e4lt und nachhaltige Lebensgrundlagen schafft.<\/li>\n<li><strong>Nahtlose Planung:<\/strong>\u00a0Wir k\u00fcmmern uns um\u00a0<strong>Logistik, Buchungen und Koordination vor Ort, sodass Sie sich vollst\u00e4ndig auf Natur, Kultur und Luxus konzentrieren k\u00f6nnen.<\/strong>.<\/li>\n<\/ul>\n<p>&nbsp;<\/p>\n<blockquote>\n<h4 style=\"font-weight: 400;\">\u201eReisen Sie gut,  leicht und hinterlassen Sie einen positiven Eindruck an den Orten, die Sie besuchen.\u201c<\/h4>\n<\/blockquote>\n<p>&nbsp;<\/p>\n<h5 style=\"font-weight: 400;\"><strong>Nachhaltige Reiseziele, die wir anbieten k\u00f6nnen<\/strong><\/h5>\n<p>&nbsp;<\/p>\n<ul style=\"font-weight: 400;\">\n<li><strong>Yellowstone &amp; Grand Teton:<\/strong>\u00a0Gef\u00fchrte Tierbeobachtungen, Eco-Lodges und Flussabenteuer erm\u00f6glichen Ihnen, atemberaubende\u00a0<strong>Landschaften verantwortungsvoll zu erleben<\/strong>.\n Lernen Sie Naturschutzma\u00dfnahmen kennen und genie\u00dfen Sie die Natur mit minimalem Einfluss.<\/li>\n<li><strong>Florida Everglades &amp; Keys:<\/strong>\u00a0Kajakfahren durch Mangroven, Erkundung von Korallenriffen und Begegnungen mit einheimischen Wildtieren mit\u00a0<strong>ethischen Guides<\/strong>.\n.  Unsere Routen legen\u00a0<strong>Priorit\u00e4t auf den Schutz empfindlicher \u00d6kosysteme<\/strong>\u00a0und bieten unvergessliche Erlebnisse.<\/li>\n<li><strong>Pazifischer Nordwesten &amp; Nationalparks:<\/strong>\u00a0Wandern durch Urw\u00e4lder, Radfahren auf malerischen Strecken und verantwortungsvolle Abenteueraktivit\u00e4ten genie\u00dfen.\nEntdecken Sie die\u00a0<strong>umweltbewussten Gemeinschaften<\/strong>\u00a0der Region und innovative Nachhaltigkeitsinitiativen.<\/li>\n<li><strong>Neuengland &amp; Kulturpfade:<\/strong>\u00a0Tauchen Sie ein in lokales Erbe durch\u00a0<strong>Farm-to-Table-Erlebnisse, Handwerksworkshops und historische Dorff\u00fchrungen.<\/strong>.  Jeder Besuch\u00a0<strong>unterst\u00fctzt die Erhaltung lokaler Traditionen und die Umwelt.<\/strong>.<\/li>\n<\/ul>\n<p>&nbsp;<\/p>\n<h4 style=\"font-weight: 400;\"><strong>Starten Sie noch heute Ihre nachhaltige Reise<\/strong><\/h4>\n<p style=\"font-weight: 400;\">Unsere Spezialisten f\u00fcr nachhaltiges Reisen bei Mad Tours &amp; Events entwerfen eine\u00a0<strong>personalisierte, luxuri\u00f6se Eco-Reiseroute,<\/strong>\u00a0die auf Ihre Pr\u00e4ferenzen und Interessen zugeschnitten ist.\u00a0<strong>Erleben Sie die USA komfortabel, stilvoll und mit Sinn.<\/strong>.<\/p>\n<p>&nbsp;<\/p>\n<p style=\"font-weight: 400;\"><strong>\u00a0<a href=\"mailto:sustainability@madtoursandevents.com\">sustainability@madtoursandevents.com<\/a><\/strong><\/p>\n<p>&nbsp;<\/p>\n<p style=\"font-weight: 400;\"><em>Mad Tours &amp; Events \u2013 Verantwortlich entdecken, luxuri\u00f6s reisen und \u00fcberall einen positiven Eindruck hinterlassen.<\/em><\/p>\n\n\t\t<\/div>\n\t<\/div>\n<\/div><\/div><\/div><div class=\"wpb_column vc_column_container vc_col-sm-6\"><div class=\"vc_column-inner\"><div class=\"wpb_wrapper\">\n\t<div  class=\"wpb_single_image wpb_content_element vc_align_left wpb_content_element vc_custom_1760458805076  sus-travel-img\">\n\t\t\n\t\t<figure class=\"wpb_wrapper vc_figure\">\n\t\t\t<div class=\"vc_single_image-wrapper   vc_box_border_grey\"><img loading=\"lazy\" decoding=\"async\" width=\"1920\" height=\"1280\" src=\"https:\/\/madtoursandevents.com\/wp-content\/uploads\/2025\/10\/environment-7412966_1920.jpg\" class=\"vc_single_image-img attachment-full\" alt=\"\" title=\"environment-7412966_1920\" srcset=\"https:\/\/madtoursandevents.com\/wp-content\/uploads\/2025\/10\/environment-7412966_1920.jpg 1920w, https:\/\/madtoursandevents.com\/wp-content\/uploads\/2025\/10\/environment-7412966_1920-300x200.jpg 300w, https:\/\/madtoursandevents.com\/wp-content\/uploads\/2025\/10\/environment-7412966_1920-1024x683.jpg 1024w, https:\/\/madtoursandevents.com\/wp-content\/uploads\/2025\/10\/environment-7412966_1920-768x512.jpg 768w, https:\/\/madtoursandevents.com\/wp-content\/uploads\/2025\/10\/environment-7412966_1920-1536x1024.jpg 1536w, https:\/\/madtoursandevents.com\/wp-content\/uploads\/2025\/10\/environment-7412966_1920-18x12.jpg 18w, https:\/\/madtoursandevents.com\/wp-content\/uploads\/2025\/10\/environment-7412966_1920-600x400.jpg 600w, https:\/\/madtoursandevents.com\/wp-content\/uploads\/2025\/10\/environment-7412966_1920-100x67.jpg 100w\" sizes=\"auto, (max-width: 1920px) 100vw, 1920px\" \/><\/div>\n\t\t<\/figure>\n\t<\/div>\n\n\t<div  class=\"wpb_single_image wpb_content_element vc_align_left wpb_content_element vc_custom_1760459620220  sus-travel-img\">\n\t\t\n\t\t<figure class=\"wpb_wrapper vc_figure\">\n\t\t\t<div class=\"vc_single_image-wrapper   vc_box_border_grey\"><img loading=\"lazy\" decoding=\"async\" width=\"1280\" height=\"1920\" src=\"https:\/\/madtoursandevents.com\/wp-content\/uploads\/2025\/10\/travel-6326482_1920.jpg\" class=\"vc_single_image-img attachment-full\" alt=\"\" title=\"travel-6326482_1920\" srcset=\"https:\/\/madtoursandevents.com\/wp-content\/uploads\/2025\/10\/travel-6326482_1920.jpg 1280w, https:\/\/madtoursandevents.com\/wp-content\/uploads\/2025\/10\/travel-6326482_1920-200x300.jpg 200w, https:\/\/madtoursandevents.com\/wp-content\/uploads\/2025\/10\/travel-6326482_1920-683x1024.jpg 683w, https:\/\/madtoursandevents.com\/wp-content\/uploads\/2025\/10\/travel-6326482_1920-768x1152.jpg 768w, https:\/\/madtoursandevents.com\/wp-content\/uploads\/2025\/10\/travel-6326482_1920-1024x1536.jpg 1024w, https:\/\/madtoursandevents.com\/wp-content\/uploads\/2025\/10\/travel-6326482_1920-8x12.jpg 8w, https:\/\/madtoursandevents.com\/wp-content\/uploads\/2025\/10\/travel-6326482_1920-600x900.jpg 600w, https:\/\/madtoursandevents.com\/wp-content\/uploads\/2025\/10\/travel-6326482_1920-100x150.jpg 100w\" sizes=\"auto, (max-width: 1280px) 100vw, 1280px\" \/><\/div>\n\t\t<\/figure>\n\t<\/div>\n<\/div><\/div><\/div><\/div><div class=\"vc_row-full-width vc_clearfix\"><\/div>\n<\/div>","protected":false},"excerpt":{"rendered":"Explore Responsibly, Experience Fully &nbsp; At\u00a0Mad Tours &amp; Events, we believe that travel can be\u00a0luxurious, memorable, and responsible. Sustainable travel is not just about minimizing environmental impact \u2014 it\u2019s about\u00a0immersing yourself authentically in local culture, supporting communities, and leaving a positive legacy\u00a0wherever you go. &nbsp; Our team curates\u00a0thoughtful itineraries across the United States, combining comfort, [...]","protected":false},"author":7,"featured_media":13874,"parent":0,"menu_order":0,"comment_status":"closed","ping_status":"closed","template":"","meta":{"_acf_changed":false,"inline_featured_image":false,"footnotes":""},"categories":[50],"tags":[],"class_list":["post-13322","page","type-page","status-publish","has-post-thumbnail","hentry","category-eco"],"acf":[],"yoast_head":"<!-- This site is optimized with the Yoast SEO plugin v27.3 - https:\/\/yoast.com\/product\/yoast-seo-wordpress\/ -->\n<title>Sustainable Travel<\/title>\n<meta name=\"description\" content=\"At Mad Tours &amp; Events, we believe that travel can be luxurious, memorable, and responsible. Sustainable travel is not just about minimizing environmental impact \u2014 it\u2019s about immersing yourself authentically in local culture, supporting communities, and leaving a positive legacy wherever you go.\" \/>\n<meta name=\"robots\" content=\"index, follow, max-snippet:-1, max-image-preview:large, max-video-preview:-1\" \/>\n<link rel=\"canonical\" href=\"https:\/\/madtoursandevents.com\/de\/sustainable-travel\/\" \/>\n<meta property=\"og:locale\" content=\"de_DE\" \/>\n<meta property=\"og:type\" content=\"article\" \/>\n<meta property=\"og:title\" content=\"Sustainable Travel\" \/>\n<meta property=\"og:description\" content=\"At Mad Tours &amp; Events, we believe that travel can be luxurious, memorable, and responsible. Sustainable travel is not just about minimizing environmental impact \u2014 it\u2019s about immersing yourself authentically in local culture, supporting communities, and leaving a positive legacy wherever you go.\" \/>\n<meta property=\"og:url\" content=\"https:\/\/madtoursandevents.com\/de\/sustainable-travel\/\" \/>\n<meta property=\"og:site_name\" content=\"Mad Tours &amp; Events\" \/>\n<meta property=\"article:publisher\" content=\"https:\/\/www.facebook.com\/madnewyorkcitytours\" \/>\n<meta property=\"article:modified_time\" content=\"2026-04-01T21:43:38+00:00\" \/>\n<meta property=\"og:image\" content=\"https:\/\/madtoursandevents.com\/wp-content\/uploads\/2026\/04\/SusTRAVEL-FEATURE01.jpg\" \/>\n\t<meta property=\"og:image:width\" content=\"1271\" \/>\n\t<meta property=\"og:image:height\" content=\"1696\" \/>\n\t<meta property=\"og:image:type\" content=\"image\/jpeg\" \/>\n<meta name=\"twitter:card\" content=\"summary_large_image\" \/>\n<meta name=\"twitter:site\" content=\"@madfuntours\" \/>\n<meta name=\"twitter:label1\" content=\"Gesch\u00e4tzte Lesezeit\" \/>\n\t<meta name=\"twitter:data1\" content=\"14\u00a0Minuten\" \/>\n<script type=\"application\/ld+json\" class=\"yoast-schema-graph\">{\"@context\":\"https:\\\/\\\/schema.org\",\"@graph\":[{\"@type\":\"WebPage\",\"@id\":\"https:\\\/\\\/madtoursandevents.com\\\/sustainable-travel\\\/\",\"url\":\"https:\\\/\\\/madtoursandevents.com\\\/sustainable-travel\\\/\",\"name\":\"Sustainable Travel\",\"isPartOf\":{\"@id\":\"https:\\\/\\\/madtoursandevents.com\\\/#website\"},\"primaryImageOfPage\":{\"@id\":\"https:\\\/\\\/madtoursandevents.com\\\/sustainable-travel\\\/#primaryimage\"},\"image\":{\"@id\":\"https:\\\/\\\/madtoursandevents.com\\\/sustainable-travel\\\/#primaryimage\"},\"thumbnailUrl\":\"https:\\\/\\\/madtoursandevents.com\\\/wp-content\\\/uploads\\\/2026\\\/04\\\/SusTRAVEL-FEATURE01.jpg\",\"datePublished\":\"2025-10-14T16:11:40+00:00\",\"dateModified\":\"2026-04-01T21:43:38+00:00\",\"description\":\"At Mad Tours & Events, we believe that travel can be luxurious, memorable, and responsible. Sustainable travel is not just about minimizing environmental impact \u2014 it\u2019s about immersing yourself authentically in local culture, supporting communities, and leaving a positive legacy wherever you go.\",\"breadcrumb\":{\"@id\":\"https:\\\/\\\/madtoursandevents.com\\\/sustainable-travel\\\/#breadcrumb\"},\"inLanguage\":\"de\",\"potentialAction\":[{\"@type\":\"ReadAction\",\"target\":[\"https:\\\/\\\/madtoursandevents.com\\\/sustainable-travel\\\/\"]}]},{\"@type\":\"ImageObject\",\"inLanguage\":\"de\",\"@id\":\"https:\\\/\\\/madtoursandevents.com\\\/sustainable-travel\\\/#primaryimage\",\"url\":\"https:\\\/\\\/madtoursandevents.com\\\/wp-content\\\/uploads\\\/2026\\\/04\\\/SusTRAVEL-FEATURE01.jpg\",\"contentUrl\":\"https:\\\/\\\/madtoursandevents.com\\\/wp-content\\\/uploads\\\/2026\\\/04\\\/SusTRAVEL-FEATURE01.jpg\",\"width\":1271,\"height\":1696},{\"@type\":\"BreadcrumbList\",\"@id\":\"https:\\\/\\\/madtoursandevents.com\\\/sustainable-travel\\\/#breadcrumb\",\"itemListElement\":[{\"@type\":\"ListItem\",\"position\":1,\"name\":\"Home\",\"item\":\"https:\\\/\\\/madtoursandevents.com\\\/\"},{\"@type\":\"ListItem\",\"position\":2,\"name\":\"Sustainable Travel\"}]},{\"@type\":\"WebSite\",\"@id\":\"https:\\\/\\\/madtoursandevents.com\\\/#website\",\"url\":\"https:\\\/\\\/madtoursandevents.com\\\/\",\"name\":\"Mad Tours & Events\",\"description\":\"\",\"publisher\":{\"@id\":\"https:\\\/\\\/madtoursandevents.com\\\/#organization\"},\"potentialAction\":[{\"@type\":\"SearchAction\",\"target\":{\"@type\":\"EntryPoint\",\"urlTemplate\":\"https:\\\/\\\/madtoursandevents.com\\\/?s={search_term_string}\"},\"query-input\":{\"@type\":\"PropertyValueSpecification\",\"valueRequired\":true,\"valueName\":\"search_term_string\"}}],\"inLanguage\":\"de\"},{\"@type\":\"Organization\",\"@id\":\"https:\\\/\\\/madtoursandevents.com\\\/#organization\",\"name\":\"Mad Tours & Events\",\"url\":\"https:\\\/\\\/madtoursandevents.com\\\/\",\"logo\":{\"@type\":\"ImageObject\",\"inLanguage\":\"de\",\"@id\":\"https:\\\/\\\/madtoursandevents.com\\\/#\\\/schema\\\/logo\\\/image\\\/\",\"url\":\"https:\\\/\\\/madtoursandevents.com\\\/wp-content\\\/uploads\\\/2021\\\/08\\\/Logo.png\",\"contentUrl\":\"https:\\\/\\\/madtoursandevents.com\\\/wp-content\\\/uploads\\\/2021\\\/08\\\/Logo.png\",\"width\":204,\"height\":55,\"caption\":\"Mad Tours & Events\"},\"image\":{\"@id\":\"https:\\\/\\\/madtoursandevents.com\\\/#\\\/schema\\\/logo\\\/image\\\/\"},\"sameAs\":[\"https:\\\/\\\/www.facebook.com\\\/madnewyorkcitytours\",\"https:\\\/\\\/x.com\\\/madfuntours\"]}]}<\/script>\n<!-- \/ Yoast SEO plugin. -->","yoast_head_json":{"title":"NACHHALTIGES REISEN","description":"At Mad Tours & Events, we believe that travel can be luxurious, memorable, and responsible. Sustainable travel is not just about minimizing environmental impact \u2014 it\u2019s about immersing yourself authentically in local culture, supporting communities, and leaving a positive legacy wherever you go.","robots":{"index":"index","follow":"follow","max-snippet":"max-snippet:-1","max-image-preview":"max-image-preview:large","max-video-preview":"max-video-preview:-1"},"canonical":"https:\/\/madtoursandevents.com\/de\/sustainable-travel\/","og_locale":"de_DE","og_type":"article","og_title":"Sustainable Travel","og_description":"At Mad Tours & Events, we believe that travel can be luxurious, memorable, and responsible. Sustainable travel is not just about minimizing environmental impact \u2014 it\u2019s about immersing yourself authentically in local culture, supporting communities, and leaving a positive legacy wherever you go.","og_url":"https:\/\/madtoursandevents.com\/de\/sustainable-travel\/","og_site_name":"Mad Tours &amp; Events","article_publisher":"https:\/\/www.facebook.com\/madnewyorkcitytours","article_modified_time":"2026-04-01T21:43:38+00:00","og_image":[{"width":1271,"height":1696,"url":"https:\/\/madtoursandevents.com\/wp-content\/uploads\/2026\/04\/SusTRAVEL-FEATURE01.jpg","type":"image\/jpeg"}],"twitter_card":"summary_large_image","twitter_site":"@madfuntours","twitter_misc":{"Gesch\u00e4tzte Lesezeit":"14\u00a0Minuten"},"schema":{"@context":"https:\/\/schema.org","@graph":[{"@type":"WebPage","@id":"https:\/\/madtoursandevents.com\/sustainable-travel\/","url":"https:\/\/madtoursandevents.com\/sustainable-travel\/","name":"NACHHALTIGES REISEN","isPartOf":{"@id":"https:\/\/madtoursandevents.com\/#website"},"primaryImageOfPage":{"@id":"https:\/\/madtoursandevents.com\/sustainable-travel\/#primaryimage"},"image":{"@id":"https:\/\/madtoursandevents.com\/sustainable-travel\/#primaryimage"},"thumbnailUrl":"https:\/\/madtoursandevents.com\/wp-content\/uploads\/2026\/04\/SusTRAVEL-FEATURE01.jpg","datePublished":"2025-10-14T16:11:40+00:00","dateModified":"2026-04-01T21:43:38+00:00","description":"At Mad Tours & Events, we believe that travel can be luxurious, memorable, and responsible. Sustainable travel is not just about minimizing environmental impact \u2014 it\u2019s about immersing yourself authentically in local culture, supporting communities, and leaving a positive legacy wherever you go.","breadcrumb":{"@id":"https:\/\/madtoursandevents.com\/sustainable-travel\/#breadcrumb"},"inLanguage":"de","potentialAction":[{"@type":"ReadAction","target":["https:\/\/madtoursandevents.com\/sustainable-travel\/"]}]},{"@type":"ImageObject","inLanguage":"de","@id":"https:\/\/madtoursandevents.com\/sustainable-travel\/#primaryimage","url":"https:\/\/madtoursandevents.com\/wp-content\/uploads\/2026\/04\/SusTRAVEL-FEATURE01.jpg","contentUrl":"https:\/\/madtoursandevents.com\/wp-content\/uploads\/2026\/04\/SusTRAVEL-FEATURE01.jpg","width":1271,"height":1696},{"@type":"BreadcrumbList","@id":"https:\/\/madtoursandevents.com\/sustainable-travel\/#breadcrumb","itemListElement":[{"@type":"ListItem","position":1,"name":"Home","item":"https:\/\/madtoursandevents.com\/"},{"@type":"ListItem","position":2,"name":"Sustainable Travel"}]},{"@type":"WebSite","@id":"https:\/\/madtoursandevents.com\/#website","url":"https:\/\/madtoursandevents.com\/","name":"Mad Tours & Events","description":"","publisher":{"@id":"https:\/\/madtoursandevents.com\/#organization"},"potentialAction":[{"@type":"SearchAction","target":{"@type":"EntryPoint","urlTemplate":"https:\/\/madtoursandevents.com\/?s={search_term_string}"},"query-input":{"@type":"PropertyValueSpecification","valueRequired":true,"valueName":"search_term_string"}}],"inLanguage":"de"},{"@type":"Organization","@id":"https:\/\/madtoursandevents.com\/#organization","name":"Mad Tours & Events","url":"https:\/\/madtoursandevents.com\/","logo":{"@type":"ImageObject","inLanguage":"de","@id":"https:\/\/madtoursandevents.com\/#\/schema\/logo\/image\/","url":"https:\/\/madtoursandevents.com\/wp-content\/uploads\/2021\/08\/Logo.png","contentUrl":"https:\/\/madtoursandevents.com\/wp-content\/uploads\/2021\/08\/Logo.png","width":204,"height":55,"caption":"Mad Tours & Events"},"image":{"@id":"https:\/\/madtoursandevents.com\/#\/schema\/logo\/image\/"},"sameAs":["https:\/\/www.facebook.com\/madnewyorkcitytours","https:\/\/x.com\/madfuntours"]}]}},"_links":{"self":[{"href":"https:\/\/madtoursandevents.com\/de\/wp-json\/wp\/v2\/pages\/13322","targetHints":{"allow":["GET"]}}],"collection":[{"href":"https:\/\/madtoursandevents.com\/de\/wp-json\/wp\/v2\/pages"}],"about":[{"href":"https:\/\/madtoursandevents.com\/de\/wp-json\/wp\/v2\/types\/page"}],"author":[{"embeddable":true,"href":"https:\/\/madtoursandevents.com\/de\/wp-json\/wp\/v2\/users\/7"}],"replies":[{"embeddable":true,"href":"https:\/\/madtoursandevents.com\/de\/wp-json\/wp\/v2\/comments?post=13322"}],"version-history":[{"count":27,"href":"https:\/\/madtoursandevents.com\/de\/wp-json\/wp\/v2\/pages\/13322\/revisions"}],"predecessor-version":[{"id":13876,"href":"https:\/\/madtoursandevents.com\/de\/wp-json\/wp\/v2\/pages\/13322\/revisions\/13876"}],"wp:featuredmedia":[{"embeddable":true,"href":"https:\/\/madtoursandevents.com\/de\/wp-json\/wp\/v2\/media\/13874"}],"wp:attachment":[{"href":"https:\/\/madtoursandevents.com\/de\/wp-json\/wp\/v2\/media?parent=13322"}],"wp:term":[{"taxonomy":"category","embeddable":true,"href":"https:\/\/madtoursandevents.com\/de\/wp-json\/wp\/v2\/categories?post=13322"},{"taxonomy":"post_tag","embeddable":true,"href":"https:\/\/madtoursandevents.com\/de\/wp-json\/wp\/v2\/tags?post=13322"}],"curies":[{"name":"wp","href":"https:\/\/api.w.org\/{rel}","templated":true}]}}