{"id":1184,"date":"2021-09-21T20:31:49","date_gmt":"2021-09-21T20:31:49","guid":{"rendered":"https:\/\/madtoursandevents.com\/?page_id=1184"},"modified":"2025-12-09T16:34:12","modified_gmt":"2025-12-09T16:34:12","slug":"faqs","status":"publish","type":"page","link":"https:\/\/madtoursandevents.com\/de\/faqs\/","title":{"rendered":"FAQs"},"content":{"rendered":"<div class=\"wpb-content-wrapper\"><div data-vc-full-width=\"true\" data-vc-full-width-temp=\"true\" data-vc-full-width-init=\"false\" data-vc-stretch-content=\"true\" class=\"vc_row wpb_row vc_row-fluid slider-rev mtt-title-img-row vc_row-no-padding\"><div class=\"mtt-title-img-col wpb_column vc_column_container vc_col-sm-12\"><div class=\"vc_column-inner\"><div class=\"wpb_wrapper\">\n\t<div id=\"faq-image\" class=\"wpb_single_image wpb_content_element vc_align_left wpb_content_element  mtt-title-img\">\n\t\t\n\t\t<figure class=\"wpb_wrapper vc_figure\">\n\t\t\t<div class=\"vc_single_image-wrapper   vc_box_border_grey\"><img loading=\"lazy\" decoding=\"async\" width=\"1400\" height=\"450\" src=\"https:\/\/madtoursandevents.com\/wp-content\/uploads\/2021\/10\/faqs-inner-bg.jpg\" class=\"vc_single_image-img attachment-full\" alt=\"\" title=\"faqs-inner-bg\" srcset=\"https:\/\/madtoursandevents.com\/wp-content\/uploads\/2021\/10\/faqs-inner-bg.jpg 1400w, https:\/\/madtoursandevents.com\/wp-content\/uploads\/2021\/10\/faqs-inner-bg-600x193.jpg 600w, https:\/\/madtoursandevents.com\/wp-content\/uploads\/2021\/10\/faqs-inner-bg-300x96.jpg 300w, https:\/\/madtoursandevents.com\/wp-content\/uploads\/2021\/10\/faqs-inner-bg-1024x329.jpg 1024w, https:\/\/madtoursandevents.com\/wp-content\/uploads\/2021\/10\/faqs-inner-bg-768x247.jpg 768w, https:\/\/madtoursandevents.com\/wp-content\/uploads\/2021\/10\/faqs-inner-bg-18x6.jpg 18w\" sizes=\"auto, (max-width: 1400px) 100vw, 1400px\" \/><\/div>\n\t\t<\/figure>\n\t<\/div>\n<\/div><\/div><\/div><\/div><div class=\"vc_row-full-width vc_clearfix\"><\/div><div class=\"vc_row wpb_row vc_row-fluid main-dropdown-img dtt-dropdown-img\"><div class=\"wpb_column vc_column_container vc_col-sm-12\"><div class=\"vc_column-inner\"><div class=\"wpb_wrapper\">\n\t<div id=\"down-arrow-icon\" class=\"wpb_single_image wpb_content_element vc_align_center wpb_content_element\">\n\t\t\n\t\t<figure class=\"wpb_wrapper vc_figure\">\n\t\t\t<a href=\"#sec1\" target=\"_self\" class=\"vc_single_image-wrapper   vc_box_border_grey\"><img loading=\"lazy\" decoding=\"async\" width=\"94\" height=\"94\" src=\"https:\/\/madtoursandevents.com\/wp-content\/uploads\/2021\/08\/main-drop-arrow.png\" class=\"vc_single_image-img attachment-full\" alt=\"purple down Arrow Icon in Small Size\" title=\"main-drop-arrow\" \/><\/a>\n\t\t<\/figure>\n\t<\/div>\n<\/div><\/div><\/div><\/div><div class=\"vc_row wpb_row vc_row-fluid\"><div class=\"wpb_column vc_column_container vc_col-sm-12\"><div class=\"vc_column-inner\"><div class=\"wpb_wrapper\">\n\t<div  class=\"wpb_single_image wpb_content_element vc_align_center wpb_content_element\">\n\t\t\n\t\t<figure class=\"wpb_wrapper vc_figure\">\n\t\t\t<div class=\"vc_single_image-wrapper   vc_box_border_grey\"><img loading=\"lazy\" decoding=\"async\" width=\"121\" height=\"14\" src=\"https:\/\/madtoursandevents.com\/wp-content\/uploads\/2021\/08\/All-Lines.png\" class=\"vc_single_image-img attachment-full\" alt=\"Three orange color link with no background\" title=\"All Lines\" \/><\/div>\n\t\t<\/figure>\n\t<\/div>\n<\/div><\/div><\/div><\/div><section class=\"vc_section faqs-section vc_custom_1643643845880\"><div class=\"vc_row wpb_row vc_row-fluid\"><div class=\"wpb_column vc_column_container vc_col-sm-12\"><div class=\"vc_column-inner\"><div class=\"wpb_wrapper\">\n\t<div class=\"wpb_text_column wpb_content_element dtr-eng\" >\n\t\t<div class=\"wpb_wrapper\">\n\t\t\t<h2 class=\"dtt-ch-h3\">DIE F\u00dcHRUNGEN<\/h2>\n\n\t\t<\/div>\n\t<\/div>\n<\/div><\/div><\/div><\/div><div class=\"vc_row wpb_row vc_row-fluid\"><div class=\"wpb_column vc_column_container vc_col-sm-12\"><div class=\"vc_column-inner\"><div class=\"wpb_wrapper\"><div  class=\"vc_do_toggle vc_toggle vc_toggle_default vc_toggle_color_default  vc_toggle_size_md   dtr-eng\"><div class=\"vc_toggle_title\"><h4>WELCHE SPRACHEN SPRECHEN UNSERE F\u00dcHRER?<\/h4><i class=\"vc_toggle_icon\"><\/i><\/div><div class=\"vc_toggle_content\"><p>Unsere F\u00fchrer sprechen Franz\u00f6sisch, Spanisch, Italienisch und Englisch. Wenn Sie eine andere Sprache ben\u00f6tigen, kontaktieren Sie uns bitte.<\/p>\n<\/div><\/div><div  class=\"vc_do_toggle vc_toggle vc_toggle_default vc_toggle_color_default  vc_toggle_size_md   dtr-eng\"><div class=\"vc_toggle_title\"><h4>WAS PASSIERT BEI SCHLECHTEM WETTER?<\/h4><i class=\"vc_toggle_icon\"><\/i><\/div><div class=\"vc_toggle_content\"><p class=\"translation-block\">Die F\u00fchrungen finden bei Regen statt, vergessen Sie also nicht, einen Regenschirm oder eine Regenjacke mitzubringen. Bei zu schlechten Wetterbedingungen (Tornado, K\u00e4lte, Schneesturm, Hurrikan...) werden die F\u00fchrungen verschoben oder sogar abgesagt und erstattet. Sie werden so schnell wie m\u00f6glich informiert.<\/p>\n<\/div><\/div><div  class=\"vc_do_toggle vc_toggle vc_toggle_default vc_toggle_color_default  vc_toggle_size_md   dtr-eng\"><div class=\"vc_toggle_title\"><h4>BRAUCHEN SIE EINEN KOMPASS? WO BEGINNT DIE TOUR?<\/h4><i class=\"vc_toggle_icon\"><\/i><\/div><div class=\"vc_toggle_content\"><p>Der Treffpunkt wird Ihnen per E-Mail mitgeteilt, sobald Sie Ihre Reservierung best\u00e4tigt haben. Wenn Sie Fragen haben, z\u00f6gern Sie nicht, uns per E-Mail, Telefon oder WhatsApp zu kontaktieren.<\/p>\n<\/div><\/div><div  class=\"vc_do_toggle vc_toggle vc_toggle_default vc_toggle_color_default  vc_toggle_size_md   dtr-eng\"><div class=\"vc_toggle_title\"><h4>WIE LANGE DAUERT DIE TOUR?<\/h4><i class=\"vc_toggle_icon\"><\/i><\/div><div class=\"vc_toggle_content\"><p>Die meisten unserer gef\u00fchrten Touren dauern zwischen 2 Stunden, 3,5 Stunden oder 4 Stunden und finden je nach Tour entweder morgens, nachmittags oder sogar abends statt.<\/p>\n<\/div><\/div><div  class=\"vc_do_toggle vc_toggle vc_toggle_default vc_toggle_color_default  vc_toggle_size_md   dtr-eng\"><div class=\"vc_toggle_title\"><h4>MODENSESSION VOR DEM TREFFEN MIT UNS? M\u00d6CHTEN SIE JE NACH STADT AUSGEHEN?<\/h4><i class=\"vc_toggle_icon\"><\/i><\/div><div class=\"vc_toggle_content\"><p class=\"translation-block\">Bringen Sie Turnschuhe oder Schuhe und bequeme Kleidung mit, es sei denn, Sie m\u00f6chten wie die Stars in New York oder Los Angeles spazieren gehen. Wir empfehlen dennoch, morgens kurz die Wettervorhersage zu \u00fcberpr\u00fcfen, um sich entsprechend zu kleiden.<\/p>\n<\/div><\/div><div  class=\"vc_do_toggle vc_toggle vc_toggle_default vc_toggle_color_default  vc_toggle_size_md   dtr-eng\"><div class=\"vc_toggle_title\"><h4>SIND SIE HEUTE MORGEN ETWAS SP\u00c4TER AUFGESTANDEN? WAS TUN, WENN SIE ZU SP\u00c4T ZU IHRER F\u00dcHRUNG KOMMEN?<\/h4><i class=\"vc_toggle_icon\"><\/i><\/div><div class=\"vc_toggle_content\"><p>Im Falle einer Versp\u00e4tung oder unvorhergesehener Umst\u00e4nde bitten wir Sie, MAD Tours so schnell wie m\u00f6glich zu kontaktieren.<\/p>\n<\/div><\/div><div  class=\"vc_do_toggle vc_toggle vc_toggle_default vc_toggle_color_default  vc_toggle_size_md   dtr-eng\"><div class=\"vc_toggle_title\"><h4>DAS BER\u00dcHMTE TRINKGELD F\u00dcR DEN FAHRER UND DEN REISELEITER \u2013<\/h4><i class=\"vc_toggle_icon\"><\/i><\/div><div class=\"vc_toggle_content\"><p>Es ist \u00fcblich, am Ende der Reise Ihren Reiseleitern und Fahrern, die Sie w\u00e4hrend Ihres gesamten Aufenthalts begleitet haben, ein Trinkgeld zu geben. Dies bleibt nat\u00fcrlich Ihrem Ermessen \u00fcberlassen. Als Richtwert gilt f\u00fcr Reiseleiter ein Trinkgeld von 5 $ pro Tag und Person, f\u00fcr Fahrer von 2 bis 3 $ pro Tag und Person.<\/p>\n<\/div><\/div><div  class=\"vc_do_toggle vc_toggle vc_toggle_default vc_toggle_color_default  vc_toggle_size_md   dtr-eng\"><div class=\"vc_toggle_title\"><h4>WER IST DER REISELEITER IHRER F\u00dcHRUNG UND WO FINDE ICH IHN\/SIE?<\/h4><i class=\"vc_toggle_icon\"><\/i><\/div><div class=\"vc_toggle_content\"><p class=\"translation-block\">Der Reiseleiter erwartet Sie an dem in Ihrer Best\u00e4tigung angegebenen Ort. Er\/sie tr\u00e4gt ein MAD Tours-Abzeichen oder -Schild. Sein\/ihr Name und seine\/ihre Kontaktdaten werden Ihnen 7 Tage vor der Tour per E-Mail mitgeteilt.<\/p>\n<\/div><\/div><div  class=\"vc_do_toggle vc_toggle vc_toggle_default vc_toggle_color_default  vc_toggle_size_md   dtr-eng\"><div class=\"vc_toggle_title\"><h4>HABEN SIE W\u00c4HREND EINER UNSERER TOUREN HUNGER? WIR LASSEN SIE NICHT HUNGERN, FRAGEN SIE EINFACH DEN REISELEITER VOR ORT!<\/h4><i class=\"vc_toggle_icon\"><\/i><\/div><div class=\"vc_toggle_content\"><p class=\"translation-block\">Wenn Sie an unserer kulinarischen Tour teilnehmen, ist dies nat\u00fcrlich zu erwarten, da es sich um das Hauptthema dieser Tour handelt. Bei den anderen Touren ist dies nicht der Fall, aber der Reiseleiter wird Ihnen erm\u00f6glichen, bei Bedarf eine Flasche Wasser, S\u00fc\u00dfigkeiten oder andere Leckereien zu kaufen, die Sie w\u00e4hrend der Tour verzehren k\u00f6nnen.<\/p>\n<\/div><\/div><div  class=\"vc_do_toggle vc_toggle vc_toggle_default vc_toggle_color_default  vc_toggle_size_md   dtr-eng\"><div class=\"vc_toggle_title\"><h4>SIND F\u00dcHRUNGEN F\u00dcR UNSERE KLEINEN GEEIGNET?<\/h4><i class=\"vc_toggle_icon\"><\/i><\/div><div class=\"vc_toggle_content\"><div class=\"vc_row wpb_row vc_row-fluid\">\n<div class=\"wpb_column vc_column_container vc_col-sm-12\">\n<div class=\"vc_column-inner\">\n<div class=\"wpb_wrapper\">\n<div class=\"vc_toggle vc_toggle_default vc_toggle_color_default vc_toggle_size_md vc_toggle_active\">\n<div class=\"vc_toggle_content translation-block\">Das h\u00e4ngt von der Tour und dem Alter des Kindes ab. Eltern sind f\u00fcr ihre Kinder verantwortlich. Kinder unter 6 Jahren m\u00fcssen in der Lage sein, mit dem Tempo der Gruppe mitzuhalten, je nach der gew\u00e4hlten Tour. Ein Kinderwagen kann empfehlenswert sein.\nEinige Aktivit\u00e4ten sind f\u00fcr Kinder nicht m\u00f6glich.<\/div>\n<\/div>\n<\/div>\n<\/div>\n<\/div>\n<\/div>\n<\/div><\/div><div  class=\"vc_do_toggle vc_toggle vc_toggle_default vc_toggle_color_default  vc_toggle_size_md   dtr-eng\"><div class=\"vc_toggle_title\"><h4>K\u00d6NNEN WIR TOUREN F\u00dcR MENSCHEN MIT BEHINDERUNGEN ANBIETEN?<\/h4><i class=\"vc_toggle_icon\"><\/i><\/div><div class=\"vc_toggle_content\"><p class=\"translation-block\">Die meisten unserer Rundg\u00e4nge sind f\u00fcr Rollstuhlfahrer und Menschen mit anderen Behinderungen zug\u00e4nglich. Es ist jedoch wichtig zu beachten, dass die geplante Route bei Bedarf \u00fcberpr\u00fcft und angepasst werden kann. Wir k\u00f6nnen private F\u00fchrungen organisieren, um sicherzustellen, dass die Route vollst\u00e4ndig an Ihre Situation angepasst ist. Bitte kontaktieren Sie uns f\u00fcr genauere Informationen, bevor Sie eine Reservierung vornehmen. Kontaktieren Sie uns<\/p>\n<\/div><\/div><\/div><\/div><\/div><\/div><div class=\"vc_row wpb_row vc_row-fluid vc_custom_1643643837087\"><div class=\"wpb_column vc_column_container vc_col-sm-12\"><div class=\"vc_column-inner\"><div class=\"wpb_wrapper\">\n\t<div class=\"wpb_text_column wpb_content_element dtr-eng\" >\n\t\t<div class=\"wpb_wrapper\">\n\t\t\t<h2 class=\"dtt-ch-h3\">RESERVIERUNG, BEZAHLUNG, \u00c4NDERUNG UND STORNIERUNG<\/h2>\n\n\t\t<\/div>\n\t<\/div>\n<\/div><\/div><\/div><\/div><div class=\"vc_row wpb_row vc_row-fluid\"><div class=\"wpb_column vc_column_container vc_col-sm-12\"><div class=\"vc_column-inner\"><div class=\"wpb_wrapper\"><div  class=\"vc_do_toggle vc_toggle vc_toggle_default vc_toggle_color_default  vc_toggle_size_md   dtr-eng\"><div class=\"vc_toggle_title\"><h4>WIE LAUTEN DIE BUCHUNGSFRISTEN?<\/h4><i class=\"vc_toggle_icon\"><\/i><\/div><div class=\"vc_toggle_content\"><p class=\"translation-block\">Wir empfehlen Ihnen, nicht zu lange zu warten, um b\u00f6se \u00dcberraschungen zu vermeiden, insbesondere w\u00e4hrend der Schulferien. Au\u00dferhalb der Schulferien ist eine sp\u00e4tere Buchung m\u00f6glich. Wenn zu dem von Ihnen gew\u00fcnschten Termin keine Tour verf\u00fcgbar ist,\nkontaktieren Sie uns bitte!<\/p>\n<\/div><\/div><div  class=\"vc_do_toggle vc_toggle vc_toggle_default vc_toggle_color_default  vc_toggle_size_md   dtr-eng\"><div class=\"vc_toggle_title\"><h4>WAS TUN, WENN ZU DEM VON IHNEN GEW\u00dcNSCHTEN TERMIN KEINE TOUR VERF\u00dcGBAR IST?<\/h4><i class=\"vc_toggle_icon\"><\/i><\/div><div class=\"vc_toggle_content\"><p>Bitte kontaktieren Sie uns! Wir werden unser Bestes tun, um Ihnen eine Alternative anzubieten.<\/p>\n<\/div><\/div><div  class=\"vc_do_toggle vc_toggle vc_toggle_default vc_toggle_color_default  vc_toggle_size_md   dtr-eng\"><div class=\"vc_toggle_title\"><h4>WIE KANN ICH BEZAHLEN?<\/h4><i class=\"vc_toggle_icon\"><\/i><\/div><div class=\"vc_toggle_content\"><p>Die Bezahlung der Reservierungen erfolgt online und per Kreditkarte, Zelle oder Venmo.<\/p>\n<\/div><\/div><div  class=\"vc_do_toggle vc_toggle vc_toggle_default vc_toggle_color_default  vc_toggle_size_md   dtr-eng\"><div class=\"vc_toggle_title\"><h4>IN WELCHER W\u00c4HRUNG ERFOLGEN DIE ZAHLUNGEN?<\/h4><i class=\"vc_toggle_icon\"><\/i><\/div><div class=\"vc_toggle_content\"><p>Die Zahlungen erfolgen in US-Dollar.<\/p>\n<\/div><\/div><div  class=\"vc_do_toggle vc_toggle vc_toggle_default vc_toggle_color_default  vc_toggle_size_md   dtr-eng\"><div class=\"vc_toggle_title\"><h4>KANN ICH DIREKT VOR ORT UND IN BAR BEZAHLEN?<\/h4><i class=\"vc_toggle_icon\"><\/i><\/div><div class=\"vc_toggle_content\"><p class=\"translation-block\">Nein, die Bezahlung der Leistungen muss im Voraus w\u00e4hrend der Reservierung auf der Website erfolgen, au\u00dfer in Ausnahmef\u00e4llen, die direkt vom B\u00fcro genehmigt wurden. Bitte kontaktieren Sie uns!<\/p>\n<\/div><\/div><div  class=\"vc_do_toggle vc_toggle vc_toggle_default vc_toggle_color_default  vc_toggle_size_md   dtr-eng\"><div class=\"vc_toggle_title\"><h4>HABEN SIE EINEN FEHLER GEMACHT? WAS TUN, WENN SIE BEI DER ONLINE-BUCHUNG EINEN FEHLER GEMACHT HABEN?<\/h4><i class=\"vc_toggle_icon\"><\/i><\/div><div class=\"vc_toggle_content\"><p class=\"translation-block\">Kein Stress, kontaktieren Sie uns einfach so schnell wie m\u00f6glich per E-Mail, Telefon oder WhatsApp, damit wir die notwendigen \u00c4nderungen vornehmen k\u00f6nnen. Keine Panik! Wir sind hier, um Ihnen zu helfen!<\/p>\n<\/div><\/div><div  class=\"vc_do_toggle vc_toggle vc_toggle_default vc_toggle_color_default  vc_toggle_size_md   dtr-eng\"><div class=\"vc_toggle_title\"><h4>IST UNSERE WEBSITE SICHER?<\/h4><i class=\"vc_toggle_icon\"><\/i><\/div><div class=\"vc_toggle_content\"><p>Ja, unsere Website und unser Zahlungsportal verf\u00fcgen \u00fcber ein SSL-Sicherheitszertifikat.<\/p>\n<\/div><\/div><div  class=\"vc_do_toggle vc_toggle vc_toggle_default vc_toggle_color_default  vc_toggle_size_md   dtr-eng\"><div class=\"vc_toggle_title\"><h4>WARUM HABE ICH NACH DER ZAHLUNG KEINE BEST\u00c4TIGUNGS-E-MAIL ERHALTEN?<\/h4><i class=\"vc_toggle_icon\"><\/i><\/div><div class=\"vc_toggle_content\"><p class=\"translation-block\">Sobald Ihre Zahlung f\u00fcr die Buchung Ihrer Besuche eingegangen ist, erhalten Sie eine E-Mail mit Ihrer Buchungsbest\u00e4tigung. Es kann bis zu 30 Minuten dauern, bis wir Ihre Best\u00e4tigung erhalten.\nBitte \u00fcberpr\u00fcfen Sie Ihren Spam-Ordner, wenn Sie Ihre Best\u00e4tigungs-E-Mail nicht finden.\nWenn Sie sie nicht erhalten haben, kontaktieren Sie uns bitte und wir senden sie Ihnen gerne manuell zu.<\/p>\n<\/div><\/div><div  class=\"vc_do_toggle vc_toggle vc_toggle_default vc_toggle_color_default  vc_toggle_size_md   dtr-eng\"><div class=\"vc_toggle_title\"><h4>KANN ICH DAS DATUM MEINES BESUCHS UND\/ODER DIE ANZAHL DER TEILNEHMER \u00c4NDERN?<\/h4><i class=\"vc_toggle_icon\"><\/i><\/div><div class=\"vc_toggle_content\"><p class=\"translation-block\">Es ist m\u00f6glich, das Datum einer ausgew\u00e4hlten Tour zu \u00e4ndern, je nach Verf\u00fcgbarkeit, oder sie sogar zu verschieben und Teilnehmer hinzuzuf\u00fcgen.<br><br>\nWenn Sie einen bestimmten Wunsch haben, empfehlen wir Ihnen, sich so schnell wie m\u00f6glich mit uns in Verbindung zu setzen, damit wir Ihnen ein Angebot unterbreiten k\u00f6nnen.<\/p>\n<\/div><\/div><div  class=\"vc_do_toggle vc_toggle vc_toggle_default vc_toggle_color_default  vc_toggle_size_md   dtr-eng\"><div class=\"vc_toggle_title\"><h4>ICH M\u00d6CHTE DIESE TOUR NICHT MEHR MACHEN. WAS KANN ICH TUN?<\/h4><i class=\"vc_toggle_icon\"><\/i><\/div><div class=\"vc_toggle_content\"><p>Es ist m\u00f6glich, Ihre Reservierung gem\u00e4\u00df den f\u00fcr jede Art von Tour angegebenen Bedingungen zu stornieren.<\/p>\n<\/div><\/div><\/div><\/div><\/div><\/div><\/section>\n<\/div>","protected":false},"excerpt":{"rendered":"THE GUIDED TOURS What languages do our guides speak?Our guides speak French, Spanish, Italian and English. If you need a different language, please contact us. What if the weather is bad? What happens?The tours take place whether it's raining or not, so don't forget to bring an umbrella or a K-Way If the weather conditions [...]","protected":false},"author":1,"featured_media":0,"parent":0,"menu_order":0,"comment_status":"closed","ping_status":"closed","template":"","meta":{"_acf_changed":false,"inline_featured_image":false,"footnotes":""},"categories":[],"tags":[],"class_list":["post-1184","page","type-page","status-publish","hentry"],"acf":[],"yoast_head":"<!-- This site is optimized with the Yoast SEO plugin v27.3 - https:\/\/yoast.com\/product\/yoast-seo-wordpress\/ -->\n<title>Frequently Asked Questions - Mad Tours &amp; Events<\/title>\n<meta name=\"description\" content=\"Read frequently asked questions about our services at Mad Tours &amp; Events. For further questions, contact us today. Learn more.\" \/>\n<meta name=\"robots\" content=\"index, follow, max-snippet:-1, max-image-preview:large, max-video-preview:-1\" \/>\n<link rel=\"canonical\" href=\"https:\/\/madtoursandevents.com\/de\/faqs\/\" \/>\n<meta property=\"og:locale\" content=\"de_DE\" \/>\n<meta property=\"og:type\" content=\"article\" \/>\n<meta property=\"og:title\" content=\"Frequently Asked Questions - Mad Tours &amp; Events\" \/>\n<meta property=\"og:description\" content=\"Read frequently asked questions about our services at Mad Tours &amp; Events. For further questions, contact us today. Learn more.\" \/>\n<meta property=\"og:url\" content=\"https:\/\/madtoursandevents.com\/de\/faqs\/\" \/>\n<meta property=\"og:site_name\" content=\"Mad Tours &amp; Events\" \/>\n<meta property=\"article:publisher\" content=\"https:\/\/www.facebook.com\/madnewyorkcitytours\" \/>\n<meta property=\"article:modified_time\" content=\"2025-12-09T16:34:12+00:00\" \/>\n<meta name=\"twitter:card\" content=\"summary_large_image\" \/>\n<meta name=\"twitter:site\" content=\"@madfuntours\" \/>\n<meta name=\"twitter:label1\" content=\"Gesch\u00e4tzte Lesezeit\" \/>\n\t<meta name=\"twitter:data1\" content=\"14\u00a0Minuten\" \/>\n<script type=\"application\/ld+json\" class=\"yoast-schema-graph\">{\"@context\":\"https:\\\/\\\/schema.org\",\"@graph\":[{\"@type\":\"WebPage\",\"@id\":\"https:\\\/\\\/madtoursandevents.com\\\/faqs\\\/\",\"url\":\"https:\\\/\\\/madtoursandevents.com\\\/faqs\\\/\",\"name\":\"Frequently Asked Questions - Mad Tours & Events\",\"isPartOf\":{\"@id\":\"https:\\\/\\\/madtoursandevents.com\\\/#website\"},\"datePublished\":\"2021-09-21T20:31:49+00:00\",\"dateModified\":\"2025-12-09T16:34:12+00:00\",\"description\":\"Read frequently asked questions about our services at Mad Tours & Events. For further questions, contact us today. Learn more.\",\"breadcrumb\":{\"@id\":\"https:\\\/\\\/madtoursandevents.com\\\/faqs\\\/#breadcrumb\"},\"inLanguage\":\"de\",\"potentialAction\":[{\"@type\":\"ReadAction\",\"target\":[\"https:\\\/\\\/madtoursandevents.com\\\/faqs\\\/\"]}]},{\"@type\":\"BreadcrumbList\",\"@id\":\"https:\\\/\\\/madtoursandevents.com\\\/faqs\\\/#breadcrumb\",\"itemListElement\":[{\"@type\":\"ListItem\",\"position\":1,\"name\":\"Home\",\"item\":\"https:\\\/\\\/madtoursandevents.com\\\/\"},{\"@type\":\"ListItem\",\"position\":2,\"name\":\"FAQs\"}]},{\"@type\":\"WebSite\",\"@id\":\"https:\\\/\\\/madtoursandevents.com\\\/#website\",\"url\":\"https:\\\/\\\/madtoursandevents.com\\\/\",\"name\":\"Mad Tours & Events\",\"description\":\"\",\"publisher\":{\"@id\":\"https:\\\/\\\/madtoursandevents.com\\\/#organization\"},\"potentialAction\":[{\"@type\":\"SearchAction\",\"target\":{\"@type\":\"EntryPoint\",\"urlTemplate\":\"https:\\\/\\\/madtoursandevents.com\\\/?s={search_term_string}\"},\"query-input\":{\"@type\":\"PropertyValueSpecification\",\"valueRequired\":true,\"valueName\":\"search_term_string\"}}],\"inLanguage\":\"de\"},{\"@type\":\"Organization\",\"@id\":\"https:\\\/\\\/madtoursandevents.com\\\/#organization\",\"name\":\"Mad Tours & Events\",\"url\":\"https:\\\/\\\/madtoursandevents.com\\\/\",\"logo\":{\"@type\":\"ImageObject\",\"inLanguage\":\"de\",\"@id\":\"https:\\\/\\\/madtoursandevents.com\\\/#\\\/schema\\\/logo\\\/image\\\/\",\"url\":\"https:\\\/\\\/madtoursandevents.com\\\/wp-content\\\/uploads\\\/2021\\\/08\\\/Logo.png\",\"contentUrl\":\"https:\\\/\\\/madtoursandevents.com\\\/wp-content\\\/uploads\\\/2021\\\/08\\\/Logo.png\",\"width\":204,\"height\":55,\"caption\":\"Mad Tours & Events\"},\"image\":{\"@id\":\"https:\\\/\\\/madtoursandevents.com\\\/#\\\/schema\\\/logo\\\/image\\\/\"},\"sameAs\":[\"https:\\\/\\\/www.facebook.com\\\/madnewyorkcitytours\",\"https:\\\/\\\/x.com\\\/madfuntours\"]}]}<\/script>\n<!-- \/ Yoast SEO plugin. -->","yoast_head_json":{"title":"Frequently Asked Questions - Mad Tours & Events","description":"Read frequently asked questions about our services at Mad Tours & Events. For further questions, contact us today. Learn more.","robots":{"index":"index","follow":"follow","max-snippet":"max-snippet:-1","max-image-preview":"max-image-preview:large","max-video-preview":"max-video-preview:-1"},"canonical":"https:\/\/madtoursandevents.com\/de\/faqs\/","og_locale":"de_DE","og_type":"article","og_title":"Frequently Asked Questions - Mad Tours & Events","og_description":"Read frequently asked questions about our services at Mad Tours & Events. For further questions, contact us today. Learn more.","og_url":"https:\/\/madtoursandevents.com\/de\/faqs\/","og_site_name":"Mad Tours &amp; Events","article_publisher":"https:\/\/www.facebook.com\/madnewyorkcitytours","article_modified_time":"2025-12-09T16:34:12+00:00","twitter_card":"summary_large_image","twitter_site":"@madfuntours","twitter_misc":{"Gesch\u00e4tzte Lesezeit":"14\u00a0Minuten"},"schema":{"@context":"https:\/\/schema.org","@graph":[{"@type":"WebPage","@id":"https:\/\/madtoursandevents.com\/faqs\/","url":"https:\/\/madtoursandevents.com\/faqs\/","name":"Frequently Asked Questions - Mad Tours & Events","isPartOf":{"@id":"https:\/\/madtoursandevents.com\/#website"},"datePublished":"2021-09-21T20:31:49+00:00","dateModified":"2025-12-09T16:34:12+00:00","description":"Read frequently asked questions about our services at Mad Tours & Events. For further questions, contact us today. Learn more.","breadcrumb":{"@id":"https:\/\/madtoursandevents.com\/faqs\/#breadcrumb"},"inLanguage":"de","potentialAction":[{"@type":"ReadAction","target":["https:\/\/madtoursandevents.com\/faqs\/"]}]},{"@type":"BreadcrumbList","@id":"https:\/\/madtoursandevents.com\/faqs\/#breadcrumb","itemListElement":[{"@type":"ListItem","position":1,"name":"Home","item":"https:\/\/madtoursandevents.com\/"},{"@type":"ListItem","position":2,"name":"FAQs"}]},{"@type":"WebSite","@id":"https:\/\/madtoursandevents.com\/#website","url":"https:\/\/madtoursandevents.com\/","name":"Mad Tours & Events","description":"","publisher":{"@id":"https:\/\/madtoursandevents.com\/#organization"},"potentialAction":[{"@type":"SearchAction","target":{"@type":"EntryPoint","urlTemplate":"https:\/\/madtoursandevents.com\/?s={search_term_string}"},"query-input":{"@type":"PropertyValueSpecification","valueRequired":true,"valueName":"search_term_string"}}],"inLanguage":"de"},{"@type":"Organization","@id":"https:\/\/madtoursandevents.com\/#organization","name":"Mad Tours & Events","url":"https:\/\/madtoursandevents.com\/","logo":{"@type":"ImageObject","inLanguage":"de","@id":"https:\/\/madtoursandevents.com\/#\/schema\/logo\/image\/","url":"https:\/\/madtoursandevents.com\/wp-content\/uploads\/2021\/08\/Logo.png","contentUrl":"https:\/\/madtoursandevents.com\/wp-content\/uploads\/2021\/08\/Logo.png","width":204,"height":55,"caption":"Mad Tours & Events"},"image":{"@id":"https:\/\/madtoursandevents.com\/#\/schema\/logo\/image\/"},"sameAs":["https:\/\/www.facebook.com\/madnewyorkcitytours","https:\/\/x.com\/madfuntours"]}]}},"_links":{"self":[{"href":"https:\/\/madtoursandevents.com\/de\/wp-json\/wp\/v2\/pages\/1184","targetHints":{"allow":["GET"]}}],"collection":[{"href":"https:\/\/madtoursandevents.com\/de\/wp-json\/wp\/v2\/pages"}],"about":[{"href":"https:\/\/madtoursandevents.com\/de\/wp-json\/wp\/v2\/types\/page"}],"author":[{"embeddable":true,"href":"https:\/\/madtoursandevents.com\/de\/wp-json\/wp\/v2\/users\/1"}],"replies":[{"embeddable":true,"href":"https:\/\/madtoursandevents.com\/de\/wp-json\/wp\/v2\/comments?post=1184"}],"version-history":[{"count":23,"href":"https:\/\/madtoursandevents.com\/de\/wp-json\/wp\/v2\/pages\/1184\/revisions"}],"predecessor-version":[{"id":13470,"href":"https:\/\/madtoursandevents.com\/de\/wp-json\/wp\/v2\/pages\/1184\/revisions\/13470"}],"wp:attachment":[{"href":"https:\/\/madtoursandevents.com\/de\/wp-json\/wp\/v2\/media?parent=1184"}],"wp:term":[{"taxonomy":"category","embeddable":true,"href":"https:\/\/madtoursandevents.com\/de\/wp-json\/wp\/v2\/categories?post=1184"},{"taxonomy":"post_tag","embeddable":true,"href":"https:\/\/madtoursandevents.com\/de\/wp-json\/wp\/v2\/tags?post=1184"}],"curies":[{"name":"wp","href":"https:\/\/api.w.org\/{rel}","templated":true}]}}