{"id":11343,"date":"2024-04-05T07:11:07","date_gmt":"2024-04-05T07:11:07","guid":{"rendered":"https:\/\/madtoursandevents.com\/?page_id=11343"},"modified":"2026-04-08T07:10:11","modified_gmt":"2026-04-08T07:10:11","slug":"illegal-souvenirs","status":"publish","type":"page","link":"https:\/\/madtoursandevents.com\/de\/illegal-souvenirs\/","title":{"rendered":"ILLEGALE SOUVENIRS"},"content":{"rendered":"<div class=\"wpb-content-wrapper\"><div data-vc-full-width=\"true\" data-vc-full-width-temp=\"true\" data-vc-full-width-init=\"false\" data-vc-stretch-content=\"true\" class=\"vc_row wpb_row vc_row-fluid slider-rev mtt-title-img-row vc_row-no-padding\"><div class=\"mtt-title-img-col wpb_column vc_column_container vc_col-sm-12\"><div class=\"vc_column-inner\"><div class=\"wpb_wrapper\">\n\t<div id=\"things-to-know-image\" class=\"wpb_single_image wpb_content_element vc_align_left wpb_content_element  mtt-title-img\">\n\t\t\n\t\t<figure class=\"wpb_wrapper vc_figure\">\n\t\t\t<div class=\"vc_single_image-wrapper   vc_box_border_grey\"><img loading=\"lazy\" decoding=\"async\" width=\"1400\" height=\"450\" src=\"https:\/\/madtoursandevents.com\/wp-content\/uploads\/2024\/04\/Illegal-souvenirs-HEADER02.jpg\" class=\"vc_single_image-img attachment-full\" alt=\"\" title=\"Illegal-souvenirs-HEADER02\" srcset=\"https:\/\/madtoursandevents.com\/wp-content\/uploads\/2024\/04\/Illegal-souvenirs-HEADER02.jpg 1400w, https:\/\/madtoursandevents.com\/wp-content\/uploads\/2024\/04\/Illegal-souvenirs-HEADER02-300x96.jpg 300w, https:\/\/madtoursandevents.com\/wp-content\/uploads\/2024\/04\/Illegal-souvenirs-HEADER02-1024x329.jpg 1024w, https:\/\/madtoursandevents.com\/wp-content\/uploads\/2024\/04\/Illegal-souvenirs-HEADER02-768x247.jpg 768w, https:\/\/madtoursandevents.com\/wp-content\/uploads\/2024\/04\/Illegal-souvenirs-HEADER02-18x6.jpg 18w, https:\/\/madtoursandevents.com\/wp-content\/uploads\/2024\/04\/Illegal-souvenirs-HEADER02-600x193.jpg 600w, https:\/\/madtoursandevents.com\/wp-content\/uploads\/2024\/04\/Illegal-souvenirs-HEADER02-100x32.jpg 100w\" sizes=\"auto, (max-width: 1400px) 100vw, 1400px\" \/><\/div>\n\t\t<\/figure>\n\t<\/div>\n<\/div><\/div><\/div><\/div><div class=\"vc_row-full-width vc_clearfix\"><\/div><div class=\"vc_row wpb_row vc_row-fluid main-dropdown-img dtt-dropdown-img\"><div class=\"wpb_column vc_column_container vc_col-sm-12\"><div class=\"vc_column-inner\"><div class=\"wpb_wrapper\">\n\t<div id=\"down-arrow-icon\" class=\"wpb_single_image wpb_content_element vc_align_center wpb_content_element\">\n\t\t\n\t\t<figure class=\"wpb_wrapper vc_figure\">\n\t\t\t<a href=\"#sec1\" target=\"_self\" class=\"vc_single_image-wrapper   vc_box_border_grey\"><img loading=\"lazy\" decoding=\"async\" width=\"94\" height=\"94\" src=\"https:\/\/madtoursandevents.com\/wp-content\/uploads\/2021\/08\/main-drop-arrow.png\" class=\"vc_single_image-img attachment-full\" alt=\"purple down Arrow Icon in Small Size\" title=\"main-drop-arrow\" \/><\/a>\n\t\t<\/figure>\n\t<\/div>\n<\/div><\/div><\/div><\/div><div class=\"vc_row wpb_row vc_row-fluid\"><div class=\"wpb_column vc_column_container vc_col-sm-12\"><div class=\"vc_column-inner\"><div class=\"wpb_wrapper\">\n\t<div  class=\"wpb_single_image wpb_content_element vc_align_center wpb_content_element  things-to-know-red-lines\">\n\t\t\n\t\t<figure class=\"wpb_wrapper vc_figure\">\n\t\t\t<div class=\"vc_single_image-wrapper   vc_box_border_grey\"><img loading=\"lazy\" decoding=\"async\" width=\"121\" height=\"14\" src=\"https:\/\/madtoursandevents.com\/wp-content\/uploads\/2021\/08\/All-Lines.png\" class=\"vc_single_image-img attachment-full\" alt=\"Three orange color link with no background\" title=\"All Lines\" \/><\/div>\n\t\t<\/figure>\n\t<\/div>\n<\/div><\/div><\/div><\/div><section id=\"eng-text\" class=\"vc_section things-to-know-section-1 vc_custom_1775632061909 vc_section-has-fill\"><div id=\"eng-text\" class=\"vc_row wpb_row vc_row-fluid dtr-eng\"><div class=\"dtr-eng wpb_column vc_column_container vc_col-sm-12\" id=\"eng-text\"><div class=\"vc_column-inner\"><div class=\"wpb_wrapper\">\n\t<div class=\"wpb_text_column wpb_content_element dtr-eng\" id=\"eng-text\">\n\t\t<div class=\"wpb_wrapper\">\n\t\t\t<h3 style=\"text-align: center;\"><b>ILLEGALE SOUVENIRS IN DEN VEREINIGTEN STAATEN<\/b><\/h3>\n<p><span style=\"font-weight: 400;\">Der Handel mit bestimmten Souvenirs und Produkten kann aufgrund von Bedenken hinsichtlich Naturschutz, kulturellem Erbe und dem Schutz gef\u00e4hrdeter Arten eingeschr\u00e4nkt oder illegal sein. Auch wenn die Vorschriften variieren k\u00f6nnen, finden Sie hier eine allgemeine Liste von Artikeln, die Sie in den Vereinigten Staaten nicht als Souvenirs kaufen sollten, um die Einhaltung internationaler und nationaler Gesetze zu gew\u00e4hrleisten: <\/span><\/p>\n<hr \/>\n<ul>\n<li><b>Elfenbeinprodukte: <\/b><span style=\"font-weight: 400;\">Der Kauf oder Verkauf von Produkten aus Elfenbein, wie Schnitzereien oder Schmuck, ist zum Schutz gef\u00e4hrdeter Elefantenpopulationen verboten. <\/span><\/li>\n<li><b>Korallen und Muscheln: <\/b><span style=\"font-weight: 400;\">Artikel aus bestimmten Korallenarten oder gesch\u00fctzten Muscheln k\u00f6nnen Naturschutzgesetzen unterliegen. <\/span><\/li>\n<li><b>Produkte aus Schildkr\u00f6ten: <\/b><span style=\"font-weight: 400;\">Souvenirs aus Schildkr\u00f6tenpanzern, darunter Schmuck und Accessoires, k\u00f6nnen aufgrund des Schutzes von Schildkr\u00f6tenarten illegal sein.\u00a0<\/span><\/li>\n<li><b>Federn und Vogelprodukte: <\/b><span style=\"font-weight: 400;\">Gegenst\u00e4nde aus gesch\u00fctzten Vogelarten, darunter Federn und Pr\u00e4parate, unterliegen den Naturschutzgesetzen. <\/span><\/li>\n<li><b>Bestimmte Tierh\u00e4ute und Pelze: <\/b><span style=\"font-weight: 400;\">Produkte aus H\u00e4uten gef\u00e4hrdeter oder gesch\u00fctzter Tiere, wie z. B. Gro\u00dfkatzen oder Reptilien, k\u00f6nnen illegal sein. <\/span><\/li>\n<li><b>Historische und kulturelle Artefakte: <\/b><span style=\"font-weight: 400;\">Der Kauf von Artefakten oder Kulturg\u00fctern, die illegal erworben oder aus ihrem Herkunftsland exportiert wurden, ist verboten.\u00a0<\/span><\/li>\n<li><b>Produkte aus gef\u00e4hrdetem Holz: <\/b><span style=\"font-weight: 400;\">Souvenirs aus Holz gef\u00e4hrdeter Baumarten, wie bestimmte tropische Harth\u00f6lzer, k\u00f6nnen Beschr\u00e4nkungen unterliegen. <\/span><\/li>\n<li><b>Bestimmte Pflanzen und Samen: <\/b><span style=\"font-weight: 400;\">Einige Pflanzen und Samen, insbesondere solche von gef\u00e4hrdeten oder gesch\u00fctzten Arten, k\u00f6nnen aufgrund landwirtschaftlicher und naturschutzrechtlicher Bedenken Beschr\u00e4nkungen unterliegen. <\/span><\/li>\n<li><b>Produkte aus gef\u00e4hrdeten oder bedrohten Arten: <\/b><span style=\"font-weight: 400;\">Der Handel mit Gegenst\u00e4nden, die aus Arten hergestellt wurden, die gem\u00e4\u00df dem Gesetz zum Schutz gef\u00e4hrdeter Arten als gef\u00e4hrdet oder bedroht gelistet sind, ist ohne entsprechende Dokumente illegal. <\/span><\/li>\n<li><b>Gef\u00e4lschte Waren: <\/b><span style=\"font-weight: 400;\">Der Kauf von gef\u00e4lschten oder raubkopierten Waren, einschlie\u00dflich gef\u00e4lschter Designerartikel oder nicht autorisierter Reproduktionen urheberrechtlich gesch\u00fctzter Materialien, verst\u00f6\u00dft gegen das Gesetz.<\/span><\/li>\n<li><b>Illegale Drogen<\/b><\/li>\n<li><b>Waffen <\/b><\/li>\n<li><b>Bestimmte Tiere <\/b><\/li>\n<\/ul>\n<p><span style=\"font-weight: 400;\">Reisende sollten sich \u00fcber die Gesetze und Vorschriften bez\u00fcglich des Kaufs und Transports von Souvenirs im In- und Ausland informieren.\u00a0\u00a0<\/span><\/p>\n<p><span style=\"font-weight: 400;\">Die R\u00fccksprache mit den \u00f6rtlichen Beh\u00f6rden oder Recherchen vor dem Kauf k\u00f6nnen dazu beitragen, die Einhaltung der einschl\u00e4gigen Vorschriften sicherzustellen und einen verantwortungsvollen und ethischen Tourismus zu f\u00f6rdern.<\/span><\/p>\n\n\t\t<\/div>\n\t<\/div>\n<\/div><\/div><\/div><\/div><\/section><section data-vc-full-width=\"true\" data-vc-full-width-temp=\"true\" data-vc-full-width-init=\"false\" class=\"vc_section things-to-know-section-1 vc_custom_1632771849592 vc_section-has-fill\"><div class=\"vc_row wpb_row vc_row-fluid dtr-fr\"><div class=\"dtr-fr wpb_column vc_column_container vc_col-sm-12\"><div class=\"vc_column-inner\"><div class=\"wpb_wrapper\"><\/div><\/div><\/div><\/div><\/section><div class=\"vc_row-full-width vc_clearfix\"><\/div>\n<\/div>","protected":false},"excerpt":{"rendered":"ILLEGAL SOUVENIRS IN THE UNITED STATES The trade of certain souvenirs and products can be restricted or illegal due to concerns about conservation,\u00a0 cultural heritage, and endangered species protection. While regulations may vary, here's a general list of items to\u00a0 avoid purchasing as souvenirs in the United States to ensure compliance with international and domestic [...]","protected":false},"author":7,"featured_media":11347,"parent":0,"menu_order":0,"comment_status":"closed","ping_status":"closed","template":"","meta":{"_acf_changed":false,"inline_featured_image":false,"footnotes":""},"categories":[50],"tags":[],"class_list":["post-11343","page","type-page","status-publish","has-post-thumbnail","hentry","category-eco"],"acf":[],"yoast_head":"<!-- This site is optimized with the Yoast SEO plugin v27.3 - https:\/\/yoast.com\/product\/yoast-seo-wordpress\/ -->\n<title>Illegal Souvenirs - Mad Tours &amp; Events<\/title>\n<meta name=\"description\" content=\"Learn about travel requirements and things you need to prepare. Read our list at Mad Tours &amp; Events before your trip.\" \/>\n<meta name=\"robots\" content=\"index, follow, max-snippet:-1, max-image-preview:large, max-video-preview:-1\" \/>\n<link rel=\"canonical\" href=\"https:\/\/madtoursandevents.com\/de\/illegal-souvenirs\/\" \/>\n<meta property=\"og:locale\" content=\"de_DE\" \/>\n<meta property=\"og:type\" content=\"article\" \/>\n<meta property=\"og:title\" content=\"Illegal Souvenirs - Mad Tours &amp; Events\" \/>\n<meta property=\"og:description\" content=\"Learn about travel requirements and things you need to prepare. Read our list at Mad Tours &amp; Events before your trip.\" \/>\n<meta property=\"og:url\" content=\"https:\/\/madtoursandevents.com\/de\/illegal-souvenirs\/\" \/>\n<meta property=\"og:site_name\" content=\"Mad Tours &amp; Events\" \/>\n<meta property=\"article:publisher\" content=\"https:\/\/www.facebook.com\/madnewyorkcitytours\" \/>\n<meta property=\"article:modified_time\" content=\"2026-04-08T07:10:11+00:00\" \/>\n<meta property=\"og:image\" content=\"https:\/\/madtoursandevents.com\/wp-content\/uploads\/2024\/04\/Illegal-souvenirs-FEATURE01b.jpg\" \/>\n\t<meta property=\"og:image:width\" content=\"500\" \/>\n\t<meta property=\"og:image:height\" content=\"667\" \/>\n\t<meta property=\"og:image:type\" content=\"image\/jpeg\" \/>\n<meta name=\"twitter:card\" content=\"summary_large_image\" \/>\n<meta name=\"twitter:site\" content=\"@madfuntours\" \/>\n<meta name=\"twitter:label1\" content=\"Gesch\u00e4tzte Lesezeit\" \/>\n\t<meta name=\"twitter:data1\" content=\"5\u00a0Minuten\" \/>\n<script type=\"application\/ld+json\" class=\"yoast-schema-graph\">{\"@context\":\"https:\\\/\\\/schema.org\",\"@graph\":[{\"@type\":\"WebPage\",\"@id\":\"https:\\\/\\\/madtoursandevents.com\\\/illegal-souvenirs\\\/\",\"url\":\"https:\\\/\\\/madtoursandevents.com\\\/illegal-souvenirs\\\/\",\"name\":\"Illegal Souvenirs - Mad Tours &amp; Events\",\"isPartOf\":{\"@id\":\"https:\\\/\\\/madtoursandevents.com\\\/#website\"},\"primaryImageOfPage\":{\"@id\":\"https:\\\/\\\/madtoursandevents.com\\\/illegal-souvenirs\\\/#primaryimage\"},\"image\":{\"@id\":\"https:\\\/\\\/madtoursandevents.com\\\/illegal-souvenirs\\\/#primaryimage\"},\"thumbnailUrl\":\"https:\\\/\\\/madtoursandevents.com\\\/wp-content\\\/uploads\\\/2024\\\/04\\\/Illegal-souvenirs-FEATURE01b.jpg\",\"datePublished\":\"2024-04-05T07:11:07+00:00\",\"dateModified\":\"2026-04-08T07:10:11+00:00\",\"description\":\"Learn about travel requirements and things you need to prepare. Read our list at Mad Tours & Events before your trip.\",\"breadcrumb\":{\"@id\":\"https:\\\/\\\/madtoursandevents.com\\\/illegal-souvenirs\\\/#breadcrumb\"},\"inLanguage\":\"de\",\"potentialAction\":[{\"@type\":\"ReadAction\",\"target\":[\"https:\\\/\\\/madtoursandevents.com\\\/illegal-souvenirs\\\/\"]}]},{\"@type\":\"ImageObject\",\"inLanguage\":\"de\",\"@id\":\"https:\\\/\\\/madtoursandevents.com\\\/illegal-souvenirs\\\/#primaryimage\",\"url\":\"https:\\\/\\\/madtoursandevents.com\\\/wp-content\\\/uploads\\\/2024\\\/04\\\/Illegal-souvenirs-FEATURE01b.jpg\",\"contentUrl\":\"https:\\\/\\\/madtoursandevents.com\\\/wp-content\\\/uploads\\\/2024\\\/04\\\/Illegal-souvenirs-FEATURE01b.jpg\",\"width\":500,\"height\":667},{\"@type\":\"BreadcrumbList\",\"@id\":\"https:\\\/\\\/madtoursandevents.com\\\/illegal-souvenirs\\\/#breadcrumb\",\"itemListElement\":[{\"@type\":\"ListItem\",\"position\":1,\"name\":\"Home\",\"item\":\"https:\\\/\\\/madtoursandevents.com\\\/\"},{\"@type\":\"ListItem\",\"position\":2,\"name\":\"Illegal Souvenirs\"}]},{\"@type\":\"WebSite\",\"@id\":\"https:\\\/\\\/madtoursandevents.com\\\/#website\",\"url\":\"https:\\\/\\\/madtoursandevents.com\\\/\",\"name\":\"Mad Tours & Events\",\"description\":\"\",\"publisher\":{\"@id\":\"https:\\\/\\\/madtoursandevents.com\\\/#organization\"},\"potentialAction\":[{\"@type\":\"SearchAction\",\"target\":{\"@type\":\"EntryPoint\",\"urlTemplate\":\"https:\\\/\\\/madtoursandevents.com\\\/?s={search_term_string}\"},\"query-input\":{\"@type\":\"PropertyValueSpecification\",\"valueRequired\":true,\"valueName\":\"search_term_string\"}}],\"inLanguage\":\"de\"},{\"@type\":\"Organization\",\"@id\":\"https:\\\/\\\/madtoursandevents.com\\\/#organization\",\"name\":\"Mad Tours & Events\",\"url\":\"https:\\\/\\\/madtoursandevents.com\\\/\",\"logo\":{\"@type\":\"ImageObject\",\"inLanguage\":\"de\",\"@id\":\"https:\\\/\\\/madtoursandevents.com\\\/#\\\/schema\\\/logo\\\/image\\\/\",\"url\":\"https:\\\/\\\/madtoursandevents.com\\\/wp-content\\\/uploads\\\/2021\\\/08\\\/Logo.png\",\"contentUrl\":\"https:\\\/\\\/madtoursandevents.com\\\/wp-content\\\/uploads\\\/2021\\\/08\\\/Logo.png\",\"width\":204,\"height\":55,\"caption\":\"Mad Tours & Events\"},\"image\":{\"@id\":\"https:\\\/\\\/madtoursandevents.com\\\/#\\\/schema\\\/logo\\\/image\\\/\"},\"sameAs\":[\"https:\\\/\\\/www.facebook.com\\\/madnewyorkcitytours\",\"https:\\\/\\\/x.com\\\/madfuntours\"]}]}<\/script>\n<!-- \/ Yoast SEO plugin. -->","yoast_head_json":{"title":"Illegal Souvenirs - Mad Tours &amp; Events","description":"Learn about travel requirements and things you need to prepare. Read our list at Mad Tours & Events before your trip.","robots":{"index":"index","follow":"follow","max-snippet":"max-snippet:-1","max-image-preview":"max-image-preview:large","max-video-preview":"max-video-preview:-1"},"canonical":"https:\/\/madtoursandevents.com\/de\/illegal-souvenirs\/","og_locale":"de_DE","og_type":"article","og_title":"Illegal Souvenirs - Mad Tours &amp; Events","og_description":"Learn about travel requirements and things you need to prepare. Read our list at Mad Tours & Events before your trip.","og_url":"https:\/\/madtoursandevents.com\/de\/illegal-souvenirs\/","og_site_name":"Mad Tours &amp; Events","article_publisher":"https:\/\/www.facebook.com\/madnewyorkcitytours","article_modified_time":"2026-04-08T07:10:11+00:00","og_image":[{"width":500,"height":667,"url":"https:\/\/madtoursandevents.com\/wp-content\/uploads\/2024\/04\/Illegal-souvenirs-FEATURE01b.jpg","type":"image\/jpeg"}],"twitter_card":"summary_large_image","twitter_site":"@madfuntours","twitter_misc":{"Gesch\u00e4tzte Lesezeit":"5\u00a0Minuten"},"schema":{"@context":"https:\/\/schema.org","@graph":[{"@type":"WebPage","@id":"https:\/\/madtoursandevents.com\/illegal-souvenirs\/","url":"https:\/\/madtoursandevents.com\/illegal-souvenirs\/","name":"Illegal Souvenirs - Mad Tours &amp; Events","isPartOf":{"@id":"https:\/\/madtoursandevents.com\/#website"},"primaryImageOfPage":{"@id":"https:\/\/madtoursandevents.com\/illegal-souvenirs\/#primaryimage"},"image":{"@id":"https:\/\/madtoursandevents.com\/illegal-souvenirs\/#primaryimage"},"thumbnailUrl":"https:\/\/madtoursandevents.com\/wp-content\/uploads\/2024\/04\/Illegal-souvenirs-FEATURE01b.jpg","datePublished":"2024-04-05T07:11:07+00:00","dateModified":"2026-04-08T07:10:11+00:00","description":"Learn about travel requirements and things you need to prepare. Read our list at Mad Tours & Events before your trip.","breadcrumb":{"@id":"https:\/\/madtoursandevents.com\/illegal-souvenirs\/#breadcrumb"},"inLanguage":"de","potentialAction":[{"@type":"ReadAction","target":["https:\/\/madtoursandevents.com\/illegal-souvenirs\/"]}]},{"@type":"ImageObject","inLanguage":"de","@id":"https:\/\/madtoursandevents.com\/illegal-souvenirs\/#primaryimage","url":"https:\/\/madtoursandevents.com\/wp-content\/uploads\/2024\/04\/Illegal-souvenirs-FEATURE01b.jpg","contentUrl":"https:\/\/madtoursandevents.com\/wp-content\/uploads\/2024\/04\/Illegal-souvenirs-FEATURE01b.jpg","width":500,"height":667},{"@type":"BreadcrumbList","@id":"https:\/\/madtoursandevents.com\/illegal-souvenirs\/#breadcrumb","itemListElement":[{"@type":"ListItem","position":1,"name":"Home","item":"https:\/\/madtoursandevents.com\/"},{"@type":"ListItem","position":2,"name":"Illegal Souvenirs"}]},{"@type":"WebSite","@id":"https:\/\/madtoursandevents.com\/#website","url":"https:\/\/madtoursandevents.com\/","name":"Mad Tours & Events","description":"","publisher":{"@id":"https:\/\/madtoursandevents.com\/#organization"},"potentialAction":[{"@type":"SearchAction","target":{"@type":"EntryPoint","urlTemplate":"https:\/\/madtoursandevents.com\/?s={search_term_string}"},"query-input":{"@type":"PropertyValueSpecification","valueRequired":true,"valueName":"search_term_string"}}],"inLanguage":"de"},{"@type":"Organization","@id":"https:\/\/madtoursandevents.com\/#organization","name":"Mad Tours & Events","url":"https:\/\/madtoursandevents.com\/","logo":{"@type":"ImageObject","inLanguage":"de","@id":"https:\/\/madtoursandevents.com\/#\/schema\/logo\/image\/","url":"https:\/\/madtoursandevents.com\/wp-content\/uploads\/2021\/08\/Logo.png","contentUrl":"https:\/\/madtoursandevents.com\/wp-content\/uploads\/2021\/08\/Logo.png","width":204,"height":55,"caption":"Mad Tours & Events"},"image":{"@id":"https:\/\/madtoursandevents.com\/#\/schema\/logo\/image\/"},"sameAs":["https:\/\/www.facebook.com\/madnewyorkcitytours","https:\/\/x.com\/madfuntours"]}]}},"_links":{"self":[{"href":"https:\/\/madtoursandevents.com\/de\/wp-json\/wp\/v2\/pages\/11343","targetHints":{"allow":["GET"]}}],"collection":[{"href":"https:\/\/madtoursandevents.com\/de\/wp-json\/wp\/v2\/pages"}],"about":[{"href":"https:\/\/madtoursandevents.com\/de\/wp-json\/wp\/v2\/types\/page"}],"author":[{"embeddable":true,"href":"https:\/\/madtoursandevents.com\/de\/wp-json\/wp\/v2\/users\/7"}],"replies":[{"embeddable":true,"href":"https:\/\/madtoursandevents.com\/de\/wp-json\/wp\/v2\/comments?post=11343"}],"version-history":[{"count":11,"href":"https:\/\/madtoursandevents.com\/de\/wp-json\/wp\/v2\/pages\/11343\/revisions"}],"predecessor-version":[{"id":13936,"href":"https:\/\/madtoursandevents.com\/de\/wp-json\/wp\/v2\/pages\/11343\/revisions\/13936"}],"wp:featuredmedia":[{"embeddable":true,"href":"https:\/\/madtoursandevents.com\/de\/wp-json\/wp\/v2\/media\/11347"}],"wp:attachment":[{"href":"https:\/\/madtoursandevents.com\/de\/wp-json\/wp\/v2\/media?parent=11343"}],"wp:term":[{"taxonomy":"category","embeddable":true,"href":"https:\/\/madtoursandevents.com\/de\/wp-json\/wp\/v2\/categories?post=11343"},{"taxonomy":"post_tag","embeddable":true,"href":"https:\/\/madtoursandevents.com\/de\/wp-json\/wp\/v2\/tags?post=11343"}],"curies":[{"name":"wp","href":"https:\/\/api.w.org\/{rel}","templated":true}]}}