{"id":11050,"date":"2024-01-04T17:35:37","date_gmt":"2024-01-04T17:35:37","guid":{"rendered":"https:\/\/madtoursandevents.com\/?page_id=11050"},"modified":"2025-12-09T16:42:48","modified_gmt":"2025-12-09T16:42:48","slug":"what-to-pack-for-a-road-trip","status":"publish","type":"page","link":"https:\/\/madtoursandevents.com\/de\/what-to-pack-for-a-road-trip\/","title":{"rendered":"WAS MAN F\u00dcR EINEN ROADTRIP EINPACKEN SOLLTE"},"content":{"rendered":"<div class=\"wpb-content-wrapper\"><div id=\"sus-banner-row\" data-vc-full-width=\"true\" data-vc-full-width-temp=\"true\" data-vc-full-width-init=\"false\" data-vc-stretch-content=\"true\" class=\"vc_row wpb_row vc_row-fluid slider-rev mtt-title-img-row vc_row-no-padding\"><div class=\"mtt-title-img-col wpb_column vc_column_container vc_col-sm-12\"><div class=\"vc_column-inner\"><div class=\"wpb_wrapper\">\n\t<div id=\"sus-banner\" class=\"wpb_single_image wpb_content_element vc_align_left wpb_content_element vc_custom_1704389482947  mtt-title-img\">\n\t\t\n\t\t<figure class=\"wpb_wrapper vc_figure\">\n\t\t\t<div class=\"vc_single_image-wrapper   vc_box_border_grey\"><img loading=\"lazy\" decoding=\"async\" width=\"1400\" height=\"450\" src=\"https:\/\/madtoursandevents.com\/wp-content\/uploads\/2024\/01\/WhattoPack-Banner.jpg\" class=\"vc_single_image-img attachment-full\" alt=\"\" title=\"WhattoPack-Banner\" srcset=\"https:\/\/madtoursandevents.com\/wp-content\/uploads\/2024\/01\/WhattoPack-Banner.jpg 1400w, https:\/\/madtoursandevents.com\/wp-content\/uploads\/2024\/01\/WhattoPack-Banner-300x96.jpg 300w, https:\/\/madtoursandevents.com\/wp-content\/uploads\/2024\/01\/WhattoPack-Banner-1024x329.jpg 1024w, https:\/\/madtoursandevents.com\/wp-content\/uploads\/2024\/01\/WhattoPack-Banner-768x247.jpg 768w, https:\/\/madtoursandevents.com\/wp-content\/uploads\/2024\/01\/WhattoPack-Banner-18x6.jpg 18w, https:\/\/madtoursandevents.com\/wp-content\/uploads\/2024\/01\/WhattoPack-Banner-600x193.jpg 600w, https:\/\/madtoursandevents.com\/wp-content\/uploads\/2024\/01\/WhattoPack-Banner-100x32.jpg 100w\" sizes=\"auto, (max-width: 1400px) 100vw, 1400px\" \/><\/div>\n\t\t<\/figure>\n\t<\/div>\n<\/div><\/div><\/div><\/div><div class=\"vc_row-full-width vc_clearfix\"><\/div><div class=\"vc_row wpb_row vc_row-fluid main-dropdown-img dtt-dropdown-img\"><div class=\"wpb_column vc_column_container vc_col-sm-12\"><div class=\"vc_column-inner\"><div class=\"wpb_wrapper\">\n\t<div id=\"down-arrow-icon\" class=\"wpb_single_image wpb_content_element vc_align_center wpb_content_element  sus-down-arrow\">\n\t\t\n\t\t<figure class=\"wpb_wrapper vc_figure\">\n\t\t\t<a href=\"#sec1\" target=\"_self\" class=\"vc_single_image-wrapper   vc_box_border_grey\"><img loading=\"lazy\" decoding=\"async\" width=\"94\" height=\"94\" src=\"https:\/\/madtoursandevents.com\/wp-content\/uploads\/2021\/08\/main-drop-arrow.png\" class=\"vc_single_image-img attachment-full\" alt=\"purple down Arrow Icon in Small Size\" title=\"main-drop-arrow\" \/><\/a>\n\t\t<\/figure>\n\t<\/div>\n<\/div><\/div><\/div><\/div><div class=\"vc_row wpb_row vc_row-fluid\"><div class=\"wpb_column vc_column_container vc_col-sm-12\"><div class=\"vc_column-inner\"><div class=\"wpb_wrapper\">\n\t<div  class=\"wpb_single_image wpb_content_element vc_align_center wpb_content_element  3lines\">\n\t\t\n\t\t<figure class=\"wpb_wrapper vc_figure\">\n\t\t\t<div class=\"vc_single_image-wrapper   vc_box_border_grey\"><img loading=\"lazy\" decoding=\"async\" width=\"121\" height=\"14\" src=\"https:\/\/madtoursandevents.com\/wp-content\/uploads\/2021\/08\/All-Lines.png\" class=\"vc_single_image-img attachment-full\" alt=\"Three orange color link with no background\" title=\"All Lines\" \/><\/div>\n\t\t<\/figure>\n\t<\/div>\n<\/div><\/div><\/div><\/div><div id=\"sec1\" data-vc-full-width=\"true\" data-vc-full-width-temp=\"true\" data-vc-full-width-init=\"false\" class=\"vc_row wpb_row vc_row-fluid dtt-cvd-bg dtt-cv-bg\"><div class=\"dtt-cv-p wpb_column vc_column_container vc_col-sm-12\"><div class=\"vc_column-inner\"><div class=\"wpb_wrapper\">\n\t<div class=\"wpb_text_column wpb_content_element\" id=\"complain-description-eng\">\n\t\t<div class=\"wpb_wrapper\">\n\t\t\t<h2 id=\"sus-desc-title\" style=\"font-weight: 400; text-align: center;\"><b>WAS MAN F\u00dcR EINEN ROADTRIP EINPACKEN SOLLTE<\/b><\/h2>\n<h3 style=\"font-weight: 400; text-align: center;\"><b><span style=\"font-weight: 400;\">Sie sollten sicherstellen, dass Sie auf jede Reise gut vorbereitet sind, egal ob sie nur ein paar Tage oder eine Woche dauert.<\/span><\/b><\/h3>\n<p>&nbsp;<\/p>\n<p><strong><img loading=\"lazy\" decoding=\"async\" class=\"what-to-pack-img alignnone wp-image-11052\" src=\"https:\/\/madtoursandevents.com\/wp-content\/uploads\/2024\/01\/WhattoPack-Image01-300x223.png\" alt=\"\" width=\"500\" height=\"372\" srcset=\"https:\/\/madtoursandevents.com\/wp-content\/uploads\/2024\/01\/WhattoPack-Image01-300x223.png 300w, https:\/\/madtoursandevents.com\/wp-content\/uploads\/2024\/01\/WhattoPack-Image01-16x12.png 16w, https:\/\/madtoursandevents.com\/wp-content\/uploads\/2024\/01\/WhattoPack-Image01-600x447.png 600w, https:\/\/madtoursandevents.com\/wp-content\/uploads\/2024\/01\/WhattoPack-Image01-100x74.png 100w, https:\/\/madtoursandevents.com\/wp-content\/uploads\/2024\/01\/WhattoPack-Image01.png 645w\" sizes=\"auto, (max-width: 500px) 100vw, 500px\" \/><\/strong><\/p>\n<ol>\n<li style=\"font-weight: 400;\" aria-level=\"1\"><b>Wasserflasche<\/b><span style=\"font-weight: 400;\">\u00a0\u2013 <\/span><span style=\"font-weight: 400;\">Beim Reisen und Essen von salzigen Snacks k\u00f6nnen Sie leicht dehydrieren, daher sollten Sie Ihre Wasserflasche immer auff\u00fcllen, wann immer Sie die Gelegenheit dazu haben.<\/span><\/li>\n<li style=\"font-weight: 400;\" aria-level=\"1\"><b>K\u00fchlbox\u00a0<\/b><span style=\"font-weight: 400;\">\u2013 Sparen Sie Geld, indem Sie Ihre eigenen Snacks mitbringen und sie in Ihrer K\u00fchlbox k\u00fchl halten. Dies ist auch hilfreich, wenn Sie unterwegs Essen kaufen und es nicht aufessen, aber k\u00fchl aufbewahren m\u00fcssen.<\/span><\/li>\n<li style=\"font-weight: 400;\" aria-level=\"1\"><b>Kaffeebecher<\/b><span style=\"font-weight: 400;\">\u00a0\u2013 Ein Becher ist ein Muss f\u00fcr <\/span><span style=\"font-weight: 400;\">Ihre morgendliche Tasse Kaffee, aber all die Pappbecher, die Sie in Caf\u00e9s bekommen, k\u00f6nnen sich schnell summieren.\u00a0<\/span><\/li>\n<li style=\"font-weight: 400;\" aria-level=\"1\"><b>Polarisierte Sonnenbrille<\/b><span style=\"font-weight: 400;\">\u00a0\u2013 Auf der Stra\u00dfe kann es sehr hell werden, je nachdem, worauf die Sonne reflektiert. Sch\u00fctzen Sie sich also und besorgen Sie sich eine gute Sonnenbrille.<\/span><\/li>\n<li style=\"font-weight: 400;\" aria-level=\"1\"><b>Sonnencreme<\/b><span style=\"font-weight: 400;\">\u00a0\u2013 Sie brauchen Sonnencreme, wenn Sie drau\u00dfen unterwegs sind, aber sie ist auch wichtig im Auto. Eine Seite Ihres Gesichts\u00a0<\/span><i><span style=\"font-weight: 400;\">und<\/span><\/i><span style=\"font-weight: 400;\">\u00a0Arms kann je nach Tageszeit stundenlang der Sonne ausgesetzt sein.<\/span><\/li>\n<li style=\"font-weight: 400;\" aria-level=\"1\"><b>Insektenschutzmittel<\/b><span style=\"font-weight: 400;\"> \u2013 Das sch\u00fctzt Ihre Haut zus\u00e4tzlich, besonders vor l\u00e4stigen M\u00fccken und Sandm\u00fccken. Achten Sie auf das Klima, durch das Sie fahren, da dies beeinflussen kann, welches Insektenschutzmittel Sie verwenden sollten!\u00a0<\/span><\/li>\n<li style=\"font-weight: 400;\" aria-level=\"1\"><b>Tragbares Smartphone-Ladeger\u00e4t<\/b><span style=\"font-weight: 400;\">\u00a0<\/span><span style=\"font-weight: 400;\">\u2013 Ein absolutes Muss auf Reisen. So stellen Sie sicher, dass Ihr Akku nie leer ist, w\u00e4hrend Sie Fotos machen oder Ihre sozialen Medien aktualisieren.<\/span><\/li>\n<li style=\"font-weight: 400;\" aria-level=\"1\"><b>Universaladapter<\/b><span style=\"font-weight: 400;\"> \u2013 In den USA sind die Steckdosen sehr unterschiedlich zu denen in Europa, und selbst innerhalb Europas gibt es verschiedene Stecker. Denken Sie an all die Ger\u00e4te, die Sie laden m\u00fcssen \u2013 Ihr\u00a0<\/span><a href=\"https:\/\/www.airhelp.com\/en\/blog\/phone-for-international-travel\/\"><span style=\"font-weight: 400;\">Handy, Ihre Kamera<\/span><\/a><span style=\"font-weight: 400;\">, Ihr Tablet und mehr. Ein Universaladapter ist ein unverzichtbarer Teil Ihrer Packliste, besonders wenn Sie durch mehrere L\u00e4nder reisen.<\/span><\/li>\n<li style=\"font-weight: 400;\" aria-level=\"1\"><b>Kamera <\/b><span style=\"font-weight: 400;\">\u2013 Eine der wichtigsten Sachen auf einem Roadtrip. Fotos machen zu k\u00f6nnen, wann immer Sie wollen, ist ein gro\u00dfer Teil des Abenteuers.\u00a0<\/span><\/li>\n<li style=\"font-weight: 400;\" aria-level=\"1\"><b>Handdesinfektionsmittel \u2013<\/b><span style=\"font-weight: 400;\"> \u2013 Man wei\u00df nie, wann die Tankstelle, an der man anhalten muss, kein Seife mehr hat. Bewahren Sie es im Handschuhfach auf, damit es leicht zug\u00e4nglich ist.<\/span><\/li>\n<li style=\"font-weight: 400;\" aria-level=\"1\"><b>Sichere Handyh\u00fclle<\/b><span style=\"font-weight: 400;\"> \u2013 Sie werden Ihr Handy auf der Reise viel benutzen. Daher empfehlen wir, in eine robuste, am besten wasserdichte Handyh\u00fclle zu investieren, die Ihr Ger\u00e4t sch\u00fctzt. Viele Modelle sind auch sto\u00df- und sandfest \u2013 ideal, um Ihr Handy, GPS und Ihre Kontakte zu sch\u00fctzen.\u00a0<\/span><\/li>\n<li style=\"font-weight: 400;\" aria-level=\"1\"><b>Regenjacke<\/b><span style=\"font-weight: 400;\"> \u2013 Eine\u00a0<\/span><a href=\"https:\/\/www.backcountry.com\/marmot-bantamweight-jacket-womens\"><span style=\"font-weight: 400;\">leichte\u00a0<\/span><\/a><span style=\"font-weight: 400;\">Regenjacke sollte immer griffbereit sein. Auch Orte, an denen es selten regnet, k\u00f6nnen pl\u00f6tzlich Schauer erleben. Eine Jacke erm\u00f6glicht es Ihnen, weiter zu erkunden, statt im Auto festzusitzen.<\/span><\/li>\n<li style=\"font-weight: 400;\" aria-level=\"1\"><b>Erste-Hilfe-Set<\/b><span style=\"font-weight: 400;\"> \u2013 Niemand m\u00f6chte daran denken, es zu brauchen, aber besser vorbereitet sein als unvorbereitet.<\/span><a href=\"https:\/\/amzn.to\/30HImHP\"><span style=\"font-weight: 400;\">\u00a0Ein Erste-Hilfe-Set<\/span><\/a><span style=\"font-weight: 400;\">\u00a0sch\u00fctzt Sie und Ihre Mitreisenden im Notfall.\u00a0<\/span><\/li>\n<li style=\"font-weight: 400;\" aria-level=\"1\"><b>Snacks<\/b><span style=\"font-weight: 400;\"> \u2013 Roadtrips k\u00f6nnen teuer werden, wenn man st\u00e4ndig Snacks kauft. Kaufen Sie Ihre Snacks im Voraus, damit Sie Zeit, Geld und Kilometer sparen. So haben Sie immer etwas zur Hand, wenn der Hunger kommt.\u00a0<\/span><\/li>\n<li style=\"font-weight: 400;\" aria-level=\"1\"><b>Reisespiele<\/b><span style=\"font-weight: 400;\"> \u2013 Kompakte, familienfreundliche Spiele sind eine tolle Erg\u00e4nzung f\u00fcr Ihre Packliste. Sie nehmen wenig Platz ein und sorgen unterwegs f\u00fcr Unterhaltung.\u00a0<\/span><\/li>\n<li style=\"font-weight: 400;\" aria-level=\"1\"><b>Reisekissen und Decken<\/b><span style=\"font-weight: 400;\"> \u2013 Diese sorgen f\u00fcr Komfort, egal wie lange Sie unterwegs sind. Auch bei Pausen sind sie praktisch \u2013 Sie haben immer eine Decke und ein Kissen parat. \u00a0<\/span><\/li>\n<li style=\"font-weight: 400;\" aria-level=\"1\"><b>Papierkarten <\/b><span style=\"font-weight: 400;\">\u2013 Auch wenn wir uns auf GPS oder Google Maps verlassen, kann eine Papierkarte n\u00fctzlich sein, wenn das Handysignal ausf\u00e4llt oder Sie einen Umweg nehmen m\u00fcssen.\u00a0<\/span><\/li>\n<li style=\"font-weight: 400;\" aria-level=\"1\"><b>Slip-on-Schuhe f\u00fcr Komfort<\/b><span style=\"font-weight: 400;\">\u00a0\u2013 Schuhe jedes Mal zu binden, wenn Sie anhalten, ist l\u00e4stig. Slip-ons sind schnell, bequem und praktisch \u2013 einfach reinschl\u00fcpfen und weiterfahren.\u00a0<\/span><\/li>\n<li style=\"font-weight: 400;\" aria-level=\"1\"><b>Kompressionsstr\u00fcmpfe <\/b><span style=\"font-weight: 400;\">\u2013 Bei langen Autofahrten k\u00f6nnen Sie sich kaum bewegen. Kompressionsstr\u00fcmpfe helfen, die Durchblutung zu f\u00f6rdern und Schwellungen zu vermeiden.<\/span><\/li>\n<li style=\"font-weight: 400;\" aria-level=\"1\"><b>Toilettenpapier oder Feuchtt\u00fccher<\/b><span style=\"font-weight: 400;\"> \u2013 Vielseitig einsetzbar: f\u00fcr schmutzige H\u00e4nde, schnelle Erfrischungen oder den Notfall auf der Toilette \u2013 immer n\u00fctzlich!\u00a0<\/span><\/li>\n<li style=\"font-weight: 400;\" aria-level=\"1\"><b>F\u00fchrerschein, Fahrzeugpapiere und Versicherungsnachweis<\/b><span style=\"font-weight: 400;\"> \u2013 Diese Dokumente sind selbstverst\u00e4ndlich, aber leicht zu vergessen. Bewahren Sie mehrere Kopien auf und haben Sie sie immer griffbereit. Auch das Handbuch Ihres Autos kann hilfreich sein, falls eine Warnleuchte angeht.\u00a0<\/span><\/li>\n<\/ol>\n\n\t\t<\/div>\n\t<\/div>\n<\/div><\/div><\/div><\/div><div class=\"vc_row-full-width vc_clearfix\"><\/div>\n<\/div>","protected":false},"excerpt":{"rendered":"What to Pack for a Road Trip You\u2019ll want to make sure you\u2019re prepared for any trip you take, whether it\u2019s only a few days or a week. &nbsp; Water bottle\u00a0\u2013 You can easily get dehydrated from traveling and eating salty snacks, so fill up your water bottle whenever you get a chance. Cooler\u00a0\u2013 Save [...]","protected":false},"author":7,"featured_media":0,"parent":0,"menu_order":0,"comment_status":"closed","ping_status":"closed","template":"","meta":{"_acf_changed":false,"inline_featured_image":false,"footnotes":""},"categories":[],"tags":[],"class_list":["post-11050","page","type-page","status-publish","hentry"],"acf":[],"yoast_head":"<!-- This site is optimized with the Yoast SEO plugin v27.3 - https:\/\/yoast.com\/product\/yoast-seo-wordpress\/ -->\n<title>Driving Tips and Rules<\/title>\n<meta name=\"description\" content=\"We are committed to safeguarding and conserving the natural and human resources of the communities for the enjoyment of current and future generations, both for tourists and locals.\" \/>\n<meta name=\"robots\" content=\"index, follow, max-snippet:-1, max-image-preview:large, max-video-preview:-1\" \/>\n<link rel=\"canonical\" href=\"https:\/\/madtoursandevents.com\/de\/what-to-pack-for-a-road-trip\/\" \/>\n<meta property=\"og:locale\" content=\"de_DE\" \/>\n<meta property=\"og:type\" content=\"article\" \/>\n<meta property=\"og:title\" content=\"Driving Tips and Rules\" \/>\n<meta property=\"og:description\" content=\"We are committed to safeguarding and conserving the natural and human resources of the communities for the enjoyment of current and future generations, both for tourists and locals.\" \/>\n<meta property=\"og:url\" content=\"https:\/\/madtoursandevents.com\/de\/what-to-pack-for-a-road-trip\/\" \/>\n<meta property=\"og:site_name\" content=\"Mad Tours &amp; Events\" \/>\n<meta property=\"article:publisher\" content=\"https:\/\/www.facebook.com\/madnewyorkcitytours\" \/>\n<meta property=\"article:modified_time\" content=\"2025-12-09T16:42:48+00:00\" \/>\n<meta property=\"og:image\" content=\"https:\/\/madtoursandevents.com\/wp-content\/uploads\/2024\/01\/WhattoPack-Image01-300x223.png\" \/>\n<meta name=\"twitter:card\" content=\"summary_large_image\" \/>\n<meta name=\"twitter:site\" content=\"@madfuntours\" \/>\n<meta name=\"twitter:label1\" content=\"Gesch\u00e4tzte Lesezeit\" \/>\n\t<meta name=\"twitter:data1\" content=\"22\u00a0Minuten\" \/>\n<script type=\"application\/ld+json\" class=\"yoast-schema-graph\">{\"@context\":\"https:\\\/\\\/schema.org\",\"@graph\":[{\"@type\":\"WebPage\",\"@id\":\"https:\\\/\\\/madtoursandevents.com\\\/what-to-pack-for-a-road-trip\\\/\",\"url\":\"https:\\\/\\\/madtoursandevents.com\\\/what-to-pack-for-a-road-trip\\\/\",\"name\":\"Driving Tips and Rules\",\"isPartOf\":{\"@id\":\"https:\\\/\\\/madtoursandevents.com\\\/#website\"},\"primaryImageOfPage\":{\"@id\":\"https:\\\/\\\/madtoursandevents.com\\\/what-to-pack-for-a-road-trip\\\/#primaryimage\"},\"image\":{\"@id\":\"https:\\\/\\\/madtoursandevents.com\\\/what-to-pack-for-a-road-trip\\\/#primaryimage\"},\"thumbnailUrl\":\"https:\\\/\\\/madtoursandevents.com\\\/wp-content\\\/uploads\\\/2024\\\/01\\\/WhattoPack-Image01-300x223.png\",\"datePublished\":\"2024-01-04T17:35:37+00:00\",\"dateModified\":\"2025-12-09T16:42:48+00:00\",\"description\":\"We are committed to safeguarding and conserving the natural and human resources of the communities for the enjoyment of current and future generations, both for tourists and locals.\",\"breadcrumb\":{\"@id\":\"https:\\\/\\\/madtoursandevents.com\\\/what-to-pack-for-a-road-trip\\\/#breadcrumb\"},\"inLanguage\":\"de\",\"potentialAction\":[{\"@type\":\"ReadAction\",\"target\":[\"https:\\\/\\\/madtoursandevents.com\\\/what-to-pack-for-a-road-trip\\\/\"]}]},{\"@type\":\"ImageObject\",\"inLanguage\":\"de\",\"@id\":\"https:\\\/\\\/madtoursandevents.com\\\/what-to-pack-for-a-road-trip\\\/#primaryimage\",\"url\":\"https:\\\/\\\/madtoursandevents.com\\\/wp-content\\\/uploads\\\/2024\\\/01\\\/WhattoPack-Image01-300x223.png\",\"contentUrl\":\"https:\\\/\\\/madtoursandevents.com\\\/wp-content\\\/uploads\\\/2024\\\/01\\\/WhattoPack-Image01-300x223.png\"},{\"@type\":\"BreadcrumbList\",\"@id\":\"https:\\\/\\\/madtoursandevents.com\\\/what-to-pack-for-a-road-trip\\\/#breadcrumb\",\"itemListElement\":[{\"@type\":\"ListItem\",\"position\":1,\"name\":\"Home\",\"item\":\"https:\\\/\\\/madtoursandevents.com\\\/\"},{\"@type\":\"ListItem\",\"position\":2,\"name\":\"What to Pack for a Road Trip\"}]},{\"@type\":\"WebSite\",\"@id\":\"https:\\\/\\\/madtoursandevents.com\\\/#website\",\"url\":\"https:\\\/\\\/madtoursandevents.com\\\/\",\"name\":\"Mad Tours & Events\",\"description\":\"\",\"publisher\":{\"@id\":\"https:\\\/\\\/madtoursandevents.com\\\/#organization\"},\"potentialAction\":[{\"@type\":\"SearchAction\",\"target\":{\"@type\":\"EntryPoint\",\"urlTemplate\":\"https:\\\/\\\/madtoursandevents.com\\\/?s={search_term_string}\"},\"query-input\":{\"@type\":\"PropertyValueSpecification\",\"valueRequired\":true,\"valueName\":\"search_term_string\"}}],\"inLanguage\":\"de\"},{\"@type\":\"Organization\",\"@id\":\"https:\\\/\\\/madtoursandevents.com\\\/#organization\",\"name\":\"Mad Tours & Events\",\"url\":\"https:\\\/\\\/madtoursandevents.com\\\/\",\"logo\":{\"@type\":\"ImageObject\",\"inLanguage\":\"de\",\"@id\":\"https:\\\/\\\/madtoursandevents.com\\\/#\\\/schema\\\/logo\\\/image\\\/\",\"url\":\"https:\\\/\\\/madtoursandevents.com\\\/wp-content\\\/uploads\\\/2021\\\/08\\\/Logo.png\",\"contentUrl\":\"https:\\\/\\\/madtoursandevents.com\\\/wp-content\\\/uploads\\\/2021\\\/08\\\/Logo.png\",\"width\":204,\"height\":55,\"caption\":\"Mad Tours & Events\"},\"image\":{\"@id\":\"https:\\\/\\\/madtoursandevents.com\\\/#\\\/schema\\\/logo\\\/image\\\/\"},\"sameAs\":[\"https:\\\/\\\/www.facebook.com\\\/madnewyorkcitytours\",\"https:\\\/\\\/x.com\\\/madfuntours\"]}]}<\/script>\n<!-- \/ Yoast SEO plugin. -->","yoast_head_json":{"title":"FAHRTIPPS UND REGELN","description":"We are committed to safeguarding and conserving the natural and human resources of the communities for the enjoyment of current and future generations, both for tourists and locals.","robots":{"index":"index","follow":"follow","max-snippet":"max-snippet:-1","max-image-preview":"max-image-preview:large","max-video-preview":"max-video-preview:-1"},"canonical":"https:\/\/madtoursandevents.com\/de\/what-to-pack-for-a-road-trip\/","og_locale":"de_DE","og_type":"article","og_title":"Driving Tips and Rules","og_description":"We are committed to safeguarding and conserving the natural and human resources of the communities for the enjoyment of current and future generations, both for tourists and locals.","og_url":"https:\/\/madtoursandevents.com\/de\/what-to-pack-for-a-road-trip\/","og_site_name":"Mad Tours &amp; Events","article_publisher":"https:\/\/www.facebook.com\/madnewyorkcitytours","article_modified_time":"2025-12-09T16:42:48+00:00","og_image":[{"url":"https:\/\/madtoursandevents.com\/wp-content\/uploads\/2024\/01\/WhattoPack-Image01-300x223.png","type":"","width":"","height":""}],"twitter_card":"summary_large_image","twitter_site":"@madfuntours","twitter_misc":{"Gesch\u00e4tzte Lesezeit":"22\u00a0Minuten"},"schema":{"@context":"https:\/\/schema.org","@graph":[{"@type":"WebPage","@id":"https:\/\/madtoursandevents.com\/what-to-pack-for-a-road-trip\/","url":"https:\/\/madtoursandevents.com\/what-to-pack-for-a-road-trip\/","name":"FAHRTIPPS UND REGELN","isPartOf":{"@id":"https:\/\/madtoursandevents.com\/#website"},"primaryImageOfPage":{"@id":"https:\/\/madtoursandevents.com\/what-to-pack-for-a-road-trip\/#primaryimage"},"image":{"@id":"https:\/\/madtoursandevents.com\/what-to-pack-for-a-road-trip\/#primaryimage"},"thumbnailUrl":"https:\/\/madtoursandevents.com\/wp-content\/uploads\/2024\/01\/WhattoPack-Image01-300x223.png","datePublished":"2024-01-04T17:35:37+00:00","dateModified":"2025-12-09T16:42:48+00:00","description":"We are committed to safeguarding and conserving the natural and human resources of the communities for the enjoyment of current and future generations, both for tourists and locals.","breadcrumb":{"@id":"https:\/\/madtoursandevents.com\/what-to-pack-for-a-road-trip\/#breadcrumb"},"inLanguage":"de","potentialAction":[{"@type":"ReadAction","target":["https:\/\/madtoursandevents.com\/what-to-pack-for-a-road-trip\/"]}]},{"@type":"ImageObject","inLanguage":"de","@id":"https:\/\/madtoursandevents.com\/what-to-pack-for-a-road-trip\/#primaryimage","url":"https:\/\/madtoursandevents.com\/wp-content\/uploads\/2024\/01\/WhattoPack-Image01-300x223.png","contentUrl":"https:\/\/madtoursandevents.com\/wp-content\/uploads\/2024\/01\/WhattoPack-Image01-300x223.png"},{"@type":"BreadcrumbList","@id":"https:\/\/madtoursandevents.com\/what-to-pack-for-a-road-trip\/#breadcrumb","itemListElement":[{"@type":"ListItem","position":1,"name":"Home","item":"https:\/\/madtoursandevents.com\/"},{"@type":"ListItem","position":2,"name":"What to Pack for a Road Trip"}]},{"@type":"WebSite","@id":"https:\/\/madtoursandevents.com\/#website","url":"https:\/\/madtoursandevents.com\/","name":"Mad Tours & Events","description":"","publisher":{"@id":"https:\/\/madtoursandevents.com\/#organization"},"potentialAction":[{"@type":"SearchAction","target":{"@type":"EntryPoint","urlTemplate":"https:\/\/madtoursandevents.com\/?s={search_term_string}"},"query-input":{"@type":"PropertyValueSpecification","valueRequired":true,"valueName":"search_term_string"}}],"inLanguage":"de"},{"@type":"Organization","@id":"https:\/\/madtoursandevents.com\/#organization","name":"Mad Tours & Events","url":"https:\/\/madtoursandevents.com\/","logo":{"@type":"ImageObject","inLanguage":"de","@id":"https:\/\/madtoursandevents.com\/#\/schema\/logo\/image\/","url":"https:\/\/madtoursandevents.com\/wp-content\/uploads\/2021\/08\/Logo.png","contentUrl":"https:\/\/madtoursandevents.com\/wp-content\/uploads\/2021\/08\/Logo.png","width":204,"height":55,"caption":"Mad Tours & Events"},"image":{"@id":"https:\/\/madtoursandevents.com\/#\/schema\/logo\/image\/"},"sameAs":["https:\/\/www.facebook.com\/madnewyorkcitytours","https:\/\/x.com\/madfuntours"]}]}},"_links":{"self":[{"href":"https:\/\/madtoursandevents.com\/de\/wp-json\/wp\/v2\/pages\/11050","targetHints":{"allow":["GET"]}}],"collection":[{"href":"https:\/\/madtoursandevents.com\/de\/wp-json\/wp\/v2\/pages"}],"about":[{"href":"https:\/\/madtoursandevents.com\/de\/wp-json\/wp\/v2\/types\/page"}],"author":[{"embeddable":true,"href":"https:\/\/madtoursandevents.com\/de\/wp-json\/wp\/v2\/users\/7"}],"replies":[{"embeddable":true,"href":"https:\/\/madtoursandevents.com\/de\/wp-json\/wp\/v2\/comments?post=11050"}],"version-history":[{"count":8,"href":"https:\/\/madtoursandevents.com\/de\/wp-json\/wp\/v2\/pages\/11050\/revisions"}],"predecessor-version":[{"id":13475,"href":"https:\/\/madtoursandevents.com\/de\/wp-json\/wp\/v2\/pages\/11050\/revisions\/13475"}],"wp:attachment":[{"href":"https:\/\/madtoursandevents.com\/de\/wp-json\/wp\/v2\/media?parent=11050"}],"wp:term":[{"taxonomy":"category","embeddable":true,"href":"https:\/\/madtoursandevents.com\/de\/wp-json\/wp\/v2\/categories?post=11050"},{"taxonomy":"post_tag","embeddable":true,"href":"https:\/\/madtoursandevents.com\/de\/wp-json\/wp\/v2\/tags?post=11050"}],"curies":[{"name":"wp","href":"https:\/\/api.w.org\/{rel}","templated":true}]}}