{"id":11030,"date":"2024-01-04T17:03:30","date_gmt":"2024-01-04T17:03:30","guid":{"rendered":"https:\/\/madtoursandevents.com\/?page_id=11030"},"modified":"2025-12-09T16:40:28","modified_gmt":"2025-12-09T16:40:28","slug":"driving-tips-and-rules","status":"publish","type":"page","link":"https:\/\/madtoursandevents.com\/de\/driving-tips-and-rules\/","title":{"rendered":"FAHRTIPPS UND REGELN"},"content":{"rendered":"<div class=\"wpb-content-wrapper\"><div id=\"sus-banner-row\" data-vc-full-width=\"true\" data-vc-full-width-temp=\"true\" data-vc-full-width-init=\"false\" data-vc-stretch-content=\"true\" class=\"vc_row wpb_row vc_row-fluid slider-rev mtt-title-img-row vc_row-no-padding\"><div class=\"mtt-title-img-col wpb_column vc_column_container vc_col-sm-12\"><div class=\"vc_column-inner\"><div class=\"wpb_wrapper\">\n\t<div id=\"sus-banner\" class=\"wpb_single_image wpb_content_element vc_align_left wpb_content_element vc_custom_1712706281244  mtt-title-img\">\n\t\t\n\t\t<figure class=\"wpb_wrapper vc_figure\">\n\t\t\t<div class=\"vc_single_image-wrapper   vc_box_border_grey\"><img loading=\"lazy\" decoding=\"async\" width=\"1400\" height=\"450\" src=\"https:\/\/madtoursandevents.com\/wp-content\/uploads\/2024\/04\/DrivingTips-Banner-02b.jpg\" class=\"vc_single_image-img attachment-full\" alt=\"\" title=\"DrivingTips-Banner-02b\" srcset=\"https:\/\/madtoursandevents.com\/wp-content\/uploads\/2024\/04\/DrivingTips-Banner-02b.jpg 1400w, https:\/\/madtoursandevents.com\/wp-content\/uploads\/2024\/04\/DrivingTips-Banner-02b-300x96.jpg 300w, https:\/\/madtoursandevents.com\/wp-content\/uploads\/2024\/04\/DrivingTips-Banner-02b-1024x329.jpg 1024w, https:\/\/madtoursandevents.com\/wp-content\/uploads\/2024\/04\/DrivingTips-Banner-02b-768x247.jpg 768w, https:\/\/madtoursandevents.com\/wp-content\/uploads\/2024\/04\/DrivingTips-Banner-02b-18x6.jpg 18w, https:\/\/madtoursandevents.com\/wp-content\/uploads\/2024\/04\/DrivingTips-Banner-02b-600x193.jpg 600w, https:\/\/madtoursandevents.com\/wp-content\/uploads\/2024\/04\/DrivingTips-Banner-02b-100x32.jpg 100w\" sizes=\"auto, (max-width: 1400px) 100vw, 1400px\" \/><\/div>\n\t\t<\/figure>\n\t<\/div>\n<\/div><\/div><\/div><\/div><div class=\"vc_row-full-width vc_clearfix\"><\/div><div class=\"vc_row wpb_row vc_row-fluid main-dropdown-img dtt-dropdown-img\"><div class=\"wpb_column vc_column_container vc_col-sm-12\"><div class=\"vc_column-inner\"><div class=\"wpb_wrapper\">\n\t<div id=\"down-arrow-icon\" class=\"wpb_single_image wpb_content_element vc_align_center wpb_content_element  sus-down-arrow\">\n\t\t\n\t\t<figure class=\"wpb_wrapper vc_figure\">\n\t\t\t<a href=\"#sec1\" target=\"_self\" class=\"vc_single_image-wrapper   vc_box_border_grey\"><img loading=\"lazy\" decoding=\"async\" width=\"94\" height=\"94\" src=\"https:\/\/madtoursandevents.com\/wp-content\/uploads\/2021\/08\/main-drop-arrow.png\" class=\"vc_single_image-img attachment-full\" alt=\"purple down Arrow Icon in Small Size\" title=\"main-drop-arrow\" \/><\/a>\n\t\t<\/figure>\n\t<\/div>\n<\/div><\/div><\/div><\/div><div class=\"vc_row wpb_row vc_row-fluid\"><div class=\"wpb_column vc_column_container vc_col-sm-12\"><div class=\"vc_column-inner\"><div class=\"wpb_wrapper\">\n\t<div  class=\"wpb_single_image wpb_content_element vc_align_center wpb_content_element  3lines\">\n\t\t\n\t\t<figure class=\"wpb_wrapper vc_figure\">\n\t\t\t<div class=\"vc_single_image-wrapper   vc_box_border_grey\"><img loading=\"lazy\" decoding=\"async\" width=\"121\" height=\"14\" src=\"https:\/\/madtoursandevents.com\/wp-content\/uploads\/2021\/08\/All-Lines.png\" class=\"vc_single_image-img attachment-full\" alt=\"Three orange color link with no background\" title=\"All Lines\" \/><\/div>\n\t\t<\/figure>\n\t<\/div>\n<\/div><\/div><\/div><\/div><div id=\"sec1\" data-vc-full-width=\"true\" data-vc-full-width-temp=\"true\" data-vc-full-width-init=\"false\" class=\"vc_row wpb_row vc_row-fluid dtt-cvd-bg dtt-cv-bg\"><div class=\"dtt-cv-p wpb_column vc_column_container vc_col-sm-12\"><div class=\"vc_column-inner\"><div class=\"wpb_wrapper\">\n\t<div class=\"wpb_text_column wpb_content_element\" id=\"complain-description-eng\">\n\t\t<div class=\"wpb_wrapper\">\n\t\t\t<h2 id=\"sus-desc-title\" style=\"font-weight: 400; text-align: center;\"><strong>FAHRTIPPS UND REGELN<\/strong><\/h2>\n<p><strong><img loading=\"lazy\" decoding=\"async\" class=\"driving-tips-img alignright wp-image-11032\" src=\"https:\/\/madtoursandevents.com\/wp-content\/uploads\/2024\/01\/DrivingTips-Image01-300x223.png\" alt=\"\" width=\"500\" height=\"372\" srcset=\"https:\/\/madtoursandevents.com\/wp-content\/uploads\/2024\/01\/DrivingTips-Image01-300x223.png 300w, https:\/\/madtoursandevents.com\/wp-content\/uploads\/2024\/01\/DrivingTips-Image01-16x12.png 16w, https:\/\/madtoursandevents.com\/wp-content\/uploads\/2024\/01\/DrivingTips-Image01-600x447.png 600w, https:\/\/madtoursandevents.com\/wp-content\/uploads\/2024\/01\/DrivingTips-Image01-100x74.png 100w, https:\/\/madtoursandevents.com\/wp-content\/uploads\/2024\/01\/DrivingTips-Image01.png 645w\" sizes=\"auto, (max-width: 500px) 100vw, 500px\" \/><\/strong><\/p>\n<ol>\n<li><b>Plane deine Stopps im Voraus\u00a0<\/b><span style=\"font-weight: 400;\">Vorausplanung erh\u00f6ht die Produktivit\u00e4t und die Ergebnisse. Du erlebst wenig oder gar keinen Stress und wirst effizienter. Wenn du deinen Plan umsetzen kannst, bist du produktiv. <\/span><\/li>\n<li><b>Bereite dein Auto vor\u00a0<\/b><span style=\"font-weight: 400;\">Wenn du Pannen w\u00e4hrend deiner Reise nicht vermeiden kannst, kannst du versuchen, sie zu verhindern, indem du sicherstellst, dass dein Auto fahrbereit ist. Das bedeutet, Scheibenwischfl\u00fcssigkeit nachzuf\u00fcllen, den \u00d6lstand zu \u00fcberpr\u00fcfen, die Reifen aufzupumpen und alles andere zu erledigen, was du vielleicht aufgeschoben hast.<\/span><\/li>\n<li><b>Lade Playlists herunter\u00a0<\/b><span style=\"font-weight: 400;\">Du kannst auch kreativ werden und deine eigene Playlist f\u00fcr die Reise erstellen. So stellst du sicher, dass du alle Songs magst, die du h\u00f6rst. Ich halte dies f\u00fcr eine weitere Notwendigkeit f\u00fcr Roadtrips, da es wahrscheinlich Orte gibt, an die du f\u00e4hrst, die kein Radiosignal empfangen.<\/span><\/li>\n<li><b>Wisse, wo sich die Tankstellen befinden\u00a0<\/b><span style=\"font-weight: 400;\">Wenn du durch gro\u00dfe St\u00e4dte f\u00e4hrst, wirst du keine Schwierigkeiten haben, Tankstellen zu finden. Auf der Landstra\u00dfe jedoch sind Tankstellen selten. Es ist besonders wichtig zu wissen, wo sich die Tankstellen befinden, da sie sp\u00e4rlich ges\u00e4t sind.\u00a0<\/span><\/li>\n<li><b>Lass die Dinge auf dich zukommen\u00a0<\/b><span style=\"font-weight: 400;\">Oft verl\u00e4uft eine Autoreise nicht ganz nach Plan. Zum Beispiel kannst du bei einer langen Reise nicht erwarten, jeden Tag p\u00fcnktlich zu sein. Es wird Verkehr oder gesperrte Stra\u00dfen geben, die du nehmen musst. Versuche, dich nicht zu stressen, und sieh es als Gelegenheit, ein Gebiet zu erkunden, das du noch nie gesehen hast.<\/span><\/li>\n<li><b>Wisse, wo sich dein Handbuch und deine Versicherung befinden\u00a0<\/b><span style=\"font-weight: 400;\">Du musst auch wissen, wo sich das Handbuch deines Autos befindet, egal ob du ein Auto mietest oder dein eigenes benutzt. Das hilft dir, Probleme schnell zu finden. Du musst auch wissen, wo deine Kfz-Versicherung ist, falls ein Unfall passiert. <\/span><\/li>\n<li><b>Erstelle eine Checkliste\u00a0<\/b><span style=\"font-weight: 400;\">Schreibe alles auf, was du tun oder einpacken musst. Du kannst dann jede erledigte Aufgabe abhaken, um deine Reise besser zu planen. <\/span><span style=\"font-weight: 400;\">task as it is completed to help you plan a road trip.<\/span><\/li>\n<\/ol>\n<p>&nbsp;<\/p>\n<p><b>Die Stra\u00dfenverkehrsordnung: 21 Regeln f\u00fcr die Stra\u00dfe\u00a0<\/b><\/p>\n<p><span style=\"font-weight: 400;\">Keine zwei Roadtrips sind gleich \u2013 au\u00dfer, dass sie alle lange Distanzen, hastige Mahlzeiten und Gruppen m\u00fcder, gelangweilter und gereizter Menschen beinhalten, die stundenlang auf engem Raum zusammen sind. Um alle gl\u00fccklich, friedlich und sicher zu halten, empfehlen wir, dass alle Roadtrips denselben Regeln unterliegen, die wir hier in keiner bestimmten Reihenfolge vorstellen. <\/span><\/p>\n<ol>\n<li style=\"font-weight: 400;\" aria-level=\"1\"><span style=\"font-weight: 400;\">Zun\u00e4chst muss jeder auf die Toilette gehen, bevor das Fahrzeug losf\u00e4hrt. <\/span><\/li>\n<li style=\"font-weight: 400;\" aria-level=\"1\"><span style=\"font-weight: 400;\">Der Fahrer w\u00e4hlt die Musik: Wer am Steuer sitzt, hat auch die Kontrolle \u00fcber das Radio, es sei denn, er \u00fcbertr\u00e4gt diese Macht an jemand anderen. Er oder sie beh\u00e4lt sich jedoch das Recht vor, sie jederzeit zur\u00fcckzunehmen. Wenn ein Radiosender mindestens zwei aufeinanderfolgende Songs von Styx, Warrant oder Limp Bizkit spielt, besagt ein obskures Seerecht, dass die Person, die in diesem Moment das Radio bedient, bis zur n\u00e4chsten Tankstelle im Kofferraum fahren muss.<\/span><\/li>\n<li style=\"font-weight: 400;\" aria-level=\"1\"><span style=\"font-weight: 400;\">Der Beifahrer \u2013 also die Person auf dem Beifahrersitz \u2013 muss jederzeit wach bleiben, Anweisungen geben, die Musik anpassen, dem Fahrer Pommes f\u00fcttern und ihn st\u00e4ndig versichern, dass seine ehemalige Liebe tats\u00e4chlich ein gro\u00dfer Verlierer ist. R\u00fccksitzpassagiere d\u00fcrfen schlafen, mit dem Verst\u00e4ndnis, dass ihre Haut, sobald sie eingeschlafen sind, als leere Leinwand gilt, auf der angehende T\u00e4towierer \u201eihre Magie wirken\u201c k\u00f6nnen, w\u00e4hrend wachsame Mitreisende das Handy des Schlafenden hacken, um gef\u00e4lschte SMS an deren Partner zu senden.<\/span><\/li>\n<li style=\"font-weight: 400;\" aria-level=\"1\"><span style=\"font-weight: 400;\">Alle Tankstopps sollten so effizient wie m\u00f6glich sein. Vermeide Tankstellen ohne Minimarkt oder solche, die nicht von der Autobahn aus sichtbar sind. Wenn jemand die Gruppe l\u00e4nger als f\u00fcnf Minuten warten l\u00e4sst, sollte der Fahrer das Auto hinter die Tankstelle fahren, um den Eindruck zu erwecken, dass die Person zur\u00fcckgelassen wurde.<\/span><\/li>\n<li style=\"font-weight: 400;\" aria-level=\"1\"><span style=\"font-weight: 400;\">Tankstopps bestehen aus: Tanken, Windschutzscheibe reinigen, Toilette, Snacks. Jeder macht mit \u2013 au\u00dfer, er schl\u00e4ft.<\/span><\/li>\n<li style=\"font-weight: 400;\" aria-level=\"1\"><span style=\"font-weight: 400;\">Restaurants sollten m\u00f6glichst in Sichtweite der Ausfahrt liegen, und Mahlzeiten sollten schnell eingenommen werden, um so bald wie m\u00f6glich wieder auf die Stra\u00dfe zu kommen.<\/span><\/li>\n<li style=\"font-weight: 400;\" aria-level=\"1\"><span style=\"font-weight: 400;\">Wenn die Zeit es erlaubt, verschwende keine Mahlzeit in einer Kettenrestaurant. Finde heraus, wo die Einheimischen essen, und geh dorthin. <\/span><span style=\"font-weight: 400;\">where the locals eat and go there. <\/span><\/li>\n<li style=\"font-weight: 400;\" aria-level=\"1\"><span style=\"font-weight: 400;\">Zul\u00e4ssige Snacks riechen nicht schlecht, sind nicht unordentlich und ben\u00f6tigen keine Servietten. Das reduziert deine Optionen auf fast nichts \u2013 was gut ist, denn es gibt kein wirklich akzeptables Essen f\u00fcr unterwegs.<\/span><\/li>\n<li style=\"font-weight: 400;\" aria-level=\"1\"><span style=\"font-weight: 400;\">Halte immer zus\u00e4tzliche Handt\u00fccher im Handschuhfach bereit \u2013 nur f\u00fcr den Fall. Feuchtt\u00fccher auch. <\/span><\/li>\n<li style=\"font-weight: 400;\" aria-level=\"1\"><span style=\"font-weight: 400;\">Vertraue niemals einem Motel, das weniger als 75 Dollar kostet. Sei skeptisch gegen\u00fcber allem, was weniger als 100 Dollar kostet. <\/span><\/li>\n<li style=\"font-weight: 400;\" aria-level=\"1\"><span style=\"font-weight: 400;\">Wenn du eine Radarfalle passierst, blinke mit den Scheinwerfern, um entgegenkommende Fahrer zu warnen.<\/span><\/li>\n<li style=\"font-weight: 400;\" aria-level=\"1\"><span style=\"font-weight: 400;\">Wenn du angehalten wirst, sei h\u00f6flich und \u00fcbergib deine Dokumente. Es ist besch\u00e4mend, zu jammern oder zu weinen \u2013 selbst, um Punkte zu sparen. <\/span><\/li>\n<li style=\"font-weight: 400;\" aria-level=\"1\"><span style=\"font-weight: 400;\">Bleibe nicht auf der linken Spur, es sei denn, du \u00fcberholst oder f\u00e4hrst schneller als der restliche Verkehr. Beschleunige nicht, wenn dich jemand \u00fcberholen will. Gib nach und fahr weiter. <\/span><\/li>\n<li style=\"font-weight: 400;\" aria-level=\"1\"><span style=\"font-weight: 400;\">Privatautos und Mietwagen sind sehr unterschiedliche Wesen. Das erstere sollte als Erweiterung des Zuhauses betrachtet werden; das letztere \u2013 nun ja, es ist ein Mietwagen.<\/span><\/li>\n<li style=\"font-weight: 400;\" aria-level=\"1\"><span style=\"font-weight: 400;\">Es gibt keine feste Regel, wie lange jemand fahren darf. Im Allgemeinen entscheidet der Fahrer, wann er das Steuer abgibt. Aber manche M\u00e4nner sind stur. Bedenke: Berufskraftfahrer d\u00fcrfen per Gesetz nur 11 von 14 Stunden fahren und m\u00fcssen dazwischen mindestens 30 Minuten Pause machen. Du bist kein Berufskraftfahrer. Wechsle den Fahrer beim ersten Anzeichen von M\u00fcdigkeit.<\/span><\/li>\n<li style=\"font-weight: 400;\" aria-level=\"1\"><span style=\"font-weight: 400;\">Toiletten an Rastst\u00e4tten sind fast immer sauberer als die an Tankstellen. Wenn du die Wahl hast, w\u00e4hle die erste Option. Alte Profis wissen jedoch: Nichts schl\u00e4gt die Sauberkeit und Ruhe einer \u00f6ffentlichen Bibliotheks- oder Museums-Toilette \u2013 auch ohne WLAN!\u00a0<\/span><\/li>\n<li style=\"font-weight: 400;\" aria-level=\"1\">Leere Zwei-Liter-Flaschen d\u00fcrfen nur in Notf\u00e4llen als mobile Toiletten verwendet werden. Das Risiko \u00fcberwiegt den Nutzen. Ein einziger Unfall kann die ganze Reise ruinieren.<\/li>\n<li style=\"font-weight: 400;\" aria-level=\"1\"><span style=\"font-weight: 400;\">Widerstehe dem Drang, anderen Fahrern Gesten zu zeigen \u2013 egal, was sie tun. Du wei\u00dft nie, was jemanden provozieren k\u00f6nnte. <\/span><\/li>\n<li style=\"font-weight: 400;\" aria-level=\"1\"><span style=\"font-weight: 400;\">Die Hupe sollte nur als Warnsignal verwendet werden, nicht als Ausdrucksform.<\/span><\/li>\n<li style=\"font-weight: 400;\" aria-level=\"1\"><span style=\"font-weight: 400;\">Die Zeit vergeht langsamer auf flachen, geraden Stra\u00dfenabschnitten \u2013 das ist wissenschaftlich bewiesen. Plane deine Fahr- und Ruhezeiten entsprechend; z. B. ist der Abschnitt zwischen Pennsylvania und Colorado gut f\u00fcr ein Nickerchen der Mitfahrer.<\/span><\/li>\n<li style=\"font-weight: 400;\" aria-level=\"1\"><span style=\"font-weight: 400;\">Kein Alkohol f\u00fcr irgendjemanden, auch nicht in Staaten, in denen Beifahrer trinken d\u00fcrfen. Es ist unfair gegen\u00fcber dem Fahrer, du wei\u00dft nie, wann du \u00fcbernehmen musst \u2013 und betrunkene Menschen sind unglaublich nervig.<\/span><\/li>\n<\/ol>\n\n\t\t<\/div>\n\t<\/div>\n<\/div><\/div><\/div><\/div><div class=\"vc_row-full-width vc_clearfix\"><\/div>\n<\/div>","protected":false},"excerpt":{"rendered":"Driving Tips and Rules Plan your stops in advance\u00a0Planning ahead increases productivity and results. You experience little or no stress and become more efficient. When you are able to carry out your plan, you are productive. Prepare your car\u00a0If you can't avoid breakdowns during your trip, you can try to prevent them by making sure [...]","protected":false},"author":7,"featured_media":0,"parent":0,"menu_order":0,"comment_status":"closed","ping_status":"closed","template":"","meta":{"_acf_changed":false,"inline_featured_image":false,"footnotes":""},"categories":[],"tags":[],"class_list":["post-11030","page","type-page","status-publish","hentry"],"acf":[],"yoast_head":"<!-- This site is optimized with the Yoast SEO plugin v27.3 - https:\/\/yoast.com\/product\/yoast-seo-wordpress\/ -->\n<title>Driving Tips and Rules<\/title>\n<meta name=\"description\" content=\"We are committed to safeguarding and conserving the natural and human resources of the communities for the enjoyment of current and future generations, both for tourists and locals.\" \/>\n<meta name=\"robots\" content=\"index, follow, max-snippet:-1, max-image-preview:large, max-video-preview:-1\" \/>\n<link rel=\"canonical\" href=\"https:\/\/madtoursandevents.com\/de\/driving-tips-and-rules\/\" \/>\n<meta property=\"og:locale\" content=\"de_DE\" \/>\n<meta property=\"og:type\" content=\"article\" \/>\n<meta property=\"og:title\" content=\"Driving Tips and Rules\" \/>\n<meta property=\"og:description\" content=\"We are committed to safeguarding and conserving the natural and human resources of the communities for the enjoyment of current and future generations, both for tourists and locals.\" \/>\n<meta property=\"og:url\" content=\"https:\/\/madtoursandevents.com\/de\/driving-tips-and-rules\/\" \/>\n<meta property=\"og:site_name\" content=\"Mad Tours &amp; Events\" \/>\n<meta property=\"article:publisher\" content=\"https:\/\/www.facebook.com\/madnewyorkcitytours\" \/>\n<meta property=\"article:modified_time\" content=\"2025-12-09T16:40:28+00:00\" \/>\n<meta property=\"og:image\" content=\"https:\/\/madtoursandevents.com\/wp-content\/uploads\/2024\/01\/DrivingTips-Image01-300x223.png\" \/>\n<meta name=\"twitter:card\" content=\"summary_large_image\" \/>\n<meta name=\"twitter:site\" content=\"@madfuntours\" \/>\n<meta name=\"twitter:label1\" content=\"Gesch\u00e4tzte Lesezeit\" \/>\n\t<meta name=\"twitter:data1\" content=\"25\u00a0Minuten\" \/>\n<script type=\"application\/ld+json\" class=\"yoast-schema-graph\">{\"@context\":\"https:\\\/\\\/schema.org\",\"@graph\":[{\"@type\":\"WebPage\",\"@id\":\"https:\\\/\\\/madtoursandevents.com\\\/driving-tips-and-rules\\\/\",\"url\":\"https:\\\/\\\/madtoursandevents.com\\\/driving-tips-and-rules\\\/\",\"name\":\"Driving Tips and Rules\",\"isPartOf\":{\"@id\":\"https:\\\/\\\/madtoursandevents.com\\\/#website\"},\"primaryImageOfPage\":{\"@id\":\"https:\\\/\\\/madtoursandevents.com\\\/driving-tips-and-rules\\\/#primaryimage\"},\"image\":{\"@id\":\"https:\\\/\\\/madtoursandevents.com\\\/driving-tips-and-rules\\\/#primaryimage\"},\"thumbnailUrl\":\"https:\\\/\\\/madtoursandevents.com\\\/wp-content\\\/uploads\\\/2024\\\/01\\\/DrivingTips-Image01-300x223.png\",\"datePublished\":\"2024-01-04T17:03:30+00:00\",\"dateModified\":\"2025-12-09T16:40:28+00:00\",\"description\":\"We are committed to safeguarding and conserving the natural and human resources of the communities for the enjoyment of current and future generations, both for tourists and locals.\",\"breadcrumb\":{\"@id\":\"https:\\\/\\\/madtoursandevents.com\\\/driving-tips-and-rules\\\/#breadcrumb\"},\"inLanguage\":\"de\",\"potentialAction\":[{\"@type\":\"ReadAction\",\"target\":[\"https:\\\/\\\/madtoursandevents.com\\\/driving-tips-and-rules\\\/\"]}]},{\"@type\":\"ImageObject\",\"inLanguage\":\"de\",\"@id\":\"https:\\\/\\\/madtoursandevents.com\\\/driving-tips-and-rules\\\/#primaryimage\",\"url\":\"https:\\\/\\\/madtoursandevents.com\\\/wp-content\\\/uploads\\\/2024\\\/01\\\/DrivingTips-Image01-300x223.png\",\"contentUrl\":\"https:\\\/\\\/madtoursandevents.com\\\/wp-content\\\/uploads\\\/2024\\\/01\\\/DrivingTips-Image01-300x223.png\"},{\"@type\":\"BreadcrumbList\",\"@id\":\"https:\\\/\\\/madtoursandevents.com\\\/driving-tips-and-rules\\\/#breadcrumb\",\"itemListElement\":[{\"@type\":\"ListItem\",\"position\":1,\"name\":\"Home\",\"item\":\"https:\\\/\\\/madtoursandevents.com\\\/\"},{\"@type\":\"ListItem\",\"position\":2,\"name\":\"Driving Tips and Rules\"}]},{\"@type\":\"WebSite\",\"@id\":\"https:\\\/\\\/madtoursandevents.com\\\/#website\",\"url\":\"https:\\\/\\\/madtoursandevents.com\\\/\",\"name\":\"Mad Tours & Events\",\"description\":\"\",\"publisher\":{\"@id\":\"https:\\\/\\\/madtoursandevents.com\\\/#organization\"},\"potentialAction\":[{\"@type\":\"SearchAction\",\"target\":{\"@type\":\"EntryPoint\",\"urlTemplate\":\"https:\\\/\\\/madtoursandevents.com\\\/?s={search_term_string}\"},\"query-input\":{\"@type\":\"PropertyValueSpecification\",\"valueRequired\":true,\"valueName\":\"search_term_string\"}}],\"inLanguage\":\"de\"},{\"@type\":\"Organization\",\"@id\":\"https:\\\/\\\/madtoursandevents.com\\\/#organization\",\"name\":\"Mad Tours & Events\",\"url\":\"https:\\\/\\\/madtoursandevents.com\\\/\",\"logo\":{\"@type\":\"ImageObject\",\"inLanguage\":\"de\",\"@id\":\"https:\\\/\\\/madtoursandevents.com\\\/#\\\/schema\\\/logo\\\/image\\\/\",\"url\":\"https:\\\/\\\/madtoursandevents.com\\\/wp-content\\\/uploads\\\/2021\\\/08\\\/Logo.png\",\"contentUrl\":\"https:\\\/\\\/madtoursandevents.com\\\/wp-content\\\/uploads\\\/2021\\\/08\\\/Logo.png\",\"width\":204,\"height\":55,\"caption\":\"Mad Tours & Events\"},\"image\":{\"@id\":\"https:\\\/\\\/madtoursandevents.com\\\/#\\\/schema\\\/logo\\\/image\\\/\"},\"sameAs\":[\"https:\\\/\\\/www.facebook.com\\\/madnewyorkcitytours\",\"https:\\\/\\\/x.com\\\/madfuntours\"]}]}<\/script>\n<!-- \/ Yoast SEO plugin. -->","yoast_head_json":{"title":"FAHRTIPPS UND REGELN","description":"We are committed to safeguarding and conserving the natural and human resources of the communities for the enjoyment of current and future generations, both for tourists and locals.","robots":{"index":"index","follow":"follow","max-snippet":"max-snippet:-1","max-image-preview":"max-image-preview:large","max-video-preview":"max-video-preview:-1"},"canonical":"https:\/\/madtoursandevents.com\/de\/driving-tips-and-rules\/","og_locale":"de_DE","og_type":"article","og_title":"Driving Tips and Rules","og_description":"We are committed to safeguarding and conserving the natural and human resources of the communities for the enjoyment of current and future generations, both for tourists and locals.","og_url":"https:\/\/madtoursandevents.com\/de\/driving-tips-and-rules\/","og_site_name":"Mad Tours &amp; Events","article_publisher":"https:\/\/www.facebook.com\/madnewyorkcitytours","article_modified_time":"2025-12-09T16:40:28+00:00","og_image":[{"url":"https:\/\/madtoursandevents.com\/wp-content\/uploads\/2024\/01\/DrivingTips-Image01-300x223.png","type":"","width":"","height":""}],"twitter_card":"summary_large_image","twitter_site":"@madfuntours","twitter_misc":{"Gesch\u00e4tzte Lesezeit":"25\u00a0Minuten"},"schema":{"@context":"https:\/\/schema.org","@graph":[{"@type":"WebPage","@id":"https:\/\/madtoursandevents.com\/driving-tips-and-rules\/","url":"https:\/\/madtoursandevents.com\/driving-tips-and-rules\/","name":"FAHRTIPPS UND REGELN","isPartOf":{"@id":"https:\/\/madtoursandevents.com\/#website"},"primaryImageOfPage":{"@id":"https:\/\/madtoursandevents.com\/driving-tips-and-rules\/#primaryimage"},"image":{"@id":"https:\/\/madtoursandevents.com\/driving-tips-and-rules\/#primaryimage"},"thumbnailUrl":"https:\/\/madtoursandevents.com\/wp-content\/uploads\/2024\/01\/DrivingTips-Image01-300x223.png","datePublished":"2024-01-04T17:03:30+00:00","dateModified":"2025-12-09T16:40:28+00:00","description":"We are committed to safeguarding and conserving the natural and human resources of the communities for the enjoyment of current and future generations, both for tourists and locals.","breadcrumb":{"@id":"https:\/\/madtoursandevents.com\/driving-tips-and-rules\/#breadcrumb"},"inLanguage":"de","potentialAction":[{"@type":"ReadAction","target":["https:\/\/madtoursandevents.com\/driving-tips-and-rules\/"]}]},{"@type":"ImageObject","inLanguage":"de","@id":"https:\/\/madtoursandevents.com\/driving-tips-and-rules\/#primaryimage","url":"https:\/\/madtoursandevents.com\/wp-content\/uploads\/2024\/01\/DrivingTips-Image01-300x223.png","contentUrl":"https:\/\/madtoursandevents.com\/wp-content\/uploads\/2024\/01\/DrivingTips-Image01-300x223.png"},{"@type":"BreadcrumbList","@id":"https:\/\/madtoursandevents.com\/driving-tips-and-rules\/#breadcrumb","itemListElement":[{"@type":"ListItem","position":1,"name":"Home","item":"https:\/\/madtoursandevents.com\/"},{"@type":"ListItem","position":2,"name":"Driving Tips and Rules"}]},{"@type":"WebSite","@id":"https:\/\/madtoursandevents.com\/#website","url":"https:\/\/madtoursandevents.com\/","name":"Mad Tours & Events","description":"","publisher":{"@id":"https:\/\/madtoursandevents.com\/#organization"},"potentialAction":[{"@type":"SearchAction","target":{"@type":"EntryPoint","urlTemplate":"https:\/\/madtoursandevents.com\/?s={search_term_string}"},"query-input":{"@type":"PropertyValueSpecification","valueRequired":true,"valueName":"search_term_string"}}],"inLanguage":"de"},{"@type":"Organization","@id":"https:\/\/madtoursandevents.com\/#organization","name":"Mad Tours & Events","url":"https:\/\/madtoursandevents.com\/","logo":{"@type":"ImageObject","inLanguage":"de","@id":"https:\/\/madtoursandevents.com\/#\/schema\/logo\/image\/","url":"https:\/\/madtoursandevents.com\/wp-content\/uploads\/2021\/08\/Logo.png","contentUrl":"https:\/\/madtoursandevents.com\/wp-content\/uploads\/2021\/08\/Logo.png","width":204,"height":55,"caption":"Mad Tours & Events"},"image":{"@id":"https:\/\/madtoursandevents.com\/#\/schema\/logo\/image\/"},"sameAs":["https:\/\/www.facebook.com\/madnewyorkcitytours","https:\/\/x.com\/madfuntours"]}]}},"_links":{"self":[{"href":"https:\/\/madtoursandevents.com\/de\/wp-json\/wp\/v2\/pages\/11030","targetHints":{"allow":["GET"]}}],"collection":[{"href":"https:\/\/madtoursandevents.com\/de\/wp-json\/wp\/v2\/pages"}],"about":[{"href":"https:\/\/madtoursandevents.com\/de\/wp-json\/wp\/v2\/types\/page"}],"author":[{"embeddable":true,"href":"https:\/\/madtoursandevents.com\/de\/wp-json\/wp\/v2\/users\/7"}],"replies":[{"embeddable":true,"href":"https:\/\/madtoursandevents.com\/de\/wp-json\/wp\/v2\/comments?post=11030"}],"version-history":[{"count":9,"href":"https:\/\/madtoursandevents.com\/de\/wp-json\/wp\/v2\/pages\/11030\/revisions"}],"predecessor-version":[{"id":13474,"href":"https:\/\/madtoursandevents.com\/de\/wp-json\/wp\/v2\/pages\/11030\/revisions\/13474"}],"wp:attachment":[{"href":"https:\/\/madtoursandevents.com\/de\/wp-json\/wp\/v2\/media?parent=11030"}],"wp:term":[{"taxonomy":"category","embeddable":true,"href":"https:\/\/madtoursandevents.com\/de\/wp-json\/wp\/v2\/categories?post=11030"},{"taxonomy":"post_tag","embeddable":true,"href":"https:\/\/madtoursandevents.com\/de\/wp-json\/wp\/v2\/tags?post=11030"}],"curies":[{"name":"wp","href":"https:\/\/api.w.org\/{rel}","templated":true}]}}