{"id":10880,"date":"2024-01-04T07:00:41","date_gmt":"2024-01-04T07:00:41","guid":{"rendered":"https:\/\/madtoursandevents.com\/?page_id=10880"},"modified":"2025-12-09T16:36:57","modified_gmt":"2025-12-09T16:36:57","slug":"health-and-safety-in-the-united-states","status":"publish","type":"page","link":"https:\/\/madtoursandevents.com\/de\/health-and-safety-in-the-united-states\/","title":{"rendered":"GESUNDHEIT UND SICHERHEIT IN DEN VEREINIGTEN STAATEN"},"content":{"rendered":"<div class=\"wpb-content-wrapper\"><div id=\"sus-banner-row\" data-vc-full-width=\"true\" data-vc-full-width-temp=\"true\" data-vc-full-width-init=\"false\" data-vc-stretch-content=\"true\" class=\"vc_row wpb_row vc_row-fluid slider-rev mtt-title-img-row vc_row-no-padding\"><div class=\"mtt-title-img-col wpb_column vc_column_container vc_col-sm-12\"><div class=\"vc_column-inner\"><div class=\"wpb_wrapper\">\n\t<div id=\"sus-banner\" class=\"wpb_single_image wpb_content_element vc_align_left wpb_content_element vc_custom_1704351493403  mtt-title-img\">\n\t\t\n\t\t<figure class=\"wpb_wrapper vc_figure\">\n\t\t\t<div class=\"vc_single_image-wrapper   vc_box_border_grey\"><img loading=\"lazy\" decoding=\"async\" width=\"1400\" height=\"450\" src=\"https:\/\/madtoursandevents.com\/wp-content\/uploads\/2024\/01\/HealthSafetyUS-Banner.jpg\" class=\"vc_single_image-img attachment-full\" alt=\"\" title=\"HealthSafetyUS-Banner\" srcset=\"https:\/\/madtoursandevents.com\/wp-content\/uploads\/2024\/01\/HealthSafetyUS-Banner.jpg 1400w, https:\/\/madtoursandevents.com\/wp-content\/uploads\/2024\/01\/HealthSafetyUS-Banner-300x96.jpg 300w, https:\/\/madtoursandevents.com\/wp-content\/uploads\/2024\/01\/HealthSafetyUS-Banner-1024x329.jpg 1024w, https:\/\/madtoursandevents.com\/wp-content\/uploads\/2024\/01\/HealthSafetyUS-Banner-768x247.jpg 768w, https:\/\/madtoursandevents.com\/wp-content\/uploads\/2024\/01\/HealthSafetyUS-Banner-18x6.jpg 18w, https:\/\/madtoursandevents.com\/wp-content\/uploads\/2024\/01\/HealthSafetyUS-Banner-600x193.jpg 600w, https:\/\/madtoursandevents.com\/wp-content\/uploads\/2024\/01\/HealthSafetyUS-Banner-100x32.jpg 100w\" sizes=\"auto, (max-width: 1400px) 100vw, 1400px\" \/><\/div>\n\t\t<\/figure>\n\t<\/div>\n<\/div><\/div><\/div><\/div><div class=\"vc_row-full-width vc_clearfix\"><\/div><div class=\"vc_row wpb_row vc_row-fluid main-dropdown-img dtt-dropdown-img\"><div class=\"wpb_column vc_column_container vc_col-sm-12\"><div class=\"vc_column-inner\"><div class=\"wpb_wrapper\">\n\t<div id=\"down-arrow-icon\" class=\"wpb_single_image wpb_content_element vc_align_center wpb_content_element  sus-down-arrow\">\n\t\t\n\t\t<figure class=\"wpb_wrapper vc_figure\">\n\t\t\t<a href=\"#sec1\" target=\"_self\" class=\"vc_single_image-wrapper   vc_box_border_grey\"><img loading=\"lazy\" decoding=\"async\" width=\"94\" height=\"94\" src=\"https:\/\/madtoursandevents.com\/wp-content\/uploads\/2021\/08\/main-drop-arrow.png\" class=\"vc_single_image-img attachment-full\" alt=\"purple down Arrow Icon in Small Size\" title=\"main-drop-arrow\" \/><\/a>\n\t\t<\/figure>\n\t<\/div>\n<\/div><\/div><\/div><\/div><div class=\"vc_row wpb_row vc_row-fluid\"><div class=\"wpb_column vc_column_container vc_col-sm-12\"><div class=\"vc_column-inner\"><div class=\"wpb_wrapper\">\n\t<div  class=\"wpb_single_image wpb_content_element vc_align_center wpb_content_element  3lines\">\n\t\t\n\t\t<figure class=\"wpb_wrapper vc_figure\">\n\t\t\t<div class=\"vc_single_image-wrapper   vc_box_border_grey\"><img loading=\"lazy\" decoding=\"async\" width=\"121\" height=\"14\" src=\"https:\/\/madtoursandevents.com\/wp-content\/uploads\/2021\/08\/All-Lines.png\" class=\"vc_single_image-img attachment-full\" alt=\"Three orange color link with no background\" title=\"All Lines\" \/><\/div>\n\t\t<\/figure>\n\t<\/div>\n<\/div><\/div><\/div><\/div><div id=\"sec1\" data-vc-full-width=\"true\" data-vc-full-width-temp=\"true\" data-vc-full-width-init=\"false\" class=\"vc_row wpb_row vc_row-fluid dtt-cvd-bg dtt-cv-bg\"><div class=\"dtt-cv-p wpb_column vc_column_container vc_col-sm-12\"><div class=\"vc_column-inner\"><div class=\"wpb_wrapper\">\n\t<div class=\"wpb_text_column wpb_content_element\" id=\"complain-description-eng\">\n\t\t<div class=\"wpb_wrapper\">\n\t\t\t<h2 id=\"sus-desc-title\" style=\"font-weight: 400; text-align: center;\"><strong>GESUNDHEIT UND SICHERHEIT IN DEN VEREINIGTEN STAATEN<\/strong><\/h2>\n<p><strong><img loading=\"lazy\" decoding=\"async\" class=\"health-safety-us-img wp-image-10882 alignright\" src=\"https:\/\/madtoursandevents.com\/wp-content\/uploads\/2024\/01\/HealthSafetyUS-Image01-300x185.png\" alt=\"\" width=\"500\" height=\"308\" srcset=\"https:\/\/madtoursandevents.com\/wp-content\/uploads\/2024\/01\/HealthSafetyUS-Image01-300x185.png 300w, https:\/\/madtoursandevents.com\/wp-content\/uploads\/2024\/01\/HealthSafetyUS-Image01-768x473.png 768w, https:\/\/madtoursandevents.com\/wp-content\/uploads\/2024\/01\/HealthSafetyUS-Image01-18x12.png 18w, https:\/\/madtoursandevents.com\/wp-content\/uploads\/2024\/01\/HealthSafetyUS-Image01-600x369.png 600w, https:\/\/madtoursandevents.com\/wp-content\/uploads\/2024\/01\/HealthSafetyUS-Image01-100x62.png 100w, https:\/\/madtoursandevents.com\/wp-content\/uploads\/2024\/01\/HealthSafetyUS-Image01.png 780w\" sizes=\"auto, (max-width: 500px) 100vw, 500px\" \/><\/strong><\/p>\n<p style=\"font-weight: 400;\">Gut vorbereitet zu sein, ist die Vorraussetzung einer gelungenen Reise \u2013 besonders in Bezug auf Ihre Gesundheit und Sicherheit. Auch wenn wir hoffen, dass Ihr Aufenthalt in den USA sicher und unfallfrei verl\u00e4uft, k\u00f6nnen unvorhergesehene Ereignisse w\u00e4hrend der Reise auftreten. Sollten Sie w\u00e4hrend Ihres Besuchs in den USA in eine Notlage geraten, verf\u00fcgt das Land \u00fcber ein umfangreiches und hochentwickeltes Notfallmanagementsystem.<\/p>\n<p>&nbsp;<\/p>\n<p style=\"font-weight: 400;\">Sollten Sie w\u00e4hrend Ihrer Reise erkranken, bieten die Vereinigten Staaten viele leicht zug\u00e4ngliche M\u00f6glichkeiten f\u00fcr kurzfristige und langfristige medizinische Hilfe sowie verschiedene Reiseversicherungen, um sicherzustellen, dass Sie im Notfall abgesichert sind.<\/p>\n<p>&nbsp;<\/p>\n<p style=\"font-weight: 400;\">Die USA verf\u00fcgen \u00fcber einen hohen Standard im Gesundheitswesen, aber es ist wichtig, eine ausreichende Reiseversicherung zu haben, die medizinische Notf\u00e4lle abdeckt. Denken Sie daran, dass Gesundheitsversorgung teuer sein kann \u2013 daher ist es entscheidend, Ihre Versicherungsdeckung genau zu kennen. Es ist au\u00dferdem ratsam, sich \u00fcber lokale Gesundheitsrichtlinien und Impfanforderungen zu informieren, insbesondere im Zusammenhang mit aktuellen Gesundheitskrisen.<\/p>\n<p>&nbsp;<\/p>\n<p style=\"font-weight: 400;\">W\u00e4hrend Ihrer Reise sollten Sie auf gute Hygienema\u00dfnahmen achten, wie h\u00e4ufiges H\u00e4ndewaschen und die Verwendung von Handdesinfektionsmitteln. Achten Sie auf Ihre Umgebung, behalten Sie Ihre Wertsachen im Auge und vermeiden Sie es, allein in unbekannten oder schlecht beleuchteten Gegenden zu gehen, insbesondere nachts. Befolgen Sie au\u00dferdem die \u00f6rtlichen Gesetze und Vorschriften, wie Geschwindigkeitsbegrenzungen und Anschnallpflicht, um Ihre Sicherheit im Stra\u00dfenverkehr zu gew\u00e4hrleisten. Wenn Sie diese Vorsichtsma\u00dfnahmen befolgen, tragen Sie zu einem sicheren und angenehmen Aufenthalt in den Vereinigten Staaten bei.<\/p>\n<p>&nbsp;<\/p>\n<p style=\"font-weight: 400;\">Um sicherzustellen, dass Ihr Aufenthalt in den USA sicher und angenehm verl\u00e4uft, finden Sie hier einen kurzen Leitfaden zu Gesundheit und Sicherheit in den Vereinigten Staaten:<\/p>\n<p>&nbsp;<\/p>\n<p style=\"font-weight: 400;\">Notrufnummer: 911<\/p>\n<hr \/>\n<p>&nbsp;<\/p>\n<p style=\"font-weight: 400;\"><strong>Medizinische Versorgungsm\u00f6glichkeiten f\u00fcr Reisende in den USA<\/strong><\/p>\n<p style=\"font-weight: 400;\">Wenn Sie w\u00e4hrend Ihrer Reise in den Vereinigten Staaten medizinische Hilfe ben\u00f6tigen, gibt es viele M\u00f6glichkeiten. \u00dcberpr\u00fcfen Sie vor Ihrer Abreise mit Ihrem Krankenversicherer, ob Ihre Versicherung auch in den USA gilt. Wenn ja, f\u00fchren Sie Ihre Versicherungskarte stets bei sich. Wenn nicht, sollten Sie eine tempor\u00e4re oder Reiseversicherung abschlie\u00dfen, die Sie w\u00e4hrend Ihrer Reise absichert. Die Kosten f\u00fcr medizinische Versorgung k\u00f6nnen hoch sein, wenn Sie nicht ausreichend versichert sind. Pr\u00fcfen Sie auch, ob Ihre Versicherung im Notfall eine medizinische R\u00fcckf\u00fchrung in Ihr Heimatland abdeckt.<\/p>\n<p>&nbsp;<\/p>\n<ul style=\"font-weight: 400;\">\n<li><strong>Krankenh\u00e4user<\/strong><\/li>\n<\/ul>\n<p style=\"font-weight: 400;\">Alle gr\u00f6\u00dferen St\u00e4dte und die meisten Gemeinden verf\u00fcgen \u00fcber ein oder mehrere Krankenh\u00e4user. Stellen Sie sicher, dass Sie die Namen der Krankenh\u00e4user in den Gebieten kennen, in denen Sie reisen. Die Rezeption der meisten Unterk\u00fcnfte f\u00fchrt eine Liste der \u00f6rtlichen Krankenh\u00e4user.<strong>\u00a0<\/strong><\/p>\n<p>&nbsp;<\/p>\n<ul style=\"font-weight: 400;\">\n<li><strong>Gesundheitskliniken und Notfallzentren (Urgent Care Centers)<\/strong><\/li>\n<\/ul>\n<p style=\"font-weight: 400;\">Gesundheitskliniken und Notfallzentren sind daf\u00fcr vorgesehen, Patienten mit nicht lebensbedrohlichen Krankheiten oder Verletzungen zu behandeln. Viele Apotheken verf\u00fcgen ebenfalls \u00fcber sogenannte \u201eWalk-in Clinics\u201c, die von medizinischem Fachpersonal betreut werden. Das Hotelpersonal oder Ihr Gastgeber kann Ihnen oft den Weg zur n\u00e4chstgelegenen Gesundheitseinrichtung zeigen.<\/p>\n<hr \/>\n<p>&nbsp;<\/p>\n<p style=\"font-weight: 400;\"><strong>Notfallma\u00dfnahmen f\u00fcr Besucher<\/strong><\/p>\n<p>&nbsp;<\/p>\n<ul>\n<li style=\"font-weight: 400;\"><strong>Naturkatastrophen<\/strong><\/li>\n<\/ul>\n<p style=\"font-weight: 400;\">Im Falle einer Naturkatastrophe \u2013 wie einer \u00dcberschwemmung, einem Tornado, Hurrikan oder Erdbeben \u2013 verf\u00fcgen die Vereinigten Staaten \u00fcber ein komplexes Notfallmanagementsystem, das Bundes-, Landes- und Kommunalbeh\u00f6rden einbezieht. Auf der Website des US-Gesundheitsministeriums (U.S. Department of Health and Human Services) finden Sie Informationen zu Naturkatastrophen oder gesundheitlichen Notf\u00e4llen. <br><br>\n\nNotf\u00e4lle <br><br>\n\nIn den Vereinigten Staaten ist 911 die allgemeine Notrufnummer und kann kostenlos von jedem Telefon aus gew\u00e4hlt werden. Die 911-Operatoren sind geschult, um im Bedarfsfall Polizei, Feuerwehr oder Rettungsdienst zu alarmieren. Z\u00f6gern Sie nicht, 911 bei einem medizinischen Notfall anzurufen. Diese Nummer wird auch bei Verkehrsunf\u00e4llen, laufenden Straftaten und Br\u00e4nden verwendet. Wenn Sie kein Englisch sprechen, k\u00f6nnen Sie \u00dcbersetzungsdienste anfordern. Es ist nicht m\u00f6glich, eine SMS an 911 zu senden, um einen Notfall zu melden \u2013 Sie m\u00fcssen anrufen.<\/p>\n<p>&nbsp;<\/p>\n<ul>\n<li style=\"font-weight: 400;\"><strong> Notfallbenachrichtigungen<\/strong><\/li>\n<\/ul>\n<p style=\"font-weight: 400;\">Erkundigen Sie sich bei Ihrem Gastgeber oder h\u00f6ren Sie lokale Medien, um \u00fcber Notf\u00e4lle informiert zu bleiben. Einige Mobilfunkanbieter versenden Notfallwarnungen, um Kunden \u00fcber Gefahren f\u00fcr die \u00f6ffentliche Sicherheit wie Unwetter, Chemieunf\u00e4lle oder Amber Alerts (Entf\u00fchrungswarnungen) zu informieren. Erkundigen Sie sich bei Ihrem Mobilfunkanbieter, ob Notfallwarnungen auch bei internationalen Reisen verf\u00fcgbar sind. Wichtig<\/p>\n<p>&nbsp;<\/p>\n<p style=\"font-weight: 400;\"><strong>Telefonnummern<\/strong><\/p>\n<ul>\n<li style=\"font-weight: 400;\">Notruf (Polizei\/Feuerwehr\/Rettungsdienst): 911<\/li>\n<li style=\"font-weight: 400;\">Lokale Telefonauskunft: 411<\/li>\n<li style=\"font-weight: 400;\">Verkehr \/ Stra\u00dfenbau auf Autobahnen: 511<\/li>\n<\/ul>\n\n\t\t<\/div>\n\t<\/div>\n<\/div><\/div><\/div><\/div><div class=\"vc_row-full-width vc_clearfix\"><\/div>\n<\/div>","protected":false},"excerpt":{"rendered":"HEALTH AND SAFETY IN THE UNITED STATES Being prepared is the hallmark of a good trip especially in terms of your health and safety. While we hope that your visit to the USA is a safe and accident-free one, unplanned incidents may happen while traveling. Should you encounter an emergency while visiting the USA, the [...]","protected":false},"author":7,"featured_media":0,"parent":0,"menu_order":0,"comment_status":"closed","ping_status":"closed","template":"","meta":{"_acf_changed":false,"inline_featured_image":false,"footnotes":""},"categories":[],"tags":[],"class_list":["post-10880","page","type-page","status-publish","hentry"],"acf":[],"yoast_head":"<!-- This site is optimized with the Yoast SEO plugin v27.3 - https:\/\/yoast.com\/product\/yoast-seo-wordpress\/ -->\n<title>HEALTH AND SAFETY IN THE UNITED STATES<\/title>\n<meta name=\"description\" content=\"We are committed to safeguarding and conserving the natural and human resources of the communities for the enjoyment of current and future generations, both for tourists and locals.\" \/>\n<meta name=\"robots\" content=\"index, follow, max-snippet:-1, max-image-preview:large, max-video-preview:-1\" \/>\n<link rel=\"canonical\" href=\"https:\/\/madtoursandevents.com\/de\/health-and-safety-in-the-united-states\/\" \/>\n<meta property=\"og:locale\" content=\"de_DE\" \/>\n<meta property=\"og:type\" content=\"article\" \/>\n<meta property=\"og:title\" content=\"HEALTH AND SAFETY IN THE UNITED STATES\" \/>\n<meta property=\"og:description\" content=\"We are committed to safeguarding and conserving the natural and human resources of the communities for the enjoyment of current and future generations, both for tourists and locals.\" \/>\n<meta property=\"og:url\" content=\"https:\/\/madtoursandevents.com\/de\/health-and-safety-in-the-united-states\/\" \/>\n<meta property=\"og:site_name\" content=\"Mad Tours &amp; Events\" \/>\n<meta property=\"article:publisher\" content=\"https:\/\/www.facebook.com\/madnewyorkcitytours\" \/>\n<meta property=\"article:modified_time\" content=\"2025-12-09T16:36:57+00:00\" \/>\n<meta property=\"og:image\" content=\"https:\/\/madtoursandevents.com\/wp-content\/uploads\/2024\/01\/HealthSafetyUS-Image01-300x185.png\" \/>\n<meta name=\"twitter:card\" content=\"summary_large_image\" \/>\n<meta name=\"twitter:site\" content=\"@madfuntours\" \/>\n<meta name=\"twitter:label1\" content=\"Gesch\u00e4tzte Lesezeit\" \/>\n\t<meta name=\"twitter:data1\" content=\"14\u00a0Minuten\" \/>\n<script type=\"application\/ld+json\" class=\"yoast-schema-graph\">{\"@context\":\"https:\\\/\\\/schema.org\",\"@graph\":[{\"@type\":\"WebPage\",\"@id\":\"https:\\\/\\\/madtoursandevents.com\\\/health-and-safety-in-the-united-states\\\/\",\"url\":\"https:\\\/\\\/madtoursandevents.com\\\/health-and-safety-in-the-united-states\\\/\",\"name\":\"HEALTH AND SAFETY IN THE UNITED STATES\",\"isPartOf\":{\"@id\":\"https:\\\/\\\/madtoursandevents.com\\\/#website\"},\"primaryImageOfPage\":{\"@id\":\"https:\\\/\\\/madtoursandevents.com\\\/health-and-safety-in-the-united-states\\\/#primaryimage\"},\"image\":{\"@id\":\"https:\\\/\\\/madtoursandevents.com\\\/health-and-safety-in-the-united-states\\\/#primaryimage\"},\"thumbnailUrl\":\"https:\\\/\\\/madtoursandevents.com\\\/wp-content\\\/uploads\\\/2024\\\/01\\\/HealthSafetyUS-Image01-300x185.png\",\"datePublished\":\"2024-01-04T07:00:41+00:00\",\"dateModified\":\"2025-12-09T16:36:57+00:00\",\"description\":\"We are committed to safeguarding and conserving the natural and human resources of the communities for the enjoyment of current and future generations, both for tourists and locals.\",\"breadcrumb\":{\"@id\":\"https:\\\/\\\/madtoursandevents.com\\\/health-and-safety-in-the-united-states\\\/#breadcrumb\"},\"inLanguage\":\"de\",\"potentialAction\":[{\"@type\":\"ReadAction\",\"target\":[\"https:\\\/\\\/madtoursandevents.com\\\/health-and-safety-in-the-united-states\\\/\"]}]},{\"@type\":\"ImageObject\",\"inLanguage\":\"de\",\"@id\":\"https:\\\/\\\/madtoursandevents.com\\\/health-and-safety-in-the-united-states\\\/#primaryimage\",\"url\":\"https:\\\/\\\/madtoursandevents.com\\\/wp-content\\\/uploads\\\/2024\\\/01\\\/HealthSafetyUS-Image01-300x185.png\",\"contentUrl\":\"https:\\\/\\\/madtoursandevents.com\\\/wp-content\\\/uploads\\\/2024\\\/01\\\/HealthSafetyUS-Image01-300x185.png\"},{\"@type\":\"BreadcrumbList\",\"@id\":\"https:\\\/\\\/madtoursandevents.com\\\/health-and-safety-in-the-united-states\\\/#breadcrumb\",\"itemListElement\":[{\"@type\":\"ListItem\",\"position\":1,\"name\":\"Home\",\"item\":\"https:\\\/\\\/madtoursandevents.com\\\/\"},{\"@type\":\"ListItem\",\"position\":2,\"name\":\"HEALTH AND SAFETY IN THE UNITED STATES\"}]},{\"@type\":\"WebSite\",\"@id\":\"https:\\\/\\\/madtoursandevents.com\\\/#website\",\"url\":\"https:\\\/\\\/madtoursandevents.com\\\/\",\"name\":\"Mad Tours & Events\",\"description\":\"\",\"publisher\":{\"@id\":\"https:\\\/\\\/madtoursandevents.com\\\/#organization\"},\"potentialAction\":[{\"@type\":\"SearchAction\",\"target\":{\"@type\":\"EntryPoint\",\"urlTemplate\":\"https:\\\/\\\/madtoursandevents.com\\\/?s={search_term_string}\"},\"query-input\":{\"@type\":\"PropertyValueSpecification\",\"valueRequired\":true,\"valueName\":\"search_term_string\"}}],\"inLanguage\":\"de\"},{\"@type\":\"Organization\",\"@id\":\"https:\\\/\\\/madtoursandevents.com\\\/#organization\",\"name\":\"Mad Tours & Events\",\"url\":\"https:\\\/\\\/madtoursandevents.com\\\/\",\"logo\":{\"@type\":\"ImageObject\",\"inLanguage\":\"de\",\"@id\":\"https:\\\/\\\/madtoursandevents.com\\\/#\\\/schema\\\/logo\\\/image\\\/\",\"url\":\"https:\\\/\\\/madtoursandevents.com\\\/wp-content\\\/uploads\\\/2021\\\/08\\\/Logo.png\",\"contentUrl\":\"https:\\\/\\\/madtoursandevents.com\\\/wp-content\\\/uploads\\\/2021\\\/08\\\/Logo.png\",\"width\":204,\"height\":55,\"caption\":\"Mad Tours & Events\"},\"image\":{\"@id\":\"https:\\\/\\\/madtoursandevents.com\\\/#\\\/schema\\\/logo\\\/image\\\/\"},\"sameAs\":[\"https:\\\/\\\/www.facebook.com\\\/madnewyorkcitytours\",\"https:\\\/\\\/x.com\\\/madfuntours\"]}]}<\/script>\n<!-- \/ Yoast SEO plugin. -->","yoast_head_json":{"title":"GESUNDHEIT UND SICHERHEIT IN DEN VEREINIGTEN STAATEN","description":"We are committed to safeguarding and conserving the natural and human resources of the communities for the enjoyment of current and future generations, both for tourists and locals.","robots":{"index":"index","follow":"follow","max-snippet":"max-snippet:-1","max-image-preview":"max-image-preview:large","max-video-preview":"max-video-preview:-1"},"canonical":"https:\/\/madtoursandevents.com\/de\/health-and-safety-in-the-united-states\/","og_locale":"de_DE","og_type":"article","og_title":"HEALTH AND SAFETY IN THE UNITED STATES","og_description":"We are committed to safeguarding and conserving the natural and human resources of the communities for the enjoyment of current and future generations, both for tourists and locals.","og_url":"https:\/\/madtoursandevents.com\/de\/health-and-safety-in-the-united-states\/","og_site_name":"Mad Tours &amp; Events","article_publisher":"https:\/\/www.facebook.com\/madnewyorkcitytours","article_modified_time":"2025-12-09T16:36:57+00:00","og_image":[{"url":"https:\/\/madtoursandevents.com\/wp-content\/uploads\/2024\/01\/HealthSafetyUS-Image01-300x185.png","type":"","width":"","height":""}],"twitter_card":"summary_large_image","twitter_site":"@madfuntours","twitter_misc":{"Gesch\u00e4tzte Lesezeit":"14\u00a0Minuten"},"schema":{"@context":"https:\/\/schema.org","@graph":[{"@type":"WebPage","@id":"https:\/\/madtoursandevents.com\/health-and-safety-in-the-united-states\/","url":"https:\/\/madtoursandevents.com\/health-and-safety-in-the-united-states\/","name":"GESUNDHEIT UND SICHERHEIT IN DEN VEREINIGTEN STAATEN","isPartOf":{"@id":"https:\/\/madtoursandevents.com\/#website"},"primaryImageOfPage":{"@id":"https:\/\/madtoursandevents.com\/health-and-safety-in-the-united-states\/#primaryimage"},"image":{"@id":"https:\/\/madtoursandevents.com\/health-and-safety-in-the-united-states\/#primaryimage"},"thumbnailUrl":"https:\/\/madtoursandevents.com\/wp-content\/uploads\/2024\/01\/HealthSafetyUS-Image01-300x185.png","datePublished":"2024-01-04T07:00:41+00:00","dateModified":"2025-12-09T16:36:57+00:00","description":"We are committed to safeguarding and conserving the natural and human resources of the communities for the enjoyment of current and future generations, both for tourists and locals.","breadcrumb":{"@id":"https:\/\/madtoursandevents.com\/health-and-safety-in-the-united-states\/#breadcrumb"},"inLanguage":"de","potentialAction":[{"@type":"ReadAction","target":["https:\/\/madtoursandevents.com\/health-and-safety-in-the-united-states\/"]}]},{"@type":"ImageObject","inLanguage":"de","@id":"https:\/\/madtoursandevents.com\/health-and-safety-in-the-united-states\/#primaryimage","url":"https:\/\/madtoursandevents.com\/wp-content\/uploads\/2024\/01\/HealthSafetyUS-Image01-300x185.png","contentUrl":"https:\/\/madtoursandevents.com\/wp-content\/uploads\/2024\/01\/HealthSafetyUS-Image01-300x185.png"},{"@type":"BreadcrumbList","@id":"https:\/\/madtoursandevents.com\/health-and-safety-in-the-united-states\/#breadcrumb","itemListElement":[{"@type":"ListItem","position":1,"name":"Home","item":"https:\/\/madtoursandevents.com\/"},{"@type":"ListItem","position":2,"name":"HEALTH AND SAFETY IN THE UNITED STATES"}]},{"@type":"WebSite","@id":"https:\/\/madtoursandevents.com\/#website","url":"https:\/\/madtoursandevents.com\/","name":"Mad Tours & Events","description":"","publisher":{"@id":"https:\/\/madtoursandevents.com\/#organization"},"potentialAction":[{"@type":"SearchAction","target":{"@type":"EntryPoint","urlTemplate":"https:\/\/madtoursandevents.com\/?s={search_term_string}"},"query-input":{"@type":"PropertyValueSpecification","valueRequired":true,"valueName":"search_term_string"}}],"inLanguage":"de"},{"@type":"Organization","@id":"https:\/\/madtoursandevents.com\/#organization","name":"Mad Tours & Events","url":"https:\/\/madtoursandevents.com\/","logo":{"@type":"ImageObject","inLanguage":"de","@id":"https:\/\/madtoursandevents.com\/#\/schema\/logo\/image\/","url":"https:\/\/madtoursandevents.com\/wp-content\/uploads\/2021\/08\/Logo.png","contentUrl":"https:\/\/madtoursandevents.com\/wp-content\/uploads\/2021\/08\/Logo.png","width":204,"height":55,"caption":"Mad Tours & Events"},"image":{"@id":"https:\/\/madtoursandevents.com\/#\/schema\/logo\/image\/"},"sameAs":["https:\/\/www.facebook.com\/madnewyorkcitytours","https:\/\/x.com\/madfuntours"]}]}},"_links":{"self":[{"href":"https:\/\/madtoursandevents.com\/de\/wp-json\/wp\/v2\/pages\/10880","targetHints":{"allow":["GET"]}}],"collection":[{"href":"https:\/\/madtoursandevents.com\/de\/wp-json\/wp\/v2\/pages"}],"about":[{"href":"https:\/\/madtoursandevents.com\/de\/wp-json\/wp\/v2\/types\/page"}],"author":[{"embeddable":true,"href":"https:\/\/madtoursandevents.com\/de\/wp-json\/wp\/v2\/users\/7"}],"replies":[{"embeddable":true,"href":"https:\/\/madtoursandevents.com\/de\/wp-json\/wp\/v2\/comments?post=10880"}],"version-history":[{"count":16,"href":"https:\/\/madtoursandevents.com\/de\/wp-json\/wp\/v2\/pages\/10880\/revisions"}],"predecessor-version":[{"id":13472,"href":"https:\/\/madtoursandevents.com\/de\/wp-json\/wp\/v2\/pages\/10880\/revisions\/13472"}],"wp:attachment":[{"href":"https:\/\/madtoursandevents.com\/de\/wp-json\/wp\/v2\/media?parent=10880"}],"wp:term":[{"taxonomy":"category","embeddable":true,"href":"https:\/\/madtoursandevents.com\/de\/wp-json\/wp\/v2\/categories?post=10880"},{"taxonomy":"post_tag","embeddable":true,"href":"https:\/\/madtoursandevents.com\/de\/wp-json\/wp\/v2\/tags?post=10880"}],"curies":[{"name":"wp","href":"https:\/\/api.w.org\/{rel}","templated":true}]}}